{"id":323,"date":"2023-04-25T17:13:13","date_gmt":"2023-04-25T17:13:13","guid":{"rendered":"https:\/\/migrantglobal.com\/?page_id=323"},"modified":"2023-04-25T17:13:17","modified_gmt":"2023-04-25T17:13:17","slug":"terms-and-conditions","status":"publish","type":"page","link":"https:\/\/www.migrantglobal.com\/cs\/pravidla-a-podminky\/","title":{"rendered":"Pravidla a podm\u00ednky"},"content":{"rendered":"<p>V\u00edtejte v Migrant Global!<\/p>\n\n\n\n<p>Tyto smluvn\u00ed podm\u00ednky popisuj\u00ed pravidla a p\u0159edpisy pro pou\u017e\u00edv\u00e1n\u00ed webov\u00fdch str\u00e1nek spole\u010dnosti Migrant Global, kter\u00e9 se nach\u00e1zej\u00ed na adrese migrantglobal.com.<\/p>\n\n\n\n<p>Vstupem na tuto webovou str\u00e1nku p\u0159edpokl\u00e1d\u00e1me, \u017ee souhlas\u00edte s t\u011bmito podm\u00ednkami. Nepokra\u010dujte v pou\u017e\u00edv\u00e1n\u00ed Migrant Global, pokud nesouhlas\u00edte se v\u0161emi podm\u00ednkami uveden\u00fdmi na t\u00e9to str\u00e1nce.<\/p>\n\n\n\n<p>N\u00e1sleduj\u00edc\u00ed terminologie plat\u00ed pro tyto Podm\u00ednky, Prohl\u00e1\u0161en\u00ed o ochran\u011b osobn\u00edch \u00fadaj\u016f a Ozn\u00e1men\u00ed o vylou\u010den\u00ed odpov\u011bdnosti a v\u0161echny Smlouvy: \u201eKlient\u201c, \u201eVy\u201c a \u201eVa\u0161e\u201c ozna\u010duje v\u00e1s, osobu, kter\u00e1 se p\u0159ihl\u00e1s\u00ed na tento web a je v souladu s podm\u00ednkami spole\u010dnosti. \u201eSpole\u010dnost\u201c, \u201eMy\u201c, \u201eMy\u201c, \u201eNa\u0161e\u201c a \u201eN\u00e1s\u201c ozna\u010duje na\u0161i spole\u010dnost. \u201eStrana\u201c, \u201eStrany\u201c nebo \u201eMy\u201c se vztahuje jak na klienta, tak na n\u00e1s. V\u0161echny term\u00edny odkazuj\u00ed na nab\u00eddku, p\u0159ijet\u00ed a zv\u00e1\u017een\u00ed platby nezbytn\u00e9 k proveden\u00ed procesu na\u0161\u00ed pomoci klientovi nejvhodn\u011bj\u0161\u00edm zp\u016fsobem pro v\u00fdslovn\u00fd \u00fa\u010del uspokojen\u00ed pot\u0159eb klienta s ohledem na poskytov\u00e1n\u00ed slu\u017eeb uveden\u00fdch spole\u010dnost\u00ed, v souladu s a podl\u00e9h\u00e1 na\u0161emu p\u0159eva\u017euj\u00edc\u00edmu pr\u00e1vu. Jak\u00e9koli pou\u017eit\u00ed v\u00fd\u0161e uveden\u00e9 terminologie nebo jin\u00fdch slov v jednotn\u00e9m \u010d\u00edsle, mno\u017en\u00e9m \u010d\u00edsle, velk\u00e1 p\u00edsmena a\/nebo on\/ona nebo oni jsou pova\u017eov\u00e1ny za vz\u00e1jemn\u011b zam\u011bniteln\u00e9, a proto se na n\u011b vztahuj\u00ed.<\/p>\n\n\n\n<h3 class=\"wp-block-heading\"><strong>Soubory cookie<\/strong><\/h3>\n\n\n\n<p>Pou\u017e\u00edv\u00e1me cookies. Vstupem do spole\u010dnosti Migrant Global jste souhlasili s pou\u017e\u00edv\u00e1n\u00edm soubor\u016f cookie v souladu se Z\u00e1sadami ochrany osobn\u00edch \u00fadaj\u016f spole\u010dnosti Migrant Global.<\/p>\n\n\n\n<p>V\u011bt\u0161ina interaktivn\u00edch webov\u00fdch str\u00e1nek pou\u017e\u00edv\u00e1 soubory cookie, kter\u00e9 n\u00e1m umo\u017e\u0148uj\u00ed z\u00edskat podrobnosti o u\u017eivateli pro ka\u017edou n\u00e1v\u0161t\u011bvu. Na\u0161e webov\u00e1 str\u00e1nka pou\u017e\u00edv\u00e1 soubory cookie k tomu, aby umo\u017enila funk\u010dnost ur\u010dit\u00fdch oblast\u00ed a usnadnila tak lidem n\u00e1v\u0161t\u011bvu na\u0161ich webov\u00fdch str\u00e1nek. N\u011bkte\u0159\u00ed z na\u0161ich p\u0159idru\u017een\u00fdch\/reklamn\u00edch partner\u016f mohou tak\u00e9 pou\u017e\u00edvat soubory cookie.<\/p>\n\n\n\n<h3 class=\"wp-block-heading\"><strong>Licence<\/strong><\/h3>\n\n\n\n<p>Pokud nen\u00ed uvedeno jinak, spole\u010dnost Migrant Global a\/nebo jej\u00ed poskytovatel\u00e9 licenc\u00ed vlastn\u00ed pr\u00e1va du\u0161evn\u00edho vlastnictv\u00ed pro ve\u0161ker\u00fd materi\u00e1l na serveru Migrant Global. V\u0161echna pr\u00e1va du\u0161evn\u00edho vlastnictv\u00ed jsou vyhrazena. M\u016f\u017eete k tomu p\u0159istupovat od spole\u010dnosti Migrant Global pro vlastn\u00ed osobn\u00ed pou\u017eit\u00ed s v\u00fdhradou omezen\u00ed stanoven\u00fdch v t\u011bchto podm\u00ednk\u00e1ch.<\/p>\n\n\n\n<p>Nesm\u00edte:<\/p>\n\n\n\n<ul class=\"wp-block-list\">\n<li>Znovu publikujte materi\u00e1l z Migrant Global<\/li>\n\n\n\n<li>Prod\u00e1vejte, p\u016fj\u010dujte nebo licencujte materi\u00e1l od spole\u010dnosti Migrant Global<\/li>\n\n\n\n<li>Reprodukujte, duplikujte nebo kop\u00edrujte materi\u00e1l z Migrant Global<\/li>\n\n\n\n<li>Redistribuujte obsah z Migrant Global<\/li>\n<\/ul>\n\n\n\n<p>\u010c\u00e1sti t\u00e9to webov\u00e9 str\u00e1nky nab\u00edzej\u00ed u\u017eivatel\u016fm p\u0159\u00edle\u017eitost zve\u0159ej\u0148ovat a vym\u011b\u0148ovat si n\u00e1zory a informace v ur\u010dit\u00fdch oblastech webov\u00e9 str\u00e1nky. Migrant Global nefiltruje, neupravuje, nepublikuje ani nekontroluje koment\u00e1\u0159e p\u0159ed jejich p\u0159\u00edtomnost\u00ed na webu. Koment\u00e1\u0159e neodr\u00e1\u017eej\u00ed n\u00e1zory a n\u00e1zory spole\u010dnosti Migrant Global, jej\u00edch z\u00e1stupc\u016f a\/nebo p\u0159idru\u017een\u00fdch spole\u010dnost\u00ed. Koment\u00e1\u0159e odr\u00e1\u017eej\u00ed n\u00e1zory a n\u00e1zory osoby, kter\u00e1 zve\u0159ej\u0148uje sv\u00e9 n\u00e1zory a n\u00e1zory. V rozsahu povolen\u00e9m p\u0159\u00edslu\u0161n\u00fdmi z\u00e1kony nenese spole\u010dnost Migrant Global odpov\u011bdnost za Koment\u00e1\u0159e ani za jakoukoli odpov\u011bdnost, \u0161kody nebo v\u00fddaje zp\u016fsoben\u00e9 a\/nebo utrp\u011bn\u00e9 v d\u016fsledku jak\u00e9hokoli pou\u017eit\u00ed a\/nebo zve\u0159ejn\u011bn\u00ed a\/nebo vzhledu Koment\u00e1\u0159\u016f na tento web.<\/p>\n\n\n\n<p>Migrant Global si vyhrazuje pr\u00e1vo monitorovat v\u0161echny koment\u00e1\u0159e a odstranit jak\u00e9koli koment\u00e1\u0159e, kter\u00e9 lze pova\u017eovat za nevhodn\u00e9, ur\u00e1\u017eliv\u00e9 nebo zp\u016fsobuj\u00ed poru\u0161en\u00ed t\u011bchto podm\u00ednek.<\/p>\n\n\n\n<p>Zaru\u010dujete a prohla\u0161ujete, \u017ee:<\/p>\n\n\n\n<ul class=\"wp-block-list\">\n<li>Jste opr\u00e1vn\u011bni zve\u0159ej\u0148ovat Koment\u00e1\u0159e na na\u0161ich webov\u00fdch str\u00e1nk\u00e1ch a m\u00e1te k tomu v\u0161echny pot\u0159ebn\u00e9 licence a souhlasy;<\/li>\n\n\n\n<li>Koment\u00e1\u0159e nenaru\u0161uj\u00ed \u017e\u00e1dn\u00e1 pr\u00e1va du\u0161evn\u00edho vlastnictv\u00ed, v\u010detn\u011b, bez omezen\u00ed, autorsk\u00fdch pr\u00e1v, patent\u016f nebo ochrann\u00fdch zn\u00e1mek jak\u00e9koli t\u0159et\u00ed strany;<\/li>\n\n\n\n<li>Koment\u00e1\u0159e neobsahuj\u00ed \u017e\u00e1dn\u00fd pomlouva\u010dn\u00fd, ur\u00e1\u017eliv\u00fd, ur\u00e1\u017eliv\u00fd, neslu\u0161n\u00fd nebo jinak nez\u00e1konn\u00fd materi\u00e1l, kter\u00fd by naru\u0161oval soukrom\u00ed<\/li>\n\n\n\n<li>Koment\u00e1\u0159e nebudou pou\u017eity k vym\u00e1h\u00e1n\u00ed nebo propagaci podnik\u00e1n\u00ed nebo zvyk\u016f nebo k prezentaci komer\u010dn\u00edch aktivit nebo nez\u00e1konn\u00fdch aktivit.<\/li>\n<\/ul>\n\n\n\n<p>T\u00edmto ud\u011blujete spole\u010dnosti Migrant Global nev\u00fdhradn\u00ed licenci k pou\u017e\u00edv\u00e1n\u00ed, reprodukov\u00e1n\u00ed, \u00faprav\u011b a autorizaci ostatn\u00edch k pou\u017eit\u00ed, reprodukci a \u00faprav\u011b jak\u00fdchkoli va\u0161ich koment\u00e1\u0159\u016f v jak\u00e9koli form\u011b, form\u00e1tech nebo m\u00e9di\u00edch.<\/p>\n\n\n\n<h3 class=\"wp-block-heading\"><strong>Hyperlinking na n\u00e1\u0161 obsah<\/strong><\/h3>\n\n\n\n<p>N\u00e1sleduj\u00edc\u00ed organizace mohou odkazovat na na\u0161e webov\u00e9 str\u00e1nky bez p\u0159edchoz\u00edho p\u00edsemn\u00e9ho souhlasu:<\/p>\n\n\n\n<ul class=\"wp-block-list\">\n<li>Vl\u00e1dn\u00ed agentury;<\/li>\n\n\n\n<li>Vyhled\u00e1va\u010de;<\/li>\n\n\n\n<li>Zpravodajsk\u00e9 organizace;<\/li>\n\n\n\n<li>Distributo\u0159i online adres\u00e1\u0159\u016f mohou odkazovat na na\u0161i webovou str\u00e1nku stejn\u00fdm zp\u016fsobem, jak\u00fdm odkazuj\u00ed na webov\u00e9 str\u00e1nky jin\u00fdch uveden\u00fdch spole\u010dnost\u00ed; a<\/li>\n\n\n\n<li>Celosyst\u00e9mov\u00e9 akreditovan\u00e9 podniky s v\u00fdjimkou oslovov\u00e1n\u00ed neziskov\u00fdch organizac\u00ed, charitativn\u00edch n\u00e1kupn\u00edch center a charitativn\u00edch fundraisingov\u00fdch skupin, kter\u00e9 nesm\u011bj\u00ed odkazovat na na\u0161i webovou str\u00e1nku.<\/li>\n<\/ul>\n\n\n\n<p>Tyto organizace mohou odkazovat na na\u0161i domovskou str\u00e1nku, na publikace nebo na jin\u00e9 webov\u00e9 str\u00e1nky, pokud odkaz: (a) nen\u00ed \u017e\u00e1dn\u00fdm zp\u016fsobem klamav\u00fd; (b) nepravdiv\u011b nenazna\u010duje sponzorstv\u00ed, podporu nebo schv\u00e1len\u00ed propojuj\u00edc\u00ed strany a jej\u00edch produkt\u016f a\/nebo slu\u017eeb; a (c) zapad\u00e1 do kontextu str\u00e1nky odkazuj\u00edc\u00ed strany.<\/p>\n\n\n\n<p>M\u016f\u017eeme zv\u00e1\u017eit a schv\u00e1lit dal\u0161\u00ed \u017e\u00e1dosti o propojen\u00ed od n\u00e1sleduj\u00edc\u00edch typ\u016f organizac\u00ed:<\/p>\n\n\n\n<ul class=\"wp-block-list\">\n<li>b\u011b\u017en\u011b zn\u00e1m\u00e9 spot\u0159ebitelsk\u00e9 a\/nebo obchodn\u00ed informa\u010dn\u00ed zdroje;<\/li>\n\n\n\n<li>komunitn\u00ed weby dot.com;<\/li>\n\n\n\n<li>sdru\u017een\u00ed nebo jin\u00e9 skupiny zastupuj\u00edc\u00ed charitativn\u00ed organizace;<\/li>\n\n\n\n<li>online distributo\u0159i adres\u00e1\u0159\u016f;<\/li>\n\n\n\n<li>internetov\u00e9 port\u00e1ly;<\/li>\n\n\n\n<li>\u00fa\u010detn\u00ed, pr\u00e1vn\u00ed a poradensk\u00e9 firmy; a<\/li>\n\n\n\n<li>vzd\u011bl\u00e1vac\u00ed instituce a obchodn\u00ed sdru\u017een\u00ed.<\/li>\n<\/ul>\n\n\n\n<p>\u017d\u00e1dosti o propojen\u00ed od t\u011bchto organizac\u00ed schv\u00e1l\u00edme, pokud se rozhodneme, \u017ee: (a) odkaz nebude p\u016fsobit nep\u0159\u00edzniv\u011b pro n\u00e1s nebo pro na\u0161e akreditovan\u00e9 podniky; (b) organizace u n\u00e1s nem\u00e1 \u017e\u00e1dn\u00e9 negativn\u00ed z\u00e1znamy; (c) p\u0159\u00ednos pro n\u00e1s z viditelnosti hypertextov\u00e9ho odkazu kompenzuje absenci Migrant Global; a (d) odkaz je v kontextu obecn\u00fdch informac\u00ed o zdroj\u00edch.<\/p>\n\n\n\n<p>Tyto organizace mohou odkazovat na na\u0161i domovskou str\u00e1nku, pokud odkaz: (a) nen\u00ed \u017e\u00e1dn\u00fdm zp\u016fsobem klamav\u00fd; (b) nepravdiv\u011b nenazna\u010duje sponzorstv\u00ed, podporu nebo schv\u00e1len\u00ed propojuj\u00edc\u00ed strany a jej\u00edch produkt\u016f nebo slu\u017eeb; a (c) zapad\u00e1 do kontextu str\u00e1nky odkazuj\u00edc\u00ed strany.<\/p>\n\n\n\n<p>Pokud jste jednou z organizac\u00ed uveden\u00fdch v odstavci 2 v\u00fd\u0161e a m\u00e1te z\u00e1jem o propojen\u00ed s na\u0161imi webov\u00fdmi str\u00e1nkami, mus\u00edte n\u00e1s informovat zasl\u00e1n\u00edm e-mailu spole\u010dnosti Migrant Global. Uve\u010fte pros\u00edm sv\u00e9 jm\u00e9no, n\u00e1zev va\u0161\u00ed organizace, kontaktn\u00ed \u00fadaje a tak\u00e9 adresu URL va\u0161eho webu, seznam v\u0161ech adres URL, ze kter\u00fdch chcete odkazovat na na\u0161e webov\u00e9 str\u00e1nky, a seznam adres URL na na\u0161em webu, na kter\u00e9 byste cht\u011bli odkaz. Po\u010dkejte 2-3 t\u00fddny na odpov\u011b\u010f.<\/p>\n\n\n\n<p>Schv\u00e1len\u00e9 organizace mohou hypertextov\u011b odkazovat na na\u0161e webov\u00e9 str\u00e1nky takto:<\/p>\n\n\n\n<ul class=\"wp-block-list\">\n<li>pou\u017e\u00edv\u00e1n\u00edm na\u0161eho n\u00e1zvu spole\u010dnosti; nebo<\/li>\n\n\n\n<li>Pou\u017eit\u00edm jednotn\u00e9ho lok\u00e1toru zdroj\u016f, na kter\u00fd je odkazov\u00e1no; nebo<\/li>\n\n\n\n<li>Pou\u017eit\u00edm jak\u00e9hokoli jin\u00e9ho popisu na\u0161\u00ed webov\u00e9 str\u00e1nky, na kterou je odkazov\u00e1no, to d\u00e1v\u00e1 smysl v kontextu a form\u00e1tu obsahu na str\u00e1nce odkazuj\u00edc\u00ed strany.<\/li>\n<\/ul>\n\n\n\n<p>Bez licen\u010dn\u00ed smlouvy na ochrannou zn\u00e1mku nebude povoleno \u017e\u00e1dn\u00e9 pou\u017eit\u00ed loga nebo jin\u00e9ho um\u011bleck\u00e9ho d\u00edla spole\u010dnosti Migrant Global k propojen\u00ed.<\/p>\n\n\n\n<h3 class=\"wp-block-heading\"><strong>iFrames<\/strong><\/h3>\n\n\n\n<p>Bez p\u0159edchoz\u00edho souhlasu a p\u00edsemn\u00e9ho povolen\u00ed nesm\u00edte kolem na\u0161ich webov\u00fdch str\u00e1nek vytv\u00e1\u0159et r\u00e1mce, kter\u00e9 jak\u00fdmkoli zp\u016fsobem m\u011bn\u00ed vizu\u00e1ln\u00ed prezentaci nebo vzhled na\u0161ich webov\u00fdch str\u00e1nek.<\/p>\n\n\n\n<h3 class=\"wp-block-heading\"><strong>Odpov\u011bdnost za obsah<\/strong><\/h3>\n\n\n\n<p>Neneseme odpov\u011bdnost za \u017e\u00e1dn\u00fd obsah, kter\u00fd se objev\u00ed na va\u0161ich webov\u00fdch str\u00e1nk\u00e1ch. Souhlas\u00edte s t\u00edm, \u017ee n\u00e1s budete chr\u00e1nit a br\u00e1nit proti v\u0161em n\u00e1rok\u016fm, kter\u00e9 se objevuj\u00ed na va\u0161ich webov\u00fdch str\u00e1nk\u00e1ch. Na \u017e\u00e1dn\u00e9 webov\u00e9 str\u00e1nce by se nem\u011bly objevit \u017e\u00e1dn\u00e9 odkazy, kter\u00e9 by mohly b\u00fdt vykl\u00e1d\u00e1ny jako ur\u00e1\u017eliv\u00e9, obsc\u00e9nn\u00ed nebo trestn\u00e9 nebo kter\u00e9 poru\u0161uj\u00ed, jinak poru\u0161uj\u00ed nebo obhajuj\u00ed poru\u0161en\u00ed nebo jin\u00e9 poru\u0161en\u00ed pr\u00e1v t\u0159et\u00edch stran.<\/p>\n\n\n\n<h3 class=\"wp-block-heading\"><strong>V\u00fdhrada pr\u00e1v<\/strong><\/h3>\n\n\n\n<p>Vyhrazujeme si pr\u00e1vo po\u017eadovat, abyste odstranili v\u0161echny odkazy nebo jak\u00fdkoli konkr\u00e9tn\u00ed odkaz na na\u0161e webov\u00e9 str\u00e1nky. Souhlas\u00edte s okam\u017eit\u00fdm odstran\u011bn\u00edm v\u0161ech odkaz\u016f na na\u0161e webov\u00e9 str\u00e1nky na po\u017e\u00e1d\u00e1n\u00ed. Vyhrazujeme si tak\u00e9 pr\u00e1vo tyto smluvn\u00ed podm\u00ednky a jejich z\u00e1sady propojov\u00e1n\u00ed kdykoli zm\u011bnit. Nep\u0159etr\u017eit\u00fdm odkazov\u00e1n\u00edm na na\u0161i webovou str\u00e1nku souhlas\u00edte s t\u00edm, \u017ee budete v\u00e1z\u00e1ni a budete se \u0159\u00eddit t\u011bmito podm\u00ednkami propojen\u00ed.<\/p>\n\n\n\n<h3 class=\"wp-block-heading\"><strong>Odstran\u011bn\u00ed odkaz\u016f z na\u0161eho webu<\/strong><\/h3>\n\n\n\n<p>Pokud na na\u0161ich webov\u00fdch str\u00e1nk\u00e1ch najdete jak\u00fdkoli odkaz, kter\u00fd je z jak\u00e9hokoli d\u016fvodu ur\u00e1\u017eliv\u00fd, m\u016f\u017eete n\u00e1s kdykoli kontaktovat a informovat n\u00e1s. Budeme zva\u017eovat \u017e\u00e1dosti o odstran\u011bn\u00ed odkaz\u016f, ale nejsme povinni v\u00e1m odpov\u00eddat nebo v\u00e1m p\u0159\u00edmo odpov\u00eddat.<\/p>\n\n\n\n<p>Nezaru\u010dujeme spr\u00e1vnost informac\u00ed na t\u00e9to webov\u00e9 str\u00e1nce, nezaru\u010dujeme jejich \u00faplnost nebo p\u0159esnost; ani neslibujeme, \u017ee zajist\u00edme, aby webov\u00e9 str\u00e1nky z\u016fstaly dostupn\u00e9 nebo \u017ee materi\u00e1l na webov\u00fdch str\u00e1nk\u00e1ch byl aktualizov\u00e1n.<\/p>\n\n\n\n<h3 class=\"wp-block-heading\"><strong>Z\u0159eknut\u00ed se odpov\u011bdnosti<\/strong><\/h3>\n\n\n\n<p>V maxim\u00e1ln\u00ed m\u00ed\u0159e povolen\u00e9 platn\u00fdmi z\u00e1kony vylu\u010dujeme ve\u0161ker\u00e1 prohl\u00e1\u0161en\u00ed, z\u00e1ruky a podm\u00ednky t\u00fdkaj\u00edc\u00ed se na\u0161ich webov\u00fdch str\u00e1nek a pou\u017e\u00edv\u00e1n\u00ed t\u011bchto webov\u00fdch str\u00e1nek. Nic v tomto vylou\u010den\u00ed odpov\u011bdnosti nebude:<\/p>\n\n\n\n<ul class=\"wp-block-list\">\n<li>omezit nebo vylou\u010dit na\u0161i nebo va\u0161i odpov\u011bdnost za smrt nebo zran\u011bn\u00ed osob;<\/li>\n\n\n\n<li>omezit nebo vylou\u010dit na\u0161i nebo va\u0161i odpov\u011bdnost za podvod nebo podvodn\u00e9 uveden\u00ed v omyl;<\/li>\n\n\n\n<li>omezit jak\u00e9koli na\u0161e nebo va\u0161e z\u00e1vazky jak\u00fdmkoli zp\u016fsobem, kter\u00fd nen\u00ed povolen podle platn\u00fdch z\u00e1kon\u016f; nebo<\/li>\n\n\n\n<li>vylou\u010dit jak\u00e9koli na\u0161e nebo va\u0161e z\u00e1vazky, kter\u00e9 nemohou b\u00fdt vylou\u010deny podle platn\u00fdch z\u00e1kon\u016f.<\/li>\n<\/ul>\n\n\n\n<p>Omezen\u00ed a z\u00e1kazy odpov\u011bdnosti uveden\u00e9 v t\u00e9to \u010d\u00e1sti a jinde v tomto prohl\u00e1\u0161en\u00ed: (a) podl\u00e9haj\u00ed p\u0159edchoz\u00edmu odstavci; a (b) \u0159\u00edd\u00ed v\u0161echny z\u00e1vazky vypl\u00fdvaj\u00edc\u00ed z odm\u00edtnut\u00ed odpov\u011bdnosti, v\u010detn\u011b z\u00e1vazk\u016f vypl\u00fdvaj\u00edc\u00edch ze smlouvy, z deliktu a za poru\u0161en\u00ed z\u00e1konn\u00fdch povinnost\u00ed.<\/p>\n\n\n\n<p>Dokud jsou webov\u00e9 str\u00e1nky a informace a slu\u017eby na webov\u00fdch str\u00e1nk\u00e1ch poskytov\u00e1ny zdarma, neneseme odpov\u011bdnost za jakoukoli ztr\u00e1tu nebo po\u0161kozen\u00ed jak\u00e9koli povahy.<\/p>","protected":false},"excerpt":{"rendered":"<p>Welcome to Migrant Global! These terms and conditions outline the rules and regulations for the use of Migrant Global&#8217;s Website, located at migrantglobal.com. By accessing this website we assume you accept these terms and conditions. Do not continue to use Migrant Global if you do not agree to take all of the terms and conditions [&hellip;]<\/p>\n","protected":false},"author":1,"featured_media":0,"parent":0,"menu_order":0,"comment_status":"closed","ping_status":"closed","template":"","meta":{"footnotes":""},"class_list":["post-323","page","type-page","status-publish","hentry"],"_links":{"self":[{"href":"https:\/\/www.migrantglobal.com\/cs\/wp-json\/wp\/v2\/pages\/323","targetHints":{"allow":["GET"]}}],"collection":[{"href":"https:\/\/www.migrantglobal.com\/cs\/wp-json\/wp\/v2\/pages"}],"about":[{"href":"https:\/\/www.migrantglobal.com\/cs\/wp-json\/wp\/v2\/types\/page"}],"author":[{"embeddable":true,"href":"https:\/\/www.migrantglobal.com\/cs\/wp-json\/wp\/v2\/users\/1"}],"replies":[{"embeddable":true,"href":"https:\/\/www.migrantglobal.com\/cs\/wp-json\/wp\/v2\/comments?post=323"}],"version-history":[{"count":1,"href":"https:\/\/www.migrantglobal.com\/cs\/wp-json\/wp\/v2\/pages\/323\/revisions"}],"predecessor-version":[{"id":324,"href":"https:\/\/www.migrantglobal.com\/cs\/wp-json\/wp\/v2\/pages\/323\/revisions\/324"}],"wp:attachment":[{"href":"https:\/\/www.migrantglobal.com\/cs\/wp-json\/wp\/v2\/media?parent=323"}],"curies":[{"name":"wp","href":"https:\/\/api.w.org\/{rel}","templated":true}]}}