{"id":426,"date":"2023-04-26T06:52:36","date_gmt":"2023-04-26T06:52:36","guid":{"rendered":"https:\/\/migrantglobal.com\/?page_id=426"},"modified":"2023-05-02T08:40:27","modified_gmt":"2023-05-02T08:40:27","slug":"partner-information","status":"publish","type":"page","link":"https:\/\/www.migrantglobal.com\/cs\/informace-o-partnerovi\/","title":{"rendered":"Informace o partnerovi"},"content":{"rendered":"<div data-elementor-type=\"wp-page\" data-elementor-id=\"426\" class=\"elementor elementor-426\">\n\t\t\t\t\t\t<section class=\"elementor-section elementor-top-section elementor-element elementor-element-7182bb8 elementor-section-boxed elementor-section-height-default elementor-section-height-default\" data-id=\"7182bb8\" data-element_type=\"section\" data-e-type=\"section\">\n\t\t\t\t\t\t<div class=\"elementor-container elementor-column-gap-default\">\n\t\t\t\t\t<div class=\"elementor-column elementor-col-100 elementor-top-column elementor-element elementor-element-411e58b\" data-id=\"411e58b\" data-element_type=\"column\" data-e-type=\"column\">\n\t\t\t<div class=\"elementor-widget-wrap elementor-element-populated\">\n\t\t\t\t\t\t<div class=\"elementor-element elementor-element-30d0f61 elementor-widget elementor-widget-heading\" data-id=\"30d0f61\" data-element_type=\"widget\" data-e-type=\"widget\" data-widget_type=\"heading.default\">\n\t\t\t\t<div class=\"elementor-widget-container\">\n\t\t\t\t\t<h2 class=\"elementor-heading-title elementor-size-default\">Informace o partnerovi<\/h2>\t\t\t\t<\/div>\n\t\t\t\t<\/div>\n\t\t\t\t\t<\/div>\n\t\t<\/div>\n\t\t\t\t\t<\/div>\n\t\t<\/section>\n\t\t\t\t<section class=\"elementor-section elementor-top-section elementor-element elementor-element-67bf081 elementor-section-boxed elementor-section-height-default elementor-section-height-default\" data-id=\"67bf081\" data-element_type=\"section\" data-e-type=\"section\">\n\t\t\t\t\t\t<div class=\"elementor-container elementor-column-gap-default\">\n\t\t\t\t\t<div class=\"elementor-column elementor-col-100 elementor-top-column elementor-element elementor-element-f04c905\" data-id=\"f04c905\" data-element_type=\"column\" data-e-type=\"column\">\n\t\t\t<div class=\"elementor-widget-wrap elementor-element-populated\">\n\t\t\t\t\t\t<div class=\"elementor-element elementor-element-966ce93 elementor-widget elementor-widget-text-editor\" data-id=\"966ce93\" data-element_type=\"widget\" data-e-type=\"widget\" data-widget_type=\"text-editor.default\">\n\t\t\t\t<div class=\"elementor-widget-container\">\n\t\t\t\t\t\t\t\t\t<p><strong>N\u00e1\u0161 re\u017eim doporu\u010den\u00ed;<\/strong><\/p><ul><li>Zaplat\u00edte n\u00e1m 10% z poplatk\u016f, kter\u00e9 \u00fa\u010dtujete klientovi za slu\u017ebu, kterou klientovi poskytujete. To plat\u00ed pro ka\u017ed\u00e9ho klienta, kter\u00e9ho od n\u00e1s nebo prost\u0159ednictv\u00edm s\u00edt\u011b z\u00edsk\u00e1te, a pro ka\u017edou slu\u017ebu, kterou klientovi poskytujete<\/li><li>Dostaneme zaplaceno, kdy\u017e dostanete zaplaceno. Pokud dostanete z\u00e1lohu, dostaneme 10%<\/li><li>V\u0161echny potenci\u00e1ln\u00ed z\u00e1kazn\u00edky jsou odes\u00edl\u00e1ny ur\u010dit\u00e9mu po\u010dtu poskytovatel\u016f v r\u00e1mci na\u0161eho panelu nebo s\u00edt\u011b. Klient si vybere, s k\u00fdm chce spolupracovat.<\/li><li>Jako n\u00e1\u0161 klient si ponech\u00e1me veden\u00ed a m\u00e1me pr\u00e1vo komunikovat s klientem, co\u017e zahrnuje, ale nen\u00ed omezeno na z\u00edsk\u00e1n\u00ed zp\u011btn\u00e9 vazby na slu\u017ebu, kterou klientovi poskytujete.<\/li><li>Kdy\u017e klient pot\u0159ebuje jin\u00e9 slu\u017eby, kter\u00e9 neposkytujete, mus\u00edte klienta odk\u00e1zat do s\u00edt\u011b; pouze v p\u0159\u00edpad\u011b, \u017ee slu\u017ebu nem\u016f\u017eeme poskytnout, budete moci poskytnout klientovi \u00fadaje o jin\u00fdch poskytovatel\u00edch slu\u017eeb t\u0159et\u00edch stran.<\/li><li>Pokud jak\u00e9hokoli klienta odk\u00e1\u017eete na kter\u00e9hokoli \u010dlena panelu, z\u00edsk\u00e1te 5% a my dostaneme 5%<\/li><li>Pokud s v\u00fd\u0161e uveden\u00fdm souhlas\u00edte, r\u00e1di s v\u00e1mi budeme spolupracovat<\/li><\/ul><p>\u00a0<\/p><p><strong>Pozn\u00e1mka pro pr\u00e1vn\u00edky<\/strong><\/p><p>(Pokud va\u0161e jurisdikce nep\u0159ij\u00edm\u00e1 poplatky za doporu\u010den\u00ed, nebudeme s v\u00e1mi moci spolupracovat.)<\/p>\t\t\t\t\t\t\t\t<\/div>\n\t\t\t\t<\/div>\n\t\t\t\t<div class=\"elementor-element elementor-element-99c06ff elementor-widget elementor-widget-shortcode\" data-id=\"99c06ff\" data-element_type=\"widget\" data-e-type=\"widget\" data-widget_type=\"shortcode.default\">\n\t\t\t\t<div class=\"elementor-widget-container\">\n\t\t\t\t\t\t\t<div class=\"elementor-shortcode\"><div class=\"forminator-ui forminator-custom-form forminator-custom-form-428 forminator-design--default  forminator_ajax\" data-forminator-render=\"0\" data-form=\"forminator-module-428\" data-uid=\"69fdd674255b5\"><br\/><\/div><form\n\t\t\t\tid=\"forminator-module-428\"\n\t\t\t\tclass=\"forminator-ui forminator-custom-form forminator-custom-form-428 forminator-design--default  forminator_ajax\"\n\t\t\t\tmethod=\"post\"\n\t\t\t\tdata-forminator-render=\"0\"\n\t\t\t\tdata-form-id=\"428\"\n\t\t\t\t data-color-option=\"default\" data-design=\"default\" data-grid=\"open\" style=\"display: none;\"\n\t\t\t\tdata-uid=\"69fdd674255b5\" action=\"\"\n\t\t\t><div role=\"alert\" aria-live=\"polite\" class=\"forminator-response-message forminator-error\" aria-hidden=\"true\"><\/div><div class=\"forminator-row\"><div id=\"consent-1\" class=\"forminator-field-consent forminator-col forminator-col-12\"><div class=\"forminator-field\"><label for=\"forminator-field-consent-1_69fdd674255b5\" id=\"forminator-field-consent-1_69fdd674255b5-label\" class=\"forminator-label\">Dohoda <span class=\"forminator-required\">*<\/span><\/label><div class=\"forminator-checkbox__wrapper\"><label id=\"forminator-field-consent-1_69fdd674255b5__label\" class=\"forminator-checkbox forminator-consent\"><input type=\"checkbox\" name=\"consent-1\" id=\"forminator-field-consent-1_69fdd674255b5\" value=\"checked\" aria-labelledby=\"forminator-field-consent-1_69fdd674255b5-label\" aria-describedby=\"forminator-field-consent-1_69fdd674255b5__description\" data-required=\"true\" aria-required=\"true\" \/><span class=\"forminator-checkbox-box\" aria-hidden=\"true\"><\/span><\/label><div id=\"forminator-field-consent-1_69fdd674255b5__description\" class=\"forminator-checkbox__label forminator-consent__label\"><p>Po\u017e\u00e1dejte o smlouvu o partnerstv\u00ed do Za\u0161krtn\u011bte pol\u00ed\u010dko a potvr\u010fte<\/p><\/div><\/div><\/div><\/div><\/div><input type=\"hidden\" name=\"referer_url\" value=\"\" \/><div class=\"forminator-row forminator-row-last\"><div class=\"forminator-col\"><div class=\"forminator-field\"><button class=\"forminator-button forminator-button-submit\">Akceptovat<\/button><\/div><\/div><\/div><input type=\"hidden\" id=\"forminator_nonce\" name=\"forminator_nonce\" value=\"25e40281ba\" \/><input type=\"hidden\" name=\"_wp_http_referer\" value=\"\/cs\/wp-json\/wp\/v2\/pages\/426\" \/><input type=\"hidden\" name=\"form_id\" value=\"428\"><input type=\"hidden\" name=\"page_id\" value=\"426\"><input type=\"hidden\" name=\"form_type\" value=\"default\"><input type=\"hidden\" name=\"current_url\" value=\"https:\/\/www.migrantglobal.com\/cs\/informace-o-partnerovi\/\"><input type=\"hidden\" name=\"render_id\" value=\"0\"><input type=\"hidden\" name=\"action\" value=\"forminator_submit_form_custom-forms\"><input type=\"hidden\" name=\"trp-form-language\" value=\"cs\"\/><\/form><\/div>\n\t\t\t\t\t\t<\/div>\n\t\t\t\t<\/div>\n\t\t\t\t\t<\/div>\n\t\t<\/div>\n\t\t\t\t\t<\/div>\n\t\t<\/section>\n\t\t\t\t<\/div>","protected":false},"excerpt":{"rendered":"<p>Partner Information Our Referral Mode; You pay us 10% of the fees you charge the client for the service you are providing to the client. This is for every client you get from us or via the network and for every service you provide to the client We get paid when you get paid. If [&hellip;]<\/p>\n","protected":false},"author":1,"featured_media":0,"parent":0,"menu_order":0,"comment_status":"closed","ping_status":"closed","template":"elementor_header_footer","meta":{"footnotes":""},"class_list":["post-426","page","type-page","status-publish","hentry"],"_links":{"self":[{"href":"https:\/\/www.migrantglobal.com\/cs\/wp-json\/wp\/v2\/pages\/426","targetHints":{"allow":["GET"]}}],"collection":[{"href":"https:\/\/www.migrantglobal.com\/cs\/wp-json\/wp\/v2\/pages"}],"about":[{"href":"https:\/\/www.migrantglobal.com\/cs\/wp-json\/wp\/v2\/types\/page"}],"author":[{"embeddable":true,"href":"https:\/\/www.migrantglobal.com\/cs\/wp-json\/wp\/v2\/users\/1"}],"replies":[{"embeddable":true,"href":"https:\/\/www.migrantglobal.com\/cs\/wp-json\/wp\/v2\/comments?post=426"}],"version-history":[{"count":5,"href":"https:\/\/www.migrantglobal.com\/cs\/wp-json\/wp\/v2\/pages\/426\/revisions"}],"predecessor-version":[{"id":708,"href":"https:\/\/www.migrantglobal.com\/cs\/wp-json\/wp\/v2\/pages\/426\/revisions\/708"}],"wp:attachment":[{"href":"https:\/\/www.migrantglobal.com\/cs\/wp-json\/wp\/v2\/media?parent=426"}],"curies":[{"name":"wp","href":"https:\/\/api.w.org\/{rel}","templated":true}]}}