{"id":309,"date":"2023-04-25T17:05:28","date_gmt":"2023-04-25T17:05:28","guid":{"rendered":"https:\/\/migrantglobal.com\/?page_id=309"},"modified":"2023-04-25T17:09:10","modified_gmt":"2023-04-25T17:09:10","slug":"privacy-policy","status":"publish","type":"page","link":"https:\/\/www.migrantglobal.com\/da\/fortrolighedspolitik\/","title":{"rendered":"Fortrolighedspolitik"},"content":{"rendered":"<p>Hos Migrant Global, tilg\u00e6ngelig fra migrantglobal.com, er en af vores hovedprioriteter vores bes\u00f8gendes privatliv. Dette dokument om privatlivspolitik indeholder typer af oplysninger, der indsamles og registreres af Migrant Global, og hvordan vi bruger dem.<\/p>\n\n\n\n<p>Hvis du har yderligere sp\u00f8rgsm\u00e5l eller \u00f8nsker mere information om vores privatlivspolitik, s\u00e5 t\u00f8v ikke med at kontakte os.<\/p>\n\n\n\n<p>Denne privatlivspolitik g\u00e6lder kun for vores onlineaktiviteter og er gyldig for bes\u00f8gende p\u00e5 vores hjemmeside med hensyn til de oplysninger, som de delte og\/eller indsamler i Migrant Global. Denne politik g\u00e6lder ikke for information indsamlet offline eller via andre kanaler end denne hjemmeside.<\/p>\n\n\n\n<h2 class=\"wp-block-heading\">Samtykke<\/h2>\n\n\n\n<p>Ved at bruge vores hjemmeside giver du hermed samtykke til vores privatlivspolitik og accepterer dens vilk\u00e5r.<\/p>\n\n\n\n<h2 class=\"wp-block-heading\">Oplysninger, vi indsamler<\/h2>\n\n\n\n<p>De personlige oplysninger, som du bliver bedt om at give, og \u00e5rsagerne til, at du bliver bedt om at give dem, vil blive gjort klart for dig p\u00e5 det tidspunkt, hvor vi beder dig om at give dine personlige oplysninger.<\/p>\n\n\n\n<p>Hvis du kontakter os direkte, kan vi modtage yderligere oplysninger om dig, s\u00e5som dit navn, e-mailadresse, telefonnummer, indholdet af beskeden og\/eller vedh\u00e6ftede filer, du m\u00e5tte sende os, og enhver anden information, du m\u00e5tte v\u00e6lge at give.<\/p>\n\n\n\n<p>N\u00e5r du tilmelder dig en konto, kan vi bede om dine kontaktoplysninger, herunder elementer som navn, firmanavn, adresse, e-mailadresse og telefonnummer.<\/p>\n\n\n\n<h2 class=\"wp-block-heading\">Hvordan vi bruger dine oplysninger<\/h2>\n\n\n\n<p>Vi bruger de oplysninger, vi indsamler p\u00e5 forskellige m\u00e5der, herunder til:<\/p>\n\n\n\n<ul class=\"wp-block-list\">\n<li>Levere, drive og vedligeholde vores hjemmeside<\/li>\n\n\n\n<li>Forbedre, personligg\u00f8re og udvide vores hjemmeside<\/li>\n\n\n\n<li>Forst\u00e5 og analyser, hvordan du bruger vores hjemmeside<\/li>\n\n\n\n<li>Udvikle nye produkter, tjenester, funktioner og funktionalitet<\/li>\n\n\n\n<li>Kommunikere med dig, enten direkte eller gennem en af vores partnere, herunder til kundeservice, for at give dig opdateringer og anden information vedr\u00f8rende hjemmesiden og til markedsf\u00f8rings- og salgsfremmende form\u00e5l<\/li>\n\n\n\n<li>Send dig e-mails<\/li>\n\n\n\n<li>Find og forebygge svindel<\/li>\n<\/ul>\n\n\n\n<h2 class=\"wp-block-heading\">Logfiler<\/h2>\n\n\n\n<p>Migrant Global f\u00f8lger en standardprocedure for brug af logfiler. Disse filer logger bes\u00f8gende, n\u00e5r de bes\u00f8ger websteder. Alle hostingfirmaer g\u00f8r dette og er en del af hostingtjenesternes analyser. De oplysninger, der indsamles af logfiler, omfatter internetprotokol (IP)-adresser, browsertype, internetudbyder (ISP), dato- og tidsstempel, henvisnings-\/afslutningssider og muligvis antallet af klik. Disse er ikke knyttet til nogen information, der er personligt identificerbar. Form\u00e5let med informationen er at analysere tendenser, administrere siden, spore brugernes bev\u00e6gelser p\u00e5 hjemmesiden og indsamle demografiske oplysninger.<\/p>\n\n\n\n<h2 class=\"wp-block-heading\">Annonceringspartneres privatlivspolitikker<\/h2>\n\n\n\n<p>Du kan konsultere denne liste for at finde privatlivspolitikken for hver af Migrant Globals annonceringspartnere.<\/p>\n\n\n\n<p>Tredjeparts annonceservere eller annoncenetv\u00e6rk bruger teknologier som cookies, JavaScript eller Web Beacons, der bruges i deres respektive annoncer og links, der vises p\u00e5 Migrant Global, som sendes direkte til brugernes browser. De modtager automatisk din IP-adresse, n\u00e5r dette sker. Disse teknologier bruges til at m\u00e5le effektiviteten af deres reklamekampagner og\/eller til at tilpasse det reklameindhold, du ser p\u00e5 websteder, du bes\u00f8ger.<\/p>\n\n\n\n<p>Bem\u00e6rk, at Migrant Global ikke har adgang til eller kontrol over disse cookies, der bruges af tredjepartsannonc\u00f8rer.<\/p>\n\n\n\n<h2 class=\"wp-block-heading\">Tredjeparts fortrolighedspolitikker<\/h2>\n\n\n\n<p>Migrant Globals privatlivspolitik g\u00e6lder ikke for andre annonc\u00f8rer eller websteder. Derfor r\u00e5der vi dig til at konsultere de respektive privatlivspolitikker for disse tredjeparts annonceservere for mere detaljerede oplysninger. Det kan omfatte deres praksis og instruktioner om, hvordan man frav\u00e6lger visse muligheder.<\/p>\n\n\n\n<p>Du kan v\u00e6lge at deaktivere cookies gennem dine individuelle browserindstillinger. For at f\u00e5 mere detaljeret information om cookieh\u00e5ndtering med specifikke webbrowsere, kan den findes p\u00e5 browsernes respektive hjemmesider.<\/p>\n\n\n\n<h2 class=\"wp-block-heading\">CCPA-privatlivsrettigheder (s\u00e6lg ikke mine personlige oplysninger)<\/h2>\n\n\n\n<p>I henhold til CCPA, blandt andre rettigheder, har californiske forbrugere ret til:<\/p>\n\n\n\n<p>Anmode om, at en virksomhed, der indsamler en forbrugers personlige data, afsl\u00f8rer de kategorier og specifikke stykker af personoplysninger, som en virksomhed har indsamlet om forbrugere.<\/p>\n\n\n\n<p>Anmod om, at en virksomhed sletter alle personlige data om forbrugeren, som en virksomhed har indsamlet.<\/p>\n\n\n\n<p>Anmode om, at en virksomhed, der s\u00e6lger en forbrugers personlige data, ikke s\u00e6lger forbrugerens personlige data.<\/p>\n\n\n\n<p>Hvis du frems\u00e6tter en anmodning, har vi en m\u00e5ned til at svare dig. Hvis du \u00f8nsker at ud\u00f8ve nogen af disse rettigheder, bedes du kontakte os.<\/p>\n\n\n\n<h2 class=\"wp-block-heading\">GDPR Databeskyttelsesrettigheder<\/h2>\n\n\n\n<p>Vi vil gerne sikre os, at du er fuldt ud klar over alle dine databeskyttelsesrettigheder. Enhver bruger er berettiget til f\u00f8lgende:<\/p>\n\n\n\n<p>Retten til indsigt \u2013 Du har ret til at anmode om kopier af dine personoplysninger. Vi kan opkr\u00e6ve et mindre gebyr for denne service.<\/p>\n\n\n\n<p>Retten til berigtigelse \u2013 Du har ret til at anmode om, at vi retter enhver information, du mener er un\u00f8jagtig. Du har ogs\u00e5 ret til at anmode om, at vi udfylder de oplysninger, du mener er ufuldst\u00e6ndige.<\/p>\n\n\n\n<p>Retten til sletning \u2013 Du har ret til at anmode om, at vi sletter dine personoplysninger under visse betingelser.<\/p>\n\n\n\n<p>Ret til at begr\u00e6nse behandlingen \u2013 Du har ret til at anmode om, at vi begr\u00e6nser behandlingen af dine personoplysninger under visse betingelser.<\/p>\n\n\n\n<p>Ret til at g\u00f8re indsigelse mod behandling \u2013 Du har ret til at g\u00f8re indsigelse mod vores behandling af dine personoplysninger under visse betingelser.<\/p>\n\n\n\n<p>Retten til dataportabilitet \u2013 Du har ret til at anmode om, at vi overf\u00f8rer de data, vi har indsamlet, til en anden organisation eller direkte til dig under visse betingelser.<\/p>\n\n\n\n<p>Hvis du frems\u00e6tter en anmodning, har vi en m\u00e5ned til at svare dig. Hvis du \u00f8nsker at ud\u00f8ve nogen af disse rettigheder, bedes du kontakte os.<\/p>\n\n\n\n<h2 class=\"wp-block-heading\">B\u00f8rns information<\/h2>\n\n\n\n<p>En anden del af vores prioritet er at tilf\u00f8je beskyttelse til b\u00f8rn, mens de bruger internettet. Vi opfordrer for\u00e6ldre og v\u00e6rger til at observere, deltage i og\/eller overv\u00e5ge og guide deres onlineaktivitet.<\/p>\n\n\n\n<p>Migrant Global indsamler ikke bevidst nogen personlig identificerbar information fra b\u00f8rn under 13 \u00e5r. Hvis du mener, at dit barn har givet denne form for information p\u00e5 vores hjemmeside, opfordrer vi dig kraftigt til at kontakte os med det samme, og vi vil g\u00f8re vores bedste for at omg\u00e5ende fjerne s\u00e5danne oplysninger fra vores optegnelser.<\/p>\n\n\n\n<h2 class=\"wp-block-heading\">\u00c6ndringer til denne privatlivspolitik<\/h2>\n\n\n\n<p>Vi kan opdatere vores privatlivspolitik fra tid til anden. Derfor r\u00e5der vi dig til at gennemg\u00e5 denne side med j\u00e6vne mellemrum for eventuelle \u00e6ndringer. Vi vil underrette dig om eventuelle \u00e6ndringer ved at offentligg\u00f8re den nye privatlivspolitik p\u00e5 denne side. Disse \u00e6ndringer tr\u00e6der i kraft med det samme, efter de er offentliggjort p\u00e5 denne side.<\/p>\n\n\n\n<h2 class=\"wp-block-heading\">Kontakt os<\/h2>\n\n\n\n<p>Hvis du har sp\u00f8rgsm\u00e5l eller forslag til vores privatlivspolitik, s\u00e5 t\u00f8v ikke med at <a href=\"https:\/\/www.migrantglobal.com\/da\/kontakt-os\/\">kontakt os.<\/a><\/p>","protected":false},"excerpt":{"rendered":"<p>At Migrant Global, accessible from migrantglobal.com, one of our main priorities is the privacy of our visitors. This Privacy Policy document contains types of information that is collected and recorded by Migrant Global and how we use it. If you have additional questions or require more information about our Privacy Policy, do not hesitate to [&hellip;]<\/p>\n","protected":false},"author":1,"featured_media":0,"parent":0,"menu_order":0,"comment_status":"closed","ping_status":"closed","template":"","meta":{"footnotes":""},"class_list":["post-309","page","type-page","status-publish","hentry"],"_links":{"self":[{"href":"https:\/\/www.migrantglobal.com\/da\/wp-json\/wp\/v2\/pages\/309","targetHints":{"allow":["GET"]}}],"collection":[{"href":"https:\/\/www.migrantglobal.com\/da\/wp-json\/wp\/v2\/pages"}],"about":[{"href":"https:\/\/www.migrantglobal.com\/da\/wp-json\/wp\/v2\/types\/page"}],"author":[{"embeddable":true,"href":"https:\/\/www.migrantglobal.com\/da\/wp-json\/wp\/v2\/users\/1"}],"replies":[{"embeddable":true,"href":"https:\/\/www.migrantglobal.com\/da\/wp-json\/wp\/v2\/comments?post=309"}],"version-history":[{"count":3,"href":"https:\/\/www.migrantglobal.com\/da\/wp-json\/wp\/v2\/pages\/309\/revisions"}],"predecessor-version":[{"id":313,"href":"https:\/\/www.migrantglobal.com\/da\/wp-json\/wp\/v2\/pages\/309\/revisions\/313"}],"wp:attachment":[{"href":"https:\/\/www.migrantglobal.com\/da\/wp-json\/wp\/v2\/media?parent=309"}],"curies":[{"name":"wp","href":"https:\/\/api.w.org\/{rel}","templated":true}]}}