{"id":426,"date":"2023-04-26T06:52:36","date_gmt":"2023-04-26T06:52:36","guid":{"rendered":"https:\/\/migrantglobal.com\/?page_id=426"},"modified":"2023-05-02T08:40:27","modified_gmt":"2023-05-02T08:40:27","slug":"partner-information","status":"publish","type":"page","link":"https:\/\/www.migrantglobal.com\/da\/partneroplysninger\/","title":{"rendered":"Partnerinformation"},"content":{"rendered":"<div data-elementor-type=\"wp-page\" data-elementor-id=\"426\" class=\"elementor elementor-426\">\n\t\t\t\t\t\t<section class=\"elementor-section elementor-top-section elementor-element elementor-element-7182bb8 elementor-section-boxed elementor-section-height-default elementor-section-height-default\" data-id=\"7182bb8\" data-element_type=\"section\" data-e-type=\"section\">\n\t\t\t\t\t\t<div class=\"elementor-container elementor-column-gap-default\">\n\t\t\t\t\t<div class=\"elementor-column elementor-col-100 elementor-top-column elementor-element elementor-element-411e58b\" data-id=\"411e58b\" data-element_type=\"column\" data-e-type=\"column\">\n\t\t\t<div class=\"elementor-widget-wrap elementor-element-populated\">\n\t\t\t\t\t\t<div class=\"elementor-element elementor-element-30d0f61 elementor-widget elementor-widget-heading\" data-id=\"30d0f61\" data-element_type=\"widget\" data-e-type=\"widget\" data-widget_type=\"heading.default\">\n\t\t\t\t<div class=\"elementor-widget-container\">\n\t\t\t\t\t<h2 class=\"elementor-heading-title elementor-size-default\">Partnerinformation<\/h2>\t\t\t\t<\/div>\n\t\t\t\t<\/div>\n\t\t\t\t\t<\/div>\n\t\t<\/div>\n\t\t\t\t\t<\/div>\n\t\t<\/section>\n\t\t\t\t<section class=\"elementor-section elementor-top-section elementor-element elementor-element-67bf081 elementor-section-boxed elementor-section-height-default elementor-section-height-default\" data-id=\"67bf081\" data-element_type=\"section\" data-e-type=\"section\">\n\t\t\t\t\t\t<div class=\"elementor-container elementor-column-gap-default\">\n\t\t\t\t\t<div class=\"elementor-column elementor-col-100 elementor-top-column elementor-element elementor-element-f04c905\" data-id=\"f04c905\" data-element_type=\"column\" data-e-type=\"column\">\n\t\t\t<div class=\"elementor-widget-wrap elementor-element-populated\">\n\t\t\t\t\t\t<div class=\"elementor-element elementor-element-966ce93 elementor-widget elementor-widget-text-editor\" data-id=\"966ce93\" data-element_type=\"widget\" data-e-type=\"widget\" data-widget_type=\"text-editor.default\">\n\t\t\t\t<div class=\"elementor-widget-container\">\n\t\t\t\t\t\t\t\t\t<p><strong>Vores henvisningstilstand;<\/strong><\/p><ul><li>Du betaler os 10% af de gebyrer, du opkr\u00e6ver kunden for den service, du leverer til kunden. Dette er for hver klient du f\u00e5r fra os eller via netv\u00e6rket og for hver service du yder til klienten<\/li><li>Vi f\u00e5r l\u00f8n, n\u00e5r du f\u00e5r l\u00f8n. F\u00e5r du et indskud, f\u00e5r vi 10%<\/li><li>Alle leads sendes til et vist antal udbydere inden for vores panel eller netv\u00e6rk. Kunden v\u00e6lger selv, hvem de \u00f8nsker at arbejde med.<\/li><li>Vi bevarer f\u00f8ringen som vores kunde og har ret til at kommunikere med kunden, hvilket inkluderer, men ikke er begr\u00e6nset til, at f\u00e5 feedback p\u00e5 den service, du yder til kunden<\/li><li>N\u00e5r klienten har brug for andre tjenester, som du ikke leverer, skal du henvise klienten til netv\u00e6rket; kun n\u00e5r vi ikke kan levere tjenesten, vil du v\u00e6re i stand til at give kunden oplysninger om andre tredjeparts tjenesteudbydere.<\/li><li>Hvis du henviser en klient til et medlem af panelet, f\u00e5r du 5%, og vi f\u00e5r 5%<\/li><li>Hvis du giver samtykke til ovenst\u00e5ende, arbejder vi gerne sammen med dig<\/li><\/ul><p>\u00a0<\/p><p><strong>Bem\u00e6rkning til advokater<\/strong><\/p><p>(Hvis din jurisdiktion ikke accepterer henvisningsgebyrer, vil vi ikke v\u00e6re i stand til at samarbejde med dig.)<\/p>\t\t\t\t\t\t\t\t<\/div>\n\t\t\t\t<\/div>\n\t\t\t\t<div class=\"elementor-element elementor-element-99c06ff elementor-widget elementor-widget-shortcode\" data-id=\"99c06ff\" data-element_type=\"widget\" data-e-type=\"widget\" data-widget_type=\"shortcode.default\">\n\t\t\t\t<div class=\"elementor-widget-container\">\n\t\t\t\t\t\t\t<div class=\"elementor-shortcode\"><div class=\"forminator-ui forminator-custom-form forminator-custom-form-428 forminator-design--default  forminator_ajax\" data-forminator-render=\"0\" data-form=\"forminator-module-428\" data-uid=\"69dca96db09ff\"><br\/><\/div><form\n\t\t\t\tid=\"forminator-module-428\"\n\t\t\t\tclass=\"forminator-ui forminator-custom-form forminator-custom-form-428 forminator-design--default  forminator_ajax\"\n\t\t\t\tmethod=\"post\"\n\t\t\t\tdata-forminator-render=\"0\"\n\t\t\t\tdata-form-id=\"428\"\n\t\t\t\t data-color-option=\"default\" data-design=\"default\" data-grid=\"open\" style=\"display: none;\"\n\t\t\t\tdata-uid=\"69dca96db09ff\" action=\"\"\n\t\t\t><div role=\"alert\" aria-live=\"polite\" class=\"forminator-response-message forminator-error\" aria-hidden=\"true\"><\/div><div class=\"forminator-row\"><div id=\"consent-1\" class=\"forminator-field-consent forminator-col forminator-col-12\"><div class=\"forminator-field\"><label for=\"forminator-field-consent-1_69dca96db09ff\" id=\"forminator-field-consent-1_69dca96db09ff-label\" class=\"forminator-label\">Aftale <span class=\"forminator-required\">*<\/span><\/label><div class=\"forminator-checkbox__wrapper\"><label id=\"forminator-field-consent-1_69dca96db09ff__label\" class=\"forminator-checkbox forminator-consent\"><input type=\"checkbox\" name=\"consent-1\" id=\"forminator-field-consent-1_69dca96db09ff\" value=\"checked\" aria-labelledby=\"forminator-field-consent-1_69dca96db09ff-label\" aria-describedby=\"forminator-field-consent-1_69dca96db09ff__description\" data-required=\"true\" aria-required=\"true\" \/><span class=\"forminator-checkbox-box\" aria-hidden=\"true\"><\/span><\/label><div id=\"forminator-field-consent-1_69dca96db09ff__description\" class=\"forminator-checkbox__label forminator-consent__label\"><p>Anmod om en partnerskabsaftale ved at klikke p\u00e5 afkrydsningsfeltet og acceptere<\/p><\/div><\/div><\/div><\/div><\/div><input type=\"hidden\" name=\"referer_url\" value=\"\" \/><div class=\"forminator-row forminator-row-last\"><div class=\"forminator-col\"><div class=\"forminator-field\"><button class=\"forminator-button forminator-button-submit\">Acceptere<\/button><\/div><\/div><\/div><input type=\"hidden\" id=\"forminator_nonce\" name=\"forminator_nonce\" value=\"fc4b977cb0\" \/><input type=\"hidden\" name=\"_wp_http_referer\" value=\"\/da\/wp-json\/wp\/v2\/pages\/426\" \/><input type=\"hidden\" name=\"form_id\" value=\"428\"><input type=\"hidden\" name=\"page_id\" value=\"426\"><input type=\"hidden\" name=\"form_type\" value=\"default\"><input type=\"hidden\" name=\"current_url\" value=\"https:\/\/www.migrantglobal.com\/da\/partneroplysninger\/\"><input type=\"hidden\" name=\"render_id\" value=\"0\"><input type=\"hidden\" name=\"action\" value=\"forminator_submit_form_custom-forms\"><input type=\"hidden\" name=\"trp-form-language\" value=\"da\"\/><\/form><\/div>\n\t\t\t\t\t\t<\/div>\n\t\t\t\t<\/div>\n\t\t\t\t\t<\/div>\n\t\t<\/div>\n\t\t\t\t\t<\/div>\n\t\t<\/section>\n\t\t\t\t<\/div>","protected":false},"excerpt":{"rendered":"<p>Partner Information Our Referral Mode; You pay us 10% of the fees you charge the client for the service you are providing to the client. This is for every client you get from us or via the network and for every service you provide to the client We get paid when you get paid. If [&hellip;]<\/p>\n","protected":false},"author":1,"featured_media":0,"parent":0,"menu_order":0,"comment_status":"closed","ping_status":"closed","template":"elementor_header_footer","meta":{"footnotes":""},"class_list":["post-426","page","type-page","status-publish","hentry"],"_links":{"self":[{"href":"https:\/\/www.migrantglobal.com\/da\/wp-json\/wp\/v2\/pages\/426","targetHints":{"allow":["GET"]}}],"collection":[{"href":"https:\/\/www.migrantglobal.com\/da\/wp-json\/wp\/v2\/pages"}],"about":[{"href":"https:\/\/www.migrantglobal.com\/da\/wp-json\/wp\/v2\/types\/page"}],"author":[{"embeddable":true,"href":"https:\/\/www.migrantglobal.com\/da\/wp-json\/wp\/v2\/users\/1"}],"replies":[{"embeddable":true,"href":"https:\/\/www.migrantglobal.com\/da\/wp-json\/wp\/v2\/comments?post=426"}],"version-history":[{"count":5,"href":"https:\/\/www.migrantglobal.com\/da\/wp-json\/wp\/v2\/pages\/426\/revisions"}],"predecessor-version":[{"id":708,"href":"https:\/\/www.migrantglobal.com\/da\/wp-json\/wp\/v2\/pages\/426\/revisions\/708"}],"wp:attachment":[{"href":"https:\/\/www.migrantglobal.com\/da\/wp-json\/wp\/v2\/media?parent=426"}],"curies":[{"name":"wp","href":"https:\/\/api.w.org\/{rel}","templated":true}]}}