{"id":309,"date":"2023-04-25T17:05:28","date_gmt":"2023-04-25T17:05:28","guid":{"rendered":"https:\/\/migrantglobal.com\/?page_id=309"},"modified":"2023-04-25T17:09:10","modified_gmt":"2023-04-25T17:09:10","slug":"privacy-policy","status":"publish","type":"page","link":"https:\/\/www.migrantglobal.com\/de\/datenschutzrichtlinie\/","title":{"rendered":"Datenschutzrichtlinie"},"content":{"rendered":"<p>Bei Migrant Global, zug\u00e4nglich \u00fcber migrantglobal.com, ist die Privatsph\u00e4re unserer Besucher eine unserer Hauptpriorit\u00e4ten. Dieses Datenschutzrichtliniendokument enth\u00e4lt Arten von Informationen, die von Migrant Global gesammelt und aufgezeichnet werden, und wie wir sie verwenden.<\/p>\n\n\n\n<p>Wenn Sie weitere Fragen haben oder weitere Informationen zu unserer Datenschutzrichtlinie ben\u00f6tigen, z\u00f6gern Sie nicht, uns zu kontaktieren.<\/p>\n\n\n\n<p>Diese Datenschutzrichtlinie gilt nur f\u00fcr unsere Online-Aktivit\u00e4ten und gilt f\u00fcr Besucher unserer Website in Bezug auf die Informationen, die sie in Migrant Global geteilt und\/oder gesammelt haben. Diese Richtlinie gilt nicht f\u00fcr Informationen, die offline oder \u00fcber andere Kan\u00e4le als diese Website erfasst werden.<\/p>\n\n\n\n<h2 class=\"wp-block-heading\">Zustimmung<\/h2>\n\n\n\n<p>Durch die Nutzung unserer Website stimmen Sie hiermit unserer Datenschutzrichtlinie zu und stimmen deren Bedingungen zu.<\/p>\n\n\n\n<h2 class=\"wp-block-heading\">Informationen, die wir sammeln<\/h2>\n\n\n\n<p>Die personenbezogenen Daten, um deren Bereitstellung Sie gebeten werden, und die Gr\u00fcnde, warum Sie zur Bereitstellung dieser Daten aufgefordert werden, werden Ihnen an dem Punkt mitgeteilt, an dem wir Sie um die Angabe Ihrer personenbezogenen Daten bitten.<\/p>\n\n\n\n<p>Wenn Sie uns direkt kontaktieren, erhalten wir m\u00f6glicherweise zus\u00e4tzliche Informationen \u00fcber Sie, wie Ihren Namen, Ihre E-Mail-Adresse, Ihre Telefonnummer, den Inhalt der Nachricht und\/oder der Anh\u00e4nge, die Sie uns senden, sowie alle anderen Informationen, die Sie uns m\u00f6glicherweise zur Verf\u00fcgung stellen.<\/p>\n\n\n\n<p>Wenn Sie sich f\u00fcr ein Konto registrieren, fragen wir Sie m\u00f6glicherweise nach Ihren Kontaktinformationen, einschlie\u00dflich Angaben wie Name, Firmenname, Adresse, E-Mail-Adresse und Telefonnummer.<\/p>\n\n\n\n<h2 class=\"wp-block-heading\">Wie wir Ihre Informationen verwenden<\/h2>\n\n\n\n<p>Wir nutzen die von uns gesammelten Informationen auf verschiedene Weise, unter anderem um:<\/p>\n\n\n\n<ul class=\"wp-block-list\">\n<li>Bereitstellung, Betrieb und Wartung unserer Website<\/li>\n\n\n\n<li>Verbessern, personalisieren und erweitern Sie unsere Website<\/li>\n\n\n\n<li>Verstehen und analysieren Sie, wie Sie unsere Website nutzen<\/li>\n\n\n\n<li>Entwickeln Sie neue Produkte, Dienste, Features und Funktionen<\/li>\n\n\n\n<li>Zur Kommunikation mit Ihnen, entweder direkt oder \u00fcber einen unserer Partner, einschlie\u00dflich f\u00fcr den Kundenservice, um Ihnen Updates und andere Informationen im Zusammenhang mit der Website bereitzustellen sowie f\u00fcr Marketing- und Werbezwecke<\/li>\n\n\n\n<li>Senden Sie Ihnen E-Mails<\/li>\n\n\n\n<li>Betrug erkennen und verhindern<\/li>\n<\/ul>\n\n\n\n<h2 class=\"wp-block-heading\">Protokolldateien<\/h2>\n\n\n\n<p>Migrant Global folgt einem Standardverfahren zur Verwendung von Protokolldateien. Diese Dateien protokollieren Besucher, wenn sie Websites besuchen. Alle Hosting-Unternehmen f\u00fchren dies und einen Teil der Analysen der Hosting-Dienste durch. Zu den durch Protokolldateien gesammelten Informationen geh\u00f6ren Internetprotokolladressen (IP), Browsertyp, Internetdienstanbieter (ISP), Datums- und Zeitstempel, Verweis-\/Ausstiegsseiten und m\u00f6glicherweise die Anzahl der Klicks. Diese werden nicht mit personenbezogenen Daten verkn\u00fcpft. Der Zweck der Informationen besteht darin, Trends zu analysieren, die Website zu verwalten, die Bewegungen der Benutzer auf der Website zu verfolgen und demografische Informationen zu sammeln.<\/p>\n\n\n\n<h2 class=\"wp-block-heading\">Datenschutzrichtlinien f\u00fcr Werbepartner<\/h2>\n\n\n\n<p>In dieser Liste finden Sie die Datenschutzrichtlinien f\u00fcr jeden Werbepartner von Migrant Global.<\/p>\n\n\n\n<p>Ad-Server oder Ad-Netzwerke von Drittanbietern verwenden Technologien wie Cookies, JavaScript oder Web Beacons, die in ihren jeweiligen Anzeigen verwendet werden, und Links, die auf Migrant Global erscheinen und direkt an den Browser der Benutzer gesendet werden. In diesem Fall erhalten sie automatisch Ihre IP-Adresse. Diese Technologien werden verwendet, um die Wirksamkeit ihrer Werbekampagnen zu messen und\/oder um die Werbeinhalte zu personalisieren, die Sie auf den von Ihnen besuchten Websites sehen.<\/p>\n\n\n\n<p>Beachten Sie, dass Migrant Global keinen Zugriff auf oder keine Kontrolle \u00fcber diese Cookies hat, die von Drittwerbetreibenden verwendet werden.<\/p>\n\n\n\n<h2 class=\"wp-block-heading\">Datenschutzrichtlinien Dritter<\/h2>\n\n\n\n<p>Die Datenschutzrichtlinie von Migrant Global gilt nicht f\u00fcr andere Werbetreibende oder Websites. Wir empfehlen Ihnen daher, f\u00fcr detailliertere Informationen die jeweiligen Datenschutzrichtlinien dieser Drittanbieter-Adserver zu konsultieren. Es kann deren Praktiken und Anweisungen zum Deaktivieren bestimmter Optionen enthalten.<\/p>\n\n\n\n<p>Sie k\u00f6nnen Cookies \u00fcber Ihre individuellen Browseroptionen deaktivieren. Ausf\u00fchrlichere Informationen zur Cookie-Verwaltung mit bestimmten Webbrowsern finden Sie auf den jeweiligen Websites der Browser.<\/p>\n\n\n\n<h2 class=\"wp-block-heading\">CCPA-Datenschutzrechte (Meine pers\u00f6nlichen Daten nicht verkaufen)<\/h2>\n\n\n\n<p>Nach dem CCPA haben kalifornische Verbraucher neben anderen Rechten das Recht auf:<\/p>\n\n\n\n<p>Fordern Sie ein Unternehmen, das personenbezogene Daten eines Verbrauchers erfasst, auf, die Kategorien und spezifischen personenbezogenen Daten offenzulegen, die ein Unternehmen \u00fcber Verbraucher erfasst hat.<\/p>\n\n\n\n<p>Fordern Sie ein Unternehmen auf, alle personenbezogenen Daten \u00fcber den Verbraucher zu l\u00f6schen, die ein Unternehmen gesammelt hat.<\/p>\n\n\n\n<p>Fordern Sie ein Unternehmen, das die personenbezogenen Daten eines Verbrauchers verkauft, auf, die personenbezogenen Daten des Verbrauchers nicht zu verkaufen.<\/p>\n\n\n\n<p>Wenn Sie eine Anfrage stellen, haben wir einen Monat Zeit, um Ihnen zu antworten. Wenn Sie eines dieser Rechte aus\u00fcben m\u00f6chten, kontaktieren Sie uns bitte.<\/p>\n\n\n\n<h2 class=\"wp-block-heading\">DSGVO-Datenschutzrechte<\/h2>\n\n\n\n<p>Wir m\u00f6chten sicherstellen, dass Sie alle Ihre Datenschutzrechte vollst\u00e4ndig kennen. Jeder Nutzer hat Anspruch auf Folgendes:<\/p>\n\n\n\n<p>Das Recht auf Zugriff \u2013 Sie haben das Recht, Kopien Ihrer personenbezogenen Daten anzufordern. F\u00fcr diesen Service erheben wir m\u00f6glicherweise eine geringe Geb\u00fchr.<\/p>\n\n\n\n<p>Das Recht auf Berichtigung \u2013 Sie haben das Recht, von uns die Berichtigung von Informationen zu verlangen, die Ihrer Meinung nach unrichtig sind. Sie haben au\u00dferdem das Recht, von uns die Vervollst\u00e4ndigung der Informationen zu verlangen, die Sie f\u00fcr unvollst\u00e4ndig halten.<\/p>\n\n\n\n<p>Das Recht auf L\u00f6schung \u2013 Sie haben unter bestimmten Bedingungen das Recht, von uns die L\u00f6schung Ihrer personenbezogenen Daten zu verlangen.<\/p>\n\n\n\n<p>Das Recht auf Einschr\u00e4nkung der Verarbeitung \u2013 Sie haben das Recht, unter bestimmten Bedingungen zu verlangen, dass wir die Verarbeitung Ihrer personenbezogenen Daten einschr\u00e4nken.<\/p>\n\n\n\n<p>Das Recht, der Verarbeitung zu widersprechen \u2013 Sie haben unter bestimmten Bedingungen das Recht, der Verarbeitung Ihrer personenbezogenen Daten durch uns zu widersprechen.<\/p>\n\n\n\n<p>Das Recht auf Daten\u00fcbertragbarkeit \u2013 Sie haben das Recht zu verlangen, dass wir die von uns erfassten Daten unter bestimmten Bedingungen an eine andere Organisation oder direkt an Sie \u00fcbertragen.<\/p>\n\n\n\n<p>Wenn Sie eine Anfrage stellen, haben wir einen Monat Zeit, um Ihnen zu antworten. Wenn Sie eines dieser Rechte aus\u00fcben m\u00f6chten, kontaktieren Sie uns bitte.<\/p>\n\n\n\n<h2 class=\"wp-block-heading\">Informationen f\u00fcr Kinder<\/h2>\n\n\n\n<p>Ein weiterer Schwerpunkt unserer Arbeit ist der Schutz von Kindern bei der Nutzung des Internets. Wir ermutigen Eltern und Erziehungsberechtigte, ihre Online-Aktivit\u00e4ten zu beobachten, daran teilzunehmen und\/oder sie zu \u00fcberwachen und zu leiten.<\/p>\n\n\n\n<p>Migrant Global sammelt wissentlich keine personenbezogenen Daten von Kindern unter 13 Jahren. Wenn Sie der Meinung sind, dass Ihr Kind diese Art von Informationen auf unserer Website bereitgestellt hat, empfehlen wir Ihnen dringend, sich umgehend mit uns in Verbindung zu setzen, und wir werden unser Bestes tun, um dies umgehend zu tun solche Informationen aus unseren Aufzeichnungen entfernen.<\/p>\n\n\n\n<h2 class=\"wp-block-heading\">\u00c4nderungen dieser Datenschutzrichtlinie<\/h2>\n\n\n\n<p>Wir k\u00f6nnen unsere Datenschutzrichtlinie von Zeit zu Zeit aktualisieren. Wir empfehlen Ihnen daher, diese Seite regelm\u00e4\u00dfig auf etwaige \u00c4nderungen zu \u00fcberpr\u00fcfen. Wir werden Sie \u00fcber alle \u00c4nderungen informieren, indem wir die neue Datenschutzrichtlinie auf dieser Seite ver\u00f6ffentlichen. Diese \u00c4nderungen treten sofort nach der Ver\u00f6ffentlichung auf dieser Seite in Kraft.<\/p>\n\n\n\n<h2 class=\"wp-block-heading\">Kontaktiere uns<\/h2>\n\n\n\n<p>Wenn Sie Fragen oder Anregungen zu unserer Datenschutzrichtlinie haben, z\u00f6gern Sie nicht, uns zu kontaktieren <a href=\"https:\/\/www.migrantglobal.com\/de\/kontaktiere-uns\/\">kontaktiere uns.<\/a><\/p>","protected":false},"excerpt":{"rendered":"<p>At Migrant Global, accessible from migrantglobal.com, one of our main priorities is the privacy of our visitors. This Privacy Policy document contains types of information that is collected and recorded by Migrant Global and how we use it. If you have additional questions or require more information about our Privacy Policy, do not hesitate to [&hellip;]<\/p>\n","protected":false},"author":1,"featured_media":0,"parent":0,"menu_order":0,"comment_status":"closed","ping_status":"closed","template":"","meta":{"footnotes":""},"class_list":["post-309","page","type-page","status-publish","hentry"],"_links":{"self":[{"href":"https:\/\/www.migrantglobal.com\/de\/wp-json\/wp\/v2\/pages\/309","targetHints":{"allow":["GET"]}}],"collection":[{"href":"https:\/\/www.migrantglobal.com\/de\/wp-json\/wp\/v2\/pages"}],"about":[{"href":"https:\/\/www.migrantglobal.com\/de\/wp-json\/wp\/v2\/types\/page"}],"author":[{"embeddable":true,"href":"https:\/\/www.migrantglobal.com\/de\/wp-json\/wp\/v2\/users\/1"}],"replies":[{"embeddable":true,"href":"https:\/\/www.migrantglobal.com\/de\/wp-json\/wp\/v2\/comments?post=309"}],"version-history":[{"count":3,"href":"https:\/\/www.migrantglobal.com\/de\/wp-json\/wp\/v2\/pages\/309\/revisions"}],"predecessor-version":[{"id":313,"href":"https:\/\/www.migrantglobal.com\/de\/wp-json\/wp\/v2\/pages\/309\/revisions\/313"}],"wp:attachment":[{"href":"https:\/\/www.migrantglobal.com\/de\/wp-json\/wp\/v2\/media?parent=309"}],"curies":[{"name":"wp","href":"https:\/\/api.w.org\/{rel}","templated":true}]}}