{"id":323,"date":"2023-04-25T17:13:13","date_gmt":"2023-04-25T17:13:13","guid":{"rendered":"https:\/\/migrantglobal.com\/?page_id=323"},"modified":"2023-04-25T17:13:17","modified_gmt":"2023-04-25T17:13:17","slug":"terms-and-conditions","status":"publish","type":"page","link":"https:\/\/www.migrantglobal.com\/de\/geschaftsbedingungen\/","title":{"rendered":"Gesch\u00e4ftsbedingungen"},"content":{"rendered":"<p>Willkommen bei Migrant Global!<\/p>\n\n\n\n<p>Diese Gesch\u00e4ftsbedingungen legen die Regeln und Vorschriften f\u00fcr die Nutzung der Website von Migrant Global unter migrantglobal.com fest.<\/p>\n\n\n\n<p>Indem Sie auf diese Website zugreifen, gehen wir davon aus, dass Sie diese Bedingungen akzeptieren. Verwenden Sie Migrant Global nicht weiter, wenn Sie nicht mit allen auf dieser Seite aufgef\u00fchrten Bedingungen einverstanden sind.<\/p>\n\n\n\n<p>Die folgende Terminologie gilt f\u00fcr diese Allgemeinen Gesch\u00e4ftsbedingungen, die Datenschutzerkl\u00e4rung und den Haftungsausschluss sowie alle Vereinbarungen: \u201eKunde\u201c, \u201eSie\u201c und \u201eIhr\u201c bezieht sich auf Sie, die Person, die sich auf dieser Website anmeldet und die Allgemeinen Gesch\u00e4ftsbedingungen des Unternehmens einh\u00e4lt. \u201eDas Unternehmen\u201c, \u201eWir selbst\u201c, \u201eWir\u201c, \u201eUnser\u201c und \u201eUns\u201c bezieht sich auf unser Unternehmen. \u201ePartei\u201c, \u201eParteien\u201c oder \u201eUns\u201c bezieht sich sowohl auf den Kunden als auch auf uns selbst. Alle Bedingungen beziehen sich auf das Angebot, die Annahme und die Gegenleistung der Zahlung, die erforderlich ist, um den Prozess unserer Unterst\u00fctzung des Kunden auf die am besten geeignete Weise durchzuf\u00fchren, mit dem ausdr\u00fccklichen Zweck, die Bed\u00fcrfnisse des Kunden in Bezug auf die Bereitstellung der angegebenen Dienstleistungen des Unternehmens zu erf\u00fcllen, in \u00dcbereinstimmung mit und vorbehaltlich des geltenden Rechts. Jegliche Verwendung der oben genannten Terminologie oder anderer W\u00f6rter in Singular, Plural, Gro\u00dfschreibung und\/oder er\/sie oder sie werden als austauschbar und daher als darauf beziehend angesehen.<\/p>\n\n\n\n<h3 class=\"wp-block-heading\"><strong>Kekse<\/strong><\/h3>\n\n\n\n<p>Wir verwenden Cookies. Durch den Zugriff auf Migrant Global haben Sie der Verwendung von Cookies gem\u00e4\u00df der Datenschutzrichtlinie von Migrant Global zugestimmt.<\/p>\n\n\n\n<p>Die meisten interaktiven Websites verwenden Cookies, damit wir bei jedem Besuch die Benutzerdaten abrufen k\u00f6nnen. Auf unserer Website werden Cookies verwendet, um die Funktionalit\u00e4t bestimmter Bereiche zu erm\u00f6glichen und den Besuchern unserer Website den Besuch zu erleichtern. Einige unserer Partner\/Werbepartner verwenden m\u00f6glicherweise ebenfalls Cookies.<\/p>\n\n\n\n<h3 class=\"wp-block-heading\"><strong>Lizenz<\/strong><\/h3>\n\n\n\n<p>Sofern nicht anders angegeben, besitzen Migrant Global und\/oder seine Lizenzgeber die geistigen Eigentumsrechte f\u00fcr alle Materialien auf Migrant Global. Alle geistigen Eigentumsrechte sind vorbehalten. Sie k\u00f6nnen diese von Migrant Global f\u00fcr Ihren pers\u00f6nlichen Gebrauch unter den in diesen Gesch\u00e4ftsbedingungen festgelegten Einschr\u00e4nkungen abrufen.<\/p>\n\n\n\n<p>Du darfst nicht:<\/p>\n\n\n\n<ul class=\"wp-block-list\">\n<li>Material von Migrant Global erneut ver\u00f6ffentlichen<\/li>\n\n\n\n<li>Material von Migrant Global verkaufen, vermieten oder unterlizenzieren<\/li>\n\n\n\n<li>Reproduzieren, duplizieren oder kopieren Sie Material von Migrant Global<\/li>\n\n\n\n<li>Inhalte von Migrant Global weiterverteilen<\/li>\n<\/ul>\n\n\n\n<p>Teile dieser Website bieten Benutzern die M\u00f6glichkeit, in bestimmten Bereichen der Website Meinungen und Informationen zu ver\u00f6ffentlichen und auszutauschen. Migrant Global filtert, bearbeitet, ver\u00f6ffentlicht oder \u00fcberpr\u00fcft Kommentare nicht, bevor sie auf der Website erscheinen. Kommentare spiegeln nicht die Ansichten und Meinungen von Migrant Global, seinen Vertretern und\/oder verbundenen Unternehmen wider. Kommentare spiegeln die Ansichten und Meinungen der Person wider, die ihre Ansichten und Meinungen ver\u00f6ffentlicht. Soweit nach geltendem Recht zul\u00e4ssig, haftet Migrant Global nicht f\u00fcr die Kommentare oder f\u00fcr jegliche Haftung, Sch\u00e4den oder Kosten, die durch die Verwendung und\/oder Ver\u00f6ffentlichung und\/oder das Erscheinen der Kommentare auf dieser Website verursacht und\/oder erlitten werden.<\/p>\n\n\n\n<p>Migrant Global beh\u00e4lt sich das Recht vor, alle Kommentare zu \u00fcberwachen und Kommentare zu entfernen, die als unangemessen oder beleidigend erachtet werden k\u00f6nnen oder gegen diese Allgemeinen Gesch\u00e4ftsbedingungen versto\u00dfen.<\/p>\n\n\n\n<p>Sie gew\u00e4hrleisten und vertreten Folgendes:<\/p>\n\n\n\n<ul class=\"wp-block-list\">\n<li>Sie sind berechtigt, die Kommentare auf unserer Website zu ver\u00f6ffentlichen und verf\u00fcgen \u00fcber alle dazu erforderlichen Lizenzen und Einwilligungen;<\/li>\n\n\n\n<li>Die Kommentare verletzen keine geistigen Eigentumsrechte, insbesondere keine Urheberrechte, Patente oder Markenrechte Dritter;<\/li>\n\n\n\n<li>Die Kommentare enthalten kein diffamierendes, verleumderisches, beleidigendes, unanst\u00e4ndiges oder anderweitig rechtswidriges Material, das eine Verletzung der Privatsph\u00e4re darstellt<\/li>\n\n\n\n<li>Die Kommentare werden nicht verwendet, um Gesch\u00e4fte oder Br\u00e4uche anzuwerben oder zu f\u00f6rdern oder kommerzielle Aktivit\u00e4ten oder rechtswidrige Aktivit\u00e4ten darzustellen.<\/li>\n<\/ul>\n\n\n\n<p>Sie erteilen Migrant Global hiermit eine nicht exklusive Lizenz zur Nutzung, Vervielf\u00e4ltigung und Bearbeitung Ihrer Kommentare in s\u00e4mtlichen Formen, Formaten und Medien sowie zur Erm\u00e4chtigung anderer zur Nutzung, Vervielf\u00e4ltigung und Bearbeitung.<\/p>\n\n\n\n<h3 class=\"wp-block-heading\"><strong>Hyperlink zu unseren Inhalten<\/strong><\/h3>\n\n\n\n<p>Die folgenden Organisationen d\u00fcrfen ohne vorherige schriftliche Genehmigung auf unsere Website verlinken:<\/p>\n\n\n\n<ul class=\"wp-block-list\">\n<li>Regierungsbeh\u00f6rden;<\/li>\n\n\n\n<li>Suchmaschinen;<\/li>\n\n\n\n<li>Nachrichtenorganisationen;<\/li>\n\n\n\n<li>Online-Verzeichnisverteiler k\u00f6nnen auf unsere Website auf dieselbe Weise verlinken, wie sie Hyperlinks zu den Websites anderer in diesem Verzeichnis aufgef\u00fchrter Unternehmen erstellen.<\/li>\n\n\n\n<li>Systemweit akkreditierte Unternehmen, mit Ausnahme werbender Non-Profit-Organisationen, Charity-Einkaufszentren und Wohlt\u00e4tigkeits-Spendengruppen, die keine Hyperlinks zu unserer Website erstellen d\u00fcrfen.<\/li>\n<\/ul>\n\n\n\n<p>Diese Organisationen d\u00fcrfen auf unsere Homepage, Publikationen oder andere Informationen auf der Website verlinken, solange die folgenden Bedingungen eingehalten werden: (a) der Link darf nicht in irgendeiner Weise irref\u00fchrend sein; (b) der Link darf nicht f\u00e4lschlich auf eine F\u00f6rderung, Unterst\u00fctzung oder Billigung der verweisenden Partei und ihrer Produkte und\/oder Dienstleistungen hindeuten; und (c) der Link muss in den Kontext der Website der verweisenden Partei passen.<\/p>\n\n\n\n<p>Wir k\u00f6nnen andere Linkanfragen von den folgenden Arten von Organisationen pr\u00fcfen und genehmigen:<\/p>\n\n\n\n<ul class=\"wp-block-list\">\n<li>allgemein bekannte Verbraucher- und\/oder Unternehmensinformationsquellen;<\/li>\n\n\n\n<li>Community-Websites von dot.coms;<\/li>\n\n\n\n<li>Vereine oder andere Gruppen, die Wohlt\u00e4tigkeitsorganisationen vertreten;<\/li>\n\n\n\n<li>Online-Verzeichnisverteiler;<\/li>\n\n\n\n<li>Internetportale;<\/li>\n\n\n\n<li>Wirtschaftspr\u00fcfungs-, Rechts- und Beratungsfirmen; und<\/li>\n\n\n\n<li>Bildungseinrichtungen und Branchenverb\u00e4nde.<\/li>\n<\/ul>\n\n\n\n<p>Wir werden Linkanfragen dieser Organisationen genehmigen, wenn wir entscheiden, dass: (a) der Link kein schlechtes Licht auf uns oder unsere akkreditierten Unternehmen werfen w\u00fcrde; (b) bei uns keine negativen Aufzeichnungen \u00fcber die Organisation vorhanden sind; (c) der Nutzen, der sich f\u00fcr uns aus der Sichtbarkeit des Hyperlinks ergibt, das Fehlen von Migrant Global ausgleicht; und (d) der Link im Kontext allgemeiner Ressourceninformationen steht.<\/p>\n\n\n\n<p>Diese Organisationen d\u00fcrfen auf unsere Homepage verlinken, solange die folgenden Bedingungen eingehalten werden: (a) der Link darf nicht in irgendeiner Weise irref\u00fchrend sein; (b) der Link darf nicht f\u00e4lschlich auf eine F\u00f6rderung, Unterst\u00fctzung oder Billigung der verweisenden Partei und ihrer Produkte oder Dienstleistungen hindeuten; und (c) der Link muss in den Kontext der Website der verweisenden Partei passen.<\/p>\n\n\n\n<p>Wenn Sie eine der in Absatz 2 oben aufgef\u00fchrten Organisationen sind und an einer Verlinkung zu unserer Website interessiert sind, m\u00fcssen Sie uns dies per E-Mail an Migrant Global mitteilen. Bitte geben Sie Ihren Namen, den Namen Ihrer Organisation, Ihre Kontaktinformationen sowie die URL Ihrer Website, eine Liste aller URLs an, von denen Sie auf unsere Website verlinken m\u00f6chten, und eine Liste der URLs auf unserer Website, auf die Sie verlinken m\u00f6chten. Warten Sie 2-3 Wochen auf eine Antwort.<\/p>\n\n\n\n<p>Zugelassene Organisationen k\u00f6nnen wie folgt auf unsere Website verlinken:<\/p>\n\n\n\n<ul class=\"wp-block-list\">\n<li>Durch Verwendung unseres Firmennamens; oder<\/li>\n\n\n\n<li>Durch Verwendung des Uniform Resource Locators, auf den verwiesen wird; oder<\/li>\n\n\n\n<li>Durch Verwendung einer anderen Beschreibung unserer Website, auf die verlinkt wird, die im Kontext und Format des Inhalts auf der Website der verweisenden Partei Sinn ergibt.<\/li>\n<\/ul>\n\n\n\n<p>Die Verwendung des Logos oder anderer Grafiken von Migrant Global zum Verlinken ist ohne eine Markenlizenzvereinbarung nicht gestattet.<\/p>\n\n\n\n<h3 class=\"wp-block-heading\"><strong>iFrames<\/strong><\/h3>\n\n\n\n<p>Ohne vorherige Genehmigung und schriftliche Erlaubnis d\u00fcrfen Sie keine Frames um unsere Webseiten erstellen, die die visuelle Darstellung oder das Erscheinungsbild unserer Website in irgendeiner Weise ver\u00e4ndern.<\/p>\n\n\n\n<h3 class=\"wp-block-heading\"><strong>Haftung f\u00fcr Inhalte<\/strong><\/h3>\n\n\n\n<p>Wir \u00fcbernehmen keine Verantwortung f\u00fcr Inhalte, die auf Ihrer Website erscheinen. Sie verpflichten sich, uns vor allen Anspr\u00fcchen zu sch\u00fctzen und zu verteidigen, die auf Ihrer Website erhoben werden. Auf keiner Website d\u00fcrfen Links erscheinen, die als verleumderisch, obsz\u00f6n oder kriminell ausgelegt werden k\u00f6nnen oder die Rechte Dritter verletzen, anderweitig verletzen oder die Verletzung oder sonstige Verletzung dieser Rechte bef\u00fcrworten.<\/p>\n\n\n\n<h3 class=\"wp-block-heading\"><strong>Vorbehalt von Rechten<\/strong><\/h3>\n\n\n\n<p>Wir behalten uns das Recht vor, Sie aufzufordern, alle Links oder einen bestimmten Link zu unserer Website zu entfernen. Sie erkl\u00e4ren sich damit einverstanden, alle Links zu unserer Website auf Anfrage unverz\u00fcglich zu entfernen. Wir behalten uns au\u00dferdem das Recht vor, diese Bedingungen und ihre Verlinkungsrichtlinien jederzeit zu \u00e4ndern. Indem Sie weiterhin auf unsere Website verlinken, erkl\u00e4ren Sie sich damit einverstanden, an diese Verlinkungsbedingungen gebunden zu sein und diese einzuhalten.<\/p>\n\n\n\n<h3 class=\"wp-block-heading\"><strong>Entfernung von Links von unserer Website<\/strong><\/h3>\n\n\n\n<p>Wenn Sie auf unserer Website einen Link finden, der aus irgendeinem Grund anst\u00f6\u00dfig ist, k\u00f6nnen Sie uns jederzeit kontaktieren und informieren. Wir werden Anfragen zur Entfernung von Links pr\u00fcfen, sind jedoch nicht dazu verpflichtet oder m\u00fcssen Ihnen direkt antworten.<\/p>\n\n\n\n<p>Wir gew\u00e4hrleisten nicht, dass die Informationen auf dieser Website richtig sind, und \u00fcbernehmen keine Garantie f\u00fcr deren Vollst\u00e4ndigkeit oder Genauigkeit. Ebenso wenig versprechen wir, daf\u00fcr zu sorgen, dass die Website verf\u00fcgbar bleibt oder dass die Materialien auf der Website auf dem neuesten Stand gehalten werden.<\/p>\n\n\n\n<h3 class=\"wp-block-heading\"><strong>Haftungsausschluss<\/strong><\/h3>\n\n\n\n<p>Soweit nach geltendem Recht zul\u00e4ssig, schlie\u00dfen wir alle Zusicherungen, Gew\u00e4hrleistungen und Bedingungen in Bezug auf unsere Website und die Nutzung dieser Website aus. Nichts in diesem Haftungsausschluss wird:<\/p>\n\n\n\n<ul class=\"wp-block-list\">\n<li>unsere oder Ihre Haftung f\u00fcr Tod oder Personensch\u00e4den begrenzen oder ausschlie\u00dfen;<\/li>\n\n\n\n<li>unsere bzw. Ihre Haftung f\u00fcr Betrug oder arglistige Falschdarstellung begrenzen oder ausschlie\u00dfen;<\/li>\n\n\n\n<li>unsere oder Ihre Haftung in einer Weise zu beschr\u00e4nken, die nach geltendem Recht nicht zul\u00e4ssig ist; oder<\/li>\n\n\n\n<li>jegliche unserer oder Ihrer Haftungen auszuschlie\u00dfen, die nach geltendem Recht nicht ausgeschlossen werden k\u00f6nnen.<\/li>\n<\/ul>\n\n\n\n<p>Die in diesem Abschnitt und an anderer Stelle in diesem Haftungsausschluss festgelegten Haftungsbeschr\u00e4nkungen und -verbote: (a) unterliegen dem vorstehenden Absatz; und (b) regeln alle Haftungen, die sich aus dem Haftungsausschluss ergeben, einschlie\u00dflich der Haftungen aus Vertr\u00e4gen, unerlaubter Handlung und der Verletzung gesetzlicher Pflichten.<\/p>\n\n\n\n<p>Solange die Website und die Informationen und Dienste auf der Website unentgeltlich zur Verf\u00fcgung gestellt werden, haften wir nicht f\u00fcr Verluste oder Sch\u00e4den jeglicher Art.<\/p>","protected":false},"excerpt":{"rendered":"<p>Welcome to Migrant Global! These terms and conditions outline the rules and regulations for the use of Migrant Global&#8217;s Website, located at migrantglobal.com. By accessing this website we assume you accept these terms and conditions. Do not continue to use Migrant Global if you do not agree to take all of the terms and conditions [&hellip;]<\/p>\n","protected":false},"author":1,"featured_media":0,"parent":0,"menu_order":0,"comment_status":"closed","ping_status":"closed","template":"","meta":{"footnotes":""},"class_list":["post-323","page","type-page","status-publish","hentry"],"_links":{"self":[{"href":"https:\/\/www.migrantglobal.com\/de\/wp-json\/wp\/v2\/pages\/323","targetHints":{"allow":["GET"]}}],"collection":[{"href":"https:\/\/www.migrantglobal.com\/de\/wp-json\/wp\/v2\/pages"}],"about":[{"href":"https:\/\/www.migrantglobal.com\/de\/wp-json\/wp\/v2\/types\/page"}],"author":[{"embeddable":true,"href":"https:\/\/www.migrantglobal.com\/de\/wp-json\/wp\/v2\/users\/1"}],"replies":[{"embeddable":true,"href":"https:\/\/www.migrantglobal.com\/de\/wp-json\/wp\/v2\/comments?post=323"}],"version-history":[{"count":1,"href":"https:\/\/www.migrantglobal.com\/de\/wp-json\/wp\/v2\/pages\/323\/revisions"}],"predecessor-version":[{"id":324,"href":"https:\/\/www.migrantglobal.com\/de\/wp-json\/wp\/v2\/pages\/323\/revisions\/324"}],"wp:attachment":[{"href":"https:\/\/www.migrantglobal.com\/de\/wp-json\/wp\/v2\/media?parent=323"}],"curies":[{"name":"wp","href":"https:\/\/api.w.org\/{rel}","templated":true}]}}