{"id":309,"date":"2023-04-25T17:05:28","date_gmt":"2023-04-25T17:05:28","guid":{"rendered":"https:\/\/migrantglobal.com\/?page_id=309"},"modified":"2023-04-25T17:09:10","modified_gmt":"2023-04-25T17:09:10","slug":"privacy-policy","status":"publish","type":"page","link":"https:\/\/www.migrantglobal.com\/de_de\/datenschutzrichtlinie\/","title":{"rendered":"Datenschutzrichtlinie"},"content":{"rendered":"<p>Bei Migrant Global, erreichbar \u00fcber migrantglobal.com, ist die Privatsph\u00e4re unserer Besucher eine unserer Hauptpriorit\u00e4ten. Dieses Datenschutzdokument enth\u00e4lt Arten von Informationen, die von Migrant Global gesammelt und aufgezeichnet werden, und wie wir sie verwenden.<\/p>\n\n\n\n<p>Wenn Sie weitere Fragen haben oder weitere Informationen zu unserer Datenschutzrichtlinie ben\u00f6tigen, z\u00f6gern Sie nicht, uns zu kontaktieren.<\/p>\n\n\n\n<p>Diese Datenschutzrichtlinie gilt nur f\u00fcr unsere Online-Aktivit\u00e4ten und ist f\u00fcr Besucher unserer Website in Bezug auf die Informationen g\u00fcltig, die sie in Migrant Global geteilt und\/oder gesammelt haben. Diese Richtlinie gilt nicht f\u00fcr Informationen, die offline oder \u00fcber andere Kan\u00e4le als diese Website gesammelt werden.<\/p>\n\n\n\n<h2 class=\"wp-block-heading\">Zustimmung<\/h2>\n\n\n\n<p>Indem Sie unsere Website nutzen, erkl\u00e4ren Sie sich hiermit mit unserer Datenschutzrichtlinie einverstanden und akzeptieren deren Bedingungen.<\/p>\n\n\n\n<h2 class=\"wp-block-heading\">Von uns erfasste Informationen<\/h2>\n\n\n\n<p>Die pers\u00f6nlichen Daten, um deren Angabe Sie gebeten werden, und die Gr\u00fcnde daf\u00fcr, werden Ihnen zum Zeitpunkt der Aufforderung zur Angabe Ihrer pers\u00f6nlichen Daten deutlich gemacht.<\/p>\n\n\n\n<p>Wenn Sie uns direkt kontaktieren, erhalten wir m\u00f6glicherweise zus\u00e4tzliche Informationen \u00fcber Sie, beispielsweise Ihren Namen, Ihre E-Mail-Adresse, Ihre Telefonnummer, den Inhalt der Nachricht und\/oder Anh\u00e4nge, die Sie uns senden, sowie alle anderen Informationen, die Sie uns zur Verf\u00fcgung stellen.<\/p>\n\n\n\n<p>Wenn Sie sich f\u00fcr ein Konto registrieren, fragen wir Sie m\u00f6glicherweise nach Ihren Kontaktinformationen, darunter Name, Firmenname, Adresse, E-Mail-Adresse und Telefonnummer.<\/p>\n\n\n\n<h2 class=\"wp-block-heading\">So verwenden wir Ihre Daten<\/h2>\n\n\n\n<p>Wir verwenden die von uns gesammelten Informationen auf verschiedene Weise, unter anderem um:<\/p>\n\n\n\n<ul class=\"wp-block-list\">\n<li>Bereitstellung, Betrieb und Wartung unserer Website<\/li>\n\n\n\n<li>Verbesserung, Personalisierung und Erweiterung unserer Website<\/li>\n\n\n\n<li>Verstehen und Analysieren, wie Sie unsere Website nutzen<\/li>\n\n\n\n<li>Entwickeln Sie neue Produkte, Dienste, Features und Funktionen<\/li>\n\n\n\n<li>Kommunizieren Sie mit Ihnen, entweder direkt oder \u00fcber einen unserer Partner, auch f\u00fcr den Kundendienst, um Ihnen Updates und andere Informationen in Bezug auf die Website bereitzustellen sowie f\u00fcr Marketing- und Werbezwecke<\/li>\n\n\n\n<li>Senden Sie E-Mails<\/li>\n\n\n\n<li>Betrug erkennen und verhindern<\/li>\n<\/ul>\n\n\n\n<h2 class=\"wp-block-heading\">Protokolldateien<\/h2>\n\n\n\n<p>Migrant Global verwendet standardm\u00e4\u00dfig Protokolldateien. Diese Dateien protokollieren Besucher, wenn sie Websites besuchen. Alle Hosting-Unternehmen tun dies und es ist Teil der Analyse der Hosting-Dienste. Zu den von Protokolldateien gesammelten Informationen geh\u00f6ren Internetprotokoll- (IP-)Adressen, Browsertyp, Internetdienstanbieter (ISP), Datums- und Zeitstempel, Verweis-\/Ausstiegsseiten und m\u00f6glicherweise die Anzahl der Klicks. Diese sind nicht mit pers\u00f6nlich identifizierbaren Informationen verkn\u00fcpft. Der Zweck der Informationen besteht darin, Trends zu analysieren, die Website zu verwalten, die Bewegungen der Benutzer auf der Website zu verfolgen und demografische Informationen zu sammeln.<\/p>\n\n\n\n<h2 class=\"wp-block-heading\">Datenschutzrichtlinien der Werbepartner<\/h2>\n\n\n\n<p>Sie k\u00f6nnen diese Liste einsehen, um die Datenschutzrichtlinien f\u00fcr jeden der Werbepartner von Migrant Global zu finden.<\/p>\n\n\n\n<p>Werbeserver oder Werbenetzwerke von Drittanbietern verwenden Technologien wie Cookies, JavaScript oder Web Beacons, die in ihren jeweiligen Anzeigen und Links verwendet werden, die auf Migrant Global erscheinen und direkt an den Browser der Benutzer gesendet werden. In diesem Fall erhalten sie automatisch Ihre IP-Adresse. Diese Technologien werden verwendet, um die Wirksamkeit ihrer Werbekampagnen zu messen und\/oder den Werbeinhalt zu personalisieren, den Sie auf den von Ihnen besuchten Websites sehen.<\/p>\n\n\n\n<p>Beachten Sie, dass Migrant Global keinen Zugriff auf diese Cookies hat, die von Drittanbietern verwendet werden, und diese auch nicht kontrolliert.<\/p>\n\n\n\n<h2 class=\"wp-block-heading\">Datenschutzrichtlinien von Drittanbietern<\/h2>\n\n\n\n<p>Die Datenschutzrichtlinie von Migrant Global gilt nicht f\u00fcr andere Werbetreibende oder Websites. Daher empfehlen wir Ihnen, die jeweiligen Datenschutzrichtlinien dieser Drittanbieter-Werbeserver zu konsultieren, um detailliertere Informationen zu erhalten. Sie k\u00f6nnen ihre Vorgehensweisen und Anweisungen zum Deaktivieren bestimmter Optionen enthalten.<\/p>\n\n\n\n<p>Sie k\u00f6nnen Cookies in Ihren individuellen Browsereinstellungen deaktivieren. N\u00e4here Informationen zur Cookie-Verwaltung in bestimmten Webbrowsern finden Sie auf den jeweiligen Browser-Websites.<\/p>\n\n\n\n<h2 class=\"wp-block-heading\">CCPA-Datenschutzrechte (Meine pers\u00f6nlichen Daten nicht verkaufen)<\/h2>\n\n\n\n<p>Im Rahmen des CCPA haben Verbraucher in Kalifornien unter anderem folgende Rechte:<\/p>\n\n\n\n<p>Fordern Sie von einem Unternehmen, das personenbezogene Daten eines Verbrauchers erhebt, die Angabe der Kategorien und spezifischen Teile der personenbezogenen Daten, die das Unternehmen \u00fcber Verbraucher gesammelt hat.<\/p>\n\n\n\n<p>Fordern Sie ein Unternehmen auf, alle personenbezogenen Daten \u00fcber den Verbraucher zu l\u00f6schen, die das Unternehmen gesammelt hat.<\/p>\n\n\n\n<p>Fordern Sie von einem Unternehmen, das personenbezogene Daten eines Verbrauchers verkauft, dass es die personenbezogenen Daten des Verbrauchers nicht verkauft.<\/p>\n\n\n\n<p>Wenn Sie eine Anfrage stellen, haben wir einen Monat Zeit, Ihnen zu antworten. Wenn Sie eines dieser Rechte aus\u00fcben m\u00f6chten, kontaktieren Sie uns bitte.<\/p>\n\n\n\n<h2 class=\"wp-block-heading\">Datenschutzrechte der DSGVO<\/h2>\n\n\n\n<p>Wir m\u00f6chten sicherstellen, dass Sie \u00fcber alle Ihre Datenschutzrechte informiert sind. Jeder Benutzer hat Anspruch auf Folgendes:<\/p>\n\n\n\n<p>Das Recht auf Zugriff \u2013 Sie haben das Recht, Kopien Ihrer pers\u00f6nlichen Daten anzufordern. F\u00fcr diesen Service erheben wir m\u00f6glicherweise eine geringe Geb\u00fchr.<\/p>\n\n\n\n<p>Das Recht auf Berichtigung \u2013 Sie haben das Recht, von uns die Berichtigung von Informationen zu verlangen, die Ihrer Meinung nach unrichtig sind. Sie haben auch das Recht zu verlangen, dass wir die Informationen vervollst\u00e4ndigen, die Ihrer Meinung nach unvollst\u00e4ndig sind.<\/p>\n\n\n\n<p>Das Recht auf L\u00f6schung \u2013 Sie haben das Recht, unter bestimmten Bedingungen die L\u00f6schung Ihrer personenbezogenen Daten zu verlangen.<\/p>\n\n\n\n<p>Das Recht auf Einschr\u00e4nkung der Verarbeitung \u2013 Sie haben das Recht, unter bestimmten Bedingungen zu verlangen, dass wir die Verarbeitung Ihrer personenbezogenen Daten einschr\u00e4nken.<\/p>\n\n\n\n<p>Das Widerspruchsrecht \u2013 Sie haben unter bestimmten Bedingungen das Recht, unserer Verarbeitung Ihrer personenbezogenen Daten zu widersprechen.<\/p>\n\n\n\n<p>Das Recht auf Daten\u00fcbertragbarkeit \u2013 Sie haben das Recht, unter bestimmten Bedingungen zu verlangen, dass wir die von uns erhobenen Daten an eine andere Organisation oder direkt an Sie \u00fcbertragen.<\/p>\n\n\n\n<p>Wenn Sie eine Anfrage stellen, haben wir einen Monat Zeit, Ihnen zu antworten. Wenn Sie eines dieser Rechte aus\u00fcben m\u00f6chten, kontaktieren Sie uns bitte.<\/p>\n\n\n\n<h2 class=\"wp-block-heading\">Informationen f\u00fcr Kinder<\/h2>\n\n\n\n<p>Ein weiterer Schwerpunkt unserer Arbeit ist der Schutz von Kindern bei der Nutzung des Internets. Wir ermutigen Eltern und Erziehungsberechtigte, ihre Online-Aktivit\u00e4ten zu beobachten, daran teilzunehmen und\/oder zu \u00fcberwachen und anzuleiten.<\/p>\n\n\n\n<p>Migrant Global erfasst wissentlich keine personenbezogenen Daten von Kindern unter 13 Jahren. Wenn Sie glauben, dass Ihr Kind derartige Informationen auf unserer Website bereitgestellt hat, empfehlen wir Ihnen dringend, sich umgehend mit uns in Verbindung zu setzen. Wir werden unser Bestes tun, um derartige Informationen umgehend aus unseren Aufzeichnungen zu entfernen.<\/p>\n\n\n\n<h2 class=\"wp-block-heading\">\u00c4nderungen dieser Datenschutzrichtlinie<\/h2>\n\n\n\n<p>Wir k\u00f6nnen unsere Datenschutzrichtlinie von Zeit zu Zeit aktualisieren. Daher empfehlen wir Ihnen, diese Seite regelm\u00e4\u00dfig auf \u00c4nderungen zu \u00fcberpr\u00fcfen. Wir werden Sie \u00fcber alle \u00c4nderungen informieren, indem wir die neue Datenschutzrichtlinie auf dieser Seite ver\u00f6ffentlichen. Diese \u00c4nderungen werden sofort wirksam, nachdem sie auf dieser Seite ver\u00f6ffentlicht wurden.<\/p>\n\n\n\n<h2 class=\"wp-block-heading\">Kontaktiere uns<\/h2>\n\n\n\n<p>Wenn Sie Fragen oder Anregungen zu unserer Datenschutzrichtlinie haben, z\u00f6gern Sie nicht, <a href=\"https:\/\/www.migrantglobal.com\/de_de\/kontaktiere-uns\/\">kontaktiere uns.<\/a><\/p>","protected":false},"excerpt":{"rendered":"<p>At Migrant Global, accessible from migrantglobal.com, one of our main priorities is the privacy of our visitors. This Privacy Policy document contains types of information that is collected and recorded by Migrant Global and how we use it. If you have additional questions or require more information about our Privacy Policy, do not hesitate to [&hellip;]<\/p>\n","protected":false},"author":1,"featured_media":0,"parent":0,"menu_order":0,"comment_status":"closed","ping_status":"closed","template":"","meta":{"footnotes":""},"class_list":["post-309","page","type-page","status-publish","hentry"],"_links":{"self":[{"href":"https:\/\/www.migrantglobal.com\/de_de\/wp-json\/wp\/v2\/pages\/309","targetHints":{"allow":["GET"]}}],"collection":[{"href":"https:\/\/www.migrantglobal.com\/de_de\/wp-json\/wp\/v2\/pages"}],"about":[{"href":"https:\/\/www.migrantglobal.com\/de_de\/wp-json\/wp\/v2\/types\/page"}],"author":[{"embeddable":true,"href":"https:\/\/www.migrantglobal.com\/de_de\/wp-json\/wp\/v2\/users\/1"}],"replies":[{"embeddable":true,"href":"https:\/\/www.migrantglobal.com\/de_de\/wp-json\/wp\/v2\/comments?post=309"}],"version-history":[{"count":3,"href":"https:\/\/www.migrantglobal.com\/de_de\/wp-json\/wp\/v2\/pages\/309\/revisions"}],"predecessor-version":[{"id":313,"href":"https:\/\/www.migrantglobal.com\/de_de\/wp-json\/wp\/v2\/pages\/309\/revisions\/313"}],"wp:attachment":[{"href":"https:\/\/www.migrantglobal.com\/de_de\/wp-json\/wp\/v2\/media?parent=309"}],"curies":[{"name":"wp","href":"https:\/\/api.w.org\/{rel}","templated":true}]}}