{"id":309,"date":"2023-04-25T17:05:28","date_gmt":"2023-04-25T17:05:28","guid":{"rendered":"https:\/\/migrantglobal.com\/?page_id=309"},"modified":"2023-04-25T17:09:10","modified_gmt":"2023-04-25T17:09:10","slug":"privacy-policy","status":"publish","type":"page","link":"https:\/\/www.migrantglobal.com\/es\/politica-de-privacidad\/","title":{"rendered":"pol\u00edtica de privacidad"},"content":{"rendered":"<p>En Migrant Global, accesible desde migrantglobal.com, una de nuestras principales prioridades es la privacidad de nuestros visitantes. Este documento de Pol\u00edtica de privacidad contiene tipos de informaci\u00f3n que Migrant Global recopila y registra y c\u00f3mo la usamos.<\/p>\n\n\n\n<p>Si tiene preguntas adicionales o requiere m\u00e1s informaci\u00f3n sobre nuestra Pol\u00edtica de Privacidad, no dude en contactarnos.<\/p>\n\n\n\n<p>Esta Pol\u00edtica de Privacidad se aplica \u00fanicamente a nuestras actividades en l\u00ednea y es v\u00e1lida para los visitantes de nuestro sitio web con respecto a la informaci\u00f3n que compartieron y\/o recopilaron en Migrant Global. Esta pol\u00edtica no se aplica a ninguna informaci\u00f3n recopilada fuera de l\u00ednea o a trav\u00e9s de canales distintos de este sitio web.<\/p>\n\n\n\n<h2 class=\"wp-block-heading\">Consentir<\/h2>\n\n\n\n<p>Al utilizar nuestro sitio web, por la presente usted acepta nuestra Pol\u00edtica de privacidad y acepta sus t\u00e9rminos.<\/p>\n\n\n\n<h2 class=\"wp-block-heading\">Informaci\u00f3n que recopilamos<\/h2>\n\n\n\n<p>La informaci\u00f3n personal que se le solicita que proporcione y los motivos por los que se le solicita que la proporcione se le aclarar\u00e1n en el momento en que le solicitemos que proporcione su informaci\u00f3n personal.<\/p>\n\n\n\n<p>Si se comunica con nosotros directamente, podemos recibir informaci\u00f3n adicional sobre usted, como su nombre, direcci\u00f3n de correo electr\u00f3nico, n\u00famero de tel\u00e9fono, el contenido del mensaje y\/o los archivos adjuntos que pueda enviarnos, y cualquier otra informaci\u00f3n que elija proporcionar.<\/p>\n\n\n\n<p>Cuando se registra para obtener una Cuenta, podemos solicitarle su informaci\u00f3n de contacto, incluidos elementos como nombre, nombre de la empresa, direcci\u00f3n, direcci\u00f3n de correo electr\u00f3nico y n\u00famero de tel\u00e9fono.<\/p>\n\n\n\n<h2 class=\"wp-block-heading\">C\u00f3mo utilizamos su informaci\u00f3n<\/h2>\n\n\n\n<p>Usamos la informaci\u00f3n que recopilamos de varias maneras, incluyendo para:<\/p>\n\n\n\n<ul class=\"wp-block-list\">\n<li>Proporcionar, operar y mantener nuestro sitio web.<\/li>\n\n\n\n<li>Mejorar, personalizar y ampliar nuestro sitio web<\/li>\n\n\n\n<li>Comprender y analizar c\u00f3mo utiliza nuestro sitio web<\/li>\n\n\n\n<li>Desarrollar nuevos productos, servicios, caracter\u00edsticas y funcionalidades.<\/li>\n\n\n\n<li>Comunicarnos con usted, ya sea directamente o a trav\u00e9s de uno de nuestros socios, incluso para servicio al cliente, para brindarle actualizaciones y otra informaci\u00f3n relacionada con el sitio web y con fines promocionales y de marketing.<\/li>\n\n\n\n<li>Enviarte correos electr\u00f3nicos<\/li>\n\n\n\n<li>Encuentre y prevenga el fraude<\/li>\n<\/ul>\n\n\n\n<h2 class=\"wp-block-heading\">Archivos de registro<\/h2>\n\n\n\n<p>Migrant Global sigue un procedimiento est\u00e1ndar de uso de archivos de registro. Estos archivos registran a los visitantes cuando visitan sitios web. Todas las empresas de hosting hacen esto y forman parte del an\u00e1lisis de los servicios de hosting. La informaci\u00f3n recopilada por los archivos de registro incluye direcciones de protocolo de Internet (IP), tipo de navegador, proveedor de servicios de Internet (ISP), marca de fecha y hora, p\u00e1ginas de referencia\/salida y posiblemente la cantidad de clics. Estos no est\u00e1n vinculados a ninguna informaci\u00f3n que sea de identificaci\u00f3n personal. El prop\u00f3sito de la informaci\u00f3n es analizar tendencias, administrar el sitio, rastrear el movimiento de los usuarios en el sitio web y recopilar informaci\u00f3n demogr\u00e1fica.<\/p>\n\n\n\n<h2 class=\"wp-block-heading\">Pol\u00edticas de privacidad de los socios publicitarios<\/h2>\n\n\n\n<p>Puede consultar esta lista para encontrar la Pol\u00edtica de Privacidad de cada uno de los socios publicitarios de Migrant Global.<\/p>\n\n\n\n<p>Los servidores o redes publicitarias de terceros utilizan tecnolog\u00edas como cookies, JavaScript o Web Beacons que se utilizan en sus respectivos anuncios y enlaces que aparecen en Migrant Global, que se env\u00edan directamente al navegador de los usuarios. Reciben autom\u00e1ticamente su direcci\u00f3n IP cuando esto ocurre. Estas tecnolog\u00edas se utilizan para medir la efectividad de sus campa\u00f1as publicitarias y\/o para personalizar el contenido publicitario que ve en los sitios web que visita.<\/p>\n\n\n\n<p>Tenga en cuenta que Migrant Global no tiene acceso ni control sobre estas cookies que utilizan los anunciantes externos.<\/p>\n\n\n\n<h2 class=\"wp-block-heading\">Pol\u00edticas de privacidad de terceros<\/h2>\n\n\n\n<p>La Pol\u00edtica de Privacidad de Migrant Global no se aplica a otros anunciantes o sitios web. Por lo tanto, le recomendamos que consulte las respectivas Pol\u00edticas de Privacidad de estos servidores de anuncios de terceros para obtener informaci\u00f3n m\u00e1s detallada. Puede incluir sus pr\u00e1cticas e instrucciones sobre c\u00f3mo darse de baja de ciertas opciones.<\/p>\n\n\n\n<p>Puede optar por desactivar las cookies a trav\u00e9s de las opciones individuales de su navegador. Para conocer informaci\u00f3n m\u00e1s detallada sobre la gesti\u00f3n de cookies con navegadores web espec\u00edficos, puede encontrarla en los sitios web respectivos de los navegadores.<\/p>\n\n\n\n<h2 class=\"wp-block-heading\">Derechos de privacidad CCPA (no vender mi informaci\u00f3n personal)<\/h2>\n\n\n\n<p>Seg\u00fan la CCPA, entre otros derechos, los consumidores de California tienen derecho a:<\/p>\n\n\n\n<p>Solicitar que una empresa que recopila datos personales de un consumidor revele las categor\u00edas y datos personales espec\u00edficos que una empresa ha recopilado sobre los consumidores.<\/p>\n\n\n\n<p>Solicitar que una empresa elimine cualquier dato personal sobre el consumidor que haya recopilado.<\/p>\n\n\n\n<p>Solicitar que una empresa que vende datos personales de un consumidor no venda los datos personales del consumidor.<\/p>\n\n\n\n<p>Si realiza una solicitud, tenemos un mes para responderle. Si desea ejercer alguno de estos derechos, p\u00f3ngase en contacto con nosotros.<\/p>\n\n\n\n<h2 class=\"wp-block-heading\">Derechos de protecci\u00f3n de datos RGPD<\/h2>\n\n\n\n<p>Nos gustar\u00eda asegurarnos de que conoce plenamente todos sus derechos de protecci\u00f3n de datos. Todo usuario tiene derecho a lo siguiente:<\/p>\n\n\n\n<p>El derecho de acceso \u2013 Tiene derecho a solicitar copias de sus datos personales. Es posible que le cobremos una peque\u00f1a tarifa por este servicio.<\/p>\n\n\n\n<p>Derecho a rectificaci\u00f3n: tiene derecho a solicitar que corrijamos cualquier informaci\u00f3n que considere inexacta. Tambi\u00e9n tiene derecho a solicitar que completemos la informaci\u00f3n que crea que est\u00e1 incompleta.<\/p>\n\n\n\n<p>El derecho de eliminaci\u00f3n: tiene derecho a solicitar que eliminemos sus datos personales, bajo ciertas condiciones.<\/p>\n\n\n\n<p>El derecho a restringir el procesamiento: tiene derecho a solicitar que restrinjamos el procesamiento de sus datos personales, bajo ciertas condiciones.<\/p>\n\n\n\n<p>El derecho a oponerse al procesamiento: tiene derecho a oponerse a nuestro procesamiento de sus datos personales, bajo ciertas condiciones.<\/p>\n\n\n\n<p>El derecho a la portabilidad de los datos: tiene derecho a solicitar que transfiramos los datos que hemos recopilado a otra organizaci\u00f3n, o directamente a usted, bajo ciertas condiciones.<\/p>\n\n\n\n<p>Si realiza una solicitud, tenemos un mes para responderle. Si desea ejercer alguno de estos derechos, p\u00f3ngase en contacto con nosotros.<\/p>\n\n\n\n<h2 class=\"wp-block-heading\">Informaci\u00f3n para ni\u00f1os<\/h2>\n\n\n\n<p>Otra parte de nuestra prioridad es agregar protecci\u00f3n para los ni\u00f1os mientras usan Internet. Alentamos a los padres y tutores a observar, participar y\/o monitorear y guiar su actividad en l\u00ednea.<\/p>\n\n\n\n<p>Migrant Global no recopila intencionalmente ninguna informaci\u00f3n de identificaci\u00f3n personal de ni\u00f1os menores de 13 a\u00f1os. Si cree que su hijo proporcion\u00f3 este tipo de informaci\u00f3n en nuestro sitio web, le recomendamos encarecidamente que se comunique con nosotros de inmediato y haremos todo lo posible para solucionarlo de inmediato. eliminar dicha informaci\u00f3n de nuestros registros.<\/p>\n\n\n\n<h2 class=\"wp-block-heading\">Cambios a esta pol\u00edtica de privacidad<\/h2>\n\n\n\n<p>Podemos actualizar nuestra Pol\u00edtica de Privacidad de vez en cuando. Por lo tanto, le recomendamos que revise esta p\u00e1gina peri\u00f3dicamente para detectar cualquier cambio. Le notificaremos cualquier cambio publicando la nueva Pol\u00edtica de Privacidad en esta p\u00e1gina. Estos cambios entran en vigor inmediatamente despu\u00e9s de su publicaci\u00f3n en esta p\u00e1gina.<\/p>\n\n\n\n<h2 class=\"wp-block-heading\">Cont\u00e1ctenos<\/h2>\n\n\n\n<p>Si tiene alguna pregunta o sugerencia sobre nuestra Pol\u00edtica de Privacidad, no dude en <a href=\"https:\/\/www.migrantglobal.com\/es\/contactenos\/\">Cont\u00e1ctenos.<\/a><\/p>","protected":false},"excerpt":{"rendered":"<p>At Migrant Global, accessible from migrantglobal.com, one of our main priorities is the privacy of our visitors. This Privacy Policy document contains types of information that is collected and recorded by Migrant Global and how we use it. If you have additional questions or require more information about our Privacy Policy, do not hesitate to [&hellip;]<\/p>\n","protected":false},"author":1,"featured_media":0,"parent":0,"menu_order":0,"comment_status":"closed","ping_status":"closed","template":"","meta":{"footnotes":""},"class_list":["post-309","page","type-page","status-publish","hentry"],"_links":{"self":[{"href":"https:\/\/www.migrantglobal.com\/es\/wp-json\/wp\/v2\/pages\/309","targetHints":{"allow":["GET"]}}],"collection":[{"href":"https:\/\/www.migrantglobal.com\/es\/wp-json\/wp\/v2\/pages"}],"about":[{"href":"https:\/\/www.migrantglobal.com\/es\/wp-json\/wp\/v2\/types\/page"}],"author":[{"embeddable":true,"href":"https:\/\/www.migrantglobal.com\/es\/wp-json\/wp\/v2\/users\/1"}],"replies":[{"embeddable":true,"href":"https:\/\/www.migrantglobal.com\/es\/wp-json\/wp\/v2\/comments?post=309"}],"version-history":[{"count":3,"href":"https:\/\/www.migrantglobal.com\/es\/wp-json\/wp\/v2\/pages\/309\/revisions"}],"predecessor-version":[{"id":313,"href":"https:\/\/www.migrantglobal.com\/es\/wp-json\/wp\/v2\/pages\/309\/revisions\/313"}],"wp:attachment":[{"href":"https:\/\/www.migrantglobal.com\/es\/wp-json\/wp\/v2\/media?parent=309"}],"curies":[{"name":"wp","href":"https:\/\/api.w.org\/{rel}","templated":true}]}}