{"id":309,"date":"2023-04-25T17:05:28","date_gmt":"2023-04-25T17:05:28","guid":{"rendered":"https:\/\/migrantglobal.com\/?page_id=309"},"modified":"2023-04-25T17:09:10","modified_gmt":"2023-04-25T17:09:10","slug":"privacy-policy","status":"publish","type":"page","link":"https:\/\/www.migrantglobal.com\/fi\/tietosuojakaytanto\/","title":{"rendered":"Tietosuojak\u00e4yt\u00e4nt\u00f6"},"content":{"rendered":"<p>Migrant Globalissa, johon p\u00e4\u00e4see osoitteesta migrantglobal.com, yksi t\u00e4rkeimmist\u00e4 prioriteeteistamme on vierailijoidemme yksityisyys. T\u00e4m\u00e4 tietosuojak\u00e4yt\u00e4nt\u00f6asiakirja sis\u00e4lt\u00e4\u00e4 tietoja, joita Migrant Global ker\u00e4\u00e4 ja tallentaa ja miten k\u00e4yt\u00e4mme niit\u00e4.<\/p>\n\n\n\n<p>Jos sinulla on lis\u00e4kysymyksi\u00e4 tai tarvitset lis\u00e4tietoja tietosuojak\u00e4yt\u00e4nn\u00f6st\u00e4mme, \u00e4l\u00e4 ep\u00e4r\u00f6i ottaa meihin yhteytt\u00e4.<\/p>\n\n\n\n<p>T\u00e4m\u00e4 tietosuojak\u00e4yt\u00e4nt\u00f6 koskee vain online-toimintaamme ja koskee verkkosivustomme vierailijoita niiden tietojen osalta, joita he jakavat ja\/tai ker\u00e4\u00e4v\u00e4t Migrant Globalissa. T\u00e4t\u00e4 k\u00e4yt\u00e4nt\u00f6\u00e4 ei sovelleta tietoihin, jotka on ker\u00e4tty offline-tilassa tai muiden kanavien kuin t\u00e4m\u00e4n verkkosivuston kautta.<\/p>\n\n\n\n<h2 class=\"wp-block-heading\">suostumus<\/h2>\n\n\n\n<p>K\u00e4ytt\u00e4m\u00e4ll\u00e4 verkkosivustoamme hyv\u00e4ksyt tietosuojak\u00e4yt\u00e4nt\u00f6mme ja sen ehdot.<\/p>\n\n\n\n<h2 class=\"wp-block-heading\">Ker\u00e4\u00e4m\u00e4mme tiedot<\/h2>\n\n\n\n<p>Henkil\u00f6tiedot, jotka sinua pyydet\u00e4\u00e4n antamaan, ja syyt, miksi sinua pyydet\u00e4\u00e4n antamaan ne, ilmoitetaan sinulle, kun pyyd\u00e4mme sinua antamaan henkil\u00f6tietosi.<\/p>\n\n\n\n<p>Jos otat meihin yhteytt\u00e4 suoraan, saatamme saada sinusta lis\u00e4tietoja, kuten nimesi, s\u00e4hk\u00f6postiosoitteesi, puhelinnumerosi, meille l\u00e4hett\u00e4m\u00e4si viestin ja\/tai liitteiden sis\u00e4lt\u00f6 ja muut tiedot, jotka voit antaa.<\/p>\n\n\n\n<p>Kun rekister\u00f6idyt Tilille, voimme pyyt\u00e4\u00e4 yhteystietojasi, mukaan lukien nimi, yrityksen nimi, osoite, s\u00e4hk\u00f6postiosoite ja puhelinnumero.<\/p>\n\n\n\n<h2 class=\"wp-block-heading\">Kuinka k\u00e4yt\u00e4mme tietojasi<\/h2>\n\n\n\n<p>K\u00e4yt\u00e4mme ker\u00e4\u00e4mi\u00e4mme tietoja eri tavoilla, mukaan lukien:<\/p>\n\n\n\n<ul class=\"wp-block-list\">\n<li>Tarjoamme, k\u00e4yt\u00e4mme ja yll\u00e4pid\u00e4mme verkkosivustoamme<\/li>\n\n\n\n<li>Paranna, personoi ja laajenna verkkosivustoamme<\/li>\n\n\n\n<li>Ymm\u00e4rr\u00e4 ja analysoi, kuinka k\u00e4yt\u00e4t verkkosivustoamme<\/li>\n\n\n\n<li>Kehit\u00e4 uusia tuotteita, palveluita, ominaisuuksia ja toimintoja<\/li>\n\n\n\n<li>kommunikoida kanssasi joko suoraan tai kumppanimme kautta, my\u00f6s asiakaspalvelua varten, tarjotaksemme sinulle p\u00e4ivityksi\u00e4 ja muita verkkosivustoon liittyvi\u00e4 tietoja sek\u00e4 markkinointi- ja myynninedist\u00e4mistarkoituksia varten<\/li>\n\n\n\n<li>L\u00e4het\u00e4 sinulle s\u00e4hk\u00f6posteja<\/li>\n\n\n\n<li>Etsi ja est\u00e4 petokset<\/li>\n<\/ul>\n\n\n\n<h2 class=\"wp-block-heading\">Lokitiedostot<\/h2>\n\n\n\n<p>Migrant Global noudattaa vakiomenettely\u00e4 lokitiedostojen k\u00e4yt\u00f6ss\u00e4. N\u00e4m\u00e4 tiedostot kirjaavat k\u00e4vij\u00f6it\u00e4, kun he vierailevat verkkosivustoilla. Kaikki hosting-yritykset tekev\u00e4t t\u00e4m\u00e4n ja osan hosting-palvelujen analytiikkaa. Lokitiedostojen ker\u00e4\u00e4mi\u00e4 tietoja ovat IP-osoitteet, selaimen tyyppi, Internet-palveluntarjoaja (ISP), p\u00e4iv\u00e4m\u00e4\u00e4r\u00e4- ja aikaleima, viittaus-\/poistumissivut ja mahdollisesti napsautusten m\u00e4\u00e4r\u00e4. N\u00e4it\u00e4 ei ole linkitetty mihink\u00e4\u00e4n tietoihin, jotka ovat henkil\u00f6kohtaisesti tunnistettavissa. Tietojen tarkoitus on analysoida trendej\u00e4, hallinnoida sivustoa, seurata k\u00e4ytt\u00e4jien liikkumista sivustolla ja ker\u00e4t\u00e4 v\u00e4est\u00f6tietoja.<\/p>\n\n\n\n<h2 class=\"wp-block-heading\">Advertising Partnersin tietosuojak\u00e4yt\u00e4nn\u00f6t<\/h2>\n\n\n\n<p>Voit tutustua t\u00e4h\u00e4n luetteloon l\u00f6yt\u00e4\u00e4ksesi jokaisen Migrant Globalin mainoskumppanin tietosuojak\u00e4yt\u00e4nn\u00f6n.<\/p>\n\n\n\n<p>Kolmannen osapuolen mainospalvelimet tai mainosverkostot k\u00e4ytt\u00e4v\u00e4t teknologioita, kuten ev\u00e4steit\u00e4, JavaScripti\u00e4 tai verkkoj\u00e4ljitteit\u00e4, joita k\u00e4ytet\u00e4\u00e4n niiden vastaavissa mainoksissa ja linkeiss\u00e4, jotka n\u00e4kyv\u00e4t Migrant Globalissa ja jotka l\u00e4hetet\u00e4\u00e4n suoraan k\u00e4ytt\u00e4jien selaimeen. He saavat automaattisesti IP-osoitteesi, kun t\u00e4m\u00e4 tapahtuu. N\u00e4it\u00e4 tekniikoita k\u00e4ytet\u00e4\u00e4n heid\u00e4n mainoskampanjoidensa tehokkuuden mittaamiseen ja\/tai vierailemillasi verkkosivustoilla n\u00e4kem\u00e4si mainossis\u00e4ll\u00f6n personointiin.<\/p>\n\n\n\n<p>Huomaa, ett\u00e4 Migrant Globalilla ei ole p\u00e4\u00e4sy\u00e4 n\u00e4ihin kolmannen osapuolen mainostajien k\u00e4ytt\u00e4miin ev\u00e4steisiin eik\u00e4 hallita niit\u00e4.<\/p>\n\n\n\n<h2 class=\"wp-block-heading\">Kolmannen osapuolen tietosuojak\u00e4yt\u00e4nn\u00f6t<\/h2>\n\n\n\n<p>Migrant Globalin tietosuojak\u00e4yt\u00e4nt\u00f6 ei koske muita mainostajia tai verkkosivustoja. Suosittelemmekin sinua tutustumaan n\u00e4iden kolmannen osapuolen mainospalvelimien tietosuojak\u00e4yt\u00e4nt\u00f6ihin saadaksesi tarkempia tietoja. Se voi sis\u00e4lt\u00e4\u00e4 heid\u00e4n k\u00e4yt\u00e4nt\u00f6j\u00e4\u00e4n ja ohjeita siit\u00e4, miten tietyt vaihtoehdot poistetaan k\u00e4yt\u00f6st\u00e4.<\/p>\n\n\n\n<p>Voit poistaa ev\u00e4steet k\u00e4yt\u00f6st\u00e4 yksitt\u00e4isten selaimesi asetusten kautta. Tarkempia tietoja ev\u00e4steiden hallinnasta tietyill\u00e4 verkkoselaimilla l\u00f6yd\u00e4t selaimien vastaavilta verkkosivustoilta.<\/p>\n\n\n\n<h2 class=\"wp-block-heading\">CCPA:n tietosuojaoikeudet (\u00e4l\u00e4 myy henkil\u00f6tietojani)<\/h2>\n\n\n\n<p>CCPA:n mukaan Kalifornian kuluttajilla on muun muassa oikeus:<\/p>\n\n\n\n<p>Pyyt\u00e4\u00e4, ett\u00e4 kuluttajan henkil\u00f6tietoja ker\u00e4\u00e4v\u00e4 yritys paljastaa luokat ja tietyt henkil\u00f6tiedot, joita yritys on ker\u00e4nnyt kuluttajista.<\/p>\n\n\n\n<p>Pyyd\u00e4 yrityst\u00e4 poistamaan kaikki yrityksen ker\u00e4\u00e4m\u00e4t kuluttajaa koskevat henkil\u00f6tiedot.<\/p>\n\n\n\n<p>Vaadi, ett\u00e4 kuluttajan henkil\u00f6tietoja myyv\u00e4 yritys ei myy kuluttajan henkil\u00f6tietoja.<\/p>\n\n\n\n<p>Jos teet pyynn\u00f6n, meill\u00e4 on kuukausi aikaa vastata sinulle. Jos haluat k\u00e4ytt\u00e4\u00e4 jotakin n\u00e4ist\u00e4 oikeuksista, ota meihin yhteytt\u00e4.<\/p>\n\n\n\n<h2 class=\"wp-block-heading\">GDPR:n tietosuojaoikeudet<\/h2>\n\n\n\n<p>Haluamme varmistaa, ett\u00e4 olet t\u00e4ysin tietoinen kaikista tietosuojaoikeuksistasi. Jokaisella k\u00e4ytt\u00e4j\u00e4ll\u00e4 on oikeus seuraavaan:<\/p>\n\n\n\n<p>Oikeus tutustua \u2013 Sinulla on oikeus pyyt\u00e4\u00e4 kopiot henkil\u00f6tiedoistasi. Saatamme veloittaa sinulta pienen maksun t\u00e4st\u00e4 palvelusta.<\/p>\n\n\n\n<p>Oikeus oikaisuun \u2013 Sinulla on oikeus pyyt\u00e4\u00e4, ett\u00e4 korjaamme kaikki tiedot, jotka uskot olevan virheellisi\u00e4. Sinulla on my\u00f6s oikeus pyyt\u00e4\u00e4, ett\u00e4 t\u00e4ydenn\u00e4mme tiedot, jotka uskot olevan puutteellisia.<\/p>\n\n\n\n<p>Oikeus tietojen poistamiseen \u2013 Sinulla on oikeus pyyt\u00e4\u00e4, ett\u00e4 poistamme henkil\u00f6tietosi tietyin edellytyksin.<\/p>\n\n\n\n<p>Oikeus rajoittaa k\u00e4sittely\u00e4 \u2013 Sinulla on oikeus pyyt\u00e4\u00e4 meit\u00e4 rajoittamaan henkil\u00f6tietojesi k\u00e4sittely\u00e4 tietyin edellytyksin.<\/p>\n\n\n\n<p>Oikeus vastustaa k\u00e4sittely\u00e4 \u2013 Sinulla on oikeus vastustaa henkil\u00f6tietojesi k\u00e4sittely\u00e4 tietyin edellytyksin.<\/p>\n\n\n\n<p>Oikeus tietojen siirrett\u00e4vyyteen \u2013 Sinulla on oikeus pyyt\u00e4\u00e4, ett\u00e4 siirr\u00e4mme ker\u00e4\u00e4m\u00e4mme tiedot toiselle organisaatiolle tai suoraan sinulle tietyin edellytyksin.<\/p>\n\n\n\n<p>Jos teet pyynn\u00f6n, meill\u00e4 on kuukausi aikaa vastata sinulle. Jos haluat k\u00e4ytt\u00e4\u00e4 jotakin n\u00e4ist\u00e4 oikeuksista, ota meihin yhteytt\u00e4.<\/p>\n\n\n\n<h2 class=\"wp-block-heading\">Lasten tiedot<\/h2>\n\n\n\n<p>Toinen osa prioriteettiamme on lasten suojan lis\u00e4\u00e4minen Internetin k\u00e4yt\u00f6n aikana. Kannustamme vanhempia ja huoltajia tarkkailemaan, osallistumaan ja\/tai seuraamaan ja ohjaamaan heid\u00e4n verkkotoimintaansa.<\/p>\n\n\n\n<p>Migrant Global ei tietoisesti ker\u00e4\u00e4 henkil\u00f6kohtaisia tunnistetietoja alle 13-vuotiailta lapsilta. Jos uskot lapsesi antaneen t\u00e4llaisia tietoja verkkosivustollamme, kehotamme sinua ottamaan meihin yhteytt\u00e4 v\u00e4litt\u00f6m\u00e4sti ja teemme parhaamme, jotta poistaa t\u00e4llaiset tiedot rekisterist\u00e4mme.<\/p>\n\n\n\n<h2 class=\"wp-block-heading\">Muutokset t\u00e4h\u00e4n tietosuojak\u00e4yt\u00e4nt\u00f6\u00f6n<\/h2>\n\n\n\n<p>Saatamme p\u00e4ivitt\u00e4\u00e4 tietosuojak\u00e4yt\u00e4nt\u00f6\u00e4mme ajoittain. Siksi suosittelemme tarkistamaan t\u00e4m\u00e4n sivun s\u00e4\u00e4nn\u00f6llisesti mahdollisten muutosten varalta. Ilmoitamme sinulle kaikista muutoksista julkaisemalla uuden tietosuojak\u00e4yt\u00e4nn\u00f6n t\u00e4ll\u00e4 sivulla. N\u00e4m\u00e4 muutokset tulevat voimaan heti, kun ne on julkaistu t\u00e4ll\u00e4 sivulla.<\/p>\n\n\n\n<h2 class=\"wp-block-heading\">Ota meihin yhteytt\u00e4<\/h2>\n\n\n\n<p>Jos sinulla on kysytt\u00e4v\u00e4\u00e4 tai ehdotuksia tietosuojak\u00e4yt\u00e4nn\u00f6st\u00e4mme, \u00e4l\u00e4 ep\u00e4r\u00f6i <a href=\"https:\/\/www.migrantglobal.com\/fi\/ota-meihin-yhteytta\/\">ota meihin yhteytt\u00e4.<\/a><\/p>","protected":false},"excerpt":{"rendered":"<p>At Migrant Global, accessible from migrantglobal.com, one of our main priorities is the privacy of our visitors. This Privacy Policy document contains types of information that is collected and recorded by Migrant Global and how we use it. If you have additional questions or require more information about our Privacy Policy, do not hesitate to [&hellip;]<\/p>\n","protected":false},"author":1,"featured_media":0,"parent":0,"menu_order":0,"comment_status":"closed","ping_status":"closed","template":"","meta":{"footnotes":""},"class_list":["post-309","page","type-page","status-publish","hentry"],"_links":{"self":[{"href":"https:\/\/www.migrantglobal.com\/fi\/wp-json\/wp\/v2\/pages\/309","targetHints":{"allow":["GET"]}}],"collection":[{"href":"https:\/\/www.migrantglobal.com\/fi\/wp-json\/wp\/v2\/pages"}],"about":[{"href":"https:\/\/www.migrantglobal.com\/fi\/wp-json\/wp\/v2\/types\/page"}],"author":[{"embeddable":true,"href":"https:\/\/www.migrantglobal.com\/fi\/wp-json\/wp\/v2\/users\/1"}],"replies":[{"embeddable":true,"href":"https:\/\/www.migrantglobal.com\/fi\/wp-json\/wp\/v2\/comments?post=309"}],"version-history":[{"count":3,"href":"https:\/\/www.migrantglobal.com\/fi\/wp-json\/wp\/v2\/pages\/309\/revisions"}],"predecessor-version":[{"id":313,"href":"https:\/\/www.migrantglobal.com\/fi\/wp-json\/wp\/v2\/pages\/309\/revisions\/313"}],"wp:attachment":[{"href":"https:\/\/www.migrantglobal.com\/fi\/wp-json\/wp\/v2\/media?parent=309"}],"curies":[{"name":"wp","href":"https:\/\/api.w.org\/{rel}","templated":true}]}}