{"id":323,"date":"2023-04-25T17:13:13","date_gmt":"2023-04-25T17:13:13","guid":{"rendered":"https:\/\/migrantglobal.com\/?page_id=323"},"modified":"2023-04-25T17:13:17","modified_gmt":"2023-04-25T17:13:17","slug":"terms-and-conditions","status":"publish","type":"page","link":"https:\/\/www.migrantglobal.com\/fi\/kayttoehdot\/","title":{"rendered":"K\u00e4ytt\u00f6ehdot"},"content":{"rendered":"<p>Tervetuloa Migrant Globaliin!<\/p>\n\n\n\n<p>N\u00e4iss\u00e4 ehdoissa m\u00e4\u00e4ritell\u00e4\u00e4n s\u00e4\u00e4nn\u00f6t ja m\u00e4\u00e4r\u00e4ykset Migrant Globalin verkkosivuston, joka sijaitsee osoitteessa migrantglobal.com, k\u00e4ytt\u00f6\u00e4 varten.<\/p>\n\n\n\n<p>Oletamme, ett\u00e4 hyv\u00e4ksyt n\u00e4m\u00e4 ehdot, kun k\u00e4yt\u00e4t t\u00e4t\u00e4 verkkosivustoa. \u00c4l\u00e4 jatka Migrant Globalin k\u00e4ytt\u00f6\u00e4, jos et hyv\u00e4ksy kaikkia t\u00e4ll\u00e4 sivulla mainittuja ehtoja.<\/p>\n\n\n\n<p>Seuraava terminologia koskee n\u00e4it\u00e4 k\u00e4ytt\u00f6ehtoja, tietosuojalausuntoa ja vastuuvapauslauseketta ja kaikkia sopimuksia: &quot;Asiakas&quot;, &quot;Sin\u00e4&quot; ja &quot;Sinun&quot; viittaavat sinuun, henkil\u00f6\u00f6n, joka on kirjautunut t\u00e4lle verkkosivustolle ja noudattaa Yhti\u00f6n ehtoja. &quot;Yhti\u00f6&quot;, &quot;Me itse&quot;, &quot;Me&quot;, &quot;Meid\u00e4n&quot; ja &quot;Me&quot; viittaavat yritykseemme. &quot;Osapuoli&quot;, &quot;Osapuolet&quot; tai &quot;Me&quot; viittaa sek\u00e4 Asiakkaaseen ett\u00e4 meihin. Kaikki ehdot viittaavat tarjoukseen, hyv\u00e4ksymiseen ja maksun harkitsemiseen, jotka ovat v\u00e4ltt\u00e4m\u00e4tt\u00f6mi\u00e4, jotta voimme suorittaa avun prosessin Asiakkaalle sopivimmalla tavalla nimenomaiseen tarkoitukseen vastatakseen asiakkaan tarpeisiin, jotka liittyv\u00e4t Yhti\u00f6n ilmoittamien palvelujen tarjoamiseen. ja vallitsevan lain alaisena. Yll\u00e4 olevan terminologian tai muiden sanojen k\u00e4ytt\u00f6 yksik\u00f6ss\u00e4, monikkomuodossa, isoilla kirjaimilla ja\/tai h\u00e4n tai he ovat kesken\u00e4\u00e4n vaihdettavissa ja siten viittaavat samaan.<\/p>\n\n\n\n<h3 class=\"wp-block-heading\"><strong>Keksit<\/strong><\/h3>\n\n\n\n<p>K\u00e4yt\u00e4mme ev\u00e4steiden k\u00e4ytt\u00f6\u00e4. K\u00e4ytt\u00e4m\u00e4ll\u00e4 Migrant Globalia hyv\u00e4ksyt ev\u00e4steiden k\u00e4yt\u00f6n Migrant Globalin tietosuojak\u00e4yt\u00e4nn\u00f6n mukaisesti.<\/p>\n\n\n\n<p>Useimmat interaktiiviset verkkosivustot k\u00e4ytt\u00e4v\u00e4t ev\u00e4steit\u00e4, joiden avulla voimme hakea k\u00e4ytt\u00e4j\u00e4n tiedot jokaisesta vierailusta. Verkkosivustomme k\u00e4ytt\u00e4\u00e4 ev\u00e4steit\u00e4 mahdollistaakseen tiettyjen alueiden toiminnallisuuden, mik\u00e4 helpottaa verkkosivuillamme vierailevien ihmisten k\u00e4ytt\u00f6\u00e4. Jotkut kumppani-\/mainoskumppanimme voivat my\u00f6s k\u00e4ytt\u00e4\u00e4 ev\u00e4steit\u00e4.<\/p>\n\n\n\n<h3 class=\"wp-block-heading\"><strong>Lisenssi<\/strong><\/h3>\n\n\n\n<p>Ellei toisin mainita, Migrant Global ja\/tai sen lisenssinantajat omistavat kaiken Migrant Globalin materiaalin immateriaalioikeudet. Kaikki immateriaalioikeudet pid\u00e4tet\u00e4\u00e4n. Voit k\u00e4ytt\u00e4\u00e4 t\u00e4t\u00e4 Migrant Globalista omaan henkil\u00f6kohtaiseen k\u00e4ytt\u00f6\u00f6si n\u00e4iss\u00e4 k\u00e4ytt\u00f6ehdoissa asetettujen rajoitusten mukaisesti.<\/p>\n\n\n\n<p>Et saa:<\/p>\n\n\n\n<ul class=\"wp-block-list\">\n<li>Julkaise uudelleen Migrant Globalin materiaalia<\/li>\n\n\n\n<li>Myy, vuokraa tai alilisensoi materiaalia Migrant Globalilta<\/li>\n\n\n\n<li>Toista, monista tai kopioi Migrant Globalin materiaalia<\/li>\n\n\n\n<li>Jakaa edelleen sis\u00e4lt\u00f6\u00e4 Migrant Globalista<\/li>\n<\/ul>\n\n\n\n<p>T\u00e4m\u00e4n verkkosivuston osat tarjoavat k\u00e4ytt\u00e4jille mahdollisuuden l\u00e4hett\u00e4\u00e4 ja vaihtaa mielipiteit\u00e4 ja tietoja tietyill\u00e4 verkkosivuston alueilla. Migrant Global ei suodata, muokkaa, julkaise tai tarkista kommentteja ennen kuin ne n\u00e4kyv\u00e4t verkkosivustolla. Kommentit eiv\u00e4t heijasta Migrant Globalin, sen edustajien ja\/tai tyt\u00e4ryhti\u00f6iden n\u00e4kemyksi\u00e4 ja mielipiteit\u00e4. Kommentit kuvastavat n\u00e4kemyksens\u00e4 ja mielipiteens\u00e4 julkaisevan henkil\u00f6n n\u00e4kemyksi\u00e4 ja mielipiteit\u00e4. Sovellettavien lakien sallimissa rajoissa Migrant Global ei ole vastuussa kommenteista tai mist\u00e4\u00e4n vastuusta, vahingoista tai kuluista, jotka ovat aiheutuneet ja\/tai k\u00e4rsitty Kommenttien k\u00e4yt\u00f6st\u00e4 ja\/tai julkaisemisesta ja\/tai ulkon\u00e4\u00f6st\u00e4. t\u00e4m\u00e4 sivusto.<\/p>\n\n\n\n<p>Migrant Global pid\u00e4tt\u00e4\u00e4 oikeuden valvoa kaikkia kommentteja ja poistaa kaikki kommentit, joita voidaan pit\u00e4\u00e4 sopimattomina, loukkaavina tai jotka rikkovat n\u00e4it\u00e4 ehtoja.<\/p>\n\n\n\n<p>Takuut ja vakuutat, ett\u00e4:<\/p>\n\n\n\n<ul class=\"wp-block-list\">\n<li>Sinulla on oikeus l\u00e4hett\u00e4\u00e4 kommentteja verkkosivustollemme ja sinulla on kaikki tarvittavat lisenssit ja suostumukset tehd\u00e4ksesi niin;<\/li>\n\n\n\n<li>Kommentit eiv\u00e4t loukkaa mit\u00e4\u00e4n immateriaalioikeuksia, mukaan lukien rajoituksetta mink\u00e4\u00e4n kolmannen osapuolen tekij\u00e4noikeus, patentti tai tavaramerkki;<\/li>\n\n\n\n<li>Kommentit eiv\u00e4t sis\u00e4ll\u00e4 kunniaa loukkaavaa, herjaavaa, loukkaavaa, sopimatonta tai muuten laitonta materiaalia, joka loukkaa yksityisyytt\u00e4<\/li>\n\n\n\n<li>Kommentteja ei k\u00e4ytet\u00e4 kaupallisen toiminnan tai laittoman toiminnan houkuttelemiseen tai edist\u00e4miseen.<\/li>\n<\/ul>\n\n\n\n<p>My\u00f6nn\u00e4t t\u00e4ten Migrant Globalille ei-yksinomaisen lisenssin k\u00e4ytt\u00e4\u00e4, j\u00e4ljent\u00e4\u00e4, muokata ja valtuuttaa muut k\u00e4ytt\u00e4m\u00e4\u00e4n, j\u00e4ljent\u00e4m\u00e4\u00e4n ja muokkaamaan mit\u00e4 tahansa kommenttejasi kaikissa muodoissa, muodoissa tai medioissa.<\/p>\n\n\n\n<h3 class=\"wp-block-heading\"><strong>Hyperlinkki sis\u00e4lt\u00f6\u00f6mme<\/strong><\/h3>\n\n\n\n<p>Seuraavat organisaatiot voivat linkitt\u00e4\u00e4 verkkosivustoomme ilman kirjallista lupaa:<\/p>\n\n\n\n<ul class=\"wp-block-list\">\n<li>Valtion virastot;<\/li>\n\n\n\n<li>Hakukoneet;<\/li>\n\n\n\n<li>Uutisj\u00e4rjest\u00f6t;<\/li>\n\n\n\n<li>Online-hakemistojen jakelijat voivat linkitt\u00e4\u00e4 verkkosivustoomme samalla tavalla kuin ne linkitt\u00e4v\u00e4t muiden listattujen yritysten verkkosivustoille; ja<\/li>\n\n\n\n<li>J\u00e4rjestelm\u00e4n laajuiset akkreditoidut yritykset paitsi voittoa tavoittelemattomien organisaatioiden, hyv\u00e4ntekev\u00e4isyysj\u00e4rjest\u00f6jen ja hyv\u00e4ntekev\u00e4isyysj\u00e4rjest\u00f6jen varainkeruuryhmien pyyt\u00e4minen, jotka eiv\u00e4t saa hyperlinkke\u00e4 Web-sivustoomme.<\/li>\n<\/ul>\n\n\n\n<p>N\u00e4m\u00e4 organisaatiot voivat linkitt\u00e4\u00e4 kotisivuillemme, julkaisuihin tai muihin verkkosivuston tietoihin, kunhan linkki: (a) ei ole mill\u00e4\u00e4n tavalla harhaanjohtava; (b) ei aiheettomasti tarkoita linkitt\u00e4v\u00e4n osapuolen ja sen tuotteiden ja\/tai palvelujen sponsorointia tai hyv\u00e4ksynt\u00e4\u00e4; ja (c) sopii linkitt\u00e4v\u00e4n osapuolen sivuston kontekstiin.<\/p>\n\n\n\n<p>Saatamme harkita ja hyv\u00e4ksy\u00e4 muita linkityspyynt\u00f6j\u00e4 seuraavan tyyppisilt\u00e4 organisaatioilta:<\/p>\n\n\n\n<ul class=\"wp-block-list\">\n<li>yleisesti tunnetut kuluttaja- ja\/tai yritystietol\u00e4hteet;<\/li>\n\n\n\n<li>dot.com-yhteis\u00f6sivustot;<\/li>\n\n\n\n<li>yhdistykset tai muut hyv\u00e4ntekev\u00e4isyysj\u00e4rjest\u00f6t;<\/li>\n\n\n\n<li>online-hakemistojen jakelijat;<\/li>\n\n\n\n<li>Internet-portaalit;<\/li>\n\n\n\n<li>kirjanpito-, laki- ja konsulttiyritykset; ja<\/li>\n\n\n\n<li>oppilaitokset ja ammattij\u00e4rjest\u00f6t.<\/li>\n<\/ul>\n\n\n\n<p>Hyv\u00e4ksymme linkityspyynn\u00f6t n\u00e4ist\u00e4 organisaatioista, jos p\u00e4\u00e4t\u00e4mme, ett\u00e4: (a) linkki ei saa meit\u00e4 n\u00e4ytt\u00e4m\u00e4\u00e4n ep\u00e4suotuisalta itsellemme tai akkreditoiduille yrityksillemme; (b) organisaatiolla ei ole kielteisi\u00e4 tietoja meill\u00e4; (c) meille hyperlinkin n\u00e4kyvyydest\u00e4 saatava hy\u00f6ty kompensoi Migrant Globalin puuttumisen; ja (d) linkki on yleisten resurssitietojen yhteydess\u00e4.<\/p>\n\n\n\n<p>N\u00e4m\u00e4 organisaatiot voivat linkitt\u00e4\u00e4 kotisivuillemme, kunhan linkki: (a) ei ole mill\u00e4\u00e4n tavalla harhaanjohtava; (b) ei tarkoita virheellisesti linkitt\u00e4v\u00e4n osapuolen ja sen tuotteiden tai palveluiden sponsorointia, hyv\u00e4ksynt\u00e4\u00e4 tai hyv\u00e4ksynt\u00e4\u00e4; ja (c) sopii linkitt\u00e4v\u00e4n osapuolen sivuston kontekstiin.<\/p>\n\n\n\n<p>Jos olet yksi edell\u00e4 kohdassa 2 luetelluista organisaatioista ja olet kiinnostunut linkitt\u00e4m\u00e4\u00e4n verkkosivustoomme, sinun on ilmoitettava siit\u00e4 meille l\u00e4hett\u00e4m\u00e4ll\u00e4 s\u00e4hk\u00f6postiviesti Migrant Globalille. Liit\u00e4 mukaan nimesi, organisaatiosi nimi, yhteystietosi sek\u00e4 sivustosi URL-osoite, luettelo URL-osoitteista, joista aiot linkitt\u00e4\u00e4 verkkosivustoomme, sek\u00e4 luettelo sivustomme URL-osoitteista, joihin haluat linkki. Odota 2-3 viikkoa vastausta.<\/p>\n\n\n\n<p>Hyv\u00e4ksytyt organisaatiot voivat linkitt\u00e4\u00e4 verkkosivustoomme seuraavasti:<\/p>\n\n\n\n<ul class=\"wp-block-list\">\n<li>k\u00e4ytt\u00e4m\u00e4ll\u00e4 yritysnime\u00e4mme; tai<\/li>\n\n\n\n<li>K\u00e4ytt\u00e4m\u00e4ll\u00e4 yhten\u00e4ist\u00e4 resurssipaikanninta, johon on linkitetty; tai<\/li>\n\n\n\n<li>K\u00e4ytt\u00e4m\u00e4ll\u00e4 mit\u00e4 tahansa muuta kuvausta verkkosivustostamme, johon linkki on linkitetty, on j\u00e4rkev\u00e4\u00e4 linkitt\u00e4v\u00e4n osapuolen sivuston sis\u00e4ll\u00f6n kontekstissa ja muodossa.<\/li>\n<\/ul>\n\n\n\n<p>Migrant Globalin logon tai muun taideteoksen k\u00e4ytt\u00f6 linkitykseen ei ole sallittua tavaramerkkilisenssisopimuksen puuttuessa.<\/p>\n\n\n\n<h3 class=\"wp-block-heading\"><strong>iFrames<\/strong><\/h3>\n\n\n\n<p>Ilman ennakkohyv\u00e4ksynt\u00e4\u00e4 ja kirjallista lupaa et saa luoda Web-sivujemme ymp\u00e4rille kehyksi\u00e4, jotka muuttavat mill\u00e4\u00e4n tavalla verkkosivustomme visuaalista esitystapaa tai ulkoasua.<\/p>\n\n\n\n<h3 class=\"wp-block-heading\"><strong>Sis\u00e4lt\u00f6vastuu<\/strong><\/h3>\n\n\n\n<p>Emme ole vastuussa mist\u00e4\u00e4n verkkosivustollasi n\u00e4kyv\u00e4st\u00e4 sis\u00e4ll\u00f6st\u00e4. Sitoudut suojelemaan ja puolustamaan meit\u00e4 kaikkia verkkosivustollasi nousevia vaatimuksia vastaan. Mill\u00e4\u00e4n verkkosivustolla ei saa n\u00e4ky\u00e4 linkkej\u00e4, jotka voidaan tulkita herjaavaksi, s\u00e4\u00e4dytt\u00f6m\u00e4ksi tai rikolliseksi tai jotka loukkaavat tai muuten loukkaavat tai puoltavat loukkaamista tai muuta loukkaamista kolmannen osapuolen oikeuksissa.<\/p>\n\n\n\n<h3 class=\"wp-block-heading\"><strong>Oikeuksien pid\u00e4tys<\/strong><\/h3>\n\n\n\n<p>Pid\u00e4t\u00e4mme oikeuden pyyt\u00e4\u00e4 sinua poistamaan kaikki linkit tai tietyt linkit verkkosivustollemme. Suostut poistamaan v\u00e4litt\u00f6m\u00e4sti kaikki linkit verkkosivustollemme pyynn\u00f6st\u00e4. Varaamme my\u00f6s oikeuden muuttaa n\u00e4it\u00e4 ehtoja ja sen linkitysk\u00e4yt\u00e4nt\u00f6j\u00e4 milloin tahansa. Kun linkit\u00e4t jatkuvasti verkkosivustoomme, sitoudut noudattamaan n\u00e4it\u00e4 linkitysehtoja.<\/p>\n\n\n\n<h3 class=\"wp-block-heading\"><strong>Linkkien poistaminen sivuiltamme<\/strong><\/h3>\n\n\n\n<p>Jos l\u00f6yd\u00e4t verkkosivustoltamme linkin, joka on jostain syyst\u00e4 loukkaava, voit vapaasti ottaa yhteytt\u00e4 ja ilmoittaa meille milloin tahansa. Otamme huomioon linkkien poistopyynn\u00f6t, mutta emme ole velvollisia siihen tai vastaamaan sinulle suoraan.<\/p>\n\n\n\n<p>Emme takaa t\u00e4m\u00e4n sivuston tietojen oikeellisuutta, emme takaa niiden t\u00e4ydellisyytt\u00e4 tai tarkkuutta; emme my\u00f6sk\u00e4\u00e4n lupaa varmistaa, ett\u00e4 verkkosivusto pysyy saatavilla tai ett\u00e4 verkkosivustolla oleva materiaali pidet\u00e4\u00e4n ajan tasalla.<\/p>\n\n\n\n<h3 class=\"wp-block-heading\"><strong>Vastuuvapauslauseke<\/strong><\/h3>\n\n\n\n<p>Sovellettavan lain sallimissa rajoissa suljemme pois kaikki esitykset, takuut ja ehdot, jotka liittyv\u00e4t verkkosivustoomme ja t\u00e4m\u00e4n verkkosivuston k\u00e4ytt\u00f6\u00f6n. Mik\u00e4\u00e4n t\u00e4ss\u00e4 vastuuvapauslausekkeessa ei tarkoita:<\/p>\n\n\n\n<ul class=\"wp-block-list\">\n<li>rajoittaa tai sulkea pois meid\u00e4n tai sinun vastuusi kuolemasta tai henkil\u00f6vahingosta;<\/li>\n\n\n\n<li>rajoittaa tai sulkea pois meid\u00e4n tai sinun vastuusi petoksesta tai vilpillisest\u00e4 harhaanjohtamisesta;<\/li>\n\n\n\n<li>rajoittaa meid\u00e4n tai sinun velvollisuuksiasi mill\u00e4\u00e4n tavalla, joka ei ole sovellettavan lain sallimaa; tai<\/li>\n\n\n\n<li>sulkea pois mit\u00e4\u00e4n meid\u00e4n tai sinun velvollisuuksistasi, joita ei voida sulkea pois sovellettavan lain mukaan.<\/li>\n<\/ul>\n\n\n\n<p>T\u00e4ss\u00e4 osiossa ja muualla t\u00e4ss\u00e4 vastuuvapauslausekkeessa asetetut vastuun rajoitukset ja kiellot: (a) ovat edellisen kappaleen alaisia; ja (b) s\u00e4\u00e4telev\u00e4t kaikkia vastuuvapauslausekkeesta johtuvia vastuita, mukaan lukien sopimuksesta, vahingonkorvausoikeudesta ja lakis\u00e4\u00e4teisten velvoitteiden rikkomisesta johtuvat vastuut.<\/p>\n\n\n\n<p>Niin kauan kuin verkkosivusto ja sen tiedot ja palvelut tarjotaan ilmaiseksi, emme ole vastuussa mist\u00e4\u00e4n menetyksist\u00e4 tai vahingoista.<\/p>","protected":false},"excerpt":{"rendered":"<p>Welcome to Migrant Global! These terms and conditions outline the rules and regulations for the use of Migrant Global&#8217;s Website, located at migrantglobal.com. By accessing this website we assume you accept these terms and conditions. Do not continue to use Migrant Global if you do not agree to take all of the terms and conditions [&hellip;]<\/p>\n","protected":false},"author":1,"featured_media":0,"parent":0,"menu_order":0,"comment_status":"closed","ping_status":"closed","template":"","meta":{"footnotes":""},"class_list":["post-323","page","type-page","status-publish","hentry"],"_links":{"self":[{"href":"https:\/\/www.migrantglobal.com\/fi\/wp-json\/wp\/v2\/pages\/323","targetHints":{"allow":["GET"]}}],"collection":[{"href":"https:\/\/www.migrantglobal.com\/fi\/wp-json\/wp\/v2\/pages"}],"about":[{"href":"https:\/\/www.migrantglobal.com\/fi\/wp-json\/wp\/v2\/types\/page"}],"author":[{"embeddable":true,"href":"https:\/\/www.migrantglobal.com\/fi\/wp-json\/wp\/v2\/users\/1"}],"replies":[{"embeddable":true,"href":"https:\/\/www.migrantglobal.com\/fi\/wp-json\/wp\/v2\/comments?post=323"}],"version-history":[{"count":1,"href":"https:\/\/www.migrantglobal.com\/fi\/wp-json\/wp\/v2\/pages\/323\/revisions"}],"predecessor-version":[{"id":324,"href":"https:\/\/www.migrantglobal.com\/fi\/wp-json\/wp\/v2\/pages\/323\/revisions\/324"}],"wp:attachment":[{"href":"https:\/\/www.migrantglobal.com\/fi\/wp-json\/wp\/v2\/media?parent=323"}],"curies":[{"name":"wp","href":"https:\/\/api.w.org\/{rel}","templated":true}]}}