{"id":426,"date":"2023-04-26T06:52:36","date_gmt":"2023-04-26T06:52:36","guid":{"rendered":"https:\/\/migrantglobal.com\/?page_id=426"},"modified":"2023-05-02T08:40:27","modified_gmt":"2023-05-02T08:40:27","slug":"partner-information","status":"publish","type":"page","link":"https:\/\/www.migrantglobal.com\/fi\/kumppanin-tiedot\/","title":{"rendered":"Kumppanin tiedot"},"content":{"rendered":"<div data-elementor-type=\"wp-page\" data-elementor-id=\"426\" class=\"elementor elementor-426\">\n\t\t\t\t\t\t<section class=\"elementor-section elementor-top-section elementor-element elementor-element-7182bb8 elementor-section-boxed elementor-section-height-default elementor-section-height-default\" data-id=\"7182bb8\" data-element_type=\"section\" data-e-type=\"section\">\n\t\t\t\t\t\t<div class=\"elementor-container elementor-column-gap-default\">\n\t\t\t\t\t<div class=\"elementor-column elementor-col-100 elementor-top-column elementor-element elementor-element-411e58b\" data-id=\"411e58b\" data-element_type=\"column\" data-e-type=\"column\">\n\t\t\t<div class=\"elementor-widget-wrap elementor-element-populated\">\n\t\t\t\t\t\t<div class=\"elementor-element elementor-element-30d0f61 elementor-widget elementor-widget-heading\" data-id=\"30d0f61\" data-element_type=\"widget\" data-e-type=\"widget\" data-widget_type=\"heading.default\">\n\t\t\t\t<div class=\"elementor-widget-container\">\n\t\t\t\t\t<h2 class=\"elementor-heading-title elementor-size-default\">Kumppanin tiedot<\/h2>\t\t\t\t<\/div>\n\t\t\t\t<\/div>\n\t\t\t\t\t<\/div>\n\t\t<\/div>\n\t\t\t\t\t<\/div>\n\t\t<\/section>\n\t\t\t\t<section class=\"elementor-section elementor-top-section elementor-element elementor-element-67bf081 elementor-section-boxed elementor-section-height-default elementor-section-height-default\" data-id=\"67bf081\" data-element_type=\"section\" data-e-type=\"section\">\n\t\t\t\t\t\t<div class=\"elementor-container elementor-column-gap-default\">\n\t\t\t\t\t<div class=\"elementor-column elementor-col-100 elementor-top-column elementor-element elementor-element-f04c905\" data-id=\"f04c905\" data-element_type=\"column\" data-e-type=\"column\">\n\t\t\t<div class=\"elementor-widget-wrap elementor-element-populated\">\n\t\t\t\t\t\t<div class=\"elementor-element elementor-element-966ce93 elementor-widget elementor-widget-text-editor\" data-id=\"966ce93\" data-element_type=\"widget\" data-e-type=\"widget\" data-widget_type=\"text-editor.default\">\n\t\t\t\t<div class=\"elementor-widget-container\">\n\t\t\t\t\t\t\t\t\t<p><strong>Viittaustilamme;<\/strong><\/p><ul><li>Maksat meille 10% maksuista, jotka veloitat asiakkaalta palvelusta, jonka tarjoat asiakkaalle. T\u00e4m\u00e4 koskee jokaista meilt\u00e4 tai verkon kautta saamaasi asiakasta ja jokaista asiakkaalle tarjoamaasi palvelua<\/li><li>Me saamme palkan, kun sinulle maksetaan. Jos saat talletuksen, saamme 10%<\/li><li>Kaikki liidit l\u00e4hetet\u00e4\u00e4n tietylle m\u00e4\u00e4r\u00e4lle palveluntarjoajia paneelissamme tai verkossamme. Asiakas valitsee kenen kanssa h\u00e4n haluaa ty\u00f6skennell\u00e4.<\/li><li>S\u00e4ilyt\u00e4mme johtoaseman asiakkaana ja meill\u00e4 on oikeus kommunikoida asiakkaan kanssa, joka sis\u00e4lt\u00e4\u00e4, mutta ei rajoitu palautteen saamiseen asiakkaalle tarjoamastasi palvelusta.<\/li><li>Kun asiakas tarvitsee muita palveluita, joita et tarjoa, sinun on ohjattava asiakas verkkoon; vain silloin, kun emme pysty tarjoamaan palvelua, voit antaa asiakkaalle tietoja muista kolmannen osapuolen palveluntarjoajista.<\/li><li>Jos ohjaat asiakkaan mille tahansa paneelin j\u00e4senelle, saat 5% ja me 5%<\/li><li>Jos suostut yll\u00e4 olevaan, ty\u00f6skentelemme mielell\u00e4mme kanssasi<\/li><\/ul><p>\u00a0<\/p><p><strong>Huomautus lakimiehille<\/strong><\/p><p>(Jos laink\u00e4ytt\u00f6alueesi ei hyv\u00e4ksy suositusmaksuja, emme voi tehd\u00e4 yhteisty\u00f6t\u00e4 kanssasi.)<\/p>\t\t\t\t\t\t\t\t<\/div>\n\t\t\t\t<\/div>\n\t\t\t\t<div class=\"elementor-element elementor-element-99c06ff elementor-widget elementor-widget-shortcode\" data-id=\"99c06ff\" data-element_type=\"widget\" data-e-type=\"widget\" data-widget_type=\"shortcode.default\">\n\t\t\t\t<div class=\"elementor-widget-container\">\n\t\t\t\t\t\t\t<div class=\"elementor-shortcode\"><div class=\"forminator-ui forminator-custom-form forminator-custom-form-428 forminator-design--default  forminator_ajax\" data-forminator-render=\"0\" data-form=\"forminator-module-428\" data-uid=\"69dca9bd884a4\"><br\/><\/div><form\n\t\t\t\tid=\"forminator-module-428\"\n\t\t\t\tclass=\"forminator-ui forminator-custom-form forminator-custom-form-428 forminator-design--default  forminator_ajax\"\n\t\t\t\tmethod=\"post\"\n\t\t\t\tdata-forminator-render=\"0\"\n\t\t\t\tdata-form-id=\"428\"\n\t\t\t\t data-color-option=\"default\" data-design=\"default\" data-grid=\"open\" style=\"display: none;\"\n\t\t\t\tdata-uid=\"69dca9bd884a4\" action=\"\"\n\t\t\t><div role=\"alert\" aria-live=\"polite\" class=\"forminator-response-message forminator-error\" aria-hidden=\"true\"><\/div><div class=\"forminator-row\"><div id=\"consent-1\" class=\"forminator-field-consent forminator-col forminator-col-12\"><div class=\"forminator-field\"><label for=\"forminator-field-consent-1_69dca9bd884a4\" id=\"forminator-field-consent-1_69dca9bd884a4-label\" class=\"forminator-label\">sopimus <span class=\"forminator-required\">*<\/span><\/label><div class=\"forminator-checkbox__wrapper\"><label id=\"forminator-field-consent-1_69dca9bd884a4__label\" class=\"forminator-checkbox forminator-consent\"><input type=\"checkbox\" name=\"consent-1\" id=\"forminator-field-consent-1_69dca9bd884a4\" value=\"checked\" aria-labelledby=\"forminator-field-consent-1_69dca9bd884a4-label\" aria-describedby=\"forminator-field-consent-1_69dca9bd884a4__description\" data-required=\"true\" aria-required=\"true\" \/><span class=\"forminator-checkbox-box\" aria-hidden=\"true\"><\/span><\/label><div id=\"forminator-field-consent-1_69dca9bd884a4__description\" class=\"forminator-checkbox__label forminator-consent__label\"><p>Pyyd\u00e4 kumppanuussopimusta napsauttamalla valintaruutua ja hyv\u00e4ksy<\/p><\/div><\/div><\/div><\/div><\/div><input type=\"hidden\" name=\"referer_url\" value=\"\" \/><div class=\"forminator-row forminator-row-last\"><div class=\"forminator-col\"><div class=\"forminator-field\"><button class=\"forminator-button forminator-button-submit\">Hyv\u00e4ksy\u00e4<\/button><\/div><\/div><\/div><input type=\"hidden\" id=\"forminator_nonce\" name=\"forminator_nonce\" value=\"fc4b977cb0\" \/><input type=\"hidden\" name=\"_wp_http_referer\" value=\"\/fi\/wp-json\/wp\/v2\/pages\/426\" \/><input type=\"hidden\" name=\"form_id\" value=\"428\"><input type=\"hidden\" name=\"page_id\" value=\"426\"><input type=\"hidden\" name=\"form_type\" value=\"default\"><input type=\"hidden\" name=\"current_url\" value=\"https:\/\/www.migrantglobal.com\/fi\/kumppanin-tiedot\/\"><input type=\"hidden\" name=\"render_id\" value=\"0\"><input type=\"hidden\" name=\"action\" value=\"forminator_submit_form_custom-forms\"><input type=\"hidden\" name=\"trp-form-language\" value=\"fi\"\/><\/form><\/div>\n\t\t\t\t\t\t<\/div>\n\t\t\t\t<\/div>\n\t\t\t\t\t<\/div>\n\t\t<\/div>\n\t\t\t\t\t<\/div>\n\t\t<\/section>\n\t\t\t\t<\/div>","protected":false},"excerpt":{"rendered":"<p>Partner Information Our Referral Mode; You pay us 10% of the fees you charge the client for the service you are providing to the client. This is for every client you get from us or via the network and for every service you provide to the client We get paid when you get paid. If [&hellip;]<\/p>\n","protected":false},"author":1,"featured_media":0,"parent":0,"menu_order":0,"comment_status":"closed","ping_status":"closed","template":"elementor_header_footer","meta":{"footnotes":""},"class_list":["post-426","page","type-page","status-publish","hentry"],"_links":{"self":[{"href":"https:\/\/www.migrantglobal.com\/fi\/wp-json\/wp\/v2\/pages\/426","targetHints":{"allow":["GET"]}}],"collection":[{"href":"https:\/\/www.migrantglobal.com\/fi\/wp-json\/wp\/v2\/pages"}],"about":[{"href":"https:\/\/www.migrantglobal.com\/fi\/wp-json\/wp\/v2\/types\/page"}],"author":[{"embeddable":true,"href":"https:\/\/www.migrantglobal.com\/fi\/wp-json\/wp\/v2\/users\/1"}],"replies":[{"embeddable":true,"href":"https:\/\/www.migrantglobal.com\/fi\/wp-json\/wp\/v2\/comments?post=426"}],"version-history":[{"count":5,"href":"https:\/\/www.migrantglobal.com\/fi\/wp-json\/wp\/v2\/pages\/426\/revisions"}],"predecessor-version":[{"id":708,"href":"https:\/\/www.migrantglobal.com\/fi\/wp-json\/wp\/v2\/pages\/426\/revisions\/708"}],"wp:attachment":[{"href":"https:\/\/www.migrantglobal.com\/fi\/wp-json\/wp\/v2\/media?parent=426"}],"curies":[{"name":"wp","href":"https:\/\/api.w.org\/{rel}","templated":true}]}}