{"id":309,"date":"2023-04-25T17:05:28","date_gmt":"2023-04-25T17:05:28","guid":{"rendered":"https:\/\/migrantglobal.com\/?page_id=309"},"modified":"2023-04-25T17:09:10","modified_gmt":"2023-04-25T17:09:10","slug":"privacy-policy","status":"publish","type":"page","link":"https:\/\/www.migrantglobal.com\/hu\/adatvedelmi-iranyelvek\/","title":{"rendered":"Adatv\u00e9delmi ir\u00e1nyelvek"},"content":{"rendered":"<p>A migrantglobal.com oldalr\u00f3l el\u00e9rhet\u0151 Migrant Globaln\u00e1l az egyik f\u0151 priorit\u00e1sunk a l\u00e1togat\u00f3ink adatainak v\u00e9delme. Ez az adatv\u00e9delmi nyilatkozat a Migrant Global \u00e1ltal gy\u0171jt\u00f6tt \u00e9s r\u00f6gz\u00edtett inform\u00e1ci\u00f3k t\u00edpusait tartalmazza, valamint azt, hogy hogyan haszn\u00e1ljuk fel azokat.<\/p>\n\n\n\n<p>Ha tov\u00e1bbi k\u00e9rd\u00e9sei vannak, vagy tov\u00e1bbi inform\u00e1ci\u00f3ra van sz\u00fcks\u00e9ge adatv\u00e9delmi szab\u00e1lyzatunkkal kapcsolatban, ne habozzon kapcsolatba l\u00e9pni vel\u00fcnk.<\/p>\n\n\n\n<p>Ez az adatv\u00e9delmi szab\u00e1lyzat csak az online tev\u00e9kenys\u00e9geinkre vonatkozik, \u00e9s a webhely\u00fcnk l\u00e1togat\u00f3ira vonatkozik a Migrant Global szolg\u00e1ltat\u00e1sban megosztott \u00e9s\/vagy gy\u0171jt\u00f6tt inform\u00e1ci\u00f3k tekintet\u00e9ben. Ez a szab\u00e1lyzat nem vonatkozik az offline vagy a webhelyen k\u00edv\u00fcli csatorn\u00e1kon gy\u0171jt\u00f6tt inform\u00e1ci\u00f3kra.<\/p>\n\n\n\n<h2 class=\"wp-block-heading\">Beleegyez\u00e9s<\/h2>\n\n\n\n<p>Weboldalunk haszn\u00e1lat\u00e1val \u00d6n ezennel elfogadja Adatv\u00e9delmi szab\u00e1lyzatunkat, \u00e9s elfogadja annak felt\u00e9teleit.<\/p>\n\n\n\n<h2 class=\"wp-block-heading\">Az \u00e1ltalunk gy\u0171jt\u00f6tt inform\u00e1ci\u00f3k<\/h2>\n\n\n\n<p>A szem\u00e9lyes adatok megad\u00e1s\u00e1ra k\u00e9rt szem\u00e9lyes adatokat, valamint annak indokait, amikor a szem\u00e9lyes adatainak megad\u00e1s\u00e1t k\u00e9rj\u00fck, vil\u00e1goss\u00e1 tessz\u00fck \u00d6nnek.<\/p>\n\n\n\n<p>Ha k\u00f6zvetlen\u00fcl felveszi vel\u00fcnk a kapcsolatot, tov\u00e1bbi inform\u00e1ci\u00f3kat kaphatunk \u00d6nr\u0151l, p\u00e9ld\u00e1ul nev\u00e9t, e-mail c\u00edm\u00e9t, telefonsz\u00e1m\u00e1t, az \u00d6n \u00e1ltal elk\u00fcld\u00f6tt \u00fczenet \u00e9s\/vagy mell\u00e9kletek tartalm\u00e1t, \u00e9s minden egy\u00e9b inform\u00e1ci\u00f3t, amelyet megadhat.<\/p>\n\n\n\n<p>Amikor regisztr\u00e1l egy Fi\u00f3kra, elk\u00e9rhetj\u00fck kapcsolatfelv\u00e9teli adatait, bele\u00e9rtve az olyan elemeket, mint a n\u00e9v, c\u00e9gn\u00e9v, c\u00edm, e-mail c\u00edm \u00e9s telefonsz\u00e1m.<\/p>\n\n\n\n<h2 class=\"wp-block-heading\">Hogyan haszn\u00e1ljuk fel az \u00d6n adatait<\/h2>\n\n\n\n<p>Az \u00e1ltalunk gy\u0171jt\u00f6tt inform\u00e1ci\u00f3kat k\u00fcl\u00f6nf\u00e9le m\u00f3dokon haszn\u00e1ljuk fel, t\u00f6bbek k\u00f6z\u00f6tt:<\/p>\n\n\n\n<ul class=\"wp-block-list\">\n<li>Weboldalunk biztos\u00edt\u00e1sa, \u00fczemeltet\u00e9se \u00e9s karbantart\u00e1sa<\/li>\n\n\n\n<li>Weboldalunk fejleszt\u00e9se, szem\u00e9lyre szab\u00e1sa \u00e9s b\u0151v\u00edt\u00e9se<\/li>\n\n\n\n<li>Meg\u00e9rteni \u00e9s elemezni, hogyan haszn\u00e1lja weboldalunkat<\/li>\n\n\n\n<li>\u00daj term\u00e9kek, szolg\u00e1ltat\u00e1sok, funkci\u00f3k \u00e9s funkci\u00f3k fejleszt\u00e9se<\/li>\n\n\n\n<li>Kommunik\u00e1lni \u00d6nnel, ak\u00e1r k\u00f6zvetlen\u00fcl, ak\u00e1r valamelyik partner\u00fcnk\u00f6n kereszt\u00fcl, bele\u00e9rtve az \u00fcgyf\u00e9lszolg\u00e1latot is, hogy a weboldalhoz kapcsol\u00f3d\u00f3 friss\u00edt\u00e9seket \u00e9s egy\u00e9b inform\u00e1ci\u00f3kat, valamint marketing \u00e9s prom\u00f3ci\u00f3s c\u00e9lokat szolg\u00e1ltassunk.<\/li>\n\n\n\n<li>K\u00fcldj e-maileket<\/li>\n\n\n\n<li>Keresse meg \u00e9s el\u0151zze meg a csal\u00e1st<\/li>\n<\/ul>\n\n\n\n<h2 class=\"wp-block-heading\">Napl\u00f3f\u00e1jlok<\/h2>\n\n\n\n<p>A Migrant Global a napl\u00f3f\u00e1jlok haszn\u00e1lat\u00e1nak szok\u00e1sos elj\u00e1r\u00e1s\u00e1t k\u00f6veti. Ezek a f\u00e1jlok napl\u00f3zz\u00e1k a l\u00e1togat\u00f3kat, amikor webhelyeket l\u00e1togatnak meg. Minden hosting c\u00e9g ezt teszi, \u00e9s a hosting szolg\u00e1ltat\u00e1sok elemz\u00e9s\u00e9nek egy r\u00e9sz\u00e9t. A napl\u00f3f\u00e1jlok \u00e1ltal gy\u0171jt\u00f6tt inform\u00e1ci\u00f3k magukban foglalj\u00e1k az IP-c\u00edmeket, a b\u00f6ng\u00e9sz\u0151 t\u00edpus\u00e1t, az Internet-szolg\u00e1ltat\u00f3t (ISP), a d\u00e1tum- \u00e9s id\u0151b\u00e9lyegz\u0151t, a hivatkoz\u00f3\/kil\u00e9p\u00e9si oldalakat \u00e9s esetleg a kattint\u00e1sok sz\u00e1m\u00e1t. Ezek nem kapcsol\u00f3dnak semmilyen szem\u00e9lyes azonos\u00edt\u00e1sra alkalmas inform\u00e1ci\u00f3hoz. Az inform\u00e1ci\u00f3k c\u00e9lja a trendek elemz\u00e9se, az oldal adminisztr\u00e1l\u00e1sa, a felhaszn\u00e1l\u00f3k mozg\u00e1s\u00e1nak nyomon k\u00f6vet\u00e9se a weboldalon, valamint demogr\u00e1fiai inform\u00e1ci\u00f3k gy\u0171jt\u00e9se.<\/p>\n\n\n\n<h2 class=\"wp-block-heading\">Rekl\u00e1mpartnerek adatv\u00e9delmi ir\u00e1nyelvei<\/h2>\n\n\n\n<p>Ebben a list\u00e1ban megtal\u00e1lhatja a Migrant Global hirdet\u00e9si partnereinek adatv\u00e9delmi szab\u00e1lyzat\u00e1t.<\/p>\n\n\n\n<p>A harmadik f\u00e9lt\u0151l sz\u00e1rmaz\u00f3 hirdet\u00e9sszerverek vagy hirdet\u00e9si h\u00e1l\u00f3zatok olyan technol\u00f3gi\u00e1kat haszn\u00e1lnak, mint a cookie-k, a JavaScript vagy a Web Beacon-ok, amelyeket a megfelel\u0151 hirdet\u00e9seikben \u00e9s a Migrant Global oldalon megjelen\u0151 linkekben haszn\u00e1lnak, amelyeket k\u00f6zvetlen\u00fcl a felhaszn\u00e1l\u00f3k b\u00f6ng\u00e9sz\u0151j\u00e9be k\u00fcldenek. Amikor ez megt\u00f6rt\u00e9nik, automatikusan megkapj\u00e1k az \u00d6n IP-c\u00edm\u00e9t. Ezeket a technol\u00f3gi\u00e1kat hirdet\u00e9si kamp\u00e1nyaik hat\u00e9konys\u00e1g\u00e1nak m\u00e9r\u00e9s\u00e9re \u00e9s\/vagy a felkeresett webhelyeken l\u00e1that\u00f3 hirdet\u00e9si tartalom szem\u00e9lyre szab\u00e1s\u00e1ra haszn\u00e1lj\u00e1k.<\/p>\n\n\n\n<p>Ne feledje, hogy a Migrant Global nem f\u00e9r hozz\u00e1 ezekhez a cookie-khoz, amelyeket harmadik f\u00e9l hirdet\u0151k haszn\u00e1lnak, \u00e9s nem tudja ellen\u0151rizni azokat.<\/p>\n\n\n\n<h2 class=\"wp-block-heading\">Harmadik felek adatv\u00e9delmi ir\u00e1nyelvei<\/h2>\n\n\n\n<p>A Migrant Global adatv\u00e9delmi ir\u00e1nyelvei nem vonatkoznak m\u00e1s hirdet\u0151kre vagy webhelyekre. Ez\u00e9rt azt tan\u00e1csoljuk, hogy r\u00e9szletesebb inform\u00e1ci\u00f3k\u00e9rt tekintse \u00e1t e harmadik f\u00e9l hirdet\u00e9sszervereinek megfelel\u0151 adatv\u00e9delmi szab\u00e1lyzat\u00e1t. Tartalmazhatja gyakorlataikat \u00e9s \u00fatmutat\u00e1st arr\u00f3l, hogyan lehet leiratkozni bizonyos lehet\u0151s\u00e9gekr\u0151l.<\/p>\n\n\n\n<p>D\u00f6nthet \u00fagy, hogy letiltja a cookie-kat az egy\u00e9ni b\u00f6ng\u00e9sz\u0151be\u00e1ll\u00edt\u00e1sokon kereszt\u00fcl. Ha r\u00e9szletesebb inform\u00e1ci\u00f3kat szeretne megtudni az egyes webb\u00f6ng\u00e9sz\u0151k cookie-kezel\u00e9s\u00e9r\u0151l, akkor ezeket a b\u00f6ng\u00e9sz\u0151k megfelel\u0151 webhelyein tal\u00e1lja.<\/p>\n\n\n\n<h2 class=\"wp-block-heading\">CCPA adatv\u00e9delmi jogok (ne add el a szem\u00e9lyes adataimat)<\/h2>\n\n\n\n<p>A CCPA \u00e9rtelm\u00e9ben t\u00f6bbek k\u00f6z\u00f6tt a kaliforniai fogyaszt\u00f3knak joguk van:<\/p>\n\n\n\n<p>K\u00e9rje, hogy a fogyaszt\u00f3k szem\u00e9lyes adatait gy\u0171jt\u0151 v\u00e1llalkoz\u00e1s tegye k\u00f6zz\u00e9 azon szem\u00e9lyes adatok kateg\u00f3ri\u00e1it \u00e9s konkr\u00e9t darabjait, amelyeket egy v\u00e1llalkoz\u00e1s gy\u0171jt\u00f6tt a fogyaszt\u00f3kr\u00f3l.<\/p>\n\n\n\n<p>K\u00e9rje meg a v\u00e1llalkoz\u00e1st, hogy t\u00f6r\u00f6lj\u00f6n minden olyan szem\u00e9lyes adatot a fogyaszt\u00f3r\u00f3l, amelyet a v\u00e1llalkoz\u00e1s gy\u0171jt\u00f6tt.<\/p>\n\n\n\n<p>K\u00e9rje, hogy a fogyaszt\u00f3 szem\u00e9lyes adatait \u00e9rt\u00e9kes\u00edt\u0151 v\u00e1llalkoz\u00e1s ne adja el a fogyaszt\u00f3 szem\u00e9lyes adatait.<\/p>\n\n\n\n<p>Ha k\u00e9relmet ny\u00fajt be, egy h\u00f3nap \u00e1ll rendelkez\u00e9s\u00fcnkre, hogy v\u00e1laszoljunk. Ha e jogok b\u00e1rmelyik\u00e9vel \u00e9lni szeretne, k\u00e9rj\u00fck, vegye fel vel\u00fcnk a kapcsolatot.<\/p>\n\n\n\n<h2 class=\"wp-block-heading\">GDPR adatv\u00e9delmi jogok<\/h2>\n\n\n\n<p>Szeretn\u00e9nk megbizonyosodni arr\u00f3l, hogy teljes m\u00e9rt\u00e9kben tiszt\u00e1ban van az \u00f6sszes adatv\u00e9delmi jog\u00e1val. Minden felhaszn\u00e1l\u00f3 jogosult a k\u00f6vetkez\u0151kre:<\/p>\n\n\n\n<p>Hozz\u00e1f\u00e9r\u00e9si jog \u2013 \u00d6nnek jog\u00e1ban \u00e1ll m\u00e1solatot k\u00e9rni szem\u00e9lyes adatair\u00f3l. Kisebb d\u00edjat sz\u00e1m\u00edthatunk fel ez\u00e9rt a szolg\u00e1ltat\u00e1s\u00e9rt.<\/p>\n\n\n\n<p>A helyesb\u00edt\u00e9shez val\u00f3 jog \u2013 \u00d6nnek jog\u00e1ban \u00e1ll k\u00e9rni, hogy jav\u00edtsunk ki minden, \u00d6n szerint pontatlan inform\u00e1ci\u00f3t. \u00d6nnek joga van arra is, hogy k\u00e9rje az \u00d6n \u00e1ltal hi\u00e1nyosnak v\u00e9lt inform\u00e1ci\u00f3k kieg\u00e9sz\u00edt\u00e9s\u00e9t.<\/p>\n\n\n\n<p>A t\u00f6rl\u00e9shez val\u00f3 jog \u2013 \u00d6nnek jog\u00e1ban \u00e1ll k\u00e9rni, hogy bizonyos felt\u00e9telek mellett t\u00f6r\u00f6lj\u00fck szem\u00e9lyes adatait.<\/p>\n\n\n\n<p>Az adatkezel\u00e9s korl\u00e1toz\u00e1s\u00e1hoz val\u00f3 jog \u2013 \u00d6nnek jog\u00e1ban \u00e1ll k\u00e9rni, hogy bizonyos felt\u00e9telek mellett korl\u00e1tozzuk szem\u00e9lyes adatai kezel\u00e9s\u00e9t.<\/p>\n\n\n\n<p>Az adatkezel\u00e9s elleni tiltakoz\u00e1s joga \u2013 \u00d6nnek jog\u00e1ban \u00e1ll tiltakozni szem\u00e9lyes adatainak \u00e1ltalunk v\u00e9gzett kezel\u00e9se ellen, bizonyos felt\u00e9telek mellett.<\/p>\n\n\n\n<p>Az adathordozhat\u00f3s\u00e1ghoz val\u00f3 jog \u2013 \u00d6nnek jog\u00e1ban \u00e1ll k\u00e9rni, hogy az \u00e1ltalunk gy\u0171jt\u00f6tt adatokat bizonyos felt\u00e9telek mellett egy m\u00e1sik szervezetnek vagy k\u00f6zvetlen\u00fcl \u00d6nnek tov\u00e1bb\u00edtsuk.<\/p>\n\n\n\n<p>Ha k\u00e9relmet ny\u00fajt be, egy h\u00f3nap \u00e1ll rendelkez\u00e9s\u00fcnkre, hogy v\u00e1laszoljunk. Ha e jogok b\u00e1rmelyik\u00e9vel \u00e9lni szeretne, k\u00e9rj\u00fck, vegye fel vel\u00fcnk a kapcsolatot.<\/p>\n\n\n\n<h2 class=\"wp-block-heading\">Gyermek inform\u00e1ci\u00f3k<\/h2>\n\n\n\n<p>Priorit\u00e1sunk m\u00e1sik r\u00e9sze a gyermekek internethaszn\u00e1lata k\u00f6zbeni v\u00e9delme. Arra b\u00e1tor\u00edtjuk a sz\u00fcl\u0151ket \u00e9s a gy\u00e1mokat, hogy figyelj\u00e9k online tev\u00e9kenys\u00e9geiket, vegyenek r\u00e9szt azokban \u00e9s\/vagy k\u00f6vess\u00e9k figyelemmel \u00e9s ir\u00e1ny\u00edts\u00e1k.<\/p>\n\n\n\n<p>A Migrant Global tudatosan nem gy\u0171jt szem\u00e9lyes azonos\u00edt\u00e1sra alkalmas adatokat 13 \u00e9ven aluli gyermekekt\u0151l. Ha \u00fagy gondolja, hogy gyermeke ilyen jelleg\u0171 inform\u00e1ci\u00f3kat k\u00f6z\u00f6lt webhely\u00fcnk\u00f6n, nyomat\u00e9kosan javasoljuk, hogy azonnal l\u00e9pjen kapcsolatba vel\u00fcnk, \u00e9s mindent megtesz\u00fcnk annak \u00e9rdek\u00e9ben, hogy t\u00f6r\u00f6lje az ilyen inform\u00e1ci\u00f3kat nyilv\u00e1ntart\u00e1sunkb\u00f3l.<\/p>\n\n\n\n<h2 class=\"wp-block-heading\">Jelen adatv\u00e9delmi szab\u00e1lyzat v\u00e1ltoz\u00e1sai<\/h2>\n\n\n\n<p>Id\u0151r\u0151l id\u0151re friss\u00edthetj\u00fck Adatv\u00e9delmi szab\u00e1lyzatunkat. Ez\u00e9rt azt tan\u00e1csoljuk, hogy rendszeresen tekintse \u00e1t ezt az oldalt b\u00e1rmilyen v\u00e1ltoz\u00e1s miatt. Minden v\u00e1ltoz\u00e1sr\u00f3l az \u00faj Adatv\u00e9delmi szab\u00e1lyzat k\u00f6zz\u00e9t\u00e9tel\u00e9vel \u00e9rtes\u00edtj\u00fck ezen az oldalon. Ezek a v\u00e1ltoztat\u00e1sok ezen az oldalon val\u00f3 k\u00f6zz\u00e9t\u00e9tel\u00fck ut\u00e1n azonnal hat\u00e1lyba l\u00e9pnek.<\/p>\n\n\n\n<h2 class=\"wp-block-heading\">L\u00e9pjen kapcsolatba vel\u00fcnk<\/h2>\n\n\n\n<p>Ha b\u00e1rmilyen k\u00e9rd\u00e9se vagy javaslata van az adatv\u00e9delmi szab\u00e1lyzatunkkal kapcsolatban, ne habozzon <a href=\"https:\/\/www.migrantglobal.com\/hu\/lepjen-kapcsolatba-velunk\/\">l\u00e9pjen kapcsolatba vel\u00fcnk.<\/a><\/p>","protected":false},"excerpt":{"rendered":"<p>At Migrant Global, accessible from migrantglobal.com, one of our main priorities is the privacy of our visitors. This Privacy Policy document contains types of information that is collected and recorded by Migrant Global and how we use it. If you have additional questions or require more information about our Privacy Policy, do not hesitate to [&hellip;]<\/p>\n","protected":false},"author":1,"featured_media":0,"parent":0,"menu_order":0,"comment_status":"closed","ping_status":"closed","template":"","meta":{"footnotes":""},"class_list":["post-309","page","type-page","status-publish","hentry"],"_links":{"self":[{"href":"https:\/\/www.migrantglobal.com\/hu\/wp-json\/wp\/v2\/pages\/309","targetHints":{"allow":["GET"]}}],"collection":[{"href":"https:\/\/www.migrantglobal.com\/hu\/wp-json\/wp\/v2\/pages"}],"about":[{"href":"https:\/\/www.migrantglobal.com\/hu\/wp-json\/wp\/v2\/types\/page"}],"author":[{"embeddable":true,"href":"https:\/\/www.migrantglobal.com\/hu\/wp-json\/wp\/v2\/users\/1"}],"replies":[{"embeddable":true,"href":"https:\/\/www.migrantglobal.com\/hu\/wp-json\/wp\/v2\/comments?post=309"}],"version-history":[{"count":3,"href":"https:\/\/www.migrantglobal.com\/hu\/wp-json\/wp\/v2\/pages\/309\/revisions"}],"predecessor-version":[{"id":313,"href":"https:\/\/www.migrantglobal.com\/hu\/wp-json\/wp\/v2\/pages\/309\/revisions\/313"}],"wp:attachment":[{"href":"https:\/\/www.migrantglobal.com\/hu\/wp-json\/wp\/v2\/media?parent=309"}],"curies":[{"name":"munkaf\u00fczet","href":"https:\/\/api.w.org\/{rel}","templated":true}]}}