{"id":426,"date":"2023-04-26T06:52:36","date_gmt":"2023-04-26T06:52:36","guid":{"rendered":"https:\/\/migrantglobal.com\/?page_id=426"},"modified":"2023-05-02T08:40:27","modified_gmt":"2023-05-02T08:40:27","slug":"partner-information","status":"publish","type":"page","link":"https:\/\/www.migrantglobal.com\/hu\/partner-informacio\/","title":{"rendered":"Partner inform\u00e1ci\u00f3"},"content":{"rendered":"<div data-elementor-type=\"wp-page\" data-elementor-id=\"426\" class=\"elementor elementor-426\">\n\t\t\t\t\t\t<section class=\"elementor-section elementor-top-section elementor-element elementor-element-7182bb8 elementor-section-boxed elementor-section-height-default elementor-section-height-default\" data-id=\"7182bb8\" data-element_type=\"section\" data-e-type=\"section\">\n\t\t\t\t\t\t<div class=\"elementor-container elementor-column-gap-default\">\n\t\t\t\t\t<div class=\"elementor-column elementor-col-100 elementor-top-column elementor-element elementor-element-411e58b\" data-id=\"411e58b\" data-element_type=\"column\" data-e-type=\"column\">\n\t\t\t<div class=\"elementor-widget-wrap elementor-element-populated\">\n\t\t\t\t\t\t<div class=\"elementor-element elementor-element-30d0f61 elementor-widget elementor-widget-heading\" data-id=\"30d0f61\" data-element_type=\"widget\" data-e-type=\"widget\" data-widget_type=\"heading.default\">\n\t\t\t\t<div class=\"elementor-widget-container\">\n\t\t\t\t\t<h2 class=\"elementor-heading-title elementor-size-default\">Partner inform\u00e1ci\u00f3<\/h2>\t\t\t\t<\/div>\n\t\t\t\t<\/div>\n\t\t\t\t\t<\/div>\n\t\t<\/div>\n\t\t\t\t\t<\/div>\n\t\t<\/section>\n\t\t\t\t<section class=\"elementor-section elementor-top-section elementor-element elementor-element-67bf081 elementor-section-boxed elementor-section-height-default elementor-section-height-default\" data-id=\"67bf081\" data-element_type=\"section\" data-e-type=\"section\">\n\t\t\t\t\t\t<div class=\"elementor-container elementor-column-gap-default\">\n\t\t\t\t\t<div class=\"elementor-column elementor-col-100 elementor-top-column elementor-element elementor-element-f04c905\" data-id=\"f04c905\" data-element_type=\"column\" data-e-type=\"column\">\n\t\t\t<div class=\"elementor-widget-wrap elementor-element-populated\">\n\t\t\t\t\t\t<div class=\"elementor-element elementor-element-966ce93 elementor-widget elementor-widget-text-editor\" data-id=\"966ce93\" data-element_type=\"widget\" data-e-type=\"widget\" data-widget_type=\"text-editor.default\">\n\t\t\t\t<div class=\"elementor-widget-container\">\n\t\t\t\t\t\t\t\t\t<p><strong>Aj\u00e1nl\u00f3i m\u00f3dunk;<\/strong><\/p><ul><li>\u00d6n 10%-t fizet nek\u00fcnk az \u00fcgyf\u00e9lnek ny\u00fajtott szolg\u00e1ltat\u00e1s\u00e9rt felsz\u00e1m\u00edtott d\u00edjakb\u00f3l. Ez vonatkozik minden \u00fcgyf\u00e9lre, amelyet t\u0151l\u00fcnk vagy a h\u00e1l\u00f3zaton kereszt\u00fcl kap, \u00e9s minden szolg\u00e1ltat\u00e1sra, amelyet az \u00fcgyf\u00e9lnek ny\u00fajt<\/li><li>Akkor kapunk fizet\u00e9st, amikor \u00d6n megkapja a fizet\u00e9st. Ha let\u00e9tet kap, 10%-t kapunk<\/li><li>Minden leadet elk\u00fcld\u00fcnk egy bizonyos sz\u00e1m\u00fa szolg\u00e1ltat\u00f3hoz a panel\u00fcnk\u00f6n vagy h\u00e1l\u00f3zatunkon bel\u00fcl. Az \u00fcgyf\u00e9l kiv\u00e1lasztja, hogy kivel k\u00edv\u00e1n dolgozni.<\/li><li>\u00dcgyfel\u00fcnkk\u00e9nt megtartjuk a vezet\u0151 szerepet, \u00e9s jogunk van kommunik\u00e1lni az \u00fcgyf\u00e9llel, amely mag\u00e1ban foglalja, de nem kiz\u00e1r\u00f3lagosan, visszajelz\u00e9st kapni az \u00fcgyf\u00e9lnek ny\u00fajtott szolg\u00e1ltat\u00e1sr\u00f3l.<\/li><li>Ha az \u00fcgyf\u00e9lnek m\u00e1s szolg\u00e1ltat\u00e1sokra van sz\u00fcks\u00e9ge, amelyeket \u00d6n nem ny\u00fajt, akkor az \u00fcgyfelet a h\u00e1l\u00f3zathoz kell ir\u00e1ny\u00edtania; Csak akkor tudja megadni az \u00fcgyf\u00e9lnek m\u00e1s harmadik f\u00e9l szolg\u00e1ltat\u00f3 adatait, ha a szolg\u00e1ltat\u00e1st nem tudjuk biztos\u00edtani.<\/li><li>Ha b\u00e1rmelyik \u00fcgyfelet a panel b\u00e1rmely tagj\u00e1hoz ir\u00e1ny\u00edtja, \u00d6n 5%-t kap, mi pedig 5%-t<\/li><li>Ha egyet\u00e9rt a fentiekkel, sz\u00edvesen dolgozunk \u00d6nnel<\/li><\/ul><p>\u00a0<\/p><p><strong>Megjegyz\u00e9s \u00fcgyv\u00e9deknek<\/strong><\/p><p>(Ha az \u00d6n joghat\u00f3s\u00e1ga nem fogadja el az aj\u00e1nl\u00e1si d\u00edjat, nem tudunk egy\u00fcttm\u0171k\u00f6dni \u00d6nnel.)<\/p>\t\t\t\t\t\t\t\t<\/div>\n\t\t\t\t<\/div>\n\t\t\t\t<div class=\"elementor-element elementor-element-99c06ff elementor-widget elementor-widget-shortcode\" data-id=\"99c06ff\" data-element_type=\"widget\" data-e-type=\"widget\" data-widget_type=\"shortcode.default\">\n\t\t\t\t<div class=\"elementor-widget-container\">\n\t\t\t\t\t\t\t<div class=\"elementor-shortcode\"><div class=\"forminator-ui forminator-custom-form forminator-custom-form-428 forminator-design--default  forminator_ajax\" data-forminator-render=\"0\" data-form=\"forminator-module-428\" data-uid=\"69dcac7a2e831\"><br\/><\/div><form\n\t\t\t\tid=\"forminator-module-428\"\n\t\t\t\tclass=\"forminator-ui forminator-custom-form forminator-custom-form-428 forminator-design--default  forminator_ajax\"\n\t\t\t\tmethod=\"post\"\n\t\t\t\tdata-forminator-render=\"0\"\n\t\t\t\tdata-form-id=\"428\"\n\t\t\t\t data-color-option=\"default\" data-design=\"default\" data-grid=\"open\" style=\"display: none;\"\n\t\t\t\tdata-uid=\"69dcac7a2e831\" action=\"\"\n\t\t\t><div role=\"alert\" aria-live=\"polite\" class=\"forminator-response-message forminator-error\" aria-hidden=\"true\"><\/div><div class=\"forminator-row\"><div id=\"consent-1\" class=\"forminator-field-consent forminator-col forminator-col-12\"><div class=\"forminator-field\"><label for=\"forminator-field-consent-1_69dcac7a2e831\" id=\"forminator-field-consent-1_69dcac7a2e831-label\" class=\"forminator-label\">Megegyez\u00e9s <span class=\"forminator-required\">*<\/span><\/label><div class=\"forminator-checkbox__wrapper\"><label id=\"forminator-field-consent-1_69dcac7a2e831__label\" class=\"forminator-checkbox forminator-consent\"><input type=\"checkbox\" name=\"consent-1\" id=\"forminator-field-consent-1_69dcac7a2e831\" value=\"checked\" aria-labelledby=\"forminator-field-consent-1_69dcac7a2e831-label\" aria-describedby=\"forminator-field-consent-1_69dcac7a2e831__description\" data-required=\"true\" aria-required=\"true\" \/><span class=\"forminator-checkbox-box\" aria-hidden=\"true\"><\/span><\/label><div id=\"forminator-field-consent-1_69dcac7a2e831__description\" class=\"forminator-checkbox__label forminator-consent__label\"><p>K\u00e9rj\u00fck, k\u00e9rjen partners\u00e9gi meg\u00e1llapod\u00e1st: Kattintson a jel\u00f6l\u0151n\u00e9gyzetre, \u00e9s fogadja el<\/p><\/div><\/div><\/div><\/div><\/div><input type=\"hidden\" name=\"referer_url\" value=\"\" \/><div class=\"forminator-row forminator-row-last\"><div class=\"forminator-col\"><div class=\"forminator-field\"><button class=\"forminator-button forminator-button-submit\">Elfogad<\/button><\/div><\/div><\/div><input type=\"hidden\" id=\"forminator_nonce\" name=\"forminator_nonce\" value=\"fc4b977cb0\" \/><input type=\"hidden\" name=\"_wp_http_referer\" value=\"\/hu\/wp-json\/wp\/v2\/pages\/426\" \/><input type=\"hidden\" name=\"form_id\" value=\"428\"><input type=\"hidden\" name=\"page_id\" value=\"426\"><input type=\"hidden\" name=\"form_type\" value=\"default\"><input type=\"hidden\" name=\"current_url\" value=\"https:\/\/www.migrantglobal.com\/hu\/partner-informacio\/\"><input type=\"hidden\" name=\"render_id\" value=\"0\"><input type=\"hidden\" name=\"action\" value=\"forminator_submit_form_custom-forms\"><input type=\"hidden\" name=\"trp-form-language\" value=\"hu\"\/><\/form><\/div>\n\t\t\t\t\t\t<\/div>\n\t\t\t\t<\/div>\n\t\t\t\t\t<\/div>\n\t\t<\/div>\n\t\t\t\t\t<\/div>\n\t\t<\/section>\n\t\t\t\t<\/div>","protected":false},"excerpt":{"rendered":"<p>Partner Information Our Referral Mode; You pay us 10% of the fees you charge the client for the service you are providing to the client. This is for every client you get from us or via the network and for every service you provide to the client We get paid when you get paid. If [&hellip;]<\/p>\n","protected":false},"author":1,"featured_media":0,"parent":0,"menu_order":0,"comment_status":"closed","ping_status":"closed","template":"elementor_header_footer","meta":{"footnotes":""},"class_list":["post-426","page","type-page","status-publish","hentry"],"_links":{"self":[{"href":"https:\/\/www.migrantglobal.com\/hu\/wp-json\/wp\/v2\/pages\/426","targetHints":{"allow":["GET"]}}],"collection":[{"href":"https:\/\/www.migrantglobal.com\/hu\/wp-json\/wp\/v2\/pages"}],"about":[{"href":"https:\/\/www.migrantglobal.com\/hu\/wp-json\/wp\/v2\/types\/page"}],"author":[{"embeddable":true,"href":"https:\/\/www.migrantglobal.com\/hu\/wp-json\/wp\/v2\/users\/1"}],"replies":[{"embeddable":true,"href":"https:\/\/www.migrantglobal.com\/hu\/wp-json\/wp\/v2\/comments?post=426"}],"version-history":[{"count":5,"href":"https:\/\/www.migrantglobal.com\/hu\/wp-json\/wp\/v2\/pages\/426\/revisions"}],"predecessor-version":[{"id":708,"href":"https:\/\/www.migrantglobal.com\/hu\/wp-json\/wp\/v2\/pages\/426\/revisions\/708"}],"wp:attachment":[{"href":"https:\/\/www.migrantglobal.com\/hu\/wp-json\/wp\/v2\/media?parent=426"}],"curies":[{"name":"munkaf\u00fczet","href":"https:\/\/api.w.org\/{rel}","templated":true}]}}