{"id":323,"date":"2023-04-25T17:13:13","date_gmt":"2023-04-25T17:13:13","guid":{"rendered":"https:\/\/migrantglobal.com\/?page_id=323"},"modified":"2023-04-25T17:13:17","modified_gmt":"2023-04-25T17:13:17","slug":"terms-and-conditions","status":"publish","type":"page","link":"https:\/\/www.migrantglobal.com\/it\/termini-e-condizioni\/","title":{"rendered":"Termini e Condizioni"},"content":{"rendered":"<p>Benvenuti in Migrant Global!<\/p>\n\n\n\n<p>I presenti termini e condizioni delineano le regole e i regolamenti per l&#039;utilizzo del sito web di Migrant Global, situato su migrantglobal.com.<\/p>\n\n\n\n<p>Accedendo a questo sito Web assumiamo che accetti questi termini e condizioni. Non continuare a utilizzare Migrant Global se non accetti tutti i termini e le condizioni indicati in questa pagina.<\/p>\n\n\n\n<p>La seguente terminologia si applica ai presenti Termini e condizioni, Informativa sulla privacy, Avviso di esclusione della responsabilit\u00e0 e a tutti gli Accordi: &quot;Cliente&quot;, &quot;Tu&quot; e &quot;Tuo&quot; si riferiscono a te, la persona che accede a questo sito Web e conforme ai termini e alle condizioni della Societ\u00e0. &quot;La Societ\u00e0&quot;, &quot;Noi stessi&quot;, &quot;Noi&quot;, &quot;Nostro&quot; e &quot;Noi&quot; si riferiscono alla nostra Societ\u00e0. \u201cParte\u201d, \u201cParti\u201d o \u201cNoi\u201d si riferisce sia al Cliente che a noi stessi. Tutti i termini si riferiscono all&#039;offerta, all&#039;accettazione e all&#039;esame del pagamento necessario per intraprendere il processo di assistenza al Cliente nel modo pi\u00f9 appropriato con lo scopo esplicito di soddisfare le esigenze del Cliente in relazione alla fornitura dei servizi dichiarati dalla Societ\u00e0, in conformit\u00e0 con e soggetto alla nostra legge prevalente. Qualsiasi utilizzo della suddetta terminologia o di altre parole al singolare, al plurale, in maiuscolo e\/o lui\/lei o loro, sono considerati intercambiabili e pertanto riferiti alla stessa.<\/p>\n\n\n\n<h3 class=\"wp-block-heading\"><strong>Biscotti<\/strong><\/h3>\n\n\n\n<p>Utilizziamo i cookie. Accedendo a Migrant Global, accetti di utilizzare i cookie in accordo con l&#039;Informativa sulla privacy di Migrant Global.<\/p>\n\n\n\n<p>La maggior parte dei siti Web interattivi utilizza i cookie per consentirci di recuperare i dettagli dell&#039;utente ad ogni visita. I cookie vengono utilizzati dal nostro sito Web per abilitare la funzionalit\u00e0 di determinate aree per rendere pi\u00f9 semplice per le persone che visitano il nostro sito Web. Anche alcuni dei nostri partner affiliati\/pubblicitari possono utilizzare i cookie.<\/p>\n\n\n\n<h3 class=\"wp-block-heading\"><strong>Licenza<\/strong><\/h3>\n\n\n\n<p>Salvo diversa indicazione, Migrant Global e\/o i suoi licenziatari possiedono i diritti di propriet\u00e0 intellettuale per tutto il materiale su Migrant Global. Tutti i diritti di propriet\u00e0 intellettuale sono riservati. Puoi accedervi da Migrant Global per uso personale soggetto alle restrizioni stabilite in questi termini e condizioni.<\/p>\n\n\n\n<p>Non devi:<\/p>\n\n\n\n<ul class=\"wp-block-list\">\n<li>Ripubblicare materiale da Migrant Global<\/li>\n\n\n\n<li>Vendere, noleggiare o concedere in sublicenza materiale da Migrant Global<\/li>\n\n\n\n<li>Riprodurre, duplicare o copiare materiale da Migrant Global<\/li>\n\n\n\n<li>Ridistribuire i contenuti di Migrant Global<\/li>\n<\/ul>\n\n\n\n<p>Parti di questo sito web offrono agli utenti l&#039;opportunit\u00e0 di pubblicare e scambiare opinioni e informazioni in determinate aree del sito web. Migrant Global non filtra, modifica, pubblica o rivede i commenti prima della loro presenza sul sito web. I commenti non riflettono i punti di vista e le opinioni di Migrant Global, dei suoi agenti e\/o affiliati. I commenti riflettono i punti di vista e le opinioni della persona che pubblica i propri punti di vista e opinioni. Nella misura consentita dalle leggi applicabili, Migrant Global non sar\u00e0 responsabile per i Commenti o per qualsiasi responsabilit\u00e0, danno o spesa causata e\/o subita a seguito di qualsiasi utilizzo e\/o pubblicazione e\/o comparsa dei Commenti su questo sito web.<\/p>\n\n\n\n<p>Migrant Global si riserva il diritto di monitorare tutti i Commenti e di rimuovere eventuali Commenti che possono essere considerati inappropriati, offensivi o che causano violazione dei presenti Termini e Condizioni.<\/p>\n\n\n\n<p>Garantisci e dichiari che:<\/p>\n\n\n\n<ul class=\"wp-block-list\">\n<li>Hai il diritto di pubblicare commenti sul nostro sito Web e disporre di tutte le licenze e i consensi necessari per farlo;<\/li>\n\n\n\n<li>I Commenti non invadono alcun diritto di propriet\u00e0 intellettuale, inclusi, senza limitazione, copyright, brevetti o marchi di terze parti;<\/li>\n\n\n\n<li>I Commenti non contengono materiale diffamatorio, calunnioso, offensivo, indecente o altrimenti illegale che costituisca un&#039;invasione della privacy<\/li>\n\n\n\n<li>I Commenti non verranno utilizzati per sollecitare o promuovere affari o consuetudini o presentare attivit\u00e0 commerciali o attivit\u00e0 illecite.<\/li>\n<\/ul>\n\n\n\n<p>Con la presente concedi a Migrant Global una licenza non esclusiva per utilizzare, riprodurre, modificare e autorizzare altri a utilizzare, riprodurre e modificare qualsiasi tuo commento in qualsiasi forma, formato o supporto.<\/p>\n\n\n\n<h3 class=\"wp-block-heading\"><strong>Collegamenti ipertestuali ai nostri contenuti<\/strong><\/h3>\n\n\n\n<p>Le seguenti organizzazioni possono collegarsi al nostro sito Web senza previa approvazione scritta:<\/p>\n\n\n\n<ul class=\"wp-block-list\">\n<li>Agenzie governative;<\/li>\n\n\n\n<li>Motori di ricerca;<\/li>\n\n\n\n<li>Organizzazioni giornalistiche;<\/li>\n\n\n\n<li>I distributori di directory online possono collegarsi al nostro sito Web nello stesso modo in cui si collegano ai siti Web di altre aziende elencate; E<\/li>\n\n\n\n<li>Aziende accreditate a livello di sistema, ad eccezione della sollecitazione di organizzazioni senza scopo di lucro, centri commerciali di beneficenza e gruppi di raccolta fondi di beneficenza che potrebbero non avere collegamenti ipertestuali al nostro sito Web.<\/li>\n<\/ul>\n\n\n\n<p>Queste organizzazioni possono collegarsi alla nostra home page, a pubblicazioni o ad altre informazioni sul sito Web purch\u00e9 il collegamento: (a) non sia in alcun modo ingannevole; (b) non implica falsamente sponsorizzazione, approvazione o approvazione della parte che collega e dei suoi prodotti e\/o servizi; e (c) si adatti al contesto del sito della parte che collega.<\/p>\n\n\n\n<p>Potremmo prendere in considerazione e approvare altre richieste di collegamento dai seguenti tipi di organizzazioni:<\/p>\n\n\n\n<ul class=\"wp-block-list\">\n<li>fonti di informazione comunemente note sui consumatori e\/o sulle imprese;<\/li>\n\n\n\n<li>siti di comunit\u00e0 punto.com;<\/li>\n\n\n\n<li>associazioni o altri gruppi rappresentativi di enti di beneficenza;<\/li>\n\n\n\n<li>distributori di elenchi in linea;<\/li>\n\n\n\n<li>portali Internet;<\/li>\n\n\n\n<li>studi contabili, legali e di consulenza; E<\/li>\n\n\n\n<li>istituti scolastici e associazioni di categoria.<\/li>\n<\/ul>\n\n\n\n<p>Approveremo le richieste di collegamento da parte di queste organizzazioni se decidiamo che: (a) il collegamento non ci far\u00e0 apparire sfavorevole a noi stessi o alle nostre aziende accreditate; (b) l&#039;organizzazione non ha precedenti negativi presso di noi; (c) il vantaggio per noi derivante dalla visibilit\u00e0 del collegamento ipertestuale compensa l&#039;assenza di Migrant Global; e (d) il collegamento \u00e8 nel contesto di informazioni generali sulle risorse.<\/p>\n\n\n\n<p>Queste organizzazioni possono collegarsi alla nostra home page purch\u00e9 il collegamento: (a) non sia in alcun modo ingannevole; (b) non implica falsamente sponsorizzazione, appoggio o approvazione della parte che collega e dei suoi prodotti o servizi; e (c) si adatti al contesto del sito della parte che collega.<\/p>\n\n\n\n<p>Se sei una delle organizzazioni elencate nel paragrafo 2 sopra e sei interessato a collegarti al nostro sito web, devi informarci inviando un&#039;e-mail a Migrant Global. Ti preghiamo di includere il tuo nome, il nome della tua organizzazione, le informazioni di contatto nonch\u00e9 l&#039;URL del tuo sito, un elenco di tutti gli URL da cui intendi collegarti al nostro sito Web e un elenco degli URL del nostro sito a cui desideri collegarti collegamento. Attendi 2-3 settimane per una risposta.<\/p>\n\n\n\n<p>Le organizzazioni approvate possono collegarsi tramite collegamento ipertestuale al nostro sito Web come segue:<\/p>\n\n\n\n<ul class=\"wp-block-list\">\n<li>Utilizzando il nostro nome aziendale; O<\/li>\n\n\n\n<li>Utilizzando il localizzatore di risorse uniforme a cui \u00e8 collegato; O<\/li>\n\n\n\n<li>Utilizzando qualsiasi altra descrizione del nostro sito Web a cui \u00e8 collegato che abbia senso nel contesto e nel formato dei contenuti sul sito della parte collegata.<\/li>\n<\/ul>\n\n\n\n<p>Nessun utilizzo del logo di Migrant Global o di altre opere d&#039;arte sar\u00e0 consentito per il collegamento in assenza di un accordo di licenza del marchio.<\/p>\n\n\n\n<h3 class=\"wp-block-heading\"><strong>iFrame<\/strong><\/h3>\n\n\n\n<p>Senza previa approvazione e permesso scritto, non \u00e8 possibile creare frame attorno alle nostre pagine Web che alterino in alcun modo la presentazione visiva o l&#039;aspetto del nostro sito Web.<\/p>\n\n\n\n<h3 class=\"wp-block-heading\"><strong>Responsabilit\u00e0 sui contenuti<\/strong><\/h3>\n\n\n\n<p>Non saremo ritenuti responsabili per qualsiasi contenuto che appare sul tuo sito web. Accetti di proteggerci e difenderci da tutte le rivendicazioni che stanno sorgendo sul tuo sito web. Su qualsiasi sito Web non devono apparire collegamenti che possano essere interpretati come diffamatori, osceni o criminali o che violino, violino in altro modo o sostengano la violazione o altra violazione di diritti di terzi.<\/p>\n\n\n\n<h3 class=\"wp-block-heading\"><strong>Riserva dei diritti<\/strong><\/h3>\n\n\n\n<p>Ci riserviamo il diritto di richiedere la rimozione di tutti i collegamenti o di qualsiasi collegamento particolare al nostro sito Web. Su richiesta, accetti di rimuovere immediatamente tutti i collegamenti al nostro sito Web. Ci riserviamo inoltre il diritto di modificare i presenti termini e condizioni e la relativa politica di collegamento in qualsiasi momento. Collegandosi continuamente al nostro sito Web, l&#039;utente accetta di essere vincolato e di seguire questi termini e condizioni di collegamento.<\/p>\n\n\n\n<h3 class=\"wp-block-heading\"><strong>Rimozione di collegamenti dal nostro sito Web<\/strong><\/h3>\n\n\n\n<p>Se trovi qualche link sul nostro Sito che sia offensivo per qualsiasi motivo, sei libero di contattarci e informarci in qualsiasi momento. Prenderemo in considerazione le richieste di rimozione dei collegamenti ma non siamo obbligati a risponderti direttamente.<\/p>\n\n\n\n<p>Non garantiamo che le informazioni presenti su questo sito siano corrette, non ne garantiamo la completezza o l&#039;accuratezza; n\u00e9 promettiamo di garantire che il sito web rimanga disponibile o che il materiale sul sito web sia mantenuto aggiornato.<\/p>\n\n\n\n<h3 class=\"wp-block-heading\"><strong>Disclaimer<\/strong><\/h3>\n\n\n\n<p>Nella misura massima consentita dalla legge applicabile, escludiamo tutte le dichiarazioni, garanzie e condizioni relative al nostro sito Web e all&#039;utilizzo di questo sito Web. Niente in questo disclaimer:<\/p>\n\n\n\n<ul class=\"wp-block-list\">\n<li>limitare o escludere la nostra o la vostra responsabilit\u00e0 per morte o lesioni personali;<\/li>\n\n\n\n<li>limitare o escludere la nostra o la vostra responsabilit\u00e0 per frode o dichiarazione fraudolenta;<\/li>\n\n\n\n<li>limitare qualsiasi nostra o vostra responsabilit\u00e0 in qualsiasi modo non consentito dalla legge applicabile; O<\/li>\n\n\n\n<li>escludere qualsiasi nostra o vostra responsabilit\u00e0 che non pu\u00f2 essere esclusa ai sensi della legge applicabile.<\/li>\n<\/ul>\n\n\n\n<p>Le limitazioni e i divieti di responsabilit\u00e0 stabiliti in questa Sezione e altrove in questa esclusione di responsabilit\u00e0: (a) sono soggetti al paragrafo precedente; e (b) disciplinare tutte le responsabilit\u00e0 derivanti dalla clausola di esclusione della responsabilit\u00e0, comprese le responsabilit\u00e0 derivanti dal contratto, per atto illecito e per violazione degli obblighi di legge.<\/p>\n\n\n\n<p>Finch\u00e9 il sito Web e le informazioni e i servizi sul sito Web sono forniti gratuitamente, non saremo responsabili per eventuali perdite o danni di qualsiasi natura.<\/p>","protected":false},"excerpt":{"rendered":"<p>Welcome to Migrant Global! These terms and conditions outline the rules and regulations for the use of Migrant Global&#8217;s Website, located at migrantglobal.com. By accessing this website we assume you accept these terms and conditions. Do not continue to use Migrant Global if you do not agree to take all of the terms and conditions [&hellip;]<\/p>\n","protected":false},"author":1,"featured_media":0,"parent":0,"menu_order":0,"comment_status":"closed","ping_status":"closed","template":"","meta":{"footnotes":""},"class_list":["post-323","page","type-page","status-publish","hentry"],"_links":{"self":[{"href":"https:\/\/www.migrantglobal.com\/it\/wp-json\/wp\/v2\/pages\/323","targetHints":{"allow":["GET"]}}],"collection":[{"href":"https:\/\/www.migrantglobal.com\/it\/wp-json\/wp\/v2\/pages"}],"about":[{"href":"https:\/\/www.migrantglobal.com\/it\/wp-json\/wp\/v2\/types\/page"}],"author":[{"embeddable":true,"href":"https:\/\/www.migrantglobal.com\/it\/wp-json\/wp\/v2\/users\/1"}],"replies":[{"embeddable":true,"href":"https:\/\/www.migrantglobal.com\/it\/wp-json\/wp\/v2\/comments?post=323"}],"version-history":[{"count":1,"href":"https:\/\/www.migrantglobal.com\/it\/wp-json\/wp\/v2\/pages\/323\/revisions"}],"predecessor-version":[{"id":324,"href":"https:\/\/www.migrantglobal.com\/it\/wp-json\/wp\/v2\/pages\/323\/revisions\/324"}],"wp:attachment":[{"href":"https:\/\/www.migrantglobal.com\/it\/wp-json\/wp\/v2\/media?parent=323"}],"curies":[{"name":"parola chiave","href":"https:\/\/api.w.org\/{rel}","templated":true}]}}