{"id":309,"date":"2023-04-25T17:05:28","date_gmt":"2023-04-25T17:05:28","guid":{"rendered":"https:\/\/migrantglobal.com\/?page_id=309"},"modified":"2023-04-25T17:09:10","modified_gmt":"2023-04-25T17:09:10","slug":"privacy-policy","status":"publish","type":"page","link":"https:\/\/www.migrantglobal.com\/lt\/privatumo-politika\/","title":{"rendered":"Privatumo politika"},"content":{"rendered":"<p>\u201eMigrant Global\u201c, pasiekiamas i\u0161 migrantglobal.com, vienas pagrindini\u0173 m\u016bs\u0173 prioritet\u0173 yra lankytoj\u0173 privatumas. \u0160iame privatumo politikos dokumente yra informacijos, kuri\u0105 renka ir \u012fra\u0161o \u201eMigrant Global\u201c, ir kaip mes j\u0105 naudojame.<\/p>\n\n\n\n<p>Jei turite papildom\u0173 klausim\u0173 ar reikia daugiau informacijos apie m\u016bs\u0173 privatumo politik\u0105, nedvejodami susisiekite su mumis.<\/p>\n\n\n\n<p>\u0160i privatumo politika taikoma tik m\u016bs\u0173 veiklai internete ir galioja m\u016bs\u0173 svetain\u0117s lankytojams, atsi\u017evelgiant \u012f informacij\u0105, kuri\u0105 jie bendrino ir (arba) renka \u201eMigrant Global\u201c. \u0160i politika netaikoma jokiai informacijai, renkamai neprisijungus arba kitais kanalais nei \u0161i svetain\u0117.<\/p>\n\n\n\n<h2 class=\"wp-block-heading\">Sutikimas<\/h2>\n\n\n\n<p>Naudodamiesi m\u016bs\u0173 svetaine, j\u016bs sutinkate su m\u016bs\u0173 privatumo politika ir sutinkate su jos s\u0105lygomis.<\/p>\n\n\n\n<h2 class=\"wp-block-heading\">Informacija, kuri\u0105 renkame<\/h2>\n\n\n\n<p>Asmenin\u0117 informacija, kuri\u0105 j\u016bs\u0173 pra\u0161oma pateikti, ir prie\u017eastys, kod\u0117l j\u016bs\u0173 pra\u0161oma j\u0105 pateikti, jums bus paai\u0161kinta tada, kai papra\u0161ysime pateikti savo asmenin\u0119 informacij\u0105.<\/p>\n\n\n\n<p>Jei susisieksite su mumis tiesiogiai, galime gauti papildomos informacijos apie jus, pvz., j\u016bs\u0173 vard\u0105, el. pa\u0161to adres\u0105, telefono numer\u012f, prane\u0161imo turin\u012f ir (arba) priedus, kuriuos galite mums si\u0173sti, ir bet koki\u0105 kit\u0105 informacij\u0105, kuri\u0105 galite pasirinkti pateikti.<\/p>\n\n\n\n<p>Kai prisiregistruojate gauti paskyr\u0105, galime papra\u0161yti j\u016bs\u0173 kontaktin\u0117s informacijos, \u012fskaitant tokius elementus kaip vardas, \u012fmon\u0117s pavadinimas, adresas, el. pa\u0161to adresas ir telefono numeris.<\/p>\n\n\n\n<h2 class=\"wp-block-heading\">Kaip mes naudojame j\u016bs\u0173 informacij\u0105<\/h2>\n\n\n\n<p>Renkam\u0105 informacij\u0105 naudojame \u012fvairiais b\u016bdais, \u012fskaitant:<\/p>\n\n\n\n<ul class=\"wp-block-list\">\n<li>Teikti, valdyti ir pri\u017ei\u016br\u0117ti m\u016bs\u0173 svetain\u0119<\/li>\n\n\n\n<li>Pagerinkite, suasmeninkite ir i\u0161pl\u0117skite m\u016bs\u0173 svetain\u0119<\/li>\n\n\n\n<li>Supraskite ir analizuokite, kaip naudojat\u0117s m\u016bs\u0173 svetaine<\/li>\n\n\n\n<li>Kurti naujus produktus, paslaugas, funkcijas ir funkcijas<\/li>\n\n\n\n<li>Bendrauti su jumis tiesiogiai arba per vien\u0105 i\u0161 m\u016bs\u0173 partneri\u0173, \u012fskaitant klient\u0173 aptarnavimo paslaugas, teikti jums atnaujinimus ir kit\u0105 su svetaine susijusi\u0105 informacij\u0105, rinkodaros ir reklamos tikslais<\/li>\n\n\n\n<li>Si\u0173sti jums el<\/li>\n\n\n\n<li>Raskite ir u\u017ekirskite keli\u0105 suk\u010diavimui<\/li>\n<\/ul>\n\n\n\n<h2 class=\"wp-block-heading\">\u017durnalo failai<\/h2>\n\n\n\n<p>\u201eMigrant Global\u201c laikosi standartin\u0117s \u017eurnalo fail\u0173 naudojimo proced\u016bros. \u0160ie failai registruoja lankytojus, kai jie lankosi svetain\u0117se. Visos prieglobos \u012fmon\u0117s tai daro ir dal\u012f prieglobos paslaug\u0173 analiz\u0117s. \u017durnalo failais renkama informacija apima interneto protokolo (IP) adresus, nar\u0161ykl\u0117s tip\u0105, interneto paslaug\u0173 teik\u0117j\u0105 (IPT), datos ir laiko \u017eym\u0105, nukreipimo \/ i\u0161\u0117jimo puslapius ir galb\u016bt paspaudim\u0173 skai\u010di\u0173. Tai n\u0117ra susieta su jokia informacija, kuri\u0105 galima identifikuoti. Informacijos tikslas \u2013 analizuoti tendencijas, administruoti svetain\u0119, sekti vartotoj\u0173 jud\u0117jim\u0105 svetain\u0117je, rinkti demografin\u0119 informacij\u0105.<\/p>\n\n\n\n<h2 class=\"wp-block-heading\">Reklamos partneri\u0173 privatumo politika<\/h2>\n\n\n\n<p>\u0160iame s\u0105ra\u0161e rasite kiekvieno \u201eMigrant Global\u201c reklamos partnerio privatumo politik\u0105.<\/p>\n\n\n\n<p>Tre\u010di\u0173j\u0173 \u0161ali\u0173 skelbim\u0173 serveriai arba skelbim\u0173 tinklai naudoja tokias technologijas kaip slapukai, \u201eJavaScript\u201c arba \u017einiatinklio \u0161vyturiai, kurie naudojami atitinkamuose j\u0173 skelbimuose ir nuorodose, rodomose \u201eMigrant Global\u201c, kurios siun\u010diamos tiesiai \u012f naudotoj\u0173 nar\u0161ykl\u0119. Kai tai \u012fvyksta, jie automati\u0161kai gauna j\u016bs\u0173 IP adres\u0105. \u0160ios technologijos naudojamos j\u0173 reklamini\u0173 kampanij\u0173 efektyvumui \u012fvertinti ir (arba) suasmeninti reklamin\u012f turin\u012f, kur\u012f matote lankomose svetain\u0117se.<\/p>\n\n\n\n<p>Atminkite, kad \u201eMigrant Global\u201c neturi prieigos prie \u0161i\u0173 tre\u010di\u0173j\u0173 \u0161ali\u0173 reklamuotoj\u0173 naudojam\u0173 slapuk\u0173 arba j\u0173 nekontroliuoja.<\/p>\n\n\n\n<h2 class=\"wp-block-heading\">Tre\u010di\u0173j\u0173 \u0161ali\u0173 privatumo politika<\/h2>\n\n\n\n<p>\u201eMigrant Global\u201c privatumo politika netaikoma kitiems reklamuotojams ar svetain\u0117ms. Taigi, nor\u0117dami gauti i\u0161samesn\u0117s informacijos, patariame susipa\u017einti su atitinkamomis \u0161i\u0173 tre\u010di\u0173j\u0173 \u0161ali\u0173 skelbim\u0173 serveri\u0173 privatumo taisykl\u0117mis. Tai gali apimti j\u0173 praktik\u0105 ir nurodymus, kaip atsisakyti tam tikr\u0173 parink\u010di\u0173.<\/p>\n\n\n\n<p>Galite pasirinkti i\u0161jungti slapukus naudodami atskiras nar\u0161ykl\u0117s parinktis. Nor\u0117dami su\u017einoti daugiau informacijos apie slapuk\u0173 valdym\u0105 konkre\u010diose interneto nar\u0161ykl\u0117se, j\u0105 rasite atitinkamose nar\u0161ykli\u0173 svetain\u0117se.<\/p>\n\n\n\n<h2 class=\"wp-block-heading\">CCPA privatumo teis\u0117s (neparduokite mano asmenin\u0117s informacijos)<\/h2>\n\n\n\n<p>Pagal CCPA, be kit\u0173 teisi\u0173, Kalifornijos vartotojai turi teis\u0119:<\/p>\n\n\n\n<p>Reikalauti, kad \u012fmon\u0117, renkanti vartotojo asmens duomenis, atskleist\u0173 kategorijas ir konkre\u010dias asmens duomen\u0173 dalis, kurias \u012fmon\u0117 surinko apie vartotojus.<\/p>\n\n\n\n<p>Reikalauti, kad \u012fmon\u0117 i\u0161trint\u0173 visus asmens duomenis apie vartotoj\u0105, kuriuos \u012fmon\u0117 surinko.<\/p>\n\n\n\n<p>Reikalauti, kad \u012fmon\u0117, parduodanti vartotojo asmens duomenis, neparduot\u0173 vartotojo asmens duomen\u0173.<\/p>\n\n\n\n<p>Jei pateikiate u\u017eklaus\u0105, turime vien\u0105 m\u0117nes\u012f atsakyti \u012f jus. Jei norite pasinaudoti kuria nors i\u0161 \u0161i\u0173 teisi\u0173, susisiekite su mumis.<\/p>\n\n\n\n<h2 class=\"wp-block-heading\">GDPR duomen\u0173 apsaugos teis\u0117s<\/h2>\n\n\n\n<p>Nor\u0117tume \u012fsitikinti, kad esate visi\u0161kai informuoti apie visas savo duomen\u0173 apsaugos teises. Kiekvienas vartotojas turi teis\u0119 \u012f:<\/p>\n\n\n\n<p>Teis\u0117 susipa\u017einti \u2013 J\u016bs turite teis\u0119 reikalauti savo asmens duomen\u0173 kopij\u0173. U\u017e \u0161i\u0105 paslaug\u0105 galime imti nedidel\u012f mokest\u012f.<\/p>\n\n\n\n<p>Teis\u0117 i\u0161taisyti \u2013 J\u016bs turite teis\u0119 reikalauti, kad i\u0161taisytume bet koki\u0105 informacij\u0105, kuri, J\u016bs\u0173 nuomone, yra netiksli. Taip pat turite teis\u0119 pra\u0161yti, kad mes u\u017epildytume informacij\u0105, kuri, j\u016bs\u0173 manymu, yra nei\u0161sami.<\/p>\n\n\n\n<p>Teis\u0117 i\u0161trinti \u2013 tam tikromis s\u0105lygomis turite teis\u0119 pra\u0161yti, kad i\u0161trintume j\u016bs\u0173 asmens duomenis.<\/p>\n\n\n\n<p>Teis\u0117 apriboti tvarkym\u0105 \u2013 J\u016bs turite teis\u0119 reikalauti, kad tam tikromis s\u0105lygomis apribotume J\u016bs\u0173 asmens duomen\u0173 tvarkym\u0105.<\/p>\n\n\n\n<p>Teis\u0117 nesutikti, kad j\u016bs\u0173 asmens duomenys b\u016bt\u0173 tvarkomi \u2013 tam tikromis s\u0105lygomis turite teis\u0119 nesutikti, kad mes tvarkytume j\u016bs\u0173 asmens duomenis.<\/p>\n\n\n\n<p>Teis\u0117 \u012f duomen\u0173 perkeliamum\u0105 \u2013 J\u016bs turite teis\u0119 reikalauti, kad tam tikromis s\u0105lygomis perduotume m\u016bs\u0173 surinktus duomenis kitai organizacijai arba tiesiogiai Jums.<\/p>\n\n\n\n<p>Jei pateikiate u\u017eklaus\u0105, turime vien\u0105 m\u0117nes\u012f atsakyti \u012f jus. Jei norite pasinaudoti kuria nors i\u0161 \u0161i\u0173 teisi\u0173, susisiekite su mumis.<\/p>\n\n\n\n<h2 class=\"wp-block-heading\">Informacija vaikams<\/h2>\n\n\n\n<p>Kita m\u016bs\u0173 prioriteto dalis \u2013 vaik\u0173 apsauga naudojantis internetu. Raginame t\u0117vus ir glob\u0117jus steb\u0117ti savo veikl\u0105 internete, dalyvauti joje ir (arba) steb\u0117ti ir vadovauti.<\/p>\n\n\n\n<p>\u201eMigrant Global\u201c s\u0105moningai nerenka jokios asmens identifikuojan\u010dios informacijos i\u0161 jaunesni\u0173 nei 13 met\u0173 vaik\u0173. Jei manote, kad j\u016bs\u0173 vaikas pateik\u0117 toki\u0105 informacij\u0105 m\u016bs\u0173 svetain\u0117je, primygtinai raginame nedelsiant susisiekti su mumis ir d\u0117sime visas pastangas, kad pa\u0161alinti toki\u0105 informacij\u0105 i\u0161 m\u016bs\u0173 \u012fra\u0161\u0173.<\/p>\n\n\n\n<h2 class=\"wp-block-heading\">\u0160ios privatumo politikos pakeitimai<\/h2>\n\n\n\n<p>Retkar\u010diais galime atnaujinti savo privatumo politik\u0105. Tod\u0117l rekomenduojame periodi\u0161kai per\u017ei\u016br\u0117ti \u0161\u012f puslap\u012f, ar n\u0117ra pakeitim\u0173. Apie bet kokius pakeitimus prane\u0161ime \u0161iame puslapyje paskelbdami nauj\u0105 privatumo politik\u0105. \u0160ie pakeitimai \u012fsigalioja i\u0161 karto po j\u0173 paskelbimo \u0161iame puslapyje.<\/p>\n\n\n\n<h2 class=\"wp-block-heading\">Susisiekite su mumis<\/h2>\n\n\n\n<p>Jei turite klausim\u0173 ar pasi\u016blym\u0173 d\u0117l m\u016bs\u0173 privatumo politikos, nedvejokite <a href=\"https:\/\/www.migrantglobal.com\/lt\/susisiekite-su-mumis\/\">Susisiekite su mumis.<\/a><\/p>","protected":false},"excerpt":{"rendered":"<p>At Migrant Global, accessible from migrantglobal.com, one of our main priorities is the privacy of our visitors. This Privacy Policy document contains types of information that is collected and recorded by Migrant Global and how we use it. If you have additional questions or require more information about our Privacy Policy, do not hesitate to [&hellip;]<\/p>\n","protected":false},"author":1,"featured_media":0,"parent":0,"menu_order":0,"comment_status":"closed","ping_status":"closed","template":"","meta":{"footnotes":""},"class_list":["post-309","page","type-page","status-publish","hentry"],"_links":{"self":[{"href":"https:\/\/www.migrantglobal.com\/lt\/wp-json\/wp\/v2\/pages\/309","targetHints":{"allow":["GET"]}}],"collection":[{"href":"https:\/\/www.migrantglobal.com\/lt\/wp-json\/wp\/v2\/pages"}],"about":[{"href":"https:\/\/www.migrantglobal.com\/lt\/wp-json\/wp\/v2\/types\/page"}],"author":[{"embeddable":true,"href":"https:\/\/www.migrantglobal.com\/lt\/wp-json\/wp\/v2\/users\/1"}],"replies":[{"embeddable":true,"href":"https:\/\/www.migrantglobal.com\/lt\/wp-json\/wp\/v2\/comments?post=309"}],"version-history":[{"count":3,"href":"https:\/\/www.migrantglobal.com\/lt\/wp-json\/wp\/v2\/pages\/309\/revisions"}],"predecessor-version":[{"id":313,"href":"https:\/\/www.migrantglobal.com\/lt\/wp-json\/wp\/v2\/pages\/309\/revisions\/313"}],"wp:attachment":[{"href":"https:\/\/www.migrantglobal.com\/lt\/wp-json\/wp\/v2\/media?parent=309"}],"curies":[{"name":"wp","href":"https:\/\/api.w.org\/{rel}","templated":true}]}}