{"id":323,"date":"2023-04-25T17:13:13","date_gmt":"2023-04-25T17:13:13","guid":{"rendered":"https:\/\/migrantglobal.com\/?page_id=323"},"modified":"2023-04-25T17:13:17","modified_gmt":"2023-04-25T17:13:17","slug":"terms-and-conditions","status":"publish","type":"page","link":"https:\/\/www.migrantglobal.com\/lt\/terminai-ir-salygos\/","title":{"rendered":"Taisykl\u0117s ir s\u0105lygos"},"content":{"rendered":"<p>Sveiki atvyk\u0119 \u012f \u201eMigrant Global\u201c!<\/p>\n\n\n\n<p>\u0160iose s\u0105lygose apra\u0161omos \u201eMigrant Global\u201c svetain\u0117s, esan\u010dios adresu migrantglobal.com, naudojimo taisykl\u0117s ir nuostatai.<\/p>\n\n\n\n<p>Prisijungdami prie \u0161ios svetain\u0117s manome, kad sutinkate su \u0161iomis s\u0105lygomis. Nenaudokite Migrant Global, jei nesutinkate laikytis vis\u0173 \u0161iame puslapyje nurodyt\u0173 s\u0105lyg\u0173.<\/p>\n\n\n\n<p>\u0160ioms S\u0105lygoms ir s\u0105lygoms, Privatumo parei\u0161kimui ir Atsakomyb\u0117s apribojimui bei visoms sutartims taikoma \u0161i terminija: \u201eKlientas\u201c, \u201eJ\u016bs\u201c ir \u201eJ\u016bs\u0173\u201c rei\u0161kia jus, asmen\u012f, prisijungus\u012f prie \u0161ios svetain\u0117s ir atitinkant\u012f Bendrov\u0117s s\u0105lygas. \u201eBendrov\u0117\u201c, \u201eMes\u201c, \u201eMes\u201c, \u201eM\u016bs\u0173\u201c ir \u201eMes\u201c rei\u0161kia m\u016bs\u0173 \u012fmon\u0119. \u201e\u0160alis\u201c, \u201e\u0160alys\u201c arba \u201emes\u201c rei\u0161kia ir Klient\u0105, ir mus pa\u010dius. Visos s\u0105lygos rei\u0161kia pasi\u016blym\u0105, pri\u0117mim\u0105 ir apmok\u0117jim\u0105, reikaling\u0105 m\u016bs\u0173 pagalbos Klientui procesui atlikti pa\u010diu tinkamiausiu b\u016bdu, kad b\u016bt\u0173 patenkinti Kliento poreikiai, susij\u0119 su Bendrov\u0117s nurodyt\u0173 paslaug\u0173 teikimu, pagal ir atsi\u017evelgiant \u012f m\u016bs\u0173 vyraujan\u010dius \u012fstatymus. Bet koks pirmiau pateiktos terminijos ar kit\u0173 \u017eod\u017ei\u0173 vartojimas vienaskaitoje, daugiskaitoje, did\u017eiosiomis raid\u0117mis ir (arba) jis (ji) yra pakei\u010diami ir tod\u0117l rei\u0161kia t\u0105 pat\u012f.<\/p>\n\n\n\n<h3 class=\"wp-block-heading\"><strong>Slapukai<\/strong><\/h3>\n\n\n\n<p>Mes naudojame slapukus. Prisijungdami prie \u201eMigrant Global\u201c sutikote naudoti slapukus pagal \u201eMigrant Global\u201c privatumo politik\u0105.<\/p>\n\n\n\n<p>Dauguma interaktyvi\u0173 svetaini\u0173 naudoja slapukus, kad gal\u0117tume gauti kiekvieno apsilankymo naudotojo informacij\u0105. Slapukai naudojami m\u016bs\u0173 svetain\u0117je, kad \u012fgalint\u0173 tam tikr\u0173 sri\u010di\u0173 funkcionalum\u0105, kad b\u016bt\u0173 lengviau m\u016bs\u0173 svetain\u0117je besilankantiems \u017emon\u0117ms. Kai kurie m\u016bs\u0173 filialai \/ reklamos partneriai taip pat gali naudoti slapukus.<\/p>\n\n\n\n<h3 class=\"wp-block-heading\"><strong>Licencija<\/strong><\/h3>\n\n\n\n<p>Jei nenurodyta kitaip, \u201eMigrant Global\u201c ir (arba) jos licencij\u0173 i\u0161dav\u0117jai priklauso visos \u201eMigrant Global\u201c med\u017eiagos intelektin\u0117s nuosavyb\u0117s teis\u0117s. Visos intelektin\u0117s nuosavyb\u0117s teis\u0117s yra saugomos. Tai galite pasiekti i\u0161 \u201eMigrant Global\u201c savo asmeniniam naudojimui, laikantis \u0161iose s\u0105lygose nustatyt\u0173 apribojim\u0173.<\/p>\n\n\n\n<p>Tu netur\u0117tum:<\/p>\n\n\n\n<ul class=\"wp-block-list\">\n<li>I\u0161 naujo paskelbkite \u201eMigrant Global\u201c med\u017eiag\u0105<\/li>\n\n\n\n<li>Parduokite, i\u0161sinuomokite arba sublicencijuokite med\u017eiag\u0105 i\u0161 \u201eMigrant Global\u201c.<\/li>\n\n\n\n<li>Atgaminti, kopijuoti arba kopijuoti med\u017eiag\u0105 i\u0161 \u201eMigrant Global\u201c.<\/li>\n\n\n\n<li>Perskirstykite turin\u012f i\u0161 \u201eMigrant Global\u201c.<\/li>\n<\/ul>\n\n\n\n<p>Kai kurios \u0161ios svetain\u0117s dalys suteikia vartotojams galimyb\u0119 skelbti ir keistis nuomon\u0117mis bei informacija tam tikrose svetain\u0117s srityse. \u201eMigrant Global\u201c nefiltruoja, neredaguoja, neskelbia ir neper\u017ei\u016bri komentar\u0173, kol jie nepatenka \u012f svetain\u0119. Komentarai neatspindi \u201eMigrant Global\u201c, jos agent\u0173 ir (arba) susijusi\u0173 \u012fmoni\u0173 po\u017ei\u016brio ir nuomon\u0117s. Komentarai atspindi asmens, kuris skelbia savo nuomon\u0119 ir nuomones, pa\u017ei\u016bras ir nuomones. Tiek, kiek leid\u017eia taikomi \u012fstatymai, \u201eMigrant Global\u201c n\u0117ra atsakinga u\u017e komentarus arba u\u017e bet koki\u0105 atsakomyb\u0119, \u017eal\u0105 ar i\u0161laidas, atsiradusias ir (arba) patirtas d\u0117l bet kokio Komentar\u0173 naudojimo ir (arba) paskelbimo ir (arba) pasirodymo. \u0161i svetain\u0117.<\/p>\n\n\n\n<p>\u201eMigrant Global\u201c pasilieka teis\u0119 steb\u0117ti visus Komentarus ir pa\u0161alinti visus Komentarus, kurie gali b\u016bti laikomi netinkamais, \u012f\u017eeid\u017eian\u010diais arba d\u0117l kuri\u0173 pa\u017eeid\u017eiamos \u0161ios s\u0105lygos ir s\u0105lygos.<\/p>\n\n\n\n<p>J\u016bs garantuojate ir parei\u0161kiate, kad:<\/p>\n\n\n\n<ul class=\"wp-block-list\">\n<li>J\u016bs turite teis\u0119 skelbti komentarus m\u016bs\u0173 svetain\u0117je ir tur\u0117ti visas tam reikalingas licencijas ir sutikimus;<\/li>\n\n\n\n<li>Komentarai nepa\u017eeid\u017eia joki\u0173 intelektin\u0117s nuosavyb\u0117s teisi\u0173, \u012fskaitant, bet neapsiribojant, bet kurios tre\u010diosios \u0161alies autori\u0173 teises, patent\u0105 ar prek\u0117s \u017eenkl\u0105;<\/li>\n\n\n\n<li>Komentaruose n\u0117ra jokios \u0161mei\u017eiki\u0161kos, \u0161mei\u017eiki\u0161kos, \u012f\u017eeid\u017eian\u010dios, nepadorios ar kitaip neteis\u0117tos med\u017eiagos, kuri pa\u017eeid\u017eia privatum\u0105<\/li>\n\n\n\n<li>Komentarai nebus naudojami siekiant paskatinti ar reklamuoti versl\u0105 ar papro\u010dius arba pristatyti komercin\u0119 ar neteis\u0117t\u0105 veikl\u0105.<\/li>\n<\/ul>\n\n\n\n<p>J\u016bs suteikiate \u201eMigrant Global\u201c nei\u0161skirtin\u0119 licencij\u0105 naudoti, atkurti, redaguoti ir leisti kitiems naudoti, atkurti ir redaguoti bet kokius j\u016bs\u0173 komentarus bet kokia forma, formatu ar laikmena.<\/p>\n\n\n\n<h3 class=\"wp-block-heading\"><strong>Hipersaitas \u012f m\u016bs\u0173 turin\u012f<\/strong><\/h3>\n\n\n\n<p>\u0160ios organizacijos gali pateikti nuorodas \u012f m\u016bs\u0173 svetain\u0119 be i\u0161ankstinio ra\u0161ti\u0161ko sutikimo:<\/p>\n\n\n\n<ul class=\"wp-block-list\">\n<li>Vyriausyb\u0117s \u012fstaigos;<\/li>\n\n\n\n<li>Paie\u0161kos sistemos;<\/li>\n\n\n\n<li>Naujien\u0173 organizacijos;<\/li>\n\n\n\n<li>Internetini\u0173 katalog\u0173 platintojai gali pateikti nuorodas \u012f m\u016bs\u0173 svetain\u0119 taip pat, kaip ir hipersaitus \u012f kit\u0173 s\u0105ra\u0161e esan\u010di\u0173 \u012fmoni\u0173 svetaines; ir<\/li>\n\n\n\n<li>Visos sistemos akredituotos \u012fmon\u0117s, i\u0161skyrus ne pelno organizacijas, labdaros prekybos centrus ir labdaros l\u0117\u0161\u0173 rinkimo grupes, kurios negali tur\u0117ti hipersait\u0173 \u012f m\u016bs\u0173 svetain\u0119.<\/li>\n<\/ul>\n\n\n\n<p>\u0160ios organizacijos gali pateikti nuorodas \u012f m\u016bs\u0173 pagrindin\u012f puslap\u012f, leidinius ar kit\u0105 Svetain\u0117s informacij\u0105, jei nuoroda: (a) jokiu b\u016bdu n\u0117ra apgaulinga; b) klaidingai nerei\u0161kia, kad remia, remia arba patvirtina susiejan\u010di\u0105 \u0161al\u012f ir jos produktus ir (arba) paslaugas; ir c) atitinka susiejan\u010dios \u0161alies svetain\u0117s kontekst\u0105.<\/p>\n\n\n\n<p>Galime apsvarstyti ir patvirtinti kitas susiejimo u\u017eklausas i\u0161 \u0161i\u0173 tip\u0173 organizacij\u0173:<\/p>\n\n\n\n<ul class=\"wp-block-list\">\n<li>pla\u010diai \u017einomi vartotoj\u0173 ir (arba) verslo informacijos \u0161altiniai;<\/li>\n\n\n\n<li>dot.com bendruomen\u0117s svetain\u0117s;<\/li>\n\n\n\n<li>asociacijos ar kitos grup\u0117s, atstovaujan\u010dios labdaros organizacijoms;<\/li>\n\n\n\n<li>Internetiniai katalog\u0173 platintojai;<\/li>\n\n\n\n<li>interneto portalai;<\/li>\n\n\n\n<li>apskaitos, teis\u0117s ir konsultacij\u0173 \u012fmon\u0117s; ir<\/li>\n\n\n\n<li>\u0161vietimo \u012fstaigos ir prekybos asociacijos.<\/li>\n<\/ul>\n\n\n\n<p>Patvirtinsime \u0161i\u0173 organizacij\u0173 susiejimo u\u017eklausas, jei nuspr\u0119sime, kad: (a) nuoroda nesukels m\u016bs\u0173 nepalankios nuomon\u0117s sau ar m\u016bs\u0173 akredituotoms \u012fmon\u0117ms; (b) organizacija neturi joki\u0173 neigiam\u0173 \u012fra\u0161\u0173 su mumis; (c) nauda i\u0161 hipersaito matomumo kompensuoja \u201eMigrant Global\u201c nebuvim\u0105; ir d) nuoroda yra bendros informacijos apie i\u0161teklius kontekste.<\/p>\n\n\n\n<p>\u0160ios organizacijos gali pateikti nuorodas \u012f m\u016bs\u0173 pagrindin\u012f puslap\u012f, jei nuoroda: (a) jokiu b\u016bdu n\u0117ra apgaulinga; b) klaidingai nerei\u0161kia, kad remia, remia arba patvirtina susiejan\u010di\u0105 \u0161al\u012f ir jos produktus ar paslaugas; ir c) atitinka susiejan\u010dios \u0161alies svetain\u0117s kontekst\u0105.<\/p>\n\n\n\n<p>Jei esate viena i\u0161 auk\u0161\u010diau esan\u010dioje 2 pastraipoje i\u0161vardyt\u0173 organizacij\u0173 ir norite pateikti nuorod\u0105 \u012f m\u016bs\u0173 svetain\u0119, turite apie tai mus informuoti atsi\u0173sdami el. lai\u0161k\u0105 \u201eMigrant Global\u201c. \u012etraukite savo vard\u0105, organizacijos pavadinim\u0105, kontaktin\u0119 informacij\u0105, taip pat savo svetain\u0117s URL, vis\u0173 URL, i\u0161 kuri\u0173 ketinate nukreipti \u012f m\u016bs\u0173 svetain\u0119, s\u0105ra\u0161\u0105 ir m\u016bs\u0173 svetain\u0117s URL, \u012f kuriuos norite patekti, s\u0105ra\u0161\u0105. nuoroda. Palaukite 2\u20133 savaites atsakymo.<\/p>\n\n\n\n<p>Patvirtintos organizacijos gali pateikti hipersait\u0105 \u012f m\u016bs\u0173 svetain\u0119 taip:<\/p>\n\n\n\n<ul class=\"wp-block-list\">\n<li>Naudojant m\u016bs\u0173 \u012fmon\u0117s pavadinim\u0105; arba<\/li>\n\n\n\n<li>Naudojant vienod\u0105 i\u0161tekli\u0173 ie\u0161kikl\u012f, su kuriuo susieta; arba<\/li>\n\n\n\n<li>Naudojant bet kok\u012f kit\u0105 m\u016bs\u0173 svetain\u0117s, su kuria susietos nuorodos, apra\u0161ym\u0105, tai yra prasminga susiejan\u010dios \u0161alies svetain\u0117s turinio kontekste ir formate.<\/li>\n<\/ul>\n\n\n\n<p>Jei n\u0117ra prek\u0117s \u017eenklo licencijos sutarties, susiejant nebus leid\u017eiama naudoti \u201eMigrant Global\u201c logotipo ar kit\u0173 meno k\u016brini\u0173.<\/p>\n\n\n\n<h3 class=\"wp-block-heading\"><strong>iFrames<\/strong><\/h3>\n\n\n\n<p>Be i\u0161ankstinio patvirtinimo ir ra\u0161ti\u0161ko leidimo negalite aplink m\u016bs\u0173 tinklalapius kurti r\u0117meli\u0173, kurie kaip nors pakeist\u0173 m\u016bs\u0173 svetain\u0117s vizualin\u012f pateikim\u0105 ar i\u0161vaizd\u0105.<\/p>\n\n\n\n<h3 class=\"wp-block-heading\"><strong>Turinio atsakomyb\u0117<\/strong><\/h3>\n\n\n\n<p>Mes neprisiimame atsakomyb\u0117s u\u017e bet kok\u012f turin\u012f, kuris rodomas j\u016bs\u0173 svetain\u0117je. J\u016bs sutinkate apsaugoti ir ginti mus nuo vis\u0173 pretenzij\u0173, kylan\u010di\u0173 j\u016bs\u0173 svetain\u0117je. Jokioje svetain\u0117je netur\u0117t\u0173 b\u016bti nuorod\u0173, kurios gali b\u016bti interpretuojamos kaip \u0161mei\u017eiki\u0161kos, nepadorios ar nusikalstamos arba pa\u017eeid\u017eian\u010dios, kitaip pa\u017eeid\u017eian\u010dios arba skatinan\u010dios pa\u017eeisti ar kitaip pa\u017eeisti tre\u010di\u0173j\u0173 \u0161ali\u0173 teises.<\/p>\n\n\n\n<h3 class=\"wp-block-heading\"><strong>Teisi\u0173 rezervavimas<\/strong><\/h3>\n\n\n\n<p>Pasiliekame teis\u0119 pra\u0161yti, kad pa\u0161alintum\u0117te visas nuorodas arba bet kuri\u0105 konkre\u010di\u0105 nuorod\u0105 \u012f m\u016bs\u0173 svetain\u0119. J\u016bs sutinkate nedelsiant pa\u0161alinti visas nuorodas \u012f m\u016bs\u0173 svetain\u0119, pateik\u0119 pra\u0161ym\u0105. Taip pat pasiliekame teis\u0119 bet kada keisti \u0161ias s\u0105lygas ir susiejimo politik\u0105. Nuolat si\u0173sdami nuorod\u0105 \u012f m\u016bs\u0173 svetain\u0119, sutinkate laikytis \u0161i\u0173 susiejimo s\u0105lyg\u0173 ir s\u0105lyg\u0173.<\/p>\n\n\n\n<h3 class=\"wp-block-heading\"><strong>Nuorod\u0173 pa\u0161alinimas i\u0161 m\u016bs\u0173 svetain\u0117s<\/strong><\/h3>\n\n\n\n<p>Jei m\u016bs\u0173 svetain\u0117je radote koki\u0105 nors nuorod\u0105, kuri d\u0117l kokios nors prie\u017easties yra \u012f\u017eeid\u017eianti, galite bet kuriuo metu susisiekti su mumis ir apie tai prane\u0161ti. Mes svarstysime pra\u0161ymus pa\u0161alinti nuorodas, bet nesame \u012fpareigoti arba taip arba atsakyti jums tiesiogiai.<\/p>\n\n\n\n<p>Mes neu\u017etikriname, kad informacija \u0161ioje svetain\u0117je yra teisinga, negarantuojame jos i\u0161samumo ar tikslumo; taip pat nepa\u017eadame u\u017etikrinti, kad svetain\u0117 i\u0161likt\u0173 prieinama arba kad svetain\u0117je esanti med\u017eiaga b\u016bt\u0173 nuolat atnaujinama.<\/p>\n\n\n\n<h3 class=\"wp-block-heading\"><strong>Atsisakymas<\/strong><\/h3>\n\n\n\n<p>Kiek tai leid\u017eia taikytini \u012fstatymai, ne\u012ftraukiame joki\u0173 parei\u0161kim\u0173, garantij\u0173 ir s\u0105lyg\u0173, susijusi\u0173 su m\u016bs\u0173 svetaine ir \u0161ios svetain\u0117s naudojimu. Niekas \u0161iame atsakomyb\u0117s atsisakyme:<\/p>\n\n\n\n<ul class=\"wp-block-list\">\n<li>apriboti arba panaikinti m\u016bs\u0173 ar j\u016bs\u0173 atsakomyb\u0119 u\u017e mirt\u012f ar asmens su\u017ealojim\u0105;<\/li>\n\n\n\n<li>apriboti arba pa\u0161alinti m\u016bs\u0173 arba j\u016bs\u0173 atsakomyb\u0119 u\u017e suk\u010diavim\u0105 ar apgauling\u0105 klaidinant\u012f pateikim\u0105;<\/li>\n\n\n\n<li>apriboti bet kokius m\u016bs\u0173 ar j\u016bs\u0173 \u012fsipareigojimus bet kokiu b\u016bdu, kuris neleid\u017eiamas pagal galiojan\u010dius \u012fstatymus; arba<\/li>\n\n\n\n<li>ne\u012ftraukti joki\u0173 m\u016bs\u0173 ar j\u016bs\u0173 \u012fsipareigojim\u0173, kurie negali b\u016bti atmesti pagal galiojan\u010dius \u012fstatymus.<\/li>\n<\/ul>\n\n\n\n<p>Atsakomyb\u0117s apribojimai ir draudimai, nustatyti \u0161iame skirsnyje ir kitur \u0161iame atsakomyb\u0117s atsisakyme: (a) taikomi ankstesn\u0117je pastraipoje; ir (b) reglamentuoja visus \u012fsipareigojimus, kylan\u010dius d\u0117l atsakomyb\u0117s atsisakymo, \u012fskaitant \u012fsipareigojimus, kylan\u010dius i\u0161 sutarties, delikto ir d\u0117l \u012fstatym\u0173 nustatyt\u0173 pareig\u0173 pa\u017eeidimo.<\/p>\n\n\n\n<p>Kol svetain\u0117 ir svetain\u0117je esanti informacija bei paslaugos bus teikiamos nemokamai, mes neatsakome u\u017e bet kokio pob\u016bd\u017eio nuostolius ar \u017eal\u0105.<\/p>","protected":false},"excerpt":{"rendered":"<p>Welcome to Migrant Global! These terms and conditions outline the rules and regulations for the use of Migrant Global&#8217;s Website, located at migrantglobal.com. By accessing this website we assume you accept these terms and conditions. Do not continue to use Migrant Global if you do not agree to take all of the terms and conditions [&hellip;]<\/p>\n","protected":false},"author":1,"featured_media":0,"parent":0,"menu_order":0,"comment_status":"closed","ping_status":"closed","template":"","meta":{"footnotes":""},"class_list":["post-323","page","type-page","status-publish","hentry"],"_links":{"self":[{"href":"https:\/\/www.migrantglobal.com\/lt\/wp-json\/wp\/v2\/pages\/323","targetHints":{"allow":["GET"]}}],"collection":[{"href":"https:\/\/www.migrantglobal.com\/lt\/wp-json\/wp\/v2\/pages"}],"about":[{"href":"https:\/\/www.migrantglobal.com\/lt\/wp-json\/wp\/v2\/types\/page"}],"author":[{"embeddable":true,"href":"https:\/\/www.migrantglobal.com\/lt\/wp-json\/wp\/v2\/users\/1"}],"replies":[{"embeddable":true,"href":"https:\/\/www.migrantglobal.com\/lt\/wp-json\/wp\/v2\/comments?post=323"}],"version-history":[{"count":1,"href":"https:\/\/www.migrantglobal.com\/lt\/wp-json\/wp\/v2\/pages\/323\/revisions"}],"predecessor-version":[{"id":324,"href":"https:\/\/www.migrantglobal.com\/lt\/wp-json\/wp\/v2\/pages\/323\/revisions\/324"}],"wp:attachment":[{"href":"https:\/\/www.migrantglobal.com\/lt\/wp-json\/wp\/v2\/media?parent=323"}],"curies":[{"name":"wp","href":"https:\/\/api.w.org\/{rel}","templated":true}]}}