{"id":426,"date":"2023-04-26T06:52:36","date_gmt":"2023-04-26T06:52:36","guid":{"rendered":"https:\/\/migrantglobal.com\/?page_id=426"},"modified":"2023-05-02T08:40:27","modified_gmt":"2023-05-02T08:40:27","slug":"partner-information","status":"publish","type":"page","link":"https:\/\/www.migrantglobal.com\/lt\/partnerio-informacija\/","title":{"rendered":"Partnerio informacija"},"content":{"rendered":"<div data-elementor-type=\"wp-page\" data-elementor-id=\"426\" class=\"elementor elementor-426\">\n\t\t\t\t\t\t<section class=\"elementor-section elementor-top-section elementor-element elementor-element-7182bb8 elementor-section-boxed elementor-section-height-default elementor-section-height-default\" data-id=\"7182bb8\" data-element_type=\"section\" data-e-type=\"section\">\n\t\t\t\t\t\t<div class=\"elementor-container elementor-column-gap-default\">\n\t\t\t\t\t<div class=\"elementor-column elementor-col-100 elementor-top-column elementor-element elementor-element-411e58b\" data-id=\"411e58b\" data-element_type=\"column\" data-e-type=\"column\">\n\t\t\t<div class=\"elementor-widget-wrap elementor-element-populated\">\n\t\t\t\t\t\t<div class=\"elementor-element elementor-element-30d0f61 elementor-widget elementor-widget-heading\" data-id=\"30d0f61\" data-element_type=\"widget\" data-e-type=\"widget\" data-widget_type=\"heading.default\">\n\t\t\t\t<div class=\"elementor-widget-container\">\n\t\t\t\t\t<h2 class=\"elementor-heading-title elementor-size-default\">Partnerio informacija<\/h2>\t\t\t\t<\/div>\n\t\t\t\t<\/div>\n\t\t\t\t\t<\/div>\n\t\t<\/div>\n\t\t\t\t\t<\/div>\n\t\t<\/section>\n\t\t\t\t<section class=\"elementor-section elementor-top-section elementor-element elementor-element-67bf081 elementor-section-boxed elementor-section-height-default elementor-section-height-default\" data-id=\"67bf081\" data-element_type=\"section\" data-e-type=\"section\">\n\t\t\t\t\t\t<div class=\"elementor-container elementor-column-gap-default\">\n\t\t\t\t\t<div class=\"elementor-column elementor-col-100 elementor-top-column elementor-element elementor-element-f04c905\" data-id=\"f04c905\" data-element_type=\"column\" data-e-type=\"column\">\n\t\t\t<div class=\"elementor-widget-wrap elementor-element-populated\">\n\t\t\t\t\t\t<div class=\"elementor-element elementor-element-966ce93 elementor-widget elementor-widget-text-editor\" data-id=\"966ce93\" data-element_type=\"widget\" data-e-type=\"widget\" data-widget_type=\"text-editor.default\">\n\t\t\t\t<div class=\"elementor-widget-container\">\n\t\t\t\t\t\t\t\t\t<p><strong>M\u016bs\u0173 persiuntimo re\u017eimas;<\/strong><\/p><ul><li>J\u016bs sumokate mums 10% mokes\u010di\u0173, kuriuos imate i\u0161 kliento u\u017e paslaug\u0105, kuri\u0105 teikiate klientui. Tai taikoma kiekvienam klientui, kur\u012f gaunate i\u0161 m\u016bs\u0173 arba per tinkl\u0105, ir kiekvienai klientui teikiamai paslaugai<\/li><li>Mes gauname atlyginim\u0105, kai j\u016bs gaunate. Jei gausite u\u017estat\u0105, gausime 10%<\/li><li>Visi potencial\u016bs klientai siun\u010diami tam tikram teik\u0117j\u0173 skai\u010diui m\u016bs\u0173 skydelyje arba tinkle. Klientas pasirenka, su kuo nor\u0117s dirbti.<\/li><li>Mes i\u0161laikome pagrindin\u012f vaidmen\u012f kaip m\u016bs\u0173 klientas ir turime teis\u0119 bendrauti su klientu, \u012fskaitant, bet neapsiribojant, atsiliepim\u0173 apie klientui teikiamas paslaugas gavim\u0105.<\/li><li>Kai klientui reikia kit\u0173 paslaug\u0173, kuri\u0173 j\u016bs neteikiate, turite nukreipti klient\u0105 \u012f tinkl\u0105; tik tada, kai negal\u0117sime suteikti paslaugos, gal\u0117site pateikti klientui kit\u0173 tre\u010di\u0173j\u0173 \u0161ali\u0173 paslaug\u0173 teik\u0117j\u0173 duomenis.<\/li><li>Jei nukreipsite bet kur\u012f klient\u0105 bet kuriam grup\u0117s nariui, gausite 5%, o mes - 5%<\/li><li>Jei sutinkate su tuo, kas i\u0161d\u0117styta pirmiau, mielai dirbsime su jumis<\/li><\/ul><p>\u00a0<\/p><p><strong>Pastaba teisininkams<\/strong><\/p><p>(Jei j\u016bs\u0173 jurisdikcija nepriima siuntimo mokes\u010di\u0173, negal\u0117sime su jumis dirbti.)<\/p>\t\t\t\t\t\t\t\t<\/div>\n\t\t\t\t<\/div>\n\t\t\t\t<div class=\"elementor-element elementor-element-99c06ff elementor-widget elementor-widget-shortcode\" data-id=\"99c06ff\" data-element_type=\"widget\" data-e-type=\"widget\" data-widget_type=\"shortcode.default\">\n\t\t\t\t<div class=\"elementor-widget-container\">\n\t\t\t\t\t\t\t<div class=\"elementor-shortcode\"><div class=\"forminator-ui forminator-custom-form forminator-custom-form-428 forminator-design--default  forminator_ajax\" data-forminator-render=\"0\" data-form=\"forminator-module-428\" data-uid=\"69da239aced5a\"><br\/><\/div><form\n\t\t\t\tid=\"forminator-module-428\"\n\t\t\t\tclass=\"forminator-ui forminator-custom-form forminator-custom-form-428 forminator-design--default  forminator_ajax\"\n\t\t\t\tmethod=\"post\"\n\t\t\t\tdata-forminator-render=\"0\"\n\t\t\t\tdata-form-id=\"428\"\n\t\t\t\t data-color-option=\"default\" data-design=\"default\" data-grid=\"open\" style=\"display: none;\"\n\t\t\t\tdata-uid=\"69da239aced5a\" action=\"\"\n\t\t\t><div role=\"alert\" aria-live=\"polite\" class=\"forminator-response-message forminator-error\" aria-hidden=\"true\"><\/div><div class=\"forminator-row\"><div id=\"consent-1\" class=\"forminator-field-consent forminator-col forminator-col-12\"><div class=\"forminator-field\"><label for=\"forminator-field-consent-1_69da239aced5a\" id=\"forminator-field-consent-1_69da239aced5a-label\" class=\"forminator-label\">susitarimas <span class=\"forminator-required\">*<\/span><\/label><div class=\"forminator-checkbox__wrapper\"><label id=\"forminator-field-consent-1_69da239aced5a__label\" class=\"forminator-checkbox forminator-consent\"><input type=\"checkbox\" name=\"consent-1\" id=\"forminator-field-consent-1_69da239aced5a\" value=\"checked\" aria-labelledby=\"forminator-field-consent-1_69da239aced5a-label\" aria-describedby=\"forminator-field-consent-1_69da239aced5a__description\" data-required=\"true\" aria-required=\"true\" \/><span class=\"forminator-checkbox-box\" aria-hidden=\"true\"><\/span><\/label><div id=\"forminator-field-consent-1_69da239aced5a__description\" class=\"forminator-checkbox__label forminator-consent__label\"><p>Pra\u0161ykite partneryst\u0117s sutarties: Spustel\u0117kite \u017eym\u0117s langel\u012f ir sutikite<\/p><\/div><\/div><\/div><\/div><\/div><input type=\"hidden\" name=\"referer_url\" value=\"\" \/><div class=\"forminator-row forminator-row-last\"><div class=\"forminator-col\"><div class=\"forminator-field\"><button class=\"forminator-button forminator-button-submit\">Priimti<\/button><\/div><\/div><\/div><input type=\"hidden\" id=\"forminator_nonce\" name=\"forminator_nonce\" value=\"3d52fc46ec\" \/><input type=\"hidden\" name=\"_wp_http_referer\" value=\"\/lt\/wp-json\/wp\/v2\/pages\/426\" \/><input type=\"hidden\" name=\"form_id\" value=\"428\"><input type=\"hidden\" name=\"page_id\" value=\"426\"><input type=\"hidden\" name=\"form_type\" value=\"default\"><input type=\"hidden\" name=\"current_url\" value=\"https:\/\/www.migrantglobal.com\/lt\/partnerio-informacija\/\"><input type=\"hidden\" name=\"render_id\" value=\"0\"><input type=\"hidden\" name=\"action\" value=\"forminator_submit_form_custom-forms\"><input type=\"hidden\" name=\"trp-form-language\" value=\"lt\"\/><\/form><\/div>\n\t\t\t\t\t\t<\/div>\n\t\t\t\t<\/div>\n\t\t\t\t\t<\/div>\n\t\t<\/div>\n\t\t\t\t\t<\/div>\n\t\t<\/section>\n\t\t\t\t<\/div>","protected":false},"excerpt":{"rendered":"<p>Partner Information Our Referral Mode; You pay us 10% of the fees you charge the client for the service you are providing to the client. This is for every client you get from us or via the network and for every service you provide to the client We get paid when you get paid. If [&hellip;]<\/p>\n","protected":false},"author":1,"featured_media":0,"parent":0,"menu_order":0,"comment_status":"closed","ping_status":"closed","template":"elementor_header_footer","meta":{"footnotes":""},"class_list":["post-426","page","type-page","status-publish","hentry"],"_links":{"self":[{"href":"https:\/\/www.migrantglobal.com\/lt\/wp-json\/wp\/v2\/pages\/426","targetHints":{"allow":["GET"]}}],"collection":[{"href":"https:\/\/www.migrantglobal.com\/lt\/wp-json\/wp\/v2\/pages"}],"about":[{"href":"https:\/\/www.migrantglobal.com\/lt\/wp-json\/wp\/v2\/types\/page"}],"author":[{"embeddable":true,"href":"https:\/\/www.migrantglobal.com\/lt\/wp-json\/wp\/v2\/users\/1"}],"replies":[{"embeddable":true,"href":"https:\/\/www.migrantglobal.com\/lt\/wp-json\/wp\/v2\/comments?post=426"}],"version-history":[{"count":5,"href":"https:\/\/www.migrantglobal.com\/lt\/wp-json\/wp\/v2\/pages\/426\/revisions"}],"predecessor-version":[{"id":708,"href":"https:\/\/www.migrantglobal.com\/lt\/wp-json\/wp\/v2\/pages\/426\/revisions\/708"}],"wp:attachment":[{"href":"https:\/\/www.migrantglobal.com\/lt\/wp-json\/wp\/v2\/media?parent=426"}],"curies":[{"name":"wp","href":"https:\/\/api.w.org\/{rel}","templated":true}]}}