{"id":323,"date":"2023-04-25T17:13:13","date_gmt":"2023-04-25T17:13:13","guid":{"rendered":"https:\/\/migrantglobal.com\/?page_id=323"},"modified":"2023-04-25T17:13:17","modified_gmt":"2023-04-25T17:13:17","slug":"terms-and-conditions","status":"publish","type":"page","link":"https:\/\/www.migrantglobal.com\/lv\/noteikumi-un-nosacijumi\/","title":{"rendered":"Noteikumi un nosac\u012bjumi"},"content":{"rendered":"<p>Laipni l\u016bdzam Migrant Global!<\/p>\n\n\n\n<p>\u0160ie noteikumi un nosac\u012bjumi izkl\u0101sta noteikumus un noteikumus par Migrant Global t\u012bmek\u013ca vietnes, kas atrodas vietn\u0113 migrantglobal.com, izmanto\u0161anu.<\/p>\n\n\n\n<p>Piek\u013c\u016bstot \u0161ai vietnei, m\u0113s pie\u0146emam, ka piekr\u012btat \u0161iem noteikumiem un nosac\u012bjumiem. Neturpiniet lietot Migrant Global, ja nepiekr\u012btat iev\u0113rot visus \u0161aj\u0101 lap\u0101 nor\u0101d\u012btos noteikumus un nosac\u012bjumus.<\/p>\n\n\n\n<p>Uz \u0161iem Noteikumiem un nosac\u012bjumiem, Pazi\u0146ojumu par konfidencialit\u0101ti un atruna un visiem l\u012bgumiem attiecas \u0161\u0101da terminolo\u0123ija: \u201cKlients\u201d, \u201cJ\u016bs\u201d un \u201cJ\u016bsu\u201d attiecas uz jums, personu, kas piesak\u0101s \u0161aj\u0101 vietn\u0113 un atbilst Uz\u0146\u0113muma noteikumiem un nosac\u012bjumiem. \u201cUz\u0146\u0113mums\u201d, \u201cM\u0113s pa\u0161i\u201d, \u201cM\u0113s\u201d, \u201cM\u016bsu\u201d un \u201cM\u0113s\u201d attiecas uz m\u016bsu uz\u0146\u0113mumu. \u201cPuse\u201d, \u201cPuses\u201d vai \u201cM\u0113s\u201d attiecas gan uz Klientu, gan uz mums pa\u0161iem. Visi termini attiecas uz pied\u0101v\u0101jumu, akceptu un samaksas samaksu, kas nepiecie\u0161ama, lai veiktu m\u016bsu pal\u012bdz\u012bbas procesu Klientam vispiem\u0113rot\u0101kaj\u0101 veid\u0101 skaidri izteiktam m\u0113r\u0137im, lai apmierin\u0101tu Klienta vajadz\u012bbas attiec\u012bb\u0101 uz Sabiedr\u012bbas noteikto pakalpojumu snieg\u0161anu, saska\u0146\u0101 ar un saska\u0146\u0101 ar m\u016bsu sp\u0113k\u0101 eso\u0161ajiem likumiem. Jebkur\u0161 iepriek\u0161 min\u0113t\u0101s terminolo\u0123ijas vai citu v\u0101rdu lietojums vienskaitl\u012b, daudzskaitl\u012b, lielos burtos un\/vai vi\u0146\u0161\/vi\u0146a tiek uzskat\u012bts par savstarp\u0113ji aizvietojamu un t\u0101d\u0113j\u0101di attiecas uz to pa\u0161u.<\/p>\n\n\n\n<h3 class=\"wp-block-heading\"><strong>S\u012bkdatnes<\/strong><\/h3>\n\n\n\n<p>M\u0113s izmantojam s\u012bkdatnes. Piek\u013c\u016bstot Migrant Global, j\u016bs piekrit\u0101t izmantot s\u012bkfailus saska\u0146\u0101 ar Migrant Global priv\u0101tuma politiku.<\/p>\n\n\n\n<p>Liel\u0101k\u0101 da\u013ca interakt\u012bvo viet\u0146u izmanto s\u012bkfailus, lai \u013cautu mums izg\u016bt lietot\u0101ja inform\u0101ciju par katru apmekl\u0113jumu. M\u016bsu vietne izmanto s\u012bkfailus, lai nodro\u0161in\u0101tu noteiktu apgabalu funkcionalit\u0101ti un atvieglotu m\u016bsu vietnes apmekl\u0113\u0161anu cilv\u0113kiem. Da\u017ei no m\u016bsu saist\u012btajiem\/rekl\u0101mas partneriem var izmantot ar\u012b s\u012bkfailus.<\/p>\n\n\n\n<h3 class=\"wp-block-heading\"><strong>Licence<\/strong><\/h3>\n\n\n\n<p>Ja nav nor\u0101d\u012bts cit\u0101di, uz\u0146\u0113mumam Migrant Global un\/vai t\u0101 licences dev\u0113jiem pieder intelektu\u0101l\u0101 \u012bpa\u0161uma ties\u012bbas uz visu materi\u0101lu vietn\u0113 Migrant Global. Visas intelektu\u0101l\u0101 \u012bpa\u0161uma ties\u012bbas ir patur\u0113tas. J\u016bs varat tai piek\u013c\u016bt no Migrant Global sav\u0101m person\u012bg\u0101m vajadz\u012bb\u0101m, iev\u0113rojot \u0161ajos noteikumos un nosac\u012bjumos noteiktos ierobe\u017eojumus.<\/p>\n\n\n\n<p>Tu nedr\u012bksti:<\/p>\n\n\n\n<ul class=\"wp-block-list\">\n<li>P\u0101rpublic\u0113jiet materi\u0101lu no Migrant Global<\/li>\n\n\n\n<li>P\u0101rdodiet, iznom\u0101jiet vai izsniedziet apak\u0161licenci no Migrant Global<\/li>\n\n\n\n<li>Reproduc\u0113jiet, dubl\u0113jiet vai kop\u0113jiet materi\u0101lu no Migrant Global<\/li>\n\n\n\n<li>P\u0101rdal\u012bt saturu no Migrant Global<\/li>\n<\/ul>\n\n\n\n<p>\u0160\u012bs t\u012bmek\u013ca vietnes da\u013cas pied\u0101v\u0101 lietot\u0101jiem iesp\u0113ju public\u0113t un apmain\u012bties ar viedok\u013ciem un inform\u0101ciju noteikt\u0101s vietnes da\u013c\u0101s. Migrant Global nefiltr\u0113, neredi\u0123\u0113, nepublic\u0113 un nep\u0101rskata koment\u0101rus pirms to kl\u0101tb\u016btnes vietn\u0113. Koment\u0101ri neatspogu\u013co Migrant Global, t\u0101 a\u0123entu un\/vai saist\u012bto uz\u0146\u0113mumu uzskatus un viedok\u013cus. Koment\u0101ri atspogu\u013co t\u0101s personas uzskatus un viedok\u013cus, kas public\u0113 savus uzskatus un viedok\u013cus. Cikt\u0101l to pie\u013cauj piem\u0113rojamie ties\u012bbu akti, Migrant Global nav atbild\u012bgs par koment\u0101riem vai par jebk\u0101d\u0101m saist\u012bb\u0101m, zaud\u0113jumiem vai izdevumiem, kas radu\u0161ies un\/vai ciesti jebk\u0101das Koment\u0101ru izmanto\u0161anas un\/vai public\u0113\u0161anas un\/vai par\u0101d\u012b\u0161an\u0101s rezult\u0101t\u0101. \u0161\u012b vietne.<\/p>\n\n\n\n<p>Migrant Global patur ties\u012bbas uzraudz\u012bt visus Koment\u0101rus un no\u0146emt visus koment\u0101rus, kurus var uzskat\u012bt par nepiem\u0113rotiem, aizskaro\u0161iem vai kuru d\u0113\u013c tiek p\u0101rk\u0101pti \u0161ie Noteikumi un nosac\u012bjumi.<\/p>\n\n\n\n<p>J\u016bs garant\u0113jat un apliecin\u0101t, ka:<\/p>\n\n\n\n<ul class=\"wp-block-list\">\n<li>Jums ir ties\u012bbas ievietot koment\u0101rus m\u016bsu t\u012bmek\u013ca vietn\u0113, un jums ir visas nepiecie\u0161am\u0101s licences un piekri\u0161anas, lai to izdar\u012btu;<\/li>\n\n\n\n<li>Koment\u0101ri neaizskar nek\u0101das intelektu\u0101l\u0101 \u012bpa\u0161uma ties\u012bbas, tostarp bez ierobe\u017eojuma jebkuras tre\u0161\u0101s puses autorties\u012bbas, patents vai pre\u010du z\u012bme;<\/li>\n\n\n\n<li>Koment\u0101ri nesatur nek\u0101dus apmelojo\u0161us, apmelojo\u0161us, aizskaro\u0161us, nepiedien\u012bgus vai cit\u0101di nelikum\u012bgus materi\u0101lus, kas p\u0101rk\u0101pj priv\u0101tumu.<\/li>\n\n\n\n<li>Koment\u0101ri netiks izmantoti, lai aicin\u0101tu vai veicin\u0101tu uz\u0146\u0113m\u0113jdarb\u012bbu vai pas\u016bt\u012bjumu, vai prezent\u0113tu komerci\u0101las darb\u012bbas vai nelikum\u012bgas darb\u012bbas.<\/li>\n<\/ul>\n\n\n\n<p>Ar \u0161o j\u016bs pie\u0161\u0137irat Migrant Global neekskluz\u012bvu licenci izmantot, reproduc\u0113t, redi\u0123\u0113t un pilnvarot citus izmantot, reproduc\u0113t un redi\u0123\u0113t jebkurus j\u016bsu koment\u0101rus jebkur\u0101 form\u0101, form\u0101t\u0101 vai datu nes\u0113j\u0101.<\/p>\n\n\n\n<h3 class=\"wp-block-heading\"><strong>Hipersaite uz m\u016bsu saturu<\/strong><\/h3>\n\n\n\n<p>T\u0101l\u0101k nor\u0101d\u012bt\u0101s organiz\u0101cijas var izveidot saites uz m\u016bsu vietni bez iepriek\u0161\u0113ja rakstiska apstiprin\u0101juma:<\/p>\n\n\n\n<ul class=\"wp-block-list\">\n<li>Vald\u012bbas a\u0123ent\u016bras;<\/li>\n\n\n\n<li>Mekl\u0113t\u0101jprogrammas;<\/li>\n\n\n\n<li>Zi\u0146u organiz\u0101cijas;<\/li>\n\n\n\n<li>Tie\u0161saistes direktoriju izplat\u012bt\u0101ji var izveidot saiti uz m\u016bsu vietni t\u0101d\u0101 pa\u0161\u0101 veid\u0101, k\u0101 tie hipersaiti uz citu sarakst\u0101 iek\u013cautu uz\u0146\u0113mumu vietn\u0113m; un<\/li>\n\n\n\n<li>Sist\u0113mas m\u0113roga akredit\u0113ti uz\u0146\u0113mumi, iz\u0146emot bezpe\u013c\u0146as organiz\u0101ciju, labdar\u012bbas iepirk\u0161an\u0101s centru un labdar\u012bbas l\u012bdzek\u013cu v\u0101k\u0161anas grupu uzaicin\u0101\u0161anu, kas nedr\u012bkst hipersaiti uz m\u016bsu vietni.<\/li>\n<\/ul>\n\n\n\n<p>\u0160\u012bs organiz\u0101cijas var izveidot saites uz m\u016bsu m\u0101jaslapu, publik\u0101cij\u0101m vai citu vietnes inform\u0101ciju, ja vien saite: (a) nek\u0101d\u0101 veid\u0101 nav maldino\u0161a; b) nepatiesi nenor\u0101da uz saist\u012bt\u0101s puses un t\u0101s produktu un\/vai pakalpojumu sponsor\u0113\u0161anu, apstiprin\u0101\u0161anu vai apstiprin\u0101\u0161anu; un c) iek\u013caujas saisto\u0161\u0101s puses vietnes kontekst\u0101.<\/p>\n\n\n\n<p>M\u0113s varam izskat\u012bt un apstiprin\u0101t citus saist\u012b\u0161anas piepras\u012bjumus no \u0161\u0101da veida organiz\u0101cij\u0101m:<\/p>\n\n\n\n<ul class=\"wp-block-list\">\n<li>pla\u0161i paz\u012bstami pat\u0113r\u0113t\u0101ju un\/vai biznesa inform\u0101cijas avoti;<\/li>\n\n\n\n<li>dot.com kopienas vietnes;<\/li>\n\n\n\n<li>asoci\u0101cijas vai citas grupas, kas p\u0101rst\u0101v labdar\u012bbas organiz\u0101cijas;<\/li>\n\n\n\n<li>Tie\u0161saistes direktoriju izplat\u012bt\u0101ji;<\/li>\n\n\n\n<li>interneta port\u0101li;<\/li>\n\n\n\n<li>gr\u0101matved\u012bbas, juristu un konsult\u0101ciju firmas; un<\/li>\n\n\n\n<li>izgl\u012bt\u012bbas iest\u0101d\u0113m un arodbiedr\u012bb\u0101m.<\/li>\n<\/ul>\n\n\n\n<p>M\u0113s apstiprin\u0101sim sai\u0161u piepras\u012bjumus no \u0161\u012bm organiz\u0101cij\u0101m, ja nolemsim, ka: (a) saite nerad\u012bs mums nelabv\u0113l\u012bgu izskatu mums pa\u0161iem vai m\u016bsu akredit\u0113tajiem uz\u0146\u0113mumiem; (b) organiz\u0101cijai mums nav negat\u012bvu ierakstu; (c) m\u016bsu ieguvums no hipersaites redzam\u012bbas kompens\u0113 Migrant Global neesam\u012bbu; un d) saite ir visp\u0101r\u012bgas resursa inform\u0101cijas kontekst\u0101.<\/p>\n\n\n\n<p>\u0160\u012bs organiz\u0101cijas var izveidot saiti uz m\u016bsu m\u0101jaslapu, ja vien saite: (a) nek\u0101d\u0101 veid\u0101 nav maldino\u0161a; b) nepatiesi nenor\u0101da uz saist\u012bt\u0101s puses un t\u0101s produktu vai pakalpojumu sponsor\u0113\u0161anu, apstiprin\u0101\u0161anu vai apstiprin\u0101\u0161anu; un c) iek\u013caujas saisto\u0161\u0101s puses vietnes kontekst\u0101.<\/p>\n\n\n\n<p>Ja esat k\u0101da no 2. punkt\u0101 min\u0113taj\u0101m organiz\u0101cij\u0101m un v\u0113laties izveidot saiti uz m\u016bsu vietni, jums par to ir j\u0101inform\u0113 m\u016bs, nos\u016btot e-pastu uz Migrant Global. L\u016bdzu, iek\u013caujiet savu v\u0101rdu, organiz\u0101cijas nosaukumu, kontaktinform\u0101ciju, k\u0101 ar\u012b savas vietnes URL, sarakstu ar visiem URL, no kuriem pl\u0101nojat izveidot saiti uz m\u016bsu vietni, k\u0101 ar\u012b sarakstu ar m\u016bsu vietnes URL, uz kuriem v\u0113laties piek\u013c\u016bt. saite. Pagaidiet 2-3 ned\u0113\u013cas, lai sa\u0146emtu atbildi.<\/p>\n\n\n\n<p>Apstiprin\u0101t\u0101s organiz\u0101cijas var izveidot hipersaiti uz m\u016bsu vietni \u0161\u0101di:<\/p>\n\n\n\n<ul class=\"wp-block-list\">\n<li>Izmantojot m\u016bsu uz\u0146\u0113muma nosaukumu; vai<\/li>\n\n\n\n<li>Izmantojot vienoto resursu lokatoru, ar kuru ir saist\u012bts; vai<\/li>\n\n\n\n<li>Izmantojot jebkuru citu m\u016bsu t\u012bmek\u013ca vietnes aprakstu, uz kuru ir saite, ir j\u0113ga saisto\u0161\u0101s puses vietnes satura kontekst\u0101 un form\u0101t\u0101.<\/li>\n<\/ul>\n\n\n\n<p>Ja nav pre\u010du z\u012bmes licences l\u012bguma, sai\u0161u veido\u0161anai nav at\u013cauts izmantot Migrant Global logotipu vai citus m\u0101kslas darbus.<\/p>\n\n\n\n<h3 class=\"wp-block-heading\"><strong>iFrames<\/strong><\/h3>\n\n\n\n<p>Bez iepriek\u0161\u0113jas apstiprin\u0101\u0161anas un rakstiskas at\u013caujas j\u016bs nedr\u012bkstat ap m\u016bsu t\u012bmek\u013ca lap\u0101m izveidot r\u0101mjus, kas jebk\u0101d\u0101 veid\u0101 maina m\u016bsu vietnes vizu\u0101lo noform\u0113jumu vai izskatu.<\/p>\n\n\n\n<h3 class=\"wp-block-heading\"><strong>Satura atbild\u012bba<\/strong><\/h3>\n\n\n\n<p>M\u0113s neuz\u0146emamies atbild\u012bbu par saturu, kas par\u0101d\u0101s j\u016bsu vietn\u0113. J\u016bs piekr\u012btat aizsarg\u0101t un aizst\u0101v\u0113t m\u016bs pret vis\u0101m pras\u012bb\u0101m, kas rodas j\u016bsu vietn\u0113. Nevien\u0101 vietn\u0113 nedr\u012bkst par\u0101d\u012bties neviena(-as) saite(-es), ko var interpret\u0113t k\u0101 apmelojo\u0161u, piedauz\u012bgu vai noziedz\u012bgu vai kas p\u0101rk\u0101pj, cit\u0101di p\u0101rk\u0101pj vai atbalsta jebk\u0101du tre\u0161o pu\u0161u ties\u012bbu p\u0101rk\u0101pumus vai citus p\u0101rk\u0101pumus.<\/p>\n\n\n\n<h3 class=\"wp-block-heading\"><strong>Ties\u012bbu rezerv\u0113\u0161ana<\/strong><\/h3>\n\n\n\n<p>M\u0113s paturam ties\u012bbas piepras\u012bt, lai j\u016bs no\u0146emtu visas saites vai jebkuru konkr\u0113tu saiti uz m\u016bsu vietni. J\u016bs piekr\u012btat nekav\u0113joties no\u0146emt visas saites uz m\u016bsu vietni p\u0113c piepras\u012bjuma. M\u0113s ar\u012b paturam ties\u012bbas jebkur\u0101 laik\u0101 groz\u012bt \u0161os noteikumus un nosac\u012bjumus, k\u0101 ar\u012b to saist\u012b\u0161anas politiku. Nep\u0101rtraukti pievienojot saiti uz m\u016bsu vietni, j\u016bs piekr\u012btat iev\u0113rot \u0161os saist\u012b\u0161anas noteikumus un nosac\u012bjumus un tos iev\u0113rot.<\/p>\n\n\n\n<h3 class=\"wp-block-heading\"><strong>Sai\u0161u no\u0146em\u0161ana no m\u016bsu vietnes<\/strong><\/h3>\n\n\n\n<p>Ja m\u016bsu vietn\u0113 atrodat k\u0101du saiti, kas jebk\u0101da iemesla d\u0113\u013c ir aizskaro\u0161a, varat sazin\u0101ties ar mums un inform\u0113t m\u016bs jebkur\u0101 br\u012bd\u012b. M\u0113s izskat\u012bsim piepras\u012bjumus no\u0146emt saites, ta\u010du mums nav pien\u0101kuma vai ar\u012b atbild\u0113t tie\u0161i uz jums.<\/p>\n\n\n\n<p>M\u0113s nenodro\u0161in\u0101m, ka inform\u0101cija \u0161aj\u0101 vietn\u0113 ir pareiza, m\u0113s negarant\u0113jam t\u0101s piln\u012bgumu vai precizit\u0101ti; m\u0113s ar\u012b neapsol\u0101m nodro\u0161in\u0101t, ka vietne joproj\u0101m ir pieejama vai ka vietn\u0113 eso\u0161ie materi\u0101li tiek atjaunin\u0101ti.<\/p>\n\n\n\n<h3 class=\"wp-block-heading\"><strong>Atruna<\/strong><\/h3>\n\n\n\n<p>Cikt\u0101l to pie\u013cauj piem\u0113rojamie ties\u012bbu akti, m\u0113s izsl\u0113dzam visus apliecin\u0101jumus, garantijas un nosac\u012bjumus, kas attiecas uz m\u016bsu vietni un \u0161\u012bs vietnes lieto\u0161anu. Nekas \u0161aj\u0101 atrun\u0101 nenotiks:<\/p>\n\n\n\n<ul class=\"wp-block-list\">\n<li>ierobe\u017eot vai izsl\u0113gt m\u016bsu vai j\u016bsu atbild\u012bbu par n\u0101vi vai miesas boj\u0101jumiem;<\/li>\n\n\n\n<li>ierobe\u017eot vai izsl\u0113gt m\u016bsu vai j\u016bsu atbild\u012bbu par kr\u0101p\u0161anu vai kr\u0101pniecisku maldin\u0101\u0161anu;<\/li>\n\n\n\n<li>ierobe\u017eot jebk\u0101das m\u016bsu vai j\u016bsu saist\u012bbas jebk\u0101d\u0101 veid\u0101, kas nav at\u013cauts saska\u0146\u0101 ar piem\u0113rojamiem ties\u012bbu aktiem; vai<\/li>\n\n\n\n<li>izsl\u0113gt jebk\u0101das m\u016bsu vai j\u016bsu saist\u012bbas, kuras nevar izsl\u0113gt saska\u0146\u0101 ar piem\u0113rojamiem ties\u012bbu aktiem.<\/li>\n<\/ul>\n\n\n\n<p>Atbild\u012bbas ierobe\u017eojumi un aizliegumi, kas noteikti \u0161aj\u0101 sada\u013c\u0101 un citur \u0161aj\u0101 atrun\u0101: (a) ir pak\u013cauti iepriek\u0161\u0113j\u0101 punkta pras\u012bb\u0101m; un (b) reglament\u0113 visas saist\u012bbas, kas izriet no atruna, tostarp saist\u012bbas, kas izriet no l\u012bguma, deliktu un likum\u0101 noteikto pien\u0101kumu p\u0101rk\u0101pumiem.<\/p>\n\n\n\n<p>Kam\u0113r vietne un taj\u0101 eso\u0161\u0101 inform\u0101cija un pakalpojumi tiek nodro\u0161in\u0101ti bez maksas, m\u0113s neuz\u0146emamies atbild\u012bbu par jebk\u0101da veida zaud\u0113jumiem vai boj\u0101jumiem.<\/p>","protected":false},"excerpt":{"rendered":"<p>Welcome to Migrant Global! These terms and conditions outline the rules and regulations for the use of Migrant Global&#8217;s Website, located at migrantglobal.com. By accessing this website we assume you accept these terms and conditions. Do not continue to use Migrant Global if you do not agree to take all of the terms and conditions [&hellip;]<\/p>\n","protected":false},"author":1,"featured_media":0,"parent":0,"menu_order":0,"comment_status":"closed","ping_status":"closed","template":"","meta":{"footnotes":""},"class_list":["post-323","page","type-page","status-publish","hentry"],"_links":{"self":[{"href":"https:\/\/www.migrantglobal.com\/lv\/wp-json\/wp\/v2\/pages\/323","targetHints":{"allow":["GET"]}}],"collection":[{"href":"https:\/\/www.migrantglobal.com\/lv\/wp-json\/wp\/v2\/pages"}],"about":[{"href":"https:\/\/www.migrantglobal.com\/lv\/wp-json\/wp\/v2\/types\/page"}],"author":[{"embeddable":true,"href":"https:\/\/www.migrantglobal.com\/lv\/wp-json\/wp\/v2\/users\/1"}],"replies":[{"embeddable":true,"href":"https:\/\/www.migrantglobal.com\/lv\/wp-json\/wp\/v2\/comments?post=323"}],"version-history":[{"count":1,"href":"https:\/\/www.migrantglobal.com\/lv\/wp-json\/wp\/v2\/pages\/323\/revisions"}],"predecessor-version":[{"id":324,"href":"https:\/\/www.migrantglobal.com\/lv\/wp-json\/wp\/v2\/pages\/323\/revisions\/324"}],"wp:attachment":[{"href":"https:\/\/www.migrantglobal.com\/lv\/wp-json\/wp\/v2\/media?parent=323"}],"curies":[{"name":"wp","href":"https:\/\/api.w.org\/{rel}","templated":true}]}}