{"id":323,"date":"2023-04-25T17:13:13","date_gmt":"2023-04-25T17:13:13","guid":{"rendered":"https:\/\/migrantglobal.com\/?page_id=323"},"modified":"2023-04-25T17:13:17","modified_gmt":"2023-04-25T17:13:17","slug":"terms-and-conditions","status":"publish","type":"page","link":"https:\/\/www.migrantglobal.com\/nb\/vilkar-og-betingelser\/","title":{"rendered":"Vilk\u00e5r og betingelser"},"content":{"rendered":"<p>Velkommen til Migrant Global!<\/p>\n\n\n\n<p>Disse vilk\u00e5rene og betingelsene skisserer reglene og forskriftene for bruk av Migrant Globals nettsted, som ligger p\u00e5 migrantglobal.com.<\/p>\n\n\n\n<p>Ved \u00e5 g\u00e5 inn p\u00e5 denne nettsiden antar vi at du godtar disse vilk\u00e5rene og betingelsene. Ikke fortsett \u00e5 bruke Migrant Global hvis du ikke godtar alle vilk\u00e5rene og betingelsene som er angitt p\u00e5 denne siden.<\/p>\n\n\n\n<p>F\u00f8lgende terminologi gjelder for disse vilk\u00e5rene og betingelsene, personvernerkl\u00e6ringen og ansvarsfraskrivelsen og alle avtaler: &quot;Klient&quot;, &quot;Du&quot; og &quot;Din&quot; refererer til deg, personen som logger p\u00e5 denne nettsiden og er i samsvar med selskapets vilk\u00e5r og betingelser. &quot;Selskapet&quot;, &quot;Oss&quot;, &quot;Vi&quot;, &quot;V\u00e5rt&quot; og &quot;Oss&quot;, refererer til v\u00e5rt selskap. &quot;Parti&quot;, &quot;Parter&quot; eller &quot;Oss&quot;, refererer til b\u00e5de klienten og oss selv. Alle vilk\u00e5r refererer til tilbudet, aksept og vurdering av betaling som er n\u00f8dvendig for \u00e5 gjennomf\u00f8re prosessen med v\u00e5r bistand til Kunden p\u00e5 den mest hensiktsmessige m\u00e5ten for det uttrykkelige form\u00e5let \u00e5 m\u00f8te Kundens behov med hensyn til levering av Selskapets oppgitte tjenester, i henhold til og underlagt, gjeldende lov hos oss. Enhver bruk av terminologien ovenfor eller andre ord i entall, flertall, store bokstaver og\/eller han\/hun eller de, tas som utskiftbare og refererer derfor til samme.<\/p>\n\n\n\n<h3 class=\"wp-block-heading\"><strong>Informasjonskapsler<\/strong><\/h3>\n\n\n\n<p>Vi bruker bruk av informasjonskapsler. Ved \u00e5 g\u00e5 inn p\u00e5 Migrant Global, samtykket du i \u00e5 bruke informasjonskapsler i samsvar med Migrant Globals personvernregler.<\/p>\n\n\n\n<p>De fleste interaktive nettsteder bruker informasjonskapsler for \u00e5 la oss hente brukerens detaljer for hvert bes\u00f8k. Informasjonskapsler brukes av nettstedet v\u00e5rt for \u00e5 aktivere funksjonaliteten til visse omr\u00e5der for \u00e5 gj\u00f8re det enklere for folk som bes\u00f8ker nettstedet v\u00e5rt. Noen av v\u00e5re tilknyttede\/annonseringspartnere kan ogs\u00e5 bruke informasjonskapsler.<\/p>\n\n\n\n<h3 class=\"wp-block-heading\"><strong>Tillatelse<\/strong><\/h3>\n\n\n\n<p>Med mindre annet er oppgitt, eier Migrant Global og\/eller dets lisensgivere de immaterielle rettighetene for alt materiale p\u00e5 Migrant Global. Alle immaterielle rettigheter er forbeholdt. Du kan f\u00e5 tilgang til dette fra Migrant Global for din egen personlige bruk underlagt begrensninger angitt i disse vilk\u00e5rene og betingelsene.<\/p>\n\n\n\n<p>Du m\u00e5 ikke:<\/p>\n\n\n\n<ul class=\"wp-block-list\">\n<li>Publiser materiale fra Migrant Global p\u00e5 nytt<\/li>\n\n\n\n<li>Selge, leie eller underlisensiere materiale fra Migrant Global<\/li>\n\n\n\n<li>Reprodusere, duplisere eller kopiere materiale fra Migrant Global<\/li>\n\n\n\n<li>Omdistribuer innhold fra Migrant Global<\/li>\n<\/ul>\n\n\n\n<p>Deler av denne nettsiden tilbyr en mulighet for brukere til \u00e5 legge ut og utveksle meninger og informasjon p\u00e5 visse omr\u00e5der av nettstedet. Migrant Global filtrerer, redigerer, publiserer eller vurderer ikke kommentarer f\u00f8r de er tilstede p\u00e5 nettstedet. Kommentarer gjenspeiler ikke synspunktene og meningene til Migrant Global, dets agenter og\/eller tilknyttede selskaper. Kommentarer gjenspeiler synspunktene og meningene til personen som legger ut sine synspunkter og meninger. I den grad det er tillatt av gjeldende lover, skal ikke Migrant Global v\u00e6re ansvarlig for kommentarene eller for noe ansvar, skader eller utgifter for\u00e5rsaket og\/eller p\u00e5f\u00f8rt som et resultat av bruk av og\/eller publisering av og\/eller fremkomst av kommentarene p\u00e5 denne nettsiden.<\/p>\n\n\n\n<p>Migrant Global forbeholder seg retten til \u00e5 overv\u00e5ke alle kommentarer og fjerne eventuelle kommentarer som kan anses som upassende, st\u00f8tende eller for\u00e5rsaker brudd p\u00e5 disse vilk\u00e5rene og betingelsene.<\/p>\n\n\n\n<p>Du garanterer og representerer at:<\/p>\n\n\n\n<ul class=\"wp-block-list\">\n<li>Du har rett til \u00e5 legge inn kommentarene p\u00e5 nettstedet v\u00e5rt og har alle n\u00f8dvendige lisenser og samtykker til \u00e5 gj\u00f8re det;<\/li>\n\n\n\n<li>Kommentarene invaderer ikke noen immaterielle rettigheter, inkludert uten begrensning opphavsrett, patent eller varemerke til noen tredjepart;<\/li>\n\n\n\n<li>Kommentarene inneholder ikke noe \u00e6rekrenkende, injurierende, st\u00f8tende, us\u00f8mmelig eller p\u00e5 annen m\u00e5te ulovlig materiale som er en krenkelse av personvernet<\/li>\n\n\n\n<li>Kommentarene vil ikke bli brukt til \u00e5 oppfordre til eller fremme forretninger eller tilpassede eller presentere kommersielle aktiviteter eller ulovlig aktivitet.<\/li>\n<\/ul>\n\n\n\n<p>Du gir herved Migrant Global en ikke-eksklusiv lisens til \u00e5 bruke, reprodusere, redigere og autorisere andre til \u00e5 bruke, reprodusere og redigere noen av kommentarene dine i alle former, formater eller medier.<\/p>\n\n\n\n<h3 class=\"wp-block-heading\"><strong>Hyperkobling til innholdet v\u00e5rt<\/strong><\/h3>\n\n\n\n<p>F\u00f8lgende organisasjoner kan koble til nettstedet v\u00e5rt uten skriftlig forh\u00e5ndsgodkjenning:<\/p>\n\n\n\n<ul class=\"wp-block-list\">\n<li>Offentlige etater;<\/li>\n\n\n\n<li>S\u00f8kemotorer;<\/li>\n\n\n\n<li>Nyhetsorganisasjoner;<\/li>\n\n\n\n<li>Nettkatalogdistribut\u00f8rer kan koble til nettstedet v\u00e5rt p\u00e5 samme m\u00e5te som de hyperlenker til nettstedene til andre oppf\u00f8rte virksomheter; og<\/li>\n\n\n\n<li>Systemomfattende akkrediterte virksomheter unntatt oppfordring til ideelle organisasjoner, veldedige kj\u00f8pesentre og veldedige pengeinnsamlingsgrupper som kanskje ikke hyperlenker til nettstedet v\u00e5rt.<\/li>\n<\/ul>\n\n\n\n<p>Disse organisasjonene kan lenke til v\u00e5r hjemmeside, til publikasjoner eller til annen nettsideinformasjon s\u00e5 lenge lenken: (a) ikke p\u00e5 noen m\u00e5te er villedende; (b) ikke falskt antyder sponsing, godkjenning eller godkjenning av den koblende parten og dens produkter og\/eller tjenester; og (c) passer inn i konteksten til koblingspartens nettsted.<\/p>\n\n\n\n<p>Vi kan vurdere og godkjenne andre koblingsforesp\u00f8rsler fra f\u00f8lgende typer organisasjoner:<\/p>\n\n\n\n<ul class=\"wp-block-list\">\n<li>allment kjente forbruker- og\/eller forretningsinformasjonskilder;<\/li>\n\n\n\n<li>dot.com fellesskapssider;<\/li>\n\n\n\n<li>foreninger eller andre grupper som representerer veldedige organisasjoner;<\/li>\n\n\n\n<li>online katalog distribut\u00f8rer;<\/li>\n\n\n\n<li>Internett-portaler;<\/li>\n\n\n\n<li>regnskaps-, advokat- og konsulentfirmaer; og<\/li>\n\n\n\n<li>utdanningsinstitusjoner og bransjeforeninger.<\/li>\n<\/ul>\n\n\n\n<p>Vi vil godkjenne lenkeforesp\u00f8rsler fra disse organisasjonene hvis vi bestemmer at: (a) koblingen ikke vil f\u00e5 oss til \u00e5 se ugunstig ut for oss selv eller v\u00e5re akkrediterte virksomheter; (b) organisasjonen ikke har noen negative poster hos oss; (c) fordelen for oss fra synligheten til hyperkoblingen kompenserer frav\u00e6ret av Migrant Global; og (d) koblingen er i sammenheng med generell ressursinformasjon.<\/p>\n\n\n\n<p>Disse organisasjonene kan lenke til v\u00e5r hjemmeside s\u00e5 lenge lenken: (a) ikke p\u00e5 noen m\u00e5te er villedende; (b) ikke falskt antyder sponsing, godkjenning eller godkjenning av den tilknyttede parten og dens produkter eller tjenester; og (c) passer inn i konteksten til koblingspartens nettsted.<\/p>\n\n\n\n<p>Hvis du er en av organisasjonene som er oppf\u00f8rt i avsnitt 2 ovenfor og er interessert i \u00e5 koble til nettstedet v\u00e5rt, m\u00e5 du informere oss ved \u00e5 sende en e-post til Migrant Global. Vennligst inkluder navnet ditt, organisasjonens navn, kontaktinformasjon samt nettadressen til nettstedet ditt, en liste over eventuelle nettadresser du har tenkt \u00e5 koble til nettstedet v\u00e5rt fra, og en liste over nettadressene p\u00e5 nettstedet du vil link. Vent 2-3 uker p\u00e5 svar.<\/p>\n\n\n\n<p>Godkjente organisasjoner kan hyperlenke til nettstedet v\u00e5rt som f\u00f8lger:<\/p>\n\n\n\n<ul class=\"wp-block-list\">\n<li>Ved bruk av v\u00e5rt firmanavn; eller<\/li>\n\n\n\n<li>Ved \u00e5 bruke den enhetlige ressurslokalisatoren som er knyttet til; eller<\/li>\n\n\n\n<li>Ved \u00e5 bruke en hvilken som helst annen beskrivelse av nettstedet v\u00e5rt som lenkes til, gir det mening innenfor konteksten og formatet til innholdet p\u00e5 koblingspartens nettsted.<\/li>\n<\/ul>\n\n\n\n<p>Ingen bruk av Migrant Globals logo eller andre kunstverk vil v\u00e6re tillatt for kobling uten en varemerkelisensavtale.<\/p>\n\n\n\n<h3 class=\"wp-block-heading\"><strong>iFrames<\/strong><\/h3>\n\n\n\n<p>Uten forh\u00e5ndsgodkjenning og skriftlig tillatelse, kan du ikke lage rammer rundt nettsidene v\u00e5re som p\u00e5 noen m\u00e5te endrer den visuelle presentasjonen eller utseendet til nettstedet v\u00e5rt.<\/p>\n\n\n\n<h3 class=\"wp-block-heading\"><strong>Innholdsansvar<\/strong><\/h3>\n\n\n\n<p>Vi skal ikke holdes ansvarlige for innhold som vises p\u00e5 nettstedet ditt. Du godtar \u00e5 beskytte og forsvare oss mot alle krav som oppst\u00e5r p\u00e5 nettstedet ditt. Ingen lenker skal vises p\u00e5 noe nettsted som kan tolkes som injurierende, uanstendig eller kriminelt, eller som krenker, p\u00e5 annen m\u00e5te krenker, eller forfekter krenkelse eller andre brudd p\u00e5 tredjeparts rettigheter.<\/p>\n\n\n\n<h3 class=\"wp-block-heading\"><strong>Forbehold om rettigheter<\/strong><\/h3>\n\n\n\n<p>Vi forbeholder oss retten til \u00e5 be om at du fjerner alle lenker eller en bestemt lenke til nettstedet v\u00e5rt. Du godtar \u00e5 umiddelbart fjerne alle lenker til nettstedet v\u00e5rt p\u00e5 foresp\u00f8rsel. Vi forbeholder oss ogs\u00e5 retten til \u00e5 endre disse vilk\u00e5rene og betingelsene og dens koblingspolicy n\u00e5r som helst. Ved kontinuerlig \u00e5 koble til nettstedet v\u00e5rt godtar du \u00e5 v\u00e6re bundet til og f\u00f8lge disse koblingsvilk\u00e5rene.<\/p>\n\n\n\n<h3 class=\"wp-block-heading\"><strong>Fjerning av lenker fra nettstedet v\u00e5rt<\/strong><\/h3>\n\n\n\n<p>Hvis du finner en lenke p\u00e5 nettstedet v\u00e5rt som er st\u00f8tende av en eller annen grunn, st\u00e5r du fritt til \u00e5 kontakte og informere oss n\u00e5r som helst. Vi vil vurdere foresp\u00f8rsler om \u00e5 fjerne lenker, men vi er ikke forpliktet til \u00e5 svare deg direkte.<\/p>\n\n\n\n<p>Vi sikrer ikke at informasjonen p\u00e5 denne nettsiden er korrekt, vi garanterer ikke at den er fullstendig eller n\u00f8yaktig; Vi lover heller ikke \u00e5 sikre at nettsiden forblir tilgjengelig eller at materialet p\u00e5 nettsiden holdes oppdatert.<\/p>\n\n\n\n<h3 class=\"wp-block-heading\"><strong>Ansvarsfraskrivelse<\/strong><\/h3>\n\n\n\n<p>I den grad det er tillatt av gjeldende lov, ekskluderer vi alle representasjoner, garantier og betingelser knyttet til nettstedet v\u00e5rt og bruken av dette nettstedet. Ingenting i denne ansvarsfraskrivelsen vil:<\/p>\n\n\n\n<ul class=\"wp-block-list\">\n<li>begrense eller utelukke v\u00e5rt eller ditt ansvar for d\u00f8d eller personskade;<\/li>\n\n\n\n<li>begrense eller utelukke v\u00e5rt eller ditt ansvar for svindel eller uredelig uriktig fremstilling;<\/li>\n\n\n\n<li>begrense ethvert av v\u00e5re eller ditt ansvar p\u00e5 noen m\u00e5te som ikke er tillatt i henhold til gjeldende lov; eller<\/li>\n\n\n\n<li>ekskludere noen av v\u00e5re eller dine forpliktelser som kanskje ikke er ekskludert i henhold til gjeldende lov.<\/li>\n<\/ul>\n\n\n\n<p>Begrensningene og forbudene mot ansvar fastsatt i denne delen og andre steder i denne ansvarsfraskrivelsen: (a) er underlagt foreg\u00e5ende avsnitt; og (b) regulerer alle forpliktelser som oppst\u00e5r i henhold til ansvarsfraskrivelsen, inkludert forpliktelser som oppst\u00e5r i kontrakt, erstatningsansvar og for brudd p\u00e5 lovp\u00e5lagte plikter.<\/p>\n\n\n\n<p>S\u00e5 lenge nettsiden og informasjonen og tjenestene p\u00e5 nettstedet tilbys gratis, vil vi ikke v\u00e6re ansvarlige for tap eller skade av noen art.<\/p>","protected":false},"excerpt":{"rendered":"<p>Welcome to Migrant Global! These terms and conditions outline the rules and regulations for the use of Migrant Global&#8217;s Website, located at migrantglobal.com. By accessing this website we assume you accept these terms and conditions. Do not continue to use Migrant Global if you do not agree to take all of the terms and conditions [&hellip;]<\/p>\n","protected":false},"author":1,"featured_media":0,"parent":0,"menu_order":0,"comment_status":"closed","ping_status":"closed","template":"","meta":{"footnotes":""},"class_list":["post-323","page","type-page","status-publish","hentry"],"_links":{"self":[{"href":"https:\/\/www.migrantglobal.com\/nb\/wp-json\/wp\/v2\/pages\/323","targetHints":{"allow":["GET"]}}],"collection":[{"href":"https:\/\/www.migrantglobal.com\/nb\/wp-json\/wp\/v2\/pages"}],"about":[{"href":"https:\/\/www.migrantglobal.com\/nb\/wp-json\/wp\/v2\/types\/page"}],"author":[{"embeddable":true,"href":"https:\/\/www.migrantglobal.com\/nb\/wp-json\/wp\/v2\/users\/1"}],"replies":[{"embeddable":true,"href":"https:\/\/www.migrantglobal.com\/nb\/wp-json\/wp\/v2\/comments?post=323"}],"version-history":[{"count":1,"href":"https:\/\/www.migrantglobal.com\/nb\/wp-json\/wp\/v2\/pages\/323\/revisions"}],"predecessor-version":[{"id":324,"href":"https:\/\/www.migrantglobal.com\/nb\/wp-json\/wp\/v2\/pages\/323\/revisions\/324"}],"wp:attachment":[{"href":"https:\/\/www.migrantglobal.com\/nb\/wp-json\/wp\/v2\/media?parent=323"}],"curies":[{"name":"wp","href":"https:\/\/api.w.org\/{rel}","templated":true}]}}