{"id":309,"date":"2023-04-25T17:05:28","date_gmt":"2023-04-25T17:05:28","guid":{"rendered":"https:\/\/migrantglobal.com\/?page_id=309"},"modified":"2023-04-25T17:09:10","modified_gmt":"2023-04-25T17:09:10","slug":"privacy-policy","status":"publish","type":"page","link":"https:\/\/www.migrantglobal.com\/pl\/polityka-prywatnosci\/","title":{"rendered":"Polityka prywatno\u015bci"},"content":{"rendered":"<p>W Migrant Global, dost\u0119pnym na stronie migrantglobal.com, jednym z naszych g\u0142\u00f3wnych priorytet\u00f3w jest prywatno\u015b\u0107 naszych go\u015bci. Niniejszy dokument Polityki prywatno\u015bci zawiera informacje o rodzajach informacji gromadzonych i rejestrowanych przez Migrant Global oraz o tym, w jaki spos\u00f3b je wykorzystujemy.<\/p>\n\n\n\n<p>Je\u015bli masz dodatkowe pytania lub potrzebujesz wi\u0119cej informacji na temat naszej Polityki prywatno\u015bci, nie wahaj si\u0119 z nami skontaktowa\u0107.<\/p>\n\n\n\n<p>Niniejsza Polityka prywatno\u015bci ma zastosowanie wy\u0142\u0105cznie do naszych dzia\u0142a\u0144 online i jest wa\u017cna dla os\u00f3b odwiedzaj\u0105cych nasz\u0105 stron\u0119 internetow\u0105 w odniesieniu do informacji, kt\u00f3re udost\u0119pniaj\u0105 i\/lub gromadz\u0105 w Migrant Global. Niniejsza polityka nie ma zastosowania do jakichkolwiek informacji gromadzonych w trybie offline lub za po\u015brednictwem kana\u0142\u00f3w innych ni\u017c ta strona internetowa.<\/p>\n\n\n\n<h2 class=\"wp-block-heading\">Zgoda<\/h2>\n\n\n\n<p>Korzystaj\u0105c z naszej witryny, wyra\u017casz zgod\u0119 na nasz\u0105 Polityk\u0119 prywatno\u015bci i akceptujesz jej warunki.<\/p>\n\n\n\n<h2 class=\"wp-block-heading\">Informacje, kt\u00f3re zbieramy<\/h2>\n\n\n\n<p>Dane osobowe, o podanie kt\u00f3rych jeste\u015b proszony, oraz powody, dla kt\u00f3rych jeste\u015b proszony o ich podanie, zostan\u0105 Ci wyja\u015bnione w momencie, gdy poprosimy Ci\u0119 o podanie danych osobowych.<\/p>\n\n\n\n<p>Je\u015bli skontaktujesz si\u0119 z nami bezpo\u015brednio, mo\u017cemy otrzyma\u0107 dodatkowe informacje o Tobie, takie jak Twoje imi\u0119 i nazwisko, adres e-mail, numer telefonu, tre\u015b\u0107 wiadomo\u015bci i\/lub za\u0142\u0105cznik\u00f3w, kt\u00f3re mo\u017cesz nam przes\u0142a\u0107, a tak\u017ce wszelkie inne informacje, kt\u00f3re mo\u017cesz nam poda\u0107.<\/p>\n\n\n\n<p>Kiedy rejestrujesz si\u0119 w celu za\u0142o\u017cenia Konta, mo\u017cemy poprosi\u0107 Ci\u0119 o podanie danych kontaktowych, w tym takich danych, jak imi\u0119 i nazwisko, nazwa firmy, adres, adres e-mail i numer telefonu.<\/p>\n\n\n\n<h2 class=\"wp-block-heading\">Jak wykorzystujemy Twoje dane<\/h2>\n\n\n\n<p>Gromadzone przez nas informacje wykorzystujemy na r\u00f3\u017cne sposoby, w tym w celu:<\/p>\n\n\n\n<ul class=\"wp-block-list\">\n<li>Udost\u0119pniaj, obs\u0142uguj i utrzymuj nasz\u0105 witryn\u0119 internetow\u0105<\/li>\n\n\n\n<li>Ulepszaj, personalizuj i rozwijaj nasz\u0105 witryn\u0119 internetow\u0105<\/li>\n\n\n\n<li>Zrozum i przeanalizuj, w jaki spos\u00f3b korzystasz z naszej strony internetowej<\/li>\n\n\n\n<li>Opracowywanie nowych produkt\u00f3w, us\u0142ug, funkcji i funkcjonalno\u015bci<\/li>\n\n\n\n<li>Komunikowa\u0107 si\u0119 z Tob\u0105 bezpo\u015brednio lub za po\u015brednictwem jednego z naszych partner\u00f3w, w tym w celu obs\u0142ugi klienta, aby dostarcza\u0107 Ci aktualizacje i inne informacje zwi\u0105zane ze stron\u0105 internetow\u0105, a tak\u017ce w celach marketingowych i promocyjnych<\/li>\n\n\n\n<li>Wysy\u0142aj Ci e-maile<\/li>\n\n\n\n<li>Znajd\u017a i zapobiegaj oszustwom<\/li>\n<\/ul>\n\n\n\n<h2 class=\"wp-block-heading\">Pliki dziennika<\/h2>\n\n\n\n<p>Migrant Global post\u0119puje zgodnie ze standardow\u0105 procedur\u0105 korzystania z plik\u00f3w dziennika. Pliki te rejestruj\u0105 odwiedzaj\u0105cych, gdy odwiedzaj\u0105 strony internetowe. Wszystkie firmy hostingowe to robi\u0105 i stanowi\u0105 cz\u0119\u015b\u0107 analityki us\u0142ug hostingowych. Informacje gromadzone przez pliki dziennika obejmuj\u0105 adresy protoko\u0142u internetowego (IP), typ przegl\u0105darki, dostawc\u0119 us\u0142ug internetowych (ISP), dat\u0119 i godzin\u0119, strony odsy\u0142aj\u0105ce\/wyj\u015bciowe i ewentualnie liczb\u0119 klikni\u0119\u0107. Nie s\u0105 one powi\u0105zane z \u017cadnymi informacjami umo\u017cliwiaj\u0105cymi identyfikacj\u0119 osobist\u0105. Celem tych informacji jest analiza trend\u00f3w, administrowanie serwisem, \u015bledzenie ruchu u\u017cytkownik\u00f3w w serwisie oraz zbieranie informacji demograficznych.<\/p>\n\n\n\n<h2 class=\"wp-block-heading\">Polityka prywatno\u015bci partner\u00f3w reklamowych<\/h2>\n\n\n\n<p>Mo\u017cesz zapozna\u0107 si\u0119 z t\u0105 list\u0105, aby znale\u017a\u0107 Polityk\u0119 prywatno\u015bci ka\u017cdego z partner\u00f3w reklamowych Migrant Global.<\/p>\n\n\n\n<p>Zewn\u0119trzne serwery reklamowe lub sieci reklamowe korzystaj\u0105 z technologii takich jak pliki cookie, JavaScript lub sygna\u0142y nawigacyjne w sieci Web, kt\u00f3re s\u0105 wykorzystywane w odpowiednich reklamach i linkach wy\u015bwietlanych w witrynie Migrant Global, kt\u00f3re s\u0105 wysy\u0142ane bezpo\u015brednio do przegl\u0105darki u\u017cytkownika. Gdy to nast\u0105pi, automatycznie otrzymaj\u0105 Tw\u00f3j adres IP. Technologie te s\u0142u\u017c\u0105 do pomiaru skuteczno\u015bci kampanii reklamowych i\/lub personalizacji tre\u015bci reklamowych, kt\u00f3re widzisz na odwiedzanych stronach internetowych.<\/p>\n\n\n\n<p>Nale\u017cy pami\u0119ta\u0107, \u017ce Migrant Global nie ma dost\u0119pu ani kontroli nad plikami cookie u\u017cywanymi przez zewn\u0119trznych reklamodawc\u00f3w.<\/p>\n\n\n\n<h2 class=\"wp-block-heading\">Polityka prywatno\u015bci stron trzecich<\/h2>\n\n\n\n<p>Polityka prywatno\u015bci Migrant Global nie ma zastosowania do innych reklamodawc\u00f3w ani witryn internetowych. Dlatego zalecamy zapoznanie si\u0119 z odpowiednimi Politykami prywatno\u015bci tych serwer\u00f3w reklamowych stron trzecich w celu uzyskania bardziej szczeg\u00f3\u0142owych informacji. Mo\u017ce obejmowa\u0107 ich praktyki i instrukcje dotycz\u0105ce rezygnacji z niekt\u00f3rych opcji.<\/p>\n\n\n\n<p>Mo\u017cesz wy\u0142\u0105czy\u0107 pliki cookie w indywidualnych opcjach przegl\u0105darki. Bardziej szczeg\u00f3\u0142owe informacje na temat zarz\u0105dzania plikami cookies w poszczeg\u00f3lnych przegl\u0105darkach internetowych mo\u017cna znale\u017a\u0107 na stronach poszczeg\u00f3lnych przegl\u0105darek.<\/p>\n\n\n\n<h2 class=\"wp-block-heading\">Prawa do prywatno\u015bci CCPA (nie sprzedawaj moich danych osobowych)<\/h2>\n\n\n\n<p>Na mocy ustawy CCPA konsumenci w Kalifornii maj\u0105 mi\u0119dzy innymi prawo do:<\/p>\n\n\n\n<p>Za\u017c\u0105daj, aby firma gromadz\u0105ca dane osobowe konsument\u00f3w ujawni\u0142a kategorie i okre\u015blone dane osobowe, kt\u00f3re firma zebra\u0142a na temat konsument\u00f3w.<\/p>\n\n\n\n<p>Popro\u015b firm\u0119 o usuni\u0119cie wszelkich danych osobowych konsumenta, kt\u00f3re firma zebra\u0142a.<\/p>\n\n\n\n<p>Za\u017c\u0105daj, aby firma sprzedaj\u0105ca dane osobowe konsumenta nie sprzedawa\u0142a danych osobowych konsumenta.<\/p>\n\n\n\n<p>Je\u015bli z\u0142o\u017cysz wniosek, mamy miesi\u0105c na udzielenie Ci odpowiedzi. Je\u015bli chcesz skorzysta\u0107 z kt\u00f3regokolwiek z tych praw, skontaktuj si\u0119 z nami.<\/p>\n\n\n\n<h2 class=\"wp-block-heading\">Prawa do ochrony danych RODO<\/h2>\n\n\n\n<p>Chcieliby\u015bmy mie\u0107 pewno\u015b\u0107, \u017ce jeste\u015b w pe\u0142ni \u015bwiadomy wszystkich przys\u0142uguj\u0105cych Ci praw w zakresie ochrony danych. Ka\u017cdy u\u017cytkownik ma prawo do:<\/p>\n\n\n\n<p>Prawo dost\u0119pu \u2013 Masz prawo za\u017c\u0105da\u0107 kopii swoich danych osobowych. Za t\u0119 us\u0142ug\u0119 mo\u017cemy pobra\u0107 od Ciebie niewielk\u0105 op\u0142at\u0119.<\/p>\n\n\n\n<p>Prawo do sprostowania \u2013 masz prawo za\u017c\u0105da\u0107, aby\u015bmy poprawili wszelkie informacje, kt\u00f3re Twoim zdaniem s\u0105 niedok\u0142adne. Masz r\u00f3wnie\u017c prawo za\u017c\u0105da\u0107 uzupe\u0142nienia informacji, kt\u00f3re Twoim zdaniem s\u0105 niekompletne.<\/p>\n\n\n\n<p>Prawo do usuni\u0119cia \u2013 masz prawo \u017c\u0105da\u0107, aby\u015bmy usun\u0119li Twoje dane osobowe, pod pewnymi warunkami.<\/p>\n\n\n\n<p>Prawo do ograniczenia przetwarzania \u2013 Masz prawo \u017c\u0105da\u0107, aby\u015bmy ograniczyli przetwarzanie Twoich danych osobowych, pod pewnymi warunkami.<\/p>\n\n\n\n<p>Prawo do sprzeciwu wobec przetwarzania \u2013 Masz prawo sprzeciwi\u0107 si\u0119 przetwarzaniu przez nas Twoich danych osobowych, pod pewnymi warunkami.<\/p>\n\n\n\n<p>Prawo do przenoszenia danych \u2013 Masz prawo \u017c\u0105da\u0107, aby\u015bmy przekazali zebrane przez nas dane innej organizacji lub bezpo\u015brednio Tobie, pod pewnymi warunkami.<\/p>\n\n\n\n<p>Je\u015bli z\u0142o\u017cysz wniosek, mamy miesi\u0105c na udzielenie Ci odpowiedzi. Je\u015bli chcesz skorzysta\u0107 z kt\u00f3regokolwiek z tych praw, skontaktuj si\u0119 z nami.<\/p>\n\n\n\n<h2 class=\"wp-block-heading\">Informacje dla dzieci<\/h2>\n\n\n\n<p>Kolejnym naszym priorytetem jest zapewnienie dzieciom ochrony podczas korzystania z Internetu. Zach\u0119camy rodzic\u00f3w i opiekun\u00f3w do obserwowania, uczestniczenia i\/lub monitorowania i kierowania ich aktywno\u015bci\u0105 w Internecie.<\/p>\n\n\n\n<p>Migrant Global nie gromadzi \u015bwiadomie \u017cadnych danych osobowych od dzieci poni\u017cej 13 roku \u017cycia. Je\u015bli uwa\u017casz, \u017ce Twoje dziecko przekaza\u0142o tego rodzaju informacje na naszej stronie internetowej, gor\u0105co zach\u0119camy Ci\u0119 do natychmiastowego skontaktowania si\u0119 z nami, a my do\u0142o\u017cymy wszelkich stara\u0144, aby jak najszybciej usun\u0105\u0107 takie informacje z naszych rejestr\u00f3w.<\/p>\n\n\n\n<h2 class=\"wp-block-heading\">Zmiany w niniejszej Polityce prywatno\u015bci<\/h2>\n\n\n\n<p>Od czasu do czasu mo\u017cemy aktualizowa\u0107 nasz\u0105 Polityk\u0119 prywatno\u015bci. Dlatego zalecamy okresowe przegl\u0105danie tej strony pod k\u0105tem ewentualnych zmian. O wszelkich zmianach poinformujemy Ci\u0119, publikuj\u0105c now\u0105 Polityk\u0119 prywatno\u015bci na tej stronie. Zmiany te obowi\u0105zuj\u0105 natychmiast po ich opublikowaniu na tej stronie.<\/p>\n\n\n\n<h2 class=\"wp-block-heading\">Skontaktuj si\u0119 z nami<\/h2>\n\n\n\n<p>Je\u015bli masz jakie\u015b pytania lub sugestie dotycz\u0105ce naszej Polityki prywatno\u015bci, nie wahaj si\u0119 <a href=\"https:\/\/www.migrantglobal.com\/pl\/skontaktuj-sie-z-nami\/\">Skontaktuj si\u0119 z nami.<\/a><\/p>","protected":false},"excerpt":{"rendered":"<p>At Migrant Global, accessible from migrantglobal.com, one of our main priorities is the privacy of our visitors. This Privacy Policy document contains types of information that is collected and recorded by Migrant Global and how we use it. If you have additional questions or require more information about our Privacy Policy, do not hesitate to [&hellip;]<\/p>\n","protected":false},"author":1,"featured_media":0,"parent":0,"menu_order":0,"comment_status":"closed","ping_status":"closed","template":"","meta":{"footnotes":""},"class_list":["post-309","page","type-page","status-publish","hentry"],"_links":{"self":[{"href":"https:\/\/www.migrantglobal.com\/pl\/wp-json\/wp\/v2\/pages\/309","targetHints":{"allow":["GET"]}}],"collection":[{"href":"https:\/\/www.migrantglobal.com\/pl\/wp-json\/wp\/v2\/pages"}],"about":[{"href":"https:\/\/www.migrantglobal.com\/pl\/wp-json\/wp\/v2\/types\/page"}],"author":[{"embeddable":true,"href":"https:\/\/www.migrantglobal.com\/pl\/wp-json\/wp\/v2\/users\/1"}],"replies":[{"embeddable":true,"href":"https:\/\/www.migrantglobal.com\/pl\/wp-json\/wp\/v2\/comments?post=309"}],"version-history":[{"count":3,"href":"https:\/\/www.migrantglobal.com\/pl\/wp-json\/wp\/v2\/pages\/309\/revisions"}],"predecessor-version":[{"id":313,"href":"https:\/\/www.migrantglobal.com\/pl\/wp-json\/wp\/v2\/pages\/309\/revisions\/313"}],"wp:attachment":[{"href":"https:\/\/www.migrantglobal.com\/pl\/wp-json\/wp\/v2\/media?parent=309"}],"curies":[{"name":"wp","href":"https:\/\/api.w.org\/{rel}","templated":true}]}}