{"id":323,"date":"2023-04-25T17:13:13","date_gmt":"2023-04-25T17:13:13","guid":{"rendered":"https:\/\/migrantglobal.com\/?page_id=323"},"modified":"2023-04-25T17:13:17","modified_gmt":"2023-04-25T17:13:17","slug":"terms-and-conditions","status":"publish","type":"page","link":"https:\/\/www.migrantglobal.com\/pl\/regulamin\/","title":{"rendered":"Regulamin"},"content":{"rendered":"<p>Witamy w Migrant Global!<\/p>\n\n\n\n<p>Niniejsze warunki okre\u015blaj\u0105 zasady i regulacje korzystania ze strony internetowej Migrant Global, znajduj\u0105cej si\u0119 pod adresem migrantglobal.com.<\/p>\n\n\n\n<p>Wchodz\u0105c na t\u0119 stron\u0119 zak\u0142adamy, \u017ce akceptujesz niniejsze warunki. Nie kontynuuj korzystania z Migrant Global, je\u015bli nie zgadzasz si\u0119 na wszystkie warunki okre\u015blone na tej stronie.<\/p>\n\n\n\n<p>Do niniejszych Warunk\u00f3w, O\u015bwiadczenia o ochronie prywatno\u015bci i Zastrze\u017cenia odpowiedzialno\u015bci oraz wszystkich Um\u00f3w ma zastosowanie nast\u0119puj\u0105ca terminologia: \u201eKlient\u201d, \u201eTy\u201d i \u201eTw\u00f3j\u201d odnosz\u0105 si\u0119 do Ciebie, osoby loguj\u0105cej si\u0119 na tej stronie internetowej i zgodnej z warunkami Sp\u00f3\u0142ki. \u201eFirma\u201d, \u201eNasi\u201d, \u201eMy\u201d, \u201eNasz\u201d i \u201eNas\u201d odnosz\u0105 si\u0119 do naszej Sp\u00f3\u0142ki. \u201eStrona\u201d, \u201eStrony\u201d lub \u201eNas\u201d odnosi si\u0119 zar\u00f3wno do Klienta, jak i do nas samych. Wszystkie warunki odnosz\u0105 si\u0119 do oferty, akceptacji i rozpatrzenia p\u0142atno\u015bci niezb\u0119dnej do podj\u0119cia procesu naszej pomocy Klientowi w najbardziej odpowiedni spos\u00f3b, w wyra\u017anym celu zaspokojenia potrzeb Klienta w zakresie \u015bwiadczenia okre\u015blonych us\u0142ug Sp\u00f3\u0142ki, zgodnie z i podlega obowi\u0105zuj\u0105cemu w nas prawu. Jakiekolwiek u\u017cycie powy\u017cszej terminologii lub innych s\u0142\u00f3w w liczbie pojedynczej, mnogiej, z u\u017cyciem wielkich liter i\/lub on\/ona, jest traktowane jako wymienne i dlatego odnosi si\u0119 do tego samego.<\/p>\n\n\n\n<h3 class=\"wp-block-heading\"><strong>Ciasteczka<\/strong><\/h3>\n\n\n\n<p>Stosujemy pliki cookies. Uzyskuj\u0105c dost\u0119p do Migrant Global, zgodzi\u0142e\u015b si\u0119 na u\u017cywanie plik\u00f3w cookie zgodnie z Polityk\u0105 prywatno\u015bci Migrant Global.<\/p>\n\n\n\n<p>Wi\u0119kszo\u015b\u0107 interaktywnych stron internetowych korzysta z plik\u00f3w cookie, kt\u00f3re umo\u017cliwiaj\u0105 nam pobieranie danych u\u017cytkownika przy ka\u017cdej wizycie. W naszej witrynie internetowej stosowane s\u0105 pliki cookies, kt\u00f3re umo\u017cliwiaj\u0105 funkcjonowanie okre\u015blonych obszar\u00f3w i u\u0142atwiaj\u0105 osobom odwiedzaj\u0105cym nasz\u0105 witryn\u0119. Niekt\u00f3rzy z naszych partner\u00f3w stowarzyszonych\/reklamowych mog\u0105 r\u00f3wnie\u017c u\u017cywa\u0107 plik\u00f3w cookie.<\/p>\n\n\n\n<h3 class=\"wp-block-heading\"><strong>Licencja<\/strong><\/h3>\n\n\n\n<p>O ile nie okre\u015blono inaczej, Migrant Global i\/lub jej licencjodawcy s\u0105 w\u0142a\u015bcicielami praw w\u0142asno\u015bci intelektualnej do wszystkich materia\u0142\u00f3w w Migrant Global. Wszelkie prawa w\u0142asno\u015bci intelektualnej s\u0105 zastrze\u017cone. Mo\u017cesz uzyska\u0107 do nich dost\u0119p za po\u015brednictwem Migrant Global do w\u0142asnego u\u017cytku osobistego, z zastrze\u017ceniem ogranicze\u0144 okre\u015blonych w niniejszych warunkach.<\/p>\n\n\n\n<p>Nie wolno Ci:<\/p>\n\n\n\n<ul class=\"wp-block-list\">\n<li>Opublikuj ponownie materia\u0142y z Migrant Global<\/li>\n\n\n\n<li>Sprzedawaj, wypo\u017cyczaj lub udzielaj sublicencji na materia\u0142y od Migrant Global<\/li>\n\n\n\n<li>Reprodukuj, powielaj lub kopiuj materia\u0142y z Migrant Global<\/li>\n\n\n\n<li>Redystrybuuj tre\u015bci z Migrant Global<\/li>\n<\/ul>\n\n\n\n<p>Cz\u0119\u015bci tej witryny umo\u017cliwiaj\u0105 u\u017cytkownikom zamieszczanie i wymian\u0119 opinii i informacji w niekt\u00f3rych obszarach witryny. Migrant Global nie filtruje, nie edytuje, nie publikuje ani nie przegl\u0105da komentarzy przed ich pojawieniem si\u0119 na stronie internetowej. Komentarze nie odzwierciedlaj\u0105 pogl\u0105d\u00f3w i opinii firmy Migrant Global, jej agent\u00f3w i\/lub podmiot\u00f3w stowarzyszonych. Komentarze odzwierciedlaj\u0105 pogl\u0105dy i opinie osoby, kt\u00f3ra publikuje swoje pogl\u0105dy i opinie. W zakresie dozwolonym przez obowi\u0105zuj\u0105ce prawo, Migrant Global nie ponosi odpowiedzialno\u015bci za Komentarze ani za jak\u0105kolwiek odpowiedzialno\u015b\u0107, szkody lub wydatki spowodowane i\/lub poniesione w wyniku jakiegokolwiek wykorzystania i\/lub opublikowania i\/lub pojawienia si\u0119 Komentarzy na ta strona internetowa.<\/p>\n\n\n\n<p>Migrant Global zastrzega sobie prawo do monitorowania wszystkich Komentarzy i usuwania wszelkich Komentarzy, kt\u00f3re mo\u017cna uzna\u0107 za nieodpowiednie, obra\u017aliwe lub powoduj\u0105ce naruszenie niniejszego Regulaminu.<\/p>\n\n\n\n<p>Gwarantujesz i o\u015bwiadczasz, \u017ce:<\/p>\n\n\n\n<ul class=\"wp-block-list\">\n<li>Jeste\u015b uprawniony do zamieszczania komentarzy na naszej stronie internetowej oraz posiadasz na to wszelkie niezb\u0119dne licencje i zgody;<\/li>\n\n\n\n<li>Komentarze nie naruszaj\u0105 \u017cadnych praw w\u0142asno\u015bci intelektualnej, w tym mi\u0119dzy innymi praw autorskich, patent\u00f3w lub znak\u00f3w towarowych jakiejkolwiek strony trzeciej;<\/li>\n\n\n\n<li>Komentarze nie zawieraj\u0105 \u017cadnych materia\u0142\u00f3w oszczerczych, oszczerczych, obra\u017aliwych, nieprzyzwoitych lub w inny spos\u00f3b niezgodnych z prawem, stanowi\u0105cych naruszenie prywatno\u015bci<\/li>\n\n\n\n<li>Komentarze nie b\u0119d\u0105 wykorzystywane do nagabywania lub promowania dzia\u0142alno\u015bci biznesowej, zwyczajowej lub przedstawiania dzia\u0142a\u0144 komercyjnych lub dzia\u0142a\u0144 niezgodnych z prawem.<\/li>\n<\/ul>\n\n\n\n<p>Niniejszym udzielasz Migrant Global niewy\u0142\u0105cznej licencji na u\u017cywanie, powielanie, edytowanie i upowa\u017cnianie innych do u\u017cywania, powielania i edytowania dowolnych Twoich komentarzy we wszystkich formach, formatach i mediach.<\/p>\n\n\n\n<h3 class=\"wp-block-heading\"><strong>Hiper\u0142\u0105cze do naszych tre\u015bci<\/strong><\/h3>\n\n\n\n<p>Nast\u0119puj\u0105ce organizacje mog\u0105 zamieszcza\u0107 \u0142\u0105cza do naszej Witryny bez uprzedniej pisemnej zgody:<\/p>\n\n\n\n<ul class=\"wp-block-list\">\n<li>Agencje rz\u0105dowe;<\/li>\n\n\n\n<li>Wyszukiwarki;<\/li>\n\n\n\n<li>Organizacje informacyjne;<\/li>\n\n\n\n<li>Dystrybutorzy katalog\u00f3w online mog\u0105 zamieszcza\u0107 \u0142\u0105cza do naszej Witryny w taki sam spos\u00f3b, w jaki umieszczaj\u0105 hiper\u0142\u0105cza do witryn internetowych innych wymienionych firm; I<\/li>\n\n\n\n<li>Akredytowane firmy dzia\u0142aj\u0105ce w ca\u0142ym systemie, z wyj\u0105tkiem pozyskiwania organizacji non-profit, charytatywnych centr\u00f3w handlowych i grup zbieraj\u0105cych fundusze na cele charytatywne, kt\u00f3re nie mog\u0105 zawiera\u0107 hiper\u0142\u0105czy do naszej witryny internetowej.<\/li>\n<\/ul>\n\n\n\n<p>Organizacje te mog\u0105 zamieszcza\u0107 \u0142\u0105cza do naszej strony g\u0142\u00f3wnej, publikacji lub innych informacji zawartych w Witrynie, o ile \u0142\u0105cze: (a) nie jest w \u017caden spos\u00f3b zwodnicze; (b) nie sugeruje fa\u0142szywie sponsorowania, poparcia lub aprobaty strony \u0142\u0105cz\u0105cej oraz jej produkt\u00f3w i\/lub us\u0142ug; oraz (c) pasuje do kontekstu witryny strony \u0142\u0105cz\u0105cej.<\/p>\n\n\n\n<p>Mo\u017cemy rozwa\u017cy\u0107 i zatwierdzi\u0107 inne pro\u015bby o po\u0142\u0105czenie od nast\u0119puj\u0105cych typ\u00f3w organizacji:<\/p>\n\n\n\n<ul class=\"wp-block-list\">\n<li>powszechnie znane \u017ar\u00f3d\u0142a informacji konsumenckich i\/lub biznesowych;<\/li>\n\n\n\n<li>witryny spo\u0142eczno\u015bci dot.com;<\/li>\n\n\n\n<li>stowarzyszenia lub inne grupy reprezentuj\u0105ce organizacje charytatywne;<\/li>\n\n\n\n<li>dystrybutorzy katalog\u00f3w online;<\/li>\n\n\n\n<li>portale internetowe;<\/li>\n\n\n\n<li>firmy ksi\u0119gowe, prawne i konsultingowe; I<\/li>\n\n\n\n<li>instytucje edukacyjne i stowarzyszenia bran\u017cowe.<\/li>\n<\/ul>\n\n\n\n<p>Zatwierdzimy pro\u015bby o linki od tych organizacji, je\u015bli uznamy, \u017ce: (a) link nie sprawi, \u017ce b\u0119dziemy patrze\u0107 niekorzystnie na siebie lub na nasze akredytowane firmy; (b) organizacja nie ma u nas \u017cadnych negatywnych zapis\u00f3w; (c) korzy\u015b\u0107 dla nas wynikaj\u0105ca z widoczno\u015bci hiper\u0142\u0105cza rekompensuje nieobecno\u015b\u0107 Migrant Global; oraz d) \u0142\u0105cze znajduje si\u0119 w kontek\u015bcie og\u00f3lnych informacji o zasobach.<\/p>\n\n\n\n<p>Organizacje te mog\u0105 zamieszcza\u0107 linki do naszej strony g\u0142\u00f3wnej, o ile link: (a) nie jest w \u017caden spos\u00f3b wprowadzaj\u0105cy w b\u0142\u0105d; (b) nie sugeruje fa\u0142szywie sponsorowania, poparcia lub aprobaty strony \u0142\u0105cz\u0105cej oraz jej produkt\u00f3w lub us\u0142ug; oraz (c) pasuje do kontekstu witryny strony \u0142\u0105cz\u0105cej.<\/p>\n\n\n\n<p>Je\u015bli jeste\u015b jedn\u0105 z organizacji wymienionych w paragrafie 2 powy\u017cej i jeste\u015b zainteresowany linkami do naszej strony internetowej, musisz nas o tym poinformowa\u0107, wysy\u0142aj\u0105c wiadomo\u015b\u0107 e-mail do Migrant Global. Prosz\u0119 poda\u0107 swoje imi\u0119 i nazwisko, nazw\u0119 swojej organizacji, dane kontaktowe, a tak\u017ce adres URL swojej witryny, list\u0119 adres\u00f3w URL, z kt\u00f3rych zamierzasz prowadzi\u0107 \u0142\u0105cze do naszej Witryny oraz list\u0119 adres\u00f3w URL w naszej witrynie, do kt\u00f3rych chcesz przej\u015b\u0107 po\u0142\u0105czy\u0107. Poczekaj 2-3 tygodnie na odpowied\u017a.<\/p>\n\n\n\n<p>Zatwierdzone organizacje mog\u0105 zamieszcza\u0107 hiper\u0142\u0105cza do naszej Witryny w nast\u0119puj\u0105cy spos\u00f3b:<\/p>\n\n\n\n<ul class=\"wp-block-list\">\n<li>U\u017cywaj\u0105c naszej nazwy korporacyjnej; Lub<\/li>\n\n\n\n<li>Korzystaj\u0105c z jednolitego lokalizatora zasob\u00f3w, z kt\u00f3rym jest powi\u0105zany; Lub<\/li>\n\n\n\n<li>U\u017cycie innego opisu naszej Strony internetowej, do kt\u00f3rej prowadz\u0105 linki, ma sens w kontek\u015bcie i formacie tre\u015bci na stronie strony \u0142\u0105cz\u0105cej.<\/li>\n<\/ul>\n\n\n\n<p>Nie b\u0119dzie dozwolone u\u017cywanie logo Migrant Global ani innych dzie\u0142 sztuki do \u0142\u0105czenia w przypadku braku umowy licencyjnej dotycz\u0105cej znaku towarowego.<\/p>\n\n\n\n<h3 class=\"wp-block-heading\"><strong>iFramki<\/strong><\/h3>\n\n\n\n<p>Bez uprzedniej zgody i pisemnej zgody nie wolno tworzy\u0107 wok\u00f3\u0142 naszych Stron internetowych ramek, kt\u00f3re w jakikolwiek spos\u00f3b zmieniaj\u0105 wizualn\u0105 prezentacj\u0119 lub wygl\u0105d naszej Strony internetowej.<\/p>\n\n\n\n<h3 class=\"wp-block-heading\"><strong>Odpowiedzialno\u015b\u0107 za tre\u015b\u0107<\/strong><\/h3>\n\n\n\n<p>Nie ponosimy odpowiedzialno\u015bci za tre\u015bci pojawiaj\u0105ce si\u0119 w Twojej Witrynie. Zgadzasz si\u0119 chroni\u0107 i broni\u0107 nas przed wszelkimi roszczeniami pojawiaj\u0105cymi si\u0119 w Twojej Witrynie. Na \u017cadnej Stronie internetowej nie powinny pojawia\u0107 si\u0119 \u017cadne linki, kt\u00f3re mo\u017cna zinterpretowa\u0107 jako oszczercze, obsceniczne lub przest\u0119pcze, lub kt\u00f3re naruszaj\u0105, w inny spos\u00f3b naruszaj\u0105 lub nawo\u0142uj\u0105 do naruszenia lub innego naruszenia jakichkolwiek praw os\u00f3b trzecich.<\/p>\n\n\n\n<h3 class=\"wp-block-heading\"><strong>Zastrze\u017cenie praw<\/strong><\/h3>\n\n\n\n<p>Zastrzegamy sobie prawo do za\u017c\u0105dania usuni\u0119cia wszystkich link\u00f3w lub konkretnego linku do naszej Witryny. Wyra\u017casz zgod\u0119 na natychmiastowe usuni\u0119cie wszystkich link\u00f3w do naszej Witryny na \u017c\u0105danie. Zastrzegamy sobie r\u00f3wnie\u017c prawo do zmiany w dowolnym momencie niniejszych warunk\u00f3w i zasad dotycz\u0105cych link\u00f3w. \u0141\u0105cz\u0105c si\u0119 stale z nasz\u0105 Witryn\u0105, wyra\u017casz zgod\u0119 na przestrzeganie niniejszych warunk\u00f3w dotycz\u0105cych link\u00f3w.<\/p>\n\n\n\n<h3 class=\"wp-block-heading\"><strong>Usuni\u0119cie link\u00f3w z naszej strony internetowej<\/strong><\/h3>\n\n\n\n<p>Je\u015bli znajdziesz w naszej Witrynie jakikolwiek link, kt\u00f3ry z jakiegokolwiek powodu jest obra\u017aliwy, mo\u017cesz w ka\u017cdej chwili skontaktowa\u0107 si\u0119 z nami i poinformowa\u0107 nas. Rozwa\u017cymy pro\u015bby o usuni\u0119cie link\u00f3w, ale nie jeste\u015bmy zobowi\u0105zani do bezpo\u015bredniej odpowiedzi.<\/p>\n\n\n\n<p>Nie zapewniamy, \u017ce informacje zawarte na tej stronie s\u0105 prawid\u0142owe, nie gwarantujemy ich kompletno\u015bci ani dok\u0142adno\u015bci; nie obiecujemy r\u00f3wnie\u017c, \u017ce witryna b\u0119dzie dost\u0119pna lub \u017ce materia\u0142y na niej zawarte b\u0119d\u0105 aktualizowane.<\/p>\n\n\n\n<h3 class=\"wp-block-heading\"><strong>Zastrze\u017cenie<\/strong><\/h3>\n\n\n\n<p>W maksymalnym zakresie dozwolonym przez obowi\u0105zuj\u0105ce prawo wykluczamy wszelkie o\u015bwiadczenia, gwarancje i warunki dotycz\u0105ce naszej witryny internetowej i korzystania z niej. \u017badne z postanowie\u0144 tego zastrze\u017cenia nie b\u0119dzie:<\/p>\n\n\n\n<ul class=\"wp-block-list\">\n<li>ogranicza\u0107 lub wyklucza\u0107 nasz\u0105 lub Twoj\u0105 odpowiedzialno\u015b\u0107 za \u015bmier\u0107 lub obra\u017cenia cia\u0142a;<\/li>\n\n\n\n<li>ogranicza\u0107 lub wyklucza\u0107 nasz\u0105 lub Twoj\u0105 odpowiedzialno\u015b\u0107 za oszustwo lub oszuka\u0144cze wprowadzenie w b\u0142\u0105d;<\/li>\n\n\n\n<li>ogranicza\u0107 jakiekolwiek nasze lub Twoje zobowi\u0105zania w spos\u00f3b niedozwolony na mocy obowi\u0105zuj\u0105cego prawa; Lub<\/li>\n\n\n\n<li>wykluczy\u0107 jakiekolwiek nasze lub Twoje zobowi\u0105zania, kt\u00f3re nie mog\u0105 zosta\u0107 wy\u0142\u0105czone na mocy obowi\u0105zuj\u0105cego prawa.<\/li>\n<\/ul>\n\n\n\n<p>Ograniczenia i zakazy odpowiedzialno\u015bci okre\u015blone w tej sekcji i w innych miejscach niniejszego zastrze\u017cenia: (a) podlegaj\u0105 przepisom poprzedniego akapitu; oraz (b) reguluj\u0105 wszystkie zobowi\u0105zania wynikaj\u0105ce z zastrze\u017cenia, w tym zobowi\u0105zania wynikaj\u0105ce z umowy, czynu niedozwolonego i naruszenia obowi\u0105zku ustawowego.<\/p>\n\n\n\n<p>Dop\u00f3ki strona internetowa oraz zawarte w niej informacje i us\u0142ugi s\u0105 udost\u0119pniane bezp\u0142atnie, nie ponosimy odpowiedzialno\u015bci za jakiekolwiek straty lub szkody jakiegokolwiek rodzaju.<\/p>","protected":false},"excerpt":{"rendered":"<p>Welcome to Migrant Global! These terms and conditions outline the rules and regulations for the use of Migrant Global&#8217;s Website, located at migrantglobal.com. By accessing this website we assume you accept these terms and conditions. Do not continue to use Migrant Global if you do not agree to take all of the terms and conditions [&hellip;]<\/p>\n","protected":false},"author":1,"featured_media":0,"parent":0,"menu_order":0,"comment_status":"closed","ping_status":"closed","template":"","meta":{"footnotes":""},"class_list":["post-323","page","type-page","status-publish","hentry"],"_links":{"self":[{"href":"https:\/\/www.migrantglobal.com\/pl\/wp-json\/wp\/v2\/pages\/323","targetHints":{"allow":["GET"]}}],"collection":[{"href":"https:\/\/www.migrantglobal.com\/pl\/wp-json\/wp\/v2\/pages"}],"about":[{"href":"https:\/\/www.migrantglobal.com\/pl\/wp-json\/wp\/v2\/types\/page"}],"author":[{"embeddable":true,"href":"https:\/\/www.migrantglobal.com\/pl\/wp-json\/wp\/v2\/users\/1"}],"replies":[{"embeddable":true,"href":"https:\/\/www.migrantglobal.com\/pl\/wp-json\/wp\/v2\/comments?post=323"}],"version-history":[{"count":1,"href":"https:\/\/www.migrantglobal.com\/pl\/wp-json\/wp\/v2\/pages\/323\/revisions"}],"predecessor-version":[{"id":324,"href":"https:\/\/www.migrantglobal.com\/pl\/wp-json\/wp\/v2\/pages\/323\/revisions\/324"}],"wp:attachment":[{"href":"https:\/\/www.migrantglobal.com\/pl\/wp-json\/wp\/v2\/media?parent=323"}],"curies":[{"name":"wp","href":"https:\/\/api.w.org\/{rel}","templated":true}]}}