{"id":309,"date":"2023-04-25T17:05:28","date_gmt":"2023-04-25T17:05:28","guid":{"rendered":"https:\/\/migrantglobal.com\/?page_id=309"},"modified":"2023-04-25T17:09:10","modified_gmt":"2023-04-25T17:09:10","slug":"privacy-policy","status":"publish","type":"page","link":"https:\/\/www.migrantglobal.com\/pt_pt\/politica-de-privacidade\/","title":{"rendered":"pol\u00edtica de Privacidade"},"content":{"rendered":"<p>Na Migrant Global, acess\u00edvel em migrantglobal.com, uma das nossas principais prioridades \u00e9 a privacidade dos nossos visitantes. Este documento de Pol\u00edtica de Privacidade cont\u00e9m tipos de informa\u00e7\u00f5es que s\u00e3o coletadas e registradas pela Migrant Global e como as utilizamos.<\/p>\n\n\n\n<p>Se voc\u00ea tiver d\u00favidas adicionais ou precisar de mais informa\u00e7\u00f5es sobre nossa Pol\u00edtica de Privacidade, n\u00e3o hesite em nos contatar.<\/p>\n\n\n\n<p>Esta Pol\u00edtica de Privacidade aplica-se apenas \u00e0s nossas atividades online e \u00e9 v\u00e1lida para os visitantes do nosso website no que diz respeito \u00e0s informa\u00e7\u00f5es que partilharam e\/ou recolheram na Migrant Global. Esta pol\u00edtica n\u00e3o se aplica a quaisquer informa\u00e7\u00f5es coletadas off-line ou por meio de canais que n\u00e3o sejam este site.<\/p>\n\n\n\n<h2 class=\"wp-block-heading\">Consentimento<\/h2>\n\n\n\n<p>Ao utilizar nosso site, voc\u00ea concorda com nossa Pol\u00edtica de Privacidade e concorda com seus termos.<\/p>\n\n\n\n<h2 class=\"wp-block-heading\">Informa\u00e7\u00f5es que coletamos<\/h2>\n\n\n\n<p>As informa\u00e7\u00f5es pessoais que voc\u00ea dever\u00e1 fornecer e os motivos pelos quais voc\u00ea ser\u00e1 solicitado a fornec\u00ea-las ser\u00e3o esclarecidos no momento em que solicitarmos que voc\u00ea forne\u00e7a suas informa\u00e7\u00f5es pessoais.<\/p>\n\n\n\n<p>Se voc\u00ea entrar em contato conosco diretamente, poderemos receber informa\u00e7\u00f5es adicionais sobre voc\u00ea, como seu nome, endere\u00e7o de e-mail, n\u00famero de telefone, o conte\u00fado da mensagem e\/ou anexos que voc\u00ea pode nos enviar e qualquer outra informa\u00e7\u00e3o que voc\u00ea decida fornecer.<\/p>\n\n\n\n<p>Quando voc\u00ea se registra para uma conta, podemos solicitar suas informa\u00e7\u00f5es de contato, incluindo itens como nome, nome da empresa, endere\u00e7o, endere\u00e7o de e-mail e n\u00famero de telefone.<\/p>\n\n\n\n<h2 class=\"wp-block-heading\">Como usamos suas informa\u00e7\u00f5es<\/h2>\n\n\n\n<p>Usamos as informa\u00e7\u00f5es que coletamos de v\u00e1rias maneiras, inclusive para:<\/p>\n\n\n\n<ul class=\"wp-block-list\">\n<li>Fornecer, operar e manter nosso site<\/li>\n\n\n\n<li>Melhorar, personalizar e expandir nosso site<\/li>\n\n\n\n<li>Compreender e analisar como voc\u00ea usa nosso site<\/li>\n\n\n\n<li>Desenvolver novos produtos, servi\u00e7os, recursos e funcionalidades<\/li>\n\n\n\n<li>Comunicar com voc\u00ea, diretamente ou por meio de um de nossos parceiros, inclusive para atendimento ao cliente, para fornecer atualiza\u00e7\u00f5es e outras informa\u00e7\u00f5es relacionadas ao site e para fins promocionais e de marketing<\/li>\n\n\n\n<li>Enviar e-mails para voc\u00ea<\/li>\n\n\n\n<li>Encontre e evite fraudes<\/li>\n<\/ul>\n\n\n\n<h2 class=\"wp-block-heading\">Arquivos de registro<\/h2>\n\n\n\n<p>Migrant Global segue um procedimento padr\u00e3o de uso de arquivos de log. Esses arquivos registram visitantes quando visitam sites. Todas as empresas de hospedagem fazem isso e fazem parte da an\u00e1lise dos servi\u00e7os de hospedagem. As informa\u00e7\u00f5es coletadas pelos arquivos de log incluem endere\u00e7os de protocolo de Internet (IP), tipo de navegador, provedor de servi\u00e7os de Internet (ISP), carimbo de data e hora, p\u00e1ginas de refer\u00eancia\/sa\u00edda e, possivelmente, o n\u00famero de cliques. Eles n\u00e3o est\u00e3o vinculados a nenhuma informa\u00e7\u00e3o que seja pessoalmente identific\u00e1vel. O objetivo das informa\u00e7\u00f5es \u00e9 analisar tend\u00eancias, administrar o site, rastrear o movimento dos usu\u00e1rios no site e coletar informa\u00e7\u00f5es demogr\u00e1ficas.<\/p>\n\n\n\n<h2 class=\"wp-block-heading\">Pol\u00edticas de Privacidade de Parceiros de Publicidade<\/h2>\n\n\n\n<p>Voc\u00ea pode consultar esta lista para encontrar a Pol\u00edtica de Privacidade de cada um dos parceiros publicit\u00e1rios da Migrant Global.<\/p>\n\n\n\n<p>Servidores de an\u00fancios ou redes de an\u00fancios de terceiros usam tecnologias como cookies, JavaScript ou Web Beacons que s\u00e3o usados em seus respectivos an\u00fancios e links que aparecem no Migrant Global, que s\u00e3o enviados diretamente ao navegador dos usu\u00e1rios. Eles recebem automaticamente seu endere\u00e7o IP quando isso ocorre. Estas tecnologias s\u00e3o utilizadas para medir a efic\u00e1cia das suas campanhas publicit\u00e1rias e\/ou para personalizar o conte\u00fado publicit\u00e1rio que v\u00ea nos websites que visita.<\/p>\n\n\n\n<p>Observe que a Migrant Global n\u00e3o tem acesso ou controle sobre esses cookies usados por anunciantes terceiros.<\/p>\n\n\n\n<h2 class=\"wp-block-heading\">Pol\u00edticas de privacidade de terceiros<\/h2>\n\n\n\n<p>A Pol\u00edtica de Privacidade da Migrant Global n\u00e3o se aplica a outros anunciantes ou sites. Assim, aconselhamos que consulte as respetivas Pol\u00edticas de Privacidade destes servidores de an\u00fancios de terceiros para obter informa\u00e7\u00f5es mais detalhadas. Pode incluir suas pr\u00e1ticas e instru\u00e7\u00f5es sobre como cancelar determinadas op\u00e7\u00f5es.<\/p>\n\n\n\n<p>Voc\u00ea pode optar por desativar os cookies atrav\u00e9s das op\u00e7\u00f5es individuais do seu navegador. Para saber informa\u00e7\u00f5es mais detalhadas sobre o gerenciamento de cookies com navegadores web espec\u00edficos, voc\u00ea pode encontr\u00e1-las nos respectivos sites dos navegadores.<\/p>\n\n\n\n<h2 class=\"wp-block-heading\">Direitos de privacidade da CCPA (n\u00e3o vender minhas informa\u00e7\u00f5es pessoais)<\/h2>\n\n\n\n<p>De acordo com a CCPA, entre outros direitos, os consumidores da Calif\u00f3rnia t\u00eam direito a:<\/p>\n\n\n\n<p>Solicite que uma empresa que coleta dados pessoais de um consumidor divulgue as categorias e os dados pessoais espec\u00edficos que uma empresa coletou sobre os consumidores.<\/p>\n\n\n\n<p>Solicite que uma empresa exclua quaisquer dados pessoais sobre o consumidor que ela tenha coletado.<\/p>\n\n\n\n<p>Solicite que uma empresa que vende dados pessoais de um consumidor n\u00e3o venda os dados pessoais do consumidor.<\/p>\n\n\n\n<p>Se voc\u00ea fizer uma solicita\u00e7\u00e3o, temos um m\u00eas para responder. Se desejar exercer algum destes direitos, entre em contacto connosco.<\/p>\n\n\n\n<h2 class=\"wp-block-heading\">Direitos de prote\u00e7\u00e3o de dados do GDPR<\/h2>\n\n\n\n<p>Gostar\u00edamos de ter certeza de que voc\u00ea est\u00e1 plenamente ciente de todos os seus direitos de prote\u00e7\u00e3o de dados. Todo usu\u00e1rio tem direito ao seguinte:<\/p>\n\n\n\n<p>O direito de acesso \u2013 Voc\u00ea tem o direito de solicitar c\u00f3pias dos seus dados pessoais. Poderemos cobrar uma pequena taxa por este servi\u00e7o.<\/p>\n\n\n\n<p>O direito \u00e0 retifica\u00e7\u00e3o \u2013 Voc\u00ea tem o direito de solicitar que corrijamos qualquer informa\u00e7\u00e3o que voc\u00ea acredite ser imprecisa. Voc\u00ea tamb\u00e9m tem o direito de solicitar que completemos as informa\u00e7\u00f5es que voc\u00ea acredita estarem incompletas.<\/p>\n\n\n\n<p>O direito ao apagamento \u2013 Tem o direito de solicitar que apaguemos os seus dados pessoais, sob determinadas condi\u00e7\u00f5es.<\/p>\n\n\n\n<p>O direito de restringir o processamento \u2013 Voc\u00ea tem o direito de solicitar que restrinjamos o processamento dos seus dados pessoais, sob certas condi\u00e7\u00f5es.<\/p>\n\n\n\n<p>O direito de se opor ao processamento \u2013 Voc\u00ea tem o direito de se opor ao nosso processamento dos seus dados pessoais, sob certas condi\u00e7\u00f5es.<\/p>\n\n\n\n<p>O direito \u00e0 portabilidade dos dados \u2013 Voc\u00ea tem o direito de solicitar que transfiramos os dados que coletamos para outra organiza\u00e7\u00e3o, ou diretamente para voc\u00ea, sob certas condi\u00e7\u00f5es.<\/p>\n\n\n\n<p>Se voc\u00ea fizer uma solicita\u00e7\u00e3o, temos um m\u00eas para responder. Se desejar exercer algum destes direitos, entre em contacto connosco.<\/p>\n\n\n\n<h2 class=\"wp-block-heading\">Informa\u00e7\u00f5es infantis<\/h2>\n\n\n\n<p>Outra parte da nossa prioridade \u00e9 adicionar prote\u00e7\u00e3o \u00e0s crian\u00e7as durante o uso da Internet. Incentivamos os pais e respons\u00e1veis a observar, participar e\/ou monitorar e orientar suas atividades online.<\/p>\n\n\n\n<p>A Migrant Global n\u00e3o coleta intencionalmente nenhuma informa\u00e7\u00e3o pessoal identific\u00e1vel de crian\u00e7as menores de 13 anos. Se voc\u00ea acha que seu filho forneceu esse tipo de informa\u00e7\u00e3o em nosso site, recomendamos fortemente que voc\u00ea entre em contato conosco imediatamente e faremos nossos melhores esfor\u00e7os para prontamente remover tais informa\u00e7\u00f5es de nossos registros.<\/p>\n\n\n\n<h2 class=\"wp-block-heading\">Altera\u00e7\u00f5es nesta Pol\u00edtica de Privacidade<\/h2>\n\n\n\n<p>Poderemos atualizar nossa Pol\u00edtica de Privacidade de tempos em tempos. Assim, aconselhamos que reveja esta p\u00e1gina periodicamente para quaisquer altera\u00e7\u00f5es. Iremos notific\u00e1-lo sobre quaisquer altera\u00e7\u00f5es publicando a nova Pol\u00edtica de Privacidade nesta p\u00e1gina. Estas altera\u00e7\u00f5es entram em vigor imediatamente ap\u00f3s serem publicadas nesta p\u00e1gina.<\/p>\n\n\n\n<h2 class=\"wp-block-heading\">Contate-nos<\/h2>\n\n\n\n<p>Se voc\u00ea tiver alguma d\u00favida ou sugest\u00e3o sobre nossa Pol\u00edtica de Privacidade, n\u00e3o hesite em <a href=\"https:\/\/www.migrantglobal.com\/pt_pt\/contate-nos\/\">Contate-nos.<\/a><\/p>","protected":false},"excerpt":{"rendered":"<p>At Migrant Global, accessible from migrantglobal.com, one of our main priorities is the privacy of our visitors. This Privacy Policy document contains types of information that is collected and recorded by Migrant Global and how we use it. If you have additional questions or require more information about our Privacy Policy, do not hesitate to [&hellip;]<\/p>\n","protected":false},"author":1,"featured_media":0,"parent":0,"menu_order":0,"comment_status":"closed","ping_status":"closed","template":"","meta":{"footnotes":""},"class_list":["post-309","page","type-page","status-publish","hentry"],"_links":{"self":[{"href":"https:\/\/www.migrantglobal.com\/pt_pt\/wp-json\/wp\/v2\/pages\/309","targetHints":{"allow":["GET"]}}],"collection":[{"href":"https:\/\/www.migrantglobal.com\/pt_pt\/wp-json\/wp\/v2\/pages"}],"about":[{"href":"https:\/\/www.migrantglobal.com\/pt_pt\/wp-json\/wp\/v2\/types\/page"}],"author":[{"embeddable":true,"href":"https:\/\/www.migrantglobal.com\/pt_pt\/wp-json\/wp\/v2\/users\/1"}],"replies":[{"embeddable":true,"href":"https:\/\/www.migrantglobal.com\/pt_pt\/wp-json\/wp\/v2\/comments?post=309"}],"version-history":[{"count":3,"href":"https:\/\/www.migrantglobal.com\/pt_pt\/wp-json\/wp\/v2\/pages\/309\/revisions"}],"predecessor-version":[{"id":313,"href":"https:\/\/www.migrantglobal.com\/pt_pt\/wp-json\/wp\/v2\/pages\/309\/revisions\/313"}],"wp:attachment":[{"href":"https:\/\/www.migrantglobal.com\/pt_pt\/wp-json\/wp\/v2\/media?parent=309"}],"curies":[{"name":"wp","href":"https:\/\/api.w.org\/{rel}","templated":true}]}}