{"id":309,"date":"2023-04-25T17:05:28","date_gmt":"2023-04-25T17:05:28","guid":{"rendered":"https:\/\/migrantglobal.com\/?page_id=309"},"modified":"2023-04-25T17:09:10","modified_gmt":"2023-04-25T17:09:10","slug":"privacy-policy","status":"publish","type":"page","link":"https:\/\/www.migrantglobal.com\/sk\/zasady-ochrany-osobnych-udajov\/","title":{"rendered":"Z\u00e1sady ochrany osobn\u00fdch \u00fadajov"},"content":{"rendered":"<p>Jednou z na\u0161ich hlavn\u00fdch prior\u00edt v Migrant Global, ktor\u00e1 je dostupn\u00e1 na str\u00e1nke migrantglobal.com, je s\u00fakromie na\u0161ich n\u00e1v\u0161tevn\u00edkov. Tento dokument Z\u00e1sady ochrany osobn\u00fdch \u00fadajov obsahuje typy inform\u00e1ci\u00ed, ktor\u00e9 zhroma\u017e\u010fuje a zaznamen\u00e1va spolo\u010dnos\u0165 Migrant Global a ako ich pou\u017e\u00edvame.<\/p>\n\n\n\n<p>Ak m\u00e1te \u010fal\u0161ie ot\u00e1zky alebo po\u017eadujete viac inform\u00e1ci\u00ed o na\u0161ich Z\u00e1sad\u00e1ch ochrany osobn\u00fdch \u00fadajov, nev\u00e1hajte n\u00e1s kontaktova\u0165.<\/p>\n\n\n\n<p>Tieto Z\u00e1sady ochrany osobn\u00fdch \u00fadajov sa vz\u0165ahuj\u00fa iba na na\u0161e online aktivity a platia pre n\u00e1v\u0161tevn\u00edkov na\u0161ej webovej str\u00e1nky, pokia\u013e ide o inform\u00e1cie, ktor\u00e9 zdie\u013eaj\u00fa a\/alebo zhroma\u017e\u010fuj\u00fa v Migrant Global. Tieto z\u00e1sady sa nevz\u0165ahuj\u00fa na \u017eiadne inform\u00e1cie zhroma\u017eden\u00e9 offline alebo prostredn\u00edctvom in\u00fdch kan\u00e1lov, ako je t\u00e1to webov\u00e1 lokalita.<\/p>\n\n\n\n<h2 class=\"wp-block-heading\">S\u00fahlas<\/h2>\n\n\n\n<p>Pou\u017e\u00edvan\u00edm na\u0161ej webovej str\u00e1nky vyjadrujete s\u00fahlas s na\u0161imi Z\u00e1sadami ochrany osobn\u00fdch \u00fadajov a s\u00fahlas\u00edte s ich podmienkami.<\/p>\n\n\n\n<h2 class=\"wp-block-heading\">Inform\u00e1cie, ktor\u00e9 zhroma\u017e\u010fujeme<\/h2>\n\n\n\n<p>Osobn\u00e9 \u00fadaje, o ktor\u00fdch poskytnutie ste po\u017eiadan\u00ed, a d\u00f4vody, pre\u010do ste o ne po\u017eiadan\u00ed, v\u00e1m bud\u00fa objasnen\u00e9 v okamihu, ke\u010f v\u00e1s po\u017eiadame o poskytnutie va\u0161ich osobn\u00fdch \u00fadajov.<\/p>\n\n\n\n<p>Ak n\u00e1s kontaktujete priamo, m\u00f4\u017eeme o v\u00e1s dosta\u0165 \u010fal\u0161ie inform\u00e1cie, ako je va\u0161e meno, e-mailov\u00e1 adresa, telef\u00f3nne \u010d\u00edslo, obsah spr\u00e1vy a\/alebo pr\u00edloh, ktor\u00e9 n\u00e1m m\u00f4\u017eete posla\u0165, a ak\u00e9ko\u013evek \u010fal\u0161ie inform\u00e1cie, ktor\u00e9 sa rozhodnete poskytn\u00fa\u0165.<\/p>\n\n\n\n<p>Ke\u010f si zaregistrujete \u00fa\u010det, m\u00f4\u017eeme v\u00e1s po\u017eiada\u0165 o kontaktn\u00e9 inform\u00e1cie vr\u00e1tane polo\u017eiek, ako je meno, n\u00e1zov spolo\u010dnosti, adresa, e-mailov\u00e1 adresa a telef\u00f3nne \u010d\u00edslo.<\/p>\n\n\n\n<h2 class=\"wp-block-heading\">Ako pou\u017e\u00edvame va\u0161e inform\u00e1cie<\/h2>\n\n\n\n<p>Inform\u00e1cie, ktor\u00e9 zhroma\u017e\u010fujeme, pou\u017e\u00edvame r\u00f4znymi sp\u00f4sobmi, vr\u00e1tane:<\/p>\n\n\n\n<ul class=\"wp-block-list\">\n<li>Poskytova\u0165, prev\u00e1dzkova\u0165 a udr\u017eiava\u0165 na\u0161u webov\u00fa str\u00e1nku<\/li>\n\n\n\n<li>Vylep\u0161ite, prisp\u00f4sobte a roz\u0161\u00edrte na\u0161u webov\u00fa str\u00e1nku<\/li>\n\n\n\n<li>Pochopte a analyzujte, ako pou\u017e\u00edvate na\u0161u webov\u00fa str\u00e1nku<\/li>\n\n\n\n<li>Vyv\u00edjajte nov\u00e9 produkty, slu\u017eby, funkcie a funkcie<\/li>\n\n\n\n<li>Komunikova\u0165 s vami, \u010di u\u017e priamo, alebo prostredn\u00edctvom jedn\u00e9ho z na\u0161ich partnerov, a to aj pre z\u00e1kazn\u00edcky servis, aby sme v\u00e1m poskytli aktualiz\u00e1cie a \u010fal\u0161ie inform\u00e1cie t\u00fdkaj\u00face sa webovej str\u00e1nky a na marketingov\u00e9 a propaga\u010dn\u00e9 \u00fa\u010dely<\/li>\n\n\n\n<li>Posiela\u0165 v\u00e1m e-maily<\/li>\n\n\n\n<li>N\u00e1jdite a predch\u00e1dzajte podvodom<\/li>\n<\/ul>\n\n\n\n<h2 class=\"wp-block-heading\">Log Files<\/h2>\n\n\n\n<p>Migrant Global sa riadi \u0161tandardn\u00fdm postupom pou\u017e\u00edvania protokolov\u00fdch s\u00faborov. Tieto s\u00fabory zaznamen\u00e1vaj\u00fa n\u00e1v\u0161tevn\u00edkov, ke\u010f nav\u0161t\u00edvia webov\u00e9 str\u00e1nky. V\u0161etky hostingov\u00e9 spolo\u010dnosti to robia a s\u00fa s\u00fa\u010das\u0165ou anal\u00fdzy hostingov\u00fdch slu\u017eieb. Inform\u00e1cie zhroma\u017eden\u00e9 protokolov\u00fdmi s\u00fabormi zah\u0155\u0148aj\u00fa adresy internetov\u00e9ho protokolu (IP), typ prehliada\u010da, poskytovate\u013ea internetov\u00fdch slu\u017eieb (ISP), d\u00e1tum a \u010dasov\u00fa pe\u010diatku, odkazuj\u00face\/v\u00fdstupn\u00e9 str\u00e1nky a mo\u017eno aj po\u010det kliknut\u00ed. Tieto nie s\u00fa spojen\u00e9 so \u017eiadnymi inform\u00e1ciami, ktor\u00e9 s\u00fa osobne identifikovate\u013en\u00e9. \u00da\u010delom inform\u00e1ci\u00ed je analyzova\u0165 trendy, spravova\u0165 str\u00e1nku, sledova\u0165 pohyb pou\u017e\u00edvate\u013eov na webovej str\u00e1nke a zhroma\u017e\u010fova\u0165 demografick\u00e9 inform\u00e1cie.<\/p>\n\n\n\n<h2 class=\"wp-block-heading\">Z\u00e1sady ochrany osobn\u00fdch \u00fadajov reklamn\u00fdch partnerov<\/h2>\n\n\n\n<p>V tomto zozname m\u00f4\u017eete n\u00e1js\u0165 Z\u00e1sady ochrany osobn\u00fdch \u00fadajov pre ka\u017ed\u00e9ho z reklamn\u00fdch partnerov Migrant Global.<\/p>\n\n\n\n<p>Reklamn\u00e9 servery alebo reklamn\u00e9 siete tret\u00edch str\u00e1n pou\u017e\u00edvaj\u00fa technol\u00f3gie, ako s\u00fa s\u00fabory cookie, JavaScript alebo Web Beacons, ktor\u00e9 sa pou\u017e\u00edvaj\u00fa v ich pr\u00edslu\u0161n\u00fdch reklam\u00e1ch a odkazoch, ktor\u00e9 sa zobrazuj\u00fa na str\u00e1nke Migrant Global a ktor\u00e9 sa odosielaj\u00fa priamo do prehliada\u010da pou\u017e\u00edvate\u013eov. Ke\u010f k tomu d\u00f4jde, automaticky dostan\u00fa va\u0161u IP adresu. Tieto technol\u00f3gie sa pou\u017e\u00edvaj\u00fa na meranie \u00fa\u010dinnosti ich reklamn\u00fdch kampan\u00ed a\/alebo na prisp\u00f4sobenie reklamn\u00e9ho obsahu, ktor\u00fd vid\u00edte na webov\u00fdch str\u00e1nkach, ktor\u00e9 nav\u0161tevujete.<\/p>\n\n\n\n<p>Upozor\u0148ujeme, \u017ee spolo\u010dnos\u0165 Migrant Global nem\u00e1 \u017eiadny pr\u00edstup ani kontrolu nad t\u00fdmito s\u00fabormi cookie, ktor\u00e9 pou\u017e\u00edvaj\u00fa inzerenti tret\u00edch str\u00e1n.<\/p>\n\n\n\n<h2 class=\"wp-block-heading\">Z\u00e1sady ochrany osobn\u00fdch \u00fadajov tret\u00edch str\u00e1n<\/h2>\n\n\n\n<p>Z\u00e1sady ochrany osobn\u00fdch \u00fadajov spolo\u010dnosti Migrant Global sa nevz\u0165ahuj\u00fa na in\u00fdch inzerentov ani webov\u00e9 str\u00e1nky. Preto v\u00e1m odpor\u00fa\u010dame, aby ste si podrobnej\u0161ie inform\u00e1cie pre\u010d\u00edtali v pr\u00edslu\u0161n\u00fdch Z\u00e1sad\u00e1ch ochrany osobn\u00fdch \u00fadajov t\u00fdchto reklamn\u00fdch serverov tret\u00edch str\u00e1n. M\u00f4\u017ee zah\u0155\u0148a\u0165 ich postupy a pokyny o tom, ako zru\u0161i\u0165 ur\u010dit\u00e9 mo\u017enosti.<\/p>\n\n\n\n<p>S\u00fabory cookie m\u00f4\u017eete zak\u00e1za\u0165 prostredn\u00edctvom individu\u00e1lnych mo\u017enost\u00ed prehliada\u010da. Ak chcete z\u00edska\u0165 podrobnej\u0161ie inform\u00e1cie o spr\u00e1ve s\u00faborov cookie pomocou konkr\u00e9tnych webov\u00fdch prehliada\u010dov, n\u00e1jdete ich na pr\u00edslu\u0161n\u00fdch webov\u00fdch str\u00e1nkach prehliada\u010dov.<\/p>\n\n\n\n<h2 class=\"wp-block-heading\">Pr\u00e1va na ochranu osobn\u00fdch \u00fadajov pod\u013ea z\u00e1kona CCPA (Nepred\u00e1vajte moje osobn\u00e9 \u00fadaje)<\/h2>\n\n\n\n<p>Pod\u013ea z\u00e1kona CCPA maj\u00fa spotrebitelia v Kalifornii okrem in\u00fdch pr\u00e1v pr\u00e1vo:<\/p>\n\n\n\n<p>Po\u017eiada\u0165, aby podnik, ktor\u00fd zhroma\u017e\u010fuje osobn\u00e9 \u00fadaje spotrebite\u013ea, zverejnil kateg\u00f3rie a konkr\u00e9tne \u010dasti osobn\u00fdch \u00fadajov, ktor\u00e9 podnik o spotrebite\u013eoch zhroma\u017edil.<\/p>\n\n\n\n<p>Po\u017eiada\u0165, aby podnik vymazal v\u0161etky osobn\u00e9 \u00fadaje o spotrebite\u013eovi, ktor\u00e9 podnik zhroma\u017edil.<\/p>\n\n\n\n<p>\u017diada\u0165, aby podnik, ktor\u00fd pred\u00e1va osobn\u00e9 \u00fadaje spotrebite\u013ea, nepred\u00e1val osobn\u00e9 \u00fadaje spotrebite\u013ea.<\/p>\n\n\n\n<p>Ak pod\u00e1te \u017eiados\u0165, m\u00e1me jeden mesiac na to, aby sme v\u00e1m odpovedali. Ak by ste chceli niektor\u00e9 z t\u00fdchto pr\u00e1v uplatni\u0165, kontaktujte n\u00e1s.<\/p>\n\n\n\n<h2 class=\"wp-block-heading\">Pr\u00e1va na ochranu \u00fadajov GDPR<\/h2>\n\n\n\n<p>Radi by sme sa uistili, \u017ee ste si plne vedom\u00ed v\u0161etk\u00fdch svojich pr\u00e1v na ochranu \u00fadajov. Ka\u017ed\u00fd u\u017e\u00edvate\u013e m\u00e1 n\u00e1rok na nasledovn\u00e9:<\/p>\n\n\n\n<p>Pr\u00e1vo na pr\u00edstup \u2013 m\u00e1te pr\u00e1vo po\u017eadova\u0165 k\u00f3pie svojich osobn\u00fdch \u00fadajov. Za t\u00fato slu\u017ebu v\u00e1m m\u00f4\u017eeme \u00fa\u010dtova\u0165 mal\u00fd poplatok.<\/p>\n\n\n\n<p>Pr\u00e1vo na opravu \u2013 M\u00e1te pr\u00e1vo po\u017eadova\u0165, aby sme opravili ak\u00e9ko\u013evek inform\u00e1cie, ktor\u00e9 pova\u017eujete za nepresn\u00e9. M\u00e1te tie\u017e pr\u00e1vo po\u017eiada\u0165 n\u00e1s o doplnenie inform\u00e1ci\u00ed, ktor\u00e9 pova\u017eujete za ne\u00fapln\u00e9.<\/p>\n\n\n\n<p>Pr\u00e1vo na vymazanie \u2013 M\u00e1te pr\u00e1vo po\u017eadova\u0165, aby sme za ur\u010dit\u00fdch podmienok vymazali va\u0161e osobn\u00e9 \u00fadaje.<\/p>\n\n\n\n<p>Pr\u00e1vo na obmedzenie sprac\u00favania \u2013 m\u00e1te pr\u00e1vo po\u017eadova\u0165, aby sme za ur\u010dit\u00fdch podmienok obmedzili sprac\u00favanie va\u0161ich osobn\u00fdch \u00fadajov.<\/p>\n\n\n\n<p>Pr\u00e1vo namieta\u0165 proti spracovaniu \u2013 za ur\u010dit\u00fdch podmienok m\u00e1te pr\u00e1vo namieta\u0165 proti n\u00e1\u0161mu spracovaniu va\u0161ich osobn\u00fdch \u00fadajov.<\/p>\n\n\n\n<p>Pr\u00e1vo na prenosnos\u0165 \u00fadajov \u2013 M\u00e1te pr\u00e1vo po\u017eadova\u0165, aby sme za ur\u010dit\u00fdch podmienok preniesli \u00fadaje, ktor\u00e9 sme zhroma\u017edili, inej organiz\u00e1cii alebo priamo v\u00e1m.<\/p>\n\n\n\n<p>Ak pod\u00e1te \u017eiados\u0165, m\u00e1me jeden mesiac na to, aby sme v\u00e1m odpovedali. Ak by ste chceli niektor\u00e9 z t\u00fdchto pr\u00e1v uplatni\u0165, kontaktujte n\u00e1s.<\/p>\n\n\n\n<h2 class=\"wp-block-heading\">Inform\u00e1cie pre deti<\/h2>\n\n\n\n<p>\u010eal\u0161ou s\u00fa\u010das\u0165ou na\u0161ej priority je pridanie ochrany det\u00ed pri pou\u017e\u00edvan\u00ed internetu. Odpor\u00fa\u010dame rodi\u010dom a opatrovn\u00edkom, aby pozorovali, z\u00fa\u010dast\u0148ovali sa a\/alebo monitorovali a usmer\u0148ovali svoju online aktivitu.<\/p>\n\n\n\n<p>Migrant Global vedome nezhroma\u017e\u010fuje \u017eiadne osobn\u00e9 identifika\u010dn\u00e9 \u00fadaje od det\u00ed mlad\u0161\u00edch ako 13 rokov. Ak si mysl\u00edte, \u017ee va\u0161e die\u0165a poskytlo tento druh inform\u00e1ci\u00ed na na\u0161ej webovej str\u00e1nke, d\u00f4razne v\u00e1m odpor\u00fa\u010dame, aby ste n\u00e1s okam\u017eite kontaktovali a my urob\u00edme v\u0161etko pre to, aby sme \u010do najsk\u00f4r odstr\u00e1ni\u0165 tak\u00e9to inform\u00e1cie z na\u0161ich z\u00e1znamov.<\/p>\n\n\n\n<h2 class=\"wp-block-heading\">Zmeny t\u00fdchto z\u00e1sad ochrany osobn\u00fdch \u00fadajov<\/h2>\n\n\n\n<p>Na\u0161e Z\u00e1sady ochrany osobn\u00fdch \u00fadajov m\u00f4\u017eeme z \u010dasu na \u010das aktualizova\u0165. Preto v\u00e1m odpor\u00fa\u010dame, aby ste t\u00fato str\u00e1nku pravidelne kontrolovali kv\u00f4li pr\u00edpadn\u00fdm zmen\u00e1m. O ak\u00fdchko\u013evek zmen\u00e1ch v\u00e1s budeme informova\u0165 zverejnen\u00edm nov\u00fdch Z\u00e1sad ochrany osobn\u00fdch \u00fadajov na tejto str\u00e1nke. Tieto zmeny s\u00fa \u00fa\u010dinn\u00e9 okam\u017eite po ich zverejnen\u00ed na tejto str\u00e1nke.<\/p>\n\n\n\n<h2 class=\"wp-block-heading\">Kontaktuj n\u00e1s<\/h2>\n\n\n\n<p>Ak m\u00e1te ak\u00e9ko\u013evek ot\u00e1zky alebo n\u00e1vrhy t\u00fdkaj\u00face sa na\u0161ich Z\u00e1sad ochrany osobn\u00fdch \u00fadajov, nev\u00e1hajte <a href=\"https:\/\/www.migrantglobal.com\/sk\/kontaktuj-nas\/\">kontaktuj n\u00e1s.<\/a><\/p>","protected":false},"excerpt":{"rendered":"<p>At Migrant Global, accessible from migrantglobal.com, one of our main priorities is the privacy of our visitors. This Privacy Policy document contains types of information that is collected and recorded by Migrant Global and how we use it. If you have additional questions or require more information about our Privacy Policy, do not hesitate to [&hellip;]<\/p>\n","protected":false},"author":1,"featured_media":0,"parent":0,"menu_order":0,"comment_status":"closed","ping_status":"closed","template":"","meta":{"footnotes":""},"class_list":["post-309","page","type-page","status-publish","hentry"],"_links":{"self":[{"href":"https:\/\/www.migrantglobal.com\/sk\/wp-json\/wp\/v2\/pages\/309","targetHints":{"allow":["GET"]}}],"collection":[{"href":"https:\/\/www.migrantglobal.com\/sk\/wp-json\/wp\/v2\/pages"}],"about":[{"href":"https:\/\/www.migrantglobal.com\/sk\/wp-json\/wp\/v2\/types\/page"}],"author":[{"embeddable":true,"href":"https:\/\/www.migrantglobal.com\/sk\/wp-json\/wp\/v2\/users\/1"}],"replies":[{"embeddable":true,"href":"https:\/\/www.migrantglobal.com\/sk\/wp-json\/wp\/v2\/comments?post=309"}],"version-history":[{"count":3,"href":"https:\/\/www.migrantglobal.com\/sk\/wp-json\/wp\/v2\/pages\/309\/revisions"}],"predecessor-version":[{"id":313,"href":"https:\/\/www.migrantglobal.com\/sk\/wp-json\/wp\/v2\/pages\/309\/revisions\/313"}],"wp:attachment":[{"href":"https:\/\/www.migrantglobal.com\/sk\/wp-json\/wp\/v2\/media?parent=309"}],"curies":[{"name":"pracovn\u00fd list","href":"https:\/\/api.w.org\/{rel}","templated":true}]}}