{"id":323,"date":"2023-04-25T17:13:13","date_gmt":"2023-04-25T17:13:13","guid":{"rendered":"https:\/\/migrantglobal.com\/?page_id=323"},"modified":"2023-04-25T17:13:17","modified_gmt":"2023-04-25T17:13:17","slug":"terms-and-conditions","status":"publish","type":"page","link":"https:\/\/www.migrantglobal.com\/sk\/podmienky\/","title":{"rendered":"Podmienky"},"content":{"rendered":"<p>Vitajte v Migrant Global!<\/p>\n\n\n\n<p>Tieto zmluvn\u00e9 podmienky popisuj\u00fa pravidl\u00e1 a predpisy pre pou\u017e\u00edvanie webovej str\u00e1nky spolo\u010dnosti Migrant Global, ktor\u00e1 sa nach\u00e1dza na adrese migrantglobal.com.<\/p>\n\n\n\n<p>Vstupom na t\u00fato webov\u00fa str\u00e1nku predpoklad\u00e1me, \u017ee s\u00fahlas\u00edte s t\u00fdmito podmienkami. Nepokra\u010dujte v pou\u017e\u00edvan\u00ed Migrant Global, ak nes\u00fahlas\u00edte s prijat\u00edm v\u0161etk\u00fdch podmienok uveden\u00fdch na tejto str\u00e1nke.<\/p>\n\n\n\n<p>Nasleduj\u00faca terminol\u00f3gia sa vz\u0165ahuje na tieto Zmluvn\u00e9 podmienky, Vyhl\u00e1senie o ochrane osobn\u00fdch \u00fadajov a Ozn\u00e1menie o vyl\u00fa\u010den\u00ed zodpovednosti a v\u0161etky zmluvy: \u201eKlient\u201c, \u201eVy\u201c a \u201eV\u00e1\u0161\u201c sa vz\u0165ahuje na v\u00e1s, osobu prihl\u00e1sen\u00fa na tejto webovej lokalite a v s\u00falade s podmienkami spolo\u010dnosti. \u201eSpolo\u010dnos\u0165\u201c, \u201eMy\u201c, \u201eMy\u201c, \u201eNa\u0161e\u201c a \u201eMy\u201c ozna\u010duje na\u0161u spolo\u010dnos\u0165. \u201eStrana\u201c, \u201eZmluvn\u00e9 strany\u201c alebo \u201eN\u00e1s\u201c sa vz\u0165ahuje na klienta aj na n\u00e1s. V\u0161etky podmienky sa vz\u0165ahuj\u00fa na ponuku, prijatie a zv\u00e1\u017eenie platby potrebn\u00e9 na vykonanie procesu na\u0161ej pomoci klientovi najvhodnej\u0161\u00edm sp\u00f4sobom na v\u00fdslovn\u00fd \u00fa\u010del uspokojenia potrieb klienta v s\u00favislosti s poskytovan\u00edm slu\u017eieb uveden\u00fdch spolo\u010dnos\u0165ou, v s\u00falade s a podlieha n\u00e1\u0161mu platn\u00e9mu pr\u00e1vu. Ak\u00e9ko\u013evek pou\u017eitie vy\u0161\u0161ie uvedenej terminol\u00f3gie alebo in\u00fdch slov v jednotnom \u010d\u00edsle, mno\u017enom \u010d\u00edsle, s ve\u013ek\u00fdm za\u010diato\u010dn\u00fdm p\u00edsmenom a\/alebo on\/ona alebo oni sa pova\u017euj\u00fa za vz\u00e1jomne zamenite\u013en\u00e9, a preto sa na ne vz\u0165ahuj\u00fa.<\/p>\n\n\n\n<h3 class=\"wp-block-heading\"><strong>Cookies<\/strong><\/h3>\n\n\n\n<p>Pou\u017e\u00edvame cookies. Vstupom do Migrant Global ste s\u00fahlasili s pou\u017e\u00edvan\u00edm cookies v s\u00falade so Z\u00e1sadami ochrany osobn\u00fdch \u00fadajov Migrant Global.<\/p>\n\n\n\n<p>V\u00e4\u010d\u0161ina interakt\u00edvnych webov\u00fdch str\u00e1nok pou\u017e\u00edva s\u00fabory cookie, ktor\u00e9 n\u00e1m umo\u017e\u0148uj\u00fa z\u00edska\u0165 podrobnosti o pou\u017e\u00edvate\u013eovi pri ka\u017edej n\u00e1v\u0161teve. Na\u0161a webov\u00e1 str\u00e1nka pou\u017e\u00edva s\u00fabory cookie na umo\u017enenie funk\u010dnosti ur\u010dit\u00fdch oblast\u00ed s cie\u013eom u\u013eah\u010di\u0165 \u013eu\u010fom n\u00e1v\u0161tevu na\u0161ej webovej str\u00e1nky. Niektor\u00ed z na\u0161ich pridru\u017een\u00fdch\/reklamn\u00fdch partnerov m\u00f4\u017eu tie\u017e pou\u017e\u00edva\u0165 s\u00fabory cookie.<\/p>\n\n\n\n<h3 class=\"wp-block-heading\"><strong>Licencia<\/strong><\/h3>\n\n\n\n<p>Pokia\u013e nie je uveden\u00e9 inak, spolo\u010dnos\u0165 Migrant Global a\/alebo jej poskytovatelia licenci\u00ed vlastnia pr\u00e1va du\u0161evn\u00e9ho vlastn\u00edctva na v\u0161etok materi\u00e1l na str\u00e1nke Migrant Global. V\u0161etky pr\u00e1va du\u0161evn\u00e9ho vlastn\u00edctva s\u00fa vyhraden\u00e9. M\u00f4\u017eete k nim pristupova\u0165 od spolo\u010dnosti Migrant Global pre va\u0161e osobn\u00e9 pou\u017eitie s v\u00fdhradou obmedzen\u00ed stanoven\u00fdch v t\u00fdchto podmienkach.<\/p>\n\n\n\n<p>Nesmiete:<\/p>\n\n\n\n<ul class=\"wp-block-list\">\n<li>Znovu publikujte materi\u00e1l z Migrant Global<\/li>\n\n\n\n<li>Pred\u00e1vajte, prenaj\u00edmajte alebo sublicencujte materi\u00e1l od spolo\u010dnosti Migrant Global<\/li>\n\n\n\n<li>Reprodukujte, duplikujte alebo kop\u00edrujte materi\u00e1l z Migrant Global<\/li>\n\n\n\n<li>Redistribuujte obsah z Migrant Global<\/li>\n<\/ul>\n\n\n\n<p>\u010casti tejto webovej lokality pon\u00fakaj\u00fa pou\u017e\u00edvate\u013eom mo\u017enos\u0165 uverej\u0148ova\u0165 a vymie\u0148a\u0165 si n\u00e1zory a inform\u00e1cie v ur\u010dit\u00fdch oblastiach webovej lokality. Migrant Global nefiltruje, neupravuje, nezverej\u0148uje ani nekontroluje koment\u00e1re pred ich pr\u00edtomnos\u0165ou na webovej lokalite. Koment\u00e1re neodr\u00e1\u017eaj\u00fa n\u00e1zory a stanovisk\u00e1 spolo\u010dnosti Migrant Global, jej z\u00e1stupcov a\/alebo pridru\u017een\u00fdch spolo\u010dnost\u00ed. Koment\u00e1re odr\u00e1\u017eaj\u00fa n\u00e1zory a n\u00e1zory osoby, ktor\u00e1 uverej\u0148uje svoje n\u00e1zory a n\u00e1zory. V rozsahu povolenom pr\u00edslu\u0161n\u00fdmi z\u00e1konmi nebude spolo\u010dnos\u0165 Migrant Global zodpovedn\u00e1 za Koment\u00e1re ani za ak\u00fako\u013evek zodpovednos\u0165, \u0161kody alebo v\u00fddavky sp\u00f4soben\u00e9 a\/alebo vzniknut\u00e9 v d\u00f4sledku ak\u00e9hoko\u013evek pou\u017eitia a\/alebo uverejnenia a\/alebo objavenia sa Koment\u00e1rov na tento web.<\/p>\n\n\n\n<p>Migrant Global si vyhradzuje pr\u00e1vo monitorova\u0165 v\u0161etky koment\u00e1re a odstr\u00e1ni\u0165 ak\u00e9ko\u013evek koment\u00e1re, ktor\u00e9 mo\u017eno pova\u017eova\u0165 za nevhodn\u00e9, ur\u00e1\u017eliv\u00e9 alebo sp\u00f4sobuj\u00face poru\u0161enie t\u00fdchto podmienok.<\/p>\n\n\n\n<p>Zaru\u010dujete a vyhlasujete, \u017ee:<\/p>\n\n\n\n<ul class=\"wp-block-list\">\n<li>M\u00e1te pr\u00e1vo uverej\u0148ova\u0165 Koment\u00e1re na na\u0161ej webovej str\u00e1nke a m\u00e1te na to v\u0161etky potrebn\u00e9 licencie a s\u00fahlasy;<\/li>\n\n\n\n<li>Koment\u00e1re neporu\u0161uj\u00fa \u017eiadne pr\u00e1va du\u0161evn\u00e9ho vlastn\u00edctva, vr\u00e1tane, bez obmedzenia, autorsk\u00fdch pr\u00e1v, patentov alebo ochrann\u00fdch zn\u00e1mok akejko\u013evek tretej strany;<\/li>\n\n\n\n<li>Koment\u00e1re neobsahuj\u00fa \u017eiadny hanliv\u00fd, ur\u00e1\u017eliv\u00fd, ur\u00e1\u017eliv\u00fd, neslu\u0161n\u00fd alebo inak nez\u00e1konn\u00fd materi\u00e1l, ktor\u00fd je z\u00e1sahom do s\u00fakromia<\/li>\n\n\n\n<li>Koment\u00e1re nebud\u00fa pou\u017eit\u00e9 na z\u00edskavanie alebo propagovanie obchodu alebo zvykov, ani na prezent\u00e1ciu komer\u010dn\u00fdch aktiv\u00edt alebo nez\u00e1konn\u00fdch aktiv\u00edt.<\/li>\n<\/ul>\n\n\n\n<p>T\u00fdmto ude\u013eujete spolo\u010dnosti Migrant Global nev\u00fdhradn\u00fa licenciu na pou\u017e\u00edvanie, reprodukovanie, \u00fapravu a opr\u00e1v\u0148ujete ostatn\u00fdch na pou\u017e\u00edvanie, reprodukovanie a \u00fapravu ak\u00fdchko\u013evek va\u0161ich koment\u00e1rov v akejko\u013evek forme, form\u00e1te alebo m\u00e9diu.<\/p>\n\n\n\n<h3 class=\"wp-block-heading\"><strong>Hypertextov\u00e9 prepojenie na n\u00e1\u0161 obsah<\/strong><\/h3>\n\n\n\n<p>Nasleduj\u00face organiz\u00e1cie m\u00f4\u017eu odkazova\u0165 na na\u0161u webov\u00fa str\u00e1nku bez predch\u00e1dzaj\u00faceho p\u00edsomn\u00e9ho s\u00fahlasu:<\/p>\n\n\n\n<ul class=\"wp-block-list\">\n<li>Vl\u00e1dne agent\u00fary;<\/li>\n\n\n\n<li>Vyh\u013ead\u00e1va\u010de;<\/li>\n\n\n\n<li>Spravodajsk\u00e9 organiz\u00e1cie;<\/li>\n\n\n\n<li>Distrib\u00fatori online adres\u00e1rov m\u00f4\u017eu odkazova\u0165 na na\u0161u webov\u00fa str\u00e1nku rovnak\u00fdm sp\u00f4sobom, ak\u00fdm hyperlinkuj\u00fa na webov\u00e9 str\u00e1nky in\u00fdch k\u00f3tovan\u00fdch spolo\u010dnost\u00ed; a<\/li>\n\n\n\n<li>Celosyst\u00e9mov\u00e9 akreditovan\u00e9 podniky s v\u00fdnimkou oslovovania neziskov\u00fdch organiz\u00e1ci\u00ed, charitat\u00edvnych n\u00e1kupn\u00fdch centier a charitat\u00edvnych fundraisingov\u00fdch skup\u00edn, ktor\u00e9 nemusia obsahova\u0165 hypertextov\u00e9 odkazy na na\u0161u webov\u00fa str\u00e1nku.<\/li>\n<\/ul>\n\n\n\n<p>Tieto organiz\u00e1cie m\u00f4\u017eu odkazova\u0165 na na\u0161u domovsk\u00fa str\u00e1nku, na publik\u00e1cie alebo na in\u00e9 webov\u00e9 str\u00e1nky, pokia\u013e odkaz: (a) nie je \u017eiadnym sp\u00f4sobom klamliv\u00fd; (b) nepravdivo nenazna\u010duje sponzorstvo, podporu alebo schv\u00e1lenie prep\u00e1jaj\u00facej strany a jej produktov a\/alebo slu\u017eieb; a (c) zapad\u00e1 do kontextu str\u00e1nky prep\u00e1jaj\u00facej strany.<\/p>\n\n\n\n<p>M\u00f4\u017eeme zv\u00e1\u017ei\u0165 a schv\u00e1li\u0165 \u010fal\u0161ie \u017eiadosti o prepojenie od nasleduj\u00facich typov organiz\u00e1ci\u00ed:<\/p>\n\n\n\n<ul class=\"wp-block-list\">\n<li>v\u0161eobecne zn\u00e1me spotrebite\u013esk\u00e9 a\/alebo obchodn\u00e9 informa\u010dn\u00e9 zdroje;<\/li>\n\n\n\n<li>str\u00e1nky komunity dot.com;<\/li>\n\n\n\n<li>zdru\u017eenia alebo in\u00e9 skupiny zastupuj\u00face charitat\u00edvne organiz\u00e1cie;<\/li>\n\n\n\n<li>distrib\u00fatori online adres\u00e1rov;<\/li>\n\n\n\n<li>internetov\u00e9 port\u00e1ly;<\/li>\n\n\n\n<li>\u00fa\u010dtovn\u00edcke, pr\u00e1vnick\u00e9 a poradensk\u00e9 firmy; a<\/li>\n\n\n\n<li>vzdel\u00e1vacie in\u0161tit\u00facie a obchodn\u00e9 zdru\u017eenia.<\/li>\n<\/ul>\n\n\n\n<p>\u017diadosti o prepojenie od t\u00fdchto organiz\u00e1ci\u00ed schv\u00e1lime, ak sa rozhodneme, \u017ee: (a) prepojenie by n\u00e1s nesp\u00f4sobilo nepriaznivo pre n\u00e1s alebo pre na\u0161e akreditovan\u00e9 podniky; (b) organiz\u00e1cia u n\u00e1s nem\u00e1 \u017eiadne negat\u00edvne z\u00e1znamy; (c) pr\u00ednos pre n\u00e1s z vidite\u013enosti hypertextov\u00e9ho odkazu kompenzuje absenciu Migrant Global; a (d) odkaz je v kontexte v\u0161eobecn\u00fdch inform\u00e1ci\u00ed o zdroji.<\/p>\n\n\n\n<p>Tieto organiz\u00e1cie m\u00f4\u017eu odkazova\u0165 na na\u0161u domovsk\u00fa str\u00e1nku, pokia\u013e odkaz: (a) nie je \u017eiadnym sp\u00f4sobom klamliv\u00fd; (b) nepravdivo nenazna\u010duje sponzorstvo, podporu alebo schv\u00e1lenie prep\u00e1jaj\u00facej strany a jej produktov alebo slu\u017eieb; a (c) zapad\u00e1 do kontextu str\u00e1nky prep\u00e1jaj\u00facej strany.<\/p>\n\n\n\n<p>Ak ste jednou z organiz\u00e1ci\u00ed uveden\u00fdch v odseku 2 vy\u0161\u0161ie a m\u00e1te z\u00e1ujem o prepojenie na na\u0161u webov\u00fa str\u00e1nku, mus\u00edte n\u00e1s o tom informova\u0165 zaslan\u00edm e-mailu na adresu Migrant Global. Uve\u010fte svoje meno, n\u00e1zov va\u0161ej organiz\u00e1cie, kontaktn\u00e9 inform\u00e1cie, ako aj adresu URL va\u0161ej str\u00e1nky, zoznam v\u0161etk\u00fdch adries URL, z ktor\u00fdch chcete odkazova\u0165 na na\u0161u webov\u00fa str\u00e1nku, a zoznam adries URL na na\u0161ej str\u00e1nke, na ktor\u00e9 by ste chceli odkaz. Po\u010dkajte 2-3 t\u00fd\u017edne na odpove\u010f.<\/p>\n\n\n\n<p>Schv\u00e1len\u00e9 organiz\u00e1cie m\u00f4\u017eu odkazova\u0165 na na\u0161u webov\u00fa str\u00e1nku nasledovne:<\/p>\n\n\n\n<ul class=\"wp-block-list\">\n<li>Pou\u017e\u00edvan\u00edm n\u00e1\u0161ho obchodn\u00e9ho mena; alebo<\/li>\n\n\n\n<li>Pou\u017eit\u00edm jednotn\u00e9ho vyh\u013ead\u00e1va\u010da zdrojov, na ktor\u00fd sa odkazuje; alebo<\/li>\n\n\n\n<li>Pou\u017eit\u00edm ak\u00e9hoko\u013evek in\u00e9ho popisu na\u0161ej webovej str\u00e1nky, na ktor\u00fa je odkaz, ktor\u00fd d\u00e1va zmysel v kontexte a form\u00e1te obsahu na str\u00e1nke prep\u00e1jaj\u00facej strany.<\/li>\n<\/ul>\n\n\n\n<p>Bez licen\u010dnej zmluvy na ochrann\u00fa zn\u00e1mku nebude povolen\u00e9 \u017eiadne pou\u017eitie loga alebo in\u00e9ho umeleck\u00e9ho diela spolo\u010dnosti Migrant Global na prepojenie.<\/p>\n\n\n\n<h3 class=\"wp-block-heading\"><strong>iFrames<\/strong><\/h3>\n\n\n\n<p>Bez predch\u00e1dzaj\u00faceho s\u00fahlasu a p\u00edsomn\u00e9ho povolenia nesmiete okolo na\u0161ich webov\u00fdch str\u00e1nok vytv\u00e1ra\u0165 r\u00e1mce, ktor\u00e9 ak\u00fdmko\u013evek sp\u00f4sobom menia vizu\u00e1lnu prezent\u00e1ciu alebo vzh\u013ead na\u0161ej webovej str\u00e1nky.<\/p>\n\n\n\n<h3 class=\"wp-block-heading\"><strong>Zodpovednos\u0165 za obsah<\/strong><\/h3>\n\n\n\n<p>Nenesieme zodpovednos\u0165 za \u017eiadny obsah, ktor\u00fd sa objav\u00ed na va\u0161ej webovej str\u00e1nke. S\u00fahlas\u00edte s t\u00fdm, \u017ee n\u00e1s budete chr\u00e1ni\u0165 a br\u00e1ni\u0165 pred v\u0161etk\u00fdmi n\u00e1rokmi, ktor\u00e9 vznikaj\u00fa na va\u0161ej webovej str\u00e1nke. Na \u017eiadnej webovej str\u00e1nke by sa nemali objavi\u0165 \u017eiadne odkazy, ktor\u00e9 by mohli by\u0165 interpretovan\u00e9 ako ur\u00e1\u017eliv\u00e9, obsc\u00e9nne alebo trestn\u00e9, alebo ktor\u00e9 poru\u0161uj\u00fa, inak poru\u0161uj\u00fa alebo obhajuj\u00fa poru\u0161ovanie alebo in\u00e9 poru\u0161ovanie pr\u00e1v tret\u00edch str\u00e1n.<\/p>\n\n\n\n<h3 class=\"wp-block-heading\"><strong>V\u00fdhrada pr\u00e1v<\/strong><\/h3>\n\n\n\n<p>Vyhradzujeme si pr\u00e1vo po\u017eiada\u0165 v\u00e1s o odstr\u00e1nenie v\u0161etk\u00fdch odkazov alebo ak\u00e9hoko\u013evek konkr\u00e9tneho odkazu na na\u0161u webov\u00fa str\u00e1nku. S\u00fahlas\u00edte s okam\u017eit\u00fdm odstr\u00e1nen\u00edm v\u0161etk\u00fdch odkazov na na\u0161u webov\u00fa str\u00e1nku na po\u017eiadanie. Vyhradzujeme si tie\u017e pr\u00e1vo kedyko\u013evek zmeni\u0165 tieto podmienky a pravidl\u00e1 ich prepojenia. Nepretr\u017eit\u00fdm prep\u00e1jan\u00edm na na\u0161u webov\u00fa str\u00e1nku s\u00fahlas\u00edte s t\u00fdm, \u017ee budete viazan\u00ed a budete sa riadi\u0165 t\u00fdmito podmienkami prepojenia.<\/p>\n\n\n\n<h3 class=\"wp-block-heading\"><strong>Odstr\u00e1nenie odkazov z na\u0161ej webovej str\u00e1nky<\/strong><\/h3>\n\n\n\n<p>Ak na na\u0161ej webovej str\u00e1nke n\u00e1jdete ak\u00fdko\u013evek odkaz, ktor\u00fd je z ak\u00e9hoko\u013evek d\u00f4vodu ur\u00e1\u017eliv\u00fd, m\u00f4\u017eete n\u00e1s kedyko\u013evek kontaktova\u0165 a informova\u0165. Pos\u00fadime \u017eiadosti o odstr\u00e1nenie odkazov, ale nie sme povinn\u00ed v\u00e1m odpoveda\u0165 alebo v\u00e1m priamo odpoveda\u0165.<\/p>\n\n\n\n<p>Nezaru\u010dujeme, \u017ee inform\u00e1cie na tejto webovej str\u00e1nke s\u00fa spr\u00e1vne, nezaru\u010dujeme ich \u00faplnos\u0165 alebo presnos\u0165; ani nes\u013eubujeme, \u017ee zabezpe\u010d\u00edme, aby webov\u00e1 lokalita zostala dostupn\u00e1 alebo \u017ee materi\u00e1l na webovej lokalite bude aktu\u00e1lny.<\/p>\n\n\n\n<h3 class=\"wp-block-heading\"><strong>Vyl\u00fa\u010denie zodpovednosti<\/strong><\/h3>\n\n\n\n<p>V maxim\u00e1lnom rozsahu povolenom platn\u00fdmi z\u00e1konmi vylu\u010dujeme v\u0161etky vyhl\u00e1senia, z\u00e1ruky a podmienky t\u00fdkaj\u00face sa na\u0161ej webovej str\u00e1nky a pou\u017e\u00edvania tejto webovej str\u00e1nky. Ni\u010d v tomto vyl\u00fa\u010den\u00ed zodpovednosti:<\/p>\n\n\n\n<ul class=\"wp-block-list\">\n<li>obmedzi\u0165 alebo vyl\u00fa\u010di\u0165 na\u0161u alebo va\u0161u zodpovednos\u0165 za smr\u0165 alebo zranenie os\u00f4b;<\/li>\n\n\n\n<li>obmedzi\u0165 alebo vyl\u00fa\u010di\u0165 na\u0161u alebo va\u0161u zodpovednos\u0165 za podvod alebo podvodn\u00e9 skreslenie inform\u00e1ci\u00ed;<\/li>\n\n\n\n<li>obmedzi\u0165 ak\u00e9ko\u013evek na\u0161e alebo va\u0161e z\u00e1v\u00e4zky ak\u00fdmko\u013evek sp\u00f4sobom, ktor\u00fd pr\u00edslu\u0161n\u00fd z\u00e1kon nepovo\u013euje; alebo<\/li>\n\n\n\n<li>vyl\u00fa\u010di\u0165 ak\u00e9ko\u013evek na\u0161e alebo va\u0161e z\u00e1v\u00e4zky, ktor\u00e9 nem\u00f4\u017eu by\u0165 vyl\u00fa\u010den\u00e9 pod\u013ea platn\u00fdch z\u00e1konov.<\/li>\n<\/ul>\n\n\n\n<p>Obmedzenia a z\u00e1kazy zodpovednosti uveden\u00e9 v tejto \u010dasti a inde v tomto vyl\u00fa\u010den\u00ed zodpovednosti: (a) podliehaj\u00fa predch\u00e1dzaj\u00facemu odseku; a (b) riadia v\u0161etky z\u00e1v\u00e4zky vypl\u00fdvaj\u00face z odmietnutia zodpovednosti, vr\u00e1tane z\u00e1v\u00e4zkov vypl\u00fdvaj\u00facich zo zmluvy, z deliktu a za poru\u0161enie z\u00e1konnej povinnosti.<\/p>\n\n\n\n<p>Pokia\u013e s\u00fa webov\u00e1 str\u00e1nka a inform\u00e1cie a slu\u017eby na webovej str\u00e1nke poskytovan\u00e9 bezplatne, nenesieme zodpovednos\u0165 za stratu alebo po\u0161kodenie ak\u00e9hoko\u013evek charakteru.<\/p>","protected":false},"excerpt":{"rendered":"<p>Welcome to Migrant Global! These terms and conditions outline the rules and regulations for the use of Migrant Global&#8217;s Website, located at migrantglobal.com. By accessing this website we assume you accept these terms and conditions. Do not continue to use Migrant Global if you do not agree to take all of the terms and conditions [&hellip;]<\/p>\n","protected":false},"author":1,"featured_media":0,"parent":0,"menu_order":0,"comment_status":"closed","ping_status":"closed","template":"","meta":{"footnotes":""},"class_list":["post-323","page","type-page","status-publish","hentry"],"_links":{"self":[{"href":"https:\/\/www.migrantglobal.com\/sk\/wp-json\/wp\/v2\/pages\/323","targetHints":{"allow":["GET"]}}],"collection":[{"href":"https:\/\/www.migrantglobal.com\/sk\/wp-json\/wp\/v2\/pages"}],"about":[{"href":"https:\/\/www.migrantglobal.com\/sk\/wp-json\/wp\/v2\/types\/page"}],"author":[{"embeddable":true,"href":"https:\/\/www.migrantglobal.com\/sk\/wp-json\/wp\/v2\/users\/1"}],"replies":[{"embeddable":true,"href":"https:\/\/www.migrantglobal.com\/sk\/wp-json\/wp\/v2\/comments?post=323"}],"version-history":[{"count":1,"href":"https:\/\/www.migrantglobal.com\/sk\/wp-json\/wp\/v2\/pages\/323\/revisions"}],"predecessor-version":[{"id":324,"href":"https:\/\/www.migrantglobal.com\/sk\/wp-json\/wp\/v2\/pages\/323\/revisions\/324"}],"wp:attachment":[{"href":"https:\/\/www.migrantglobal.com\/sk\/wp-json\/wp\/v2\/media?parent=323"}],"curies":[{"name":"pracovn\u00fd list","href":"https:\/\/api.w.org\/{rel}","templated":true}]}}