{"id":426,"date":"2023-04-26T06:52:36","date_gmt":"2023-04-26T06:52:36","guid":{"rendered":"https:\/\/migrantglobal.com\/?page_id=426"},"modified":"2023-05-02T08:40:27","modified_gmt":"2023-05-02T08:40:27","slug":"partner-information","status":"publish","type":"page","link":"https:\/\/www.migrantglobal.com\/sk\/informacie-o-partnerovi\/","title":{"rendered":"Inform\u00e1cie o partnerovi"},"content":{"rendered":"<div data-elementor-type=\"wp-page\" data-elementor-id=\"426\" class=\"elementor elementor-426\">\n\t\t\t\t\t\t<section class=\"elementor-section elementor-top-section elementor-element elementor-element-7182bb8 elementor-section-boxed elementor-section-height-default elementor-section-height-default\" data-id=\"7182bb8\" data-element_type=\"section\" data-e-type=\"section\">\n\t\t\t\t\t\t<div class=\"elementor-container elementor-column-gap-default\">\n\t\t\t\t\t<div class=\"elementor-column elementor-col-100 elementor-top-column elementor-element elementor-element-411e58b\" data-id=\"411e58b\" data-element_type=\"column\" data-e-type=\"column\">\n\t\t\t<div class=\"elementor-widget-wrap elementor-element-populated\">\n\t\t\t\t\t\t<div class=\"elementor-element elementor-element-30d0f61 elementor-widget elementor-widget-heading\" data-id=\"30d0f61\" data-element_type=\"widget\" data-e-type=\"widget\" data-widget_type=\"heading.default\">\n\t\t\t\t<div class=\"elementor-widget-container\">\n\t\t\t\t\t<h2 class=\"elementor-heading-title elementor-size-default\">Inform\u00e1cie o partnerovi<\/h2>\t\t\t\t<\/div>\n\t\t\t\t<\/div>\n\t\t\t\t\t<\/div>\n\t\t<\/div>\n\t\t\t\t\t<\/div>\n\t\t<\/section>\n\t\t\t\t<section class=\"elementor-section elementor-top-section elementor-element elementor-element-67bf081 elementor-section-boxed elementor-section-height-default elementor-section-height-default\" data-id=\"67bf081\" data-element_type=\"section\" data-e-type=\"section\">\n\t\t\t\t\t\t<div class=\"elementor-container elementor-column-gap-default\">\n\t\t\t\t\t<div class=\"elementor-column elementor-col-100 elementor-top-column elementor-element elementor-element-f04c905\" data-id=\"f04c905\" data-element_type=\"column\" data-e-type=\"column\">\n\t\t\t<div class=\"elementor-widget-wrap elementor-element-populated\">\n\t\t\t\t\t\t<div class=\"elementor-element elementor-element-966ce93 elementor-widget elementor-widget-text-editor\" data-id=\"966ce93\" data-element_type=\"widget\" data-e-type=\"widget\" data-widget_type=\"text-editor.default\">\n\t\t\t\t<div class=\"elementor-widget-container\">\n\t\t\t\t\t\t\t\t\t<p><strong>N\u00e1\u0161 re\u017eim sprostredkovania;<\/strong><\/p><ul><li>Zaplat\u00edte n\u00e1m 10% z poplatkov, ktor\u00e9 \u00fa\u010dtujete klientovi za slu\u017ebu, ktor\u00fa klientovi poskytujete. Plat\u00ed to pre ka\u017ed\u00e9ho klienta, ktor\u00e9ho z\u00edskate od n\u00e1s alebo cez sie\u0165, a pre ka\u017ed\u00fa slu\u017ebu, ktor\u00fa klientovi poskytujete<\/li><li>Dostaneme zaplaten\u00e9, ke\u010f dostanete zaplaten\u00e9. Ak dostanete z\u00e1lohu, dostaneme 10%<\/li><li>V\u0161etci potenci\u00e1lni z\u00e1kazn\u00edci sa posielaj\u00fa ur\u010dit\u00e9mu po\u010dtu poskytovate\u013eov v r\u00e1mci n\u00e1\u0161ho panelu alebo siete. Klient si vyberie, s k\u00fdm chce spolupracova\u0165.<\/li><li>Zachov\u00e1vame si ved\u00face postavenie ako n\u00e1\u0161 klient a m\u00e1me pr\u00e1vo komunikova\u0165 s klientom, \u010do okrem in\u00e9ho zah\u0155\u0148a z\u00edskavanie sp\u00e4tnej v\u00e4zby o slu\u017eb\u00e1ch, ktor\u00e9 poskytujete klientovi.<\/li><li>Ke\u010f klient potrebuje in\u00e9 slu\u017eby, ktor\u00e9 neposkytujete, mus\u00edte klienta odk\u00e1za\u0165 na sie\u0165; iba vtedy, ke\u010f nem\u00f4\u017eeme poskytn\u00fa\u0165 slu\u017ebu, budete m\u00f4c\u0165 poskytn\u00fa\u0165 klientovi podrobnosti o in\u00fdch poskytovate\u013eoch slu\u017eieb tret\u00edch str\u00e1n.<\/li><li>Ak odk\u00e1\u017eete ktor\u00e9hoko\u013evek klienta na ktor\u00e9hoko\u013evek \u010dlena panelu, dostanete 5% a my dostaneme 5%<\/li><li>Ak s\u00fahlas\u00edte s vy\u0161\u0161ie uveden\u00fdm, radi s vami budeme spolupracova\u0165<\/li><\/ul><p>\u00a0<\/p><p><strong>Pozn\u00e1mka pre pr\u00e1vnikov<\/strong><\/p><p>(Ak va\u0161a jurisdikcia neakceptuje poplatky za odpor\u00fa\u010danie, nebudeme s vami m\u00f4c\u0165 spolupracova\u0165.)<\/p>\t\t\t\t\t\t\t\t<\/div>\n\t\t\t\t<\/div>\n\t\t\t\t<div class=\"elementor-element elementor-element-99c06ff elementor-widget elementor-widget-shortcode\" data-id=\"99c06ff\" data-element_type=\"widget\" data-e-type=\"widget\" data-widget_type=\"shortcode.default\">\n\t\t\t\t<div class=\"elementor-widget-container\">\n\t\t\t\t\t\t\t<div class=\"elementor-shortcode\"><div class=\"forminator-ui forminator-custom-form forminator-custom-form-428 forminator-design--default  forminator_ajax\" data-forminator-render=\"0\" data-form=\"forminator-module-428\" data-uid=\"69e0231a53080\"><br\/><\/div><form\n\t\t\t\tid=\"forminator-module-428\"\n\t\t\t\tclass=\"forminator-ui forminator-custom-form forminator-custom-form-428 forminator-design--default  forminator_ajax\"\n\t\t\t\tmethod=\"post\"\n\t\t\t\tdata-forminator-render=\"0\"\n\t\t\t\tdata-form-id=\"428\"\n\t\t\t\t data-color-option=\"default\" data-design=\"default\" data-grid=\"open\" style=\"display: none;\"\n\t\t\t\tdata-uid=\"69e0231a53080\" action=\"\"\n\t\t\t><div role=\"alert\" aria-live=\"polite\" class=\"forminator-response-message forminator-error\" aria-hidden=\"true\"><\/div><div class=\"forminator-row\"><div id=\"consent-1\" class=\"forminator-field-consent forminator-col forminator-col-12\"><div class=\"forminator-field\"><label for=\"forminator-field-consent-1_69e0231a53080\" id=\"forminator-field-consent-1_69e0231a53080-label\" class=\"forminator-label\">Dohoda <span class=\"forminator-required\">*<\/span><\/label><div class=\"forminator-checkbox__wrapper\"><label id=\"forminator-field-consent-1_69e0231a53080__label\" class=\"forminator-checkbox forminator-consent\"><input type=\"checkbox\" name=\"consent-1\" id=\"forminator-field-consent-1_69e0231a53080\" value=\"checked\" aria-labelledby=\"forminator-field-consent-1_69e0231a53080-label\" aria-describedby=\"forminator-field-consent-1_69e0231a53080__description\" data-required=\"true\" aria-required=\"true\" \/><span class=\"forminator-checkbox-box\" aria-hidden=\"true\"><\/span><\/label><div id=\"forminator-field-consent-1_69e0231a53080__description\" class=\"forminator-checkbox__label forminator-consent__label\"><p>Po\u017eiadajte o zmluvu o partnerstve kliknut\u00edm na za\u010diarkavacie pol\u00ed\u010dko a potvr\u010fte s\u00fahlas<\/p><\/div><\/div><\/div><\/div><\/div><input type=\"hidden\" name=\"referer_url\" value=\"\" \/><div class=\"forminator-row forminator-row-last\"><div class=\"forminator-col\"><div class=\"forminator-field\"><button class=\"forminator-button forminator-button-submit\">s\u00fahlasi\u0165<\/button><\/div><\/div><\/div><input type=\"hidden\" id=\"forminator_nonce\" name=\"forminator_nonce\" value=\"fcf739d300\" \/><input type=\"hidden\" name=\"_wp_http_referer\" value=\"\/sk\/wp-json\/wp\/v2\/pages\/426\" \/><input type=\"hidden\" name=\"form_id\" value=\"428\"><input type=\"hidden\" name=\"page_id\" value=\"426\"><input type=\"hidden\" name=\"form_type\" value=\"default\"><input type=\"hidden\" name=\"current_url\" value=\"https:\/\/www.migrantglobal.com\/sk\/informacie-o-partnerovi\/\"><input type=\"hidden\" name=\"render_id\" value=\"0\"><input type=\"hidden\" name=\"action\" value=\"forminator_submit_form_custom-forms\"><input type=\"hidden\" name=\"trp-form-language\" value=\"sk\"\/><\/form><\/div>\n\t\t\t\t\t\t<\/div>\n\t\t\t\t<\/div>\n\t\t\t\t\t<\/div>\n\t\t<\/div>\n\t\t\t\t\t<\/div>\n\t\t<\/section>\n\t\t\t\t<\/div>","protected":false},"excerpt":{"rendered":"<p>Partner Information Our Referral Mode; You pay us 10% of the fees you charge the client for the service you are providing to the client. This is for every client you get from us or via the network and for every service you provide to the client We get paid when you get paid. If [&hellip;]<\/p>\n","protected":false},"author":1,"featured_media":0,"parent":0,"menu_order":0,"comment_status":"closed","ping_status":"closed","template":"elementor_header_footer","meta":{"footnotes":""},"class_list":["post-426","page","type-page","status-publish","hentry"],"_links":{"self":[{"href":"https:\/\/www.migrantglobal.com\/sk\/wp-json\/wp\/v2\/pages\/426","targetHints":{"allow":["GET"]}}],"collection":[{"href":"https:\/\/www.migrantglobal.com\/sk\/wp-json\/wp\/v2\/pages"}],"about":[{"href":"https:\/\/www.migrantglobal.com\/sk\/wp-json\/wp\/v2\/types\/page"}],"author":[{"embeddable":true,"href":"https:\/\/www.migrantglobal.com\/sk\/wp-json\/wp\/v2\/users\/1"}],"replies":[{"embeddable":true,"href":"https:\/\/www.migrantglobal.com\/sk\/wp-json\/wp\/v2\/comments?post=426"}],"version-history":[{"count":5,"href":"https:\/\/www.migrantglobal.com\/sk\/wp-json\/wp\/v2\/pages\/426\/revisions"}],"predecessor-version":[{"id":708,"href":"https:\/\/www.migrantglobal.com\/sk\/wp-json\/wp\/v2\/pages\/426\/revisions\/708"}],"wp:attachment":[{"href":"https:\/\/www.migrantglobal.com\/sk\/wp-json\/wp\/v2\/media?parent=426"}],"curies":[{"name":"pracovn\u00fd list","href":"https:\/\/api.w.org\/{rel}","templated":true}]}}