{"id":426,"date":"2023-04-26T06:52:36","date_gmt":"2023-04-26T06:52:36","guid":{"rendered":"https:\/\/migrantglobal.com\/?page_id=426"},"modified":"2023-05-02T08:40:27","modified_gmt":"2023-05-02T08:40:27","slug":"partner-information","status":"publish","type":"page","link":"https:\/\/www.migrantglobal.com\/sv\/partnerinformation\/","title":{"rendered":"Partnerinformation"},"content":{"rendered":"<div data-elementor-type=\"wp-page\" data-elementor-id=\"426\" class=\"elementor elementor-426\">\n\t\t\t\t\t\t<section class=\"elementor-section elementor-top-section elementor-element elementor-element-7182bb8 elementor-section-boxed elementor-section-height-default elementor-section-height-default\" data-id=\"7182bb8\" data-element_type=\"section\" data-e-type=\"section\">\n\t\t\t\t\t\t<div class=\"elementor-container elementor-column-gap-default\">\n\t\t\t\t\t<div class=\"elementor-column elementor-col-100 elementor-top-column elementor-element elementor-element-411e58b\" data-id=\"411e58b\" data-element_type=\"column\" data-e-type=\"column\">\n\t\t\t<div class=\"elementor-widget-wrap elementor-element-populated\">\n\t\t\t\t\t\t<div class=\"elementor-element elementor-element-30d0f61 elementor-widget elementor-widget-heading\" data-id=\"30d0f61\" data-element_type=\"widget\" data-e-type=\"widget\" data-widget_type=\"heading.default\">\n\t\t\t\t<div class=\"elementor-widget-container\">\n\t\t\t\t\t<h2 class=\"elementor-heading-title elementor-size-default\">Partnerinformation<\/h2>\t\t\t\t<\/div>\n\t\t\t\t<\/div>\n\t\t\t\t\t<\/div>\n\t\t<\/div>\n\t\t\t\t\t<\/div>\n\t\t<\/section>\n\t\t\t\t<section class=\"elementor-section elementor-top-section elementor-element elementor-element-67bf081 elementor-section-boxed elementor-section-height-default elementor-section-height-default\" data-id=\"67bf081\" data-element_type=\"section\" data-e-type=\"section\">\n\t\t\t\t\t\t<div class=\"elementor-container elementor-column-gap-default\">\n\t\t\t\t\t<div class=\"elementor-column elementor-col-100 elementor-top-column elementor-element elementor-element-f04c905\" data-id=\"f04c905\" data-element_type=\"column\" data-e-type=\"column\">\n\t\t\t<div class=\"elementor-widget-wrap elementor-element-populated\">\n\t\t\t\t\t\t<div class=\"elementor-element elementor-element-966ce93 elementor-widget elementor-widget-text-editor\" data-id=\"966ce93\" data-element_type=\"widget\" data-e-type=\"widget\" data-widget_type=\"text-editor.default\">\n\t\t\t\t<div class=\"elementor-widget-container\">\n\t\t\t\t\t\t\t\t\t<p><strong>V\u00e5rt referensl\u00e4ge;<\/strong><\/p><ul><li>Du betalar oss 10% av de avgifter du debiterar kunden f\u00f6r den tj\u00e4nst du tillhandah\u00e5ller kunden. Detta \u00e4r f\u00f6r varje kund du f\u00e5r fr\u00e5n oss eller via n\u00e4tverket och f\u00f6r varje tj\u00e4nst du tillhandah\u00e5ller kunden<\/li><li>Vi f\u00e5r betalt n\u00e4r du f\u00e5r betalt. Om du f\u00e5r en ins\u00e4ttning f\u00e5r vi 10%<\/li><li>Alla leads skickas till ett visst antal leverant\u00f6rer inom v\u00e5r panel eller n\u00e4tverk. Kunden v\u00e4ljer vem de vill arbeta med.<\/li><li>Vi beh\u00e5ller ledningen som v\u00e5r kund och har r\u00e4tt att kommunicera med kunden, vilket inkluderar men \u00e4r inte begr\u00e4nsat till att f\u00e5 feedback p\u00e5 den tj\u00e4nst du tillhandah\u00e5ller kunden<\/li><li>N\u00e4r klienten beh\u00f6ver andra tj\u00e4nster som du inte tillhandah\u00e5ller m\u00e5ste du h\u00e4nvisa klienten till n\u00e4tverket; endast n\u00e4r vi inte kan tillhandah\u00e5lla tj\u00e4nsten kommer du att kunna f\u00f6rse kunden med information om andra tredjepartstj\u00e4nsteleverant\u00f6rer.<\/li><li>Om du h\u00e4nvisar n\u00e5gon klient till n\u00e5gon medlem i panelen f\u00e5r du 5% och vi f\u00e5r 5%<\/li><li>Om du samtycker till ovanst\u00e5ende arbetar vi g\u00e4rna med dig<\/li><\/ul><p>\u00a0<\/p><p><strong>Anm\u00e4rkning f\u00f6r advokater<\/strong><\/p><p>(Om din jurisdiktion inte accepterar h\u00e4nvisningsavgifter kommer vi inte att kunna arbeta med dig.)<\/p>\t\t\t\t\t\t\t\t<\/div>\n\t\t\t\t<\/div>\n\t\t\t\t<div class=\"elementor-element elementor-element-99c06ff elementor-widget elementor-widget-shortcode\" data-id=\"99c06ff\" data-element_type=\"widget\" data-e-type=\"widget\" data-widget_type=\"shortcode.default\">\n\t\t\t\t<div class=\"elementor-widget-container\">\n\t\t\t\t\t\t\t<div class=\"elementor-shortcode\"><div class=\"forminator-ui forminator-custom-form forminator-custom-form-428 forminator-design--default  forminator_ajax\" data-forminator-render=\"0\" data-form=\"forminator-module-428\" data-uid=\"69dcac3ba170c\"><br\/><\/div><form\n\t\t\t\tid=\"forminator-module-428\"\n\t\t\t\tclass=\"forminator-ui forminator-custom-form forminator-custom-form-428 forminator-design--default  forminator_ajax\"\n\t\t\t\tmethod=\"post\"\n\t\t\t\tdata-forminator-render=\"0\"\n\t\t\t\tdata-form-id=\"428\"\n\t\t\t\t data-color-option=\"default\" data-design=\"default\" data-grid=\"open\" style=\"display: none;\"\n\t\t\t\tdata-uid=\"69dcac3ba170c\" action=\"\"\n\t\t\t><div role=\"alert\" aria-live=\"polite\" class=\"forminator-response-message forminator-error\" aria-hidden=\"true\"><\/div><div class=\"forminator-row\"><div id=\"consent-1\" class=\"forminator-field-consent forminator-col forminator-col-12\"><div class=\"forminator-field\"><label for=\"forminator-field-consent-1_69dcac3ba170c\" id=\"forminator-field-consent-1_69dcac3ba170c-label\" class=\"forminator-label\">Avtal <span class=\"forminator-required\">*<\/span><\/label><div class=\"forminator-checkbox__wrapper\"><label id=\"forminator-field-consent-1_69dcac3ba170c__label\" class=\"forminator-checkbox forminator-consent\"><input type=\"checkbox\" name=\"consent-1\" id=\"forminator-field-consent-1_69dcac3ba170c\" value=\"checked\" aria-labelledby=\"forminator-field-consent-1_69dcac3ba170c-label\" aria-describedby=\"forminator-field-consent-1_69dcac3ba170c__description\" data-required=\"true\" aria-required=\"true\" \/><span class=\"forminator-checkbox-box\" aria-hidden=\"true\"><\/span><\/label><div id=\"forminator-field-consent-1_69dcac3ba170c__description\" class=\"forminator-checkbox__label forminator-consent__label\"><p>V\u00e4nligen beg\u00e4r ett partnerskapsavtal genom att klicka p\u00e5 kryssrutan och acceptera<\/p><\/div><\/div><\/div><\/div><\/div><input type=\"hidden\" name=\"referer_url\" value=\"\" \/><div class=\"forminator-row forminator-row-last\"><div class=\"forminator-col\"><div class=\"forminator-field\"><button class=\"forminator-button forminator-button-submit\">Acceptera<\/button><\/div><\/div><\/div><input type=\"hidden\" id=\"forminator_nonce\" name=\"forminator_nonce\" value=\"fc4b977cb0\" \/><input type=\"hidden\" name=\"_wp_http_referer\" value=\"\/sv\/wp-json\/wp\/v2\/pages\/426\" \/><input type=\"hidden\" name=\"form_id\" value=\"428\"><input type=\"hidden\" name=\"page_id\" value=\"426\"><input type=\"hidden\" name=\"form_type\" value=\"default\"><input type=\"hidden\" name=\"current_url\" value=\"https:\/\/www.migrantglobal.com\/sv\/partnerinformation\/\"><input type=\"hidden\" name=\"render_id\" value=\"0\"><input type=\"hidden\" name=\"action\" value=\"forminator_submit_form_custom-forms\"><input type=\"hidden\" name=\"trp-form-language\" value=\"sv\"\/><\/form><\/div>\n\t\t\t\t\t\t<\/div>\n\t\t\t\t<\/div>\n\t\t\t\t\t<\/div>\n\t\t<\/div>\n\t\t\t\t\t<\/div>\n\t\t<\/section>\n\t\t\t\t<\/div>","protected":false},"excerpt":{"rendered":"<p>Partner Information Our Referral Mode; You pay us 10% of the fees you charge the client for the service you are providing to the client. This is for every client you get from us or via the network and for every service you provide to the client We get paid when you get paid. If [&hellip;]<\/p>\n","protected":false},"author":1,"featured_media":0,"parent":0,"menu_order":0,"comment_status":"closed","ping_status":"closed","template":"elementor_header_footer","meta":{"footnotes":""},"class_list":["post-426","page","type-page","status-publish","hentry"],"_links":{"self":[{"href":"https:\/\/www.migrantglobal.com\/sv\/wp-json\/wp\/v2\/pages\/426","targetHints":{"allow":["GET"]}}],"collection":[{"href":"https:\/\/www.migrantglobal.com\/sv\/wp-json\/wp\/v2\/pages"}],"about":[{"href":"https:\/\/www.migrantglobal.com\/sv\/wp-json\/wp\/v2\/types\/page"}],"author":[{"embeddable":true,"href":"https:\/\/www.migrantglobal.com\/sv\/wp-json\/wp\/v2\/users\/1"}],"replies":[{"embeddable":true,"href":"https:\/\/www.migrantglobal.com\/sv\/wp-json\/wp\/v2\/comments?post=426"}],"version-history":[{"count":5,"href":"https:\/\/www.migrantglobal.com\/sv\/wp-json\/wp\/v2\/pages\/426\/revisions"}],"predecessor-version":[{"id":708,"href":"https:\/\/www.migrantglobal.com\/sv\/wp-json\/wp\/v2\/pages\/426\/revisions\/708"}],"wp:attachment":[{"href":"https:\/\/www.migrantglobal.com\/sv\/wp-json\/wp\/v2\/media?parent=426"}],"curies":[{"name":"wp","href":"https:\/\/api.w.org\/{rel}","templated":true}]}}